{"id":8519,"date":"2023-02-06T11:36:26","date_gmt":"2023-02-06T10:36:26","guid":{"rendered":"https:\/\/floride.fr\/alquiler-de-mobil-home-en-los-pirineos-orientales\/"},"modified":"2025-11-05T13:41:53","modified_gmt":"2025-11-05T12:41:53","slug":"alquiler-de-mobil-home-en-los-pirineos-orientales","status":"publish","type":"page","link":"https:\/\/floride.fr\/es\/alquiler-de-mobil-home-en-los-pirineos-orientales\/","title":{"rendered":"Alquiler de mobil-homes en los Pirineos Orientales"},"content":{"rendered":"\n<figure class=\"wp-block-image alignfull size-large F-00-b\"><img loading=\"lazy\" width=\"1024\" height=\"682\" src=\"https:\/\/floride.fr\/wp-content\/uploads\/2022\/05\/01-FLORIDE-TEST-L-FIN-0258-1024x682.jpg\" alt=\"Alquiler de mobil home en los Pirineos Orientales en Le Floride &amp;amp; L'Embouchure\" class=\"wp-image-3849\" srcset=\"https:\/\/floride.fr\/wp-content\/uploads\/2022\/05\/01-FLORIDE-TEST-L-FIN-0258-1024x682.jpg 1024w, https:\/\/floride.fr\/wp-content\/uploads\/2022\/05\/01-FLORIDE-TEST-L-FIN-0258-300x200.jpg 300w, https:\/\/floride.fr\/wp-content\/uploads\/2022\/05\/01-FLORIDE-TEST-L-FIN-0258-768x511.jpg 768w, https:\/\/floride.fr\/wp-content\/uploads\/2022\/05\/01-FLORIDE-TEST-L-FIN-0258-1536x1022.jpg 1536w, https:\/\/floride.fr\/wp-content\/uploads\/2022\/05\/01-FLORIDE-TEST-L-FIN-0258-2048x1363.jpg 2048w\" sizes=\"(max-width: 1024px) 100vw, 1024px\" \/><\/figure>\n\n<h1 class=\"has-text-align-center has-couleur-1-color has-text-color\" id=\"location-de-mobil-home-dans-les-pyrenees-orientales-camping-le-floride\">Alquiler de mobil home en los Pirineos Orientales: camping Le Floride<\/h1>\n\n<p class=\"has-text-align-center\">El camping Le Floride, en Barcar\u00e8s (66), es un <strong>establecimiento de 5 estrellas de alta gama.<\/strong> Si busca una experiencia de camping sin renunciar a la comodidad, le encantar\u00e1n nuestros alojamientos <a href=\"https:\/\/floride.fr\/es\/alquileres\/\">vacacionales en Barcar\u00e8s,<\/a> especialmente nuestras casas m\u00f3viles. Nuestras casas m\u00f3viles est\u00e1n repartidas por todo el camping para que pueda elegir la parcela que m\u00e1s le convenga. Disfrute de unas <strong>vacaciones al sol en el sur de Francia,<\/strong> en un camping con todas las de la ley. Para cambiar totalmente de aires, le llevamos a un universo tropical en el coraz\u00f3n de la Polinesia donde podr\u00e1 descubrir todo tipo de actividades especialmente dise\u00f1adas para usted. Una experiencia de 360\u00b0 completada por un enorme parque acu\u00e1tico a su disposici\u00f3n. Algo que satisfar\u00e1 tanto a peque\u00f1os como a mayores en una ubicaci\u00f3n privilegiada entre el mar y el r\u00edo, en el coraz\u00f3n de los Pirineos Orientales.<\/p>\n\n<h2 id=\"decouvrez-nos-locations-de-mobil-homes-de-2-a-8-personnes-a-proximite-de-perpignan\">Descubra nuestros alquileres de mobil-homes de 2 a 8 personas cerca de Perpignan<\/h2>\n\n<p>Si busca un camping \u00fanico que le ofrezca alojamientos excepcionales, venga a visitar nuestras casas m\u00f3viles en Barcar\u00e8s, en los Pirineos Orientales. Para satisfacer sus necesidades, ofrecemos diferentes tipos y diferentes exposiciones. Puede estar lo m\u00e1s cerca posible del mar para estar a dos pasos de las playas o puede estar m\u00e1s cerca de nuestro <a href=\"https:\/\/floride.fr\/es\/parque-acuatico\/\">parque acu\u00e1tico cerca de Perpi\u00f1\u00e1n<\/a> para disfrutar al m\u00e1ximo de las atracciones y al mismo tiempo poder volver a su mobil-home cuando lo desee.<\/p>\n\n<div class=\"wp-container-69d0fe4f23fdd wp-block-group F-15-a\"><div class=\"wp-block-group__inner-container\">\n<h3 class=\"has-couleur-4-color has-text-color\" id=\"des-mobil-homes-pour-tous-vos-besoins\">Mobile homes para todas sus necesidades<\/h3>\n\n\n\n<p>Estos alojamientos pueden adaptarse en todos los aspectos a sus necesidades, pero tambi\u00e9n al n\u00famero de veraneantes. <\/p>\n\n\n\n<ul><li>La casa m\u00f3vil Ciela Confort de 1 dormitorio es un modelo econ\u00f3mico de 20 m\u00b2 dise\u00f1ado para 2 personas. Sin embargo, es posible utilizar el sof\u00e1 cama para que duerman 4 personas.<\/li><li>Por su parte, la casa m\u00f3vil Ciela Confort PMR est\u00e1 dise\u00f1ada seg\u00fan los criterios de accesibilidad recomendados por la Asociaci\u00f3n Turismo y Discapacidad. Es un modelo de 32m2 con capacidad para 4 personas. De nuevo, el sof\u00e1 cama puede utilizarse para alojar a dos personas m\u00e1s.<\/li><li>La casa m\u00f3vil Ciela Confort de 3 dormitorios y capacidad para 6\/8 personas es un modelo de 33 m\u00b2 que admite animales y cuenta con 3 bonitos dormitorios. Ideal para familias numerosas o grupos grandes.<\/li><li>La casa m\u00f3vil Ciela Prestige de 3 dormitorios est\u00e1 pensada para los amantes del confort y del camping con un toque de lujo. Esta suite de 40m2 tiene todo el espacio que necesita con 3 dormitorios y una gran sala de estar.<\/li><li>La casa m\u00f3vil Ciela Confort de 2 dormitorios y capacidad para 4\/6 personas ofrece una superficie de 32 m\u00b2 con una terraza semicubierta privada. La casa m\u00f3vil es ideal para 4 personas, pero puede alojar hasta 6 personas.<\/li><li>La casa m\u00f3vil Ciela Confort, con 2 dormitorios y capacidad para 4 personas, ofrece todo lo que una familia peque\u00f1a necesita. Hay dos dormitorios con cama de matrimonio y otros dos m\u00e1s peque\u00f1os, pero tambi\u00e9n una cocina que se abre a una bonita zona de estar. Atraer\u00e1 a grandes y peque\u00f1os con su terraza semicubierta para disfrutar sin importar el tiempo.<\/li><li>La casa m\u00f3vil Ciela Confort Compact de 2 dormitorios destaca por su espacio exterior privado. Puedes comer con tu familia o amigos alrededor de una mesa al aire libre. Ideal para pasar un rato agradable cuando hace buen tiempo.<\/li><li>La casa m\u00f3vil Ciela Confort de 3 dormitorios y 6 plazas es la versi\u00f3n XXL del modelo Quatro, con un dormitorio adicional para alojar a 6 personas.<\/li><\/ul>\n\n\n\n<figure class=\"wp-block-gallery has-nested-images columns-6 is-cropped diaporama--3\">\n<figure class=\"wp-block-image size-large\"><img loading=\"lazy\" width=\"2560\" height=\"1707\" src=\"https:\/\/floride.fr\/wp-content\/uploads\/2022\/10\/A7R5561-scaled.jpg\" alt=\"Location vacances au Barcar&#xE8;s : mobil home et insolite au camping le floride\" class=\"wp-image-7058\" srcset=\"https:\/\/floride.fr\/wp-content\/uploads\/2022\/10\/A7R5561-scaled.jpg 2560w, https:\/\/floride.fr\/wp-content\/uploads\/2022\/10\/A7R5561-300x200.jpg 300w, https:\/\/floride.fr\/wp-content\/uploads\/2022\/10\/A7R5561-1024x683.jpg 1024w, https:\/\/floride.fr\/wp-content\/uploads\/2022\/10\/A7R5561-768x512.jpg 768w, https:\/\/floride.fr\/wp-content\/uploads\/2022\/10\/A7R5561-1536x1024.jpg 1536w, https:\/\/floride.fr\/wp-content\/uploads\/2022\/10\/A7R5561-2048x1365.jpg 2048w\" sizes=\"(max-width: 2560px) 100vw, 2560px\" \/><\/figure>\n\n\n\n<figure class=\"wp-block-image size-large\"><img loading=\"lazy\" width=\"2560\" height=\"1707\" src=\"https:\/\/floride.fr\/wp-content\/uploads\/2022\/10\/A7R5274-scaled.jpg\" alt=\"\" class=\"wp-image-6979\" srcset=\"https:\/\/floride.fr\/wp-content\/uploads\/2022\/10\/A7R5274-scaled.jpg 2560w, https:\/\/floride.fr\/wp-content\/uploads\/2022\/10\/A7R5274-300x200.jpg 300w, https:\/\/floride.fr\/wp-content\/uploads\/2022\/10\/A7R5274-1024x683.jpg 1024w, https:\/\/floride.fr\/wp-content\/uploads\/2022\/10\/A7R5274-768x512.jpg 768w, https:\/\/floride.fr\/wp-content\/uploads\/2022\/10\/A7R5274-1536x1024.jpg 1536w, https:\/\/floride.fr\/wp-content\/uploads\/2022\/10\/A7R5274-2048x1365.jpg 2048w\" sizes=\"(max-width: 2560px) 100vw, 2560px\" \/><\/figure>\n\n\n\n<figure class=\"wp-block-image size-large\"><img loading=\"lazy\" width=\"2560\" height=\"1707\" src=\"https:\/\/floride.fr\/wp-content\/uploads\/2022\/10\/A7R5391-scaled.jpg\" alt=\"\" class=\"wp-image-6995\" srcset=\"https:\/\/floride.fr\/wp-content\/uploads\/2022\/10\/A7R5391-scaled.jpg 2560w, https:\/\/floride.fr\/wp-content\/uploads\/2022\/10\/A7R5391-300x200.jpg 300w, https:\/\/floride.fr\/wp-content\/uploads\/2022\/10\/A7R5391-1024x683.jpg 1024w, https:\/\/floride.fr\/wp-content\/uploads\/2022\/10\/A7R5391-768x512.jpg 768w, https:\/\/floride.fr\/wp-content\/uploads\/2022\/10\/A7R5391-1536x1024.jpg 1536w, https:\/\/floride.fr\/wp-content\/uploads\/2022\/10\/A7R5391-2048x1365.jpg 2048w\" sizes=\"(max-width: 2560px) 100vw, 2560px\" \/><\/figure>\n\n\n\n<figure class=\"wp-block-image size-large\"><img loading=\"lazy\" width=\"2400\" height=\"1600\" src=\"https:\/\/floride.fr\/wp-content\/uploads\/2022\/10\/IMG_6231.jpg\" alt=\"\" class=\"wp-image-7031\" srcset=\"https:\/\/floride.fr\/wp-content\/uploads\/2022\/10\/IMG_6231.jpg 2400w, https:\/\/floride.fr\/wp-content\/uploads\/2022\/10\/IMG_6231-300x200.jpg 300w, https:\/\/floride.fr\/wp-content\/uploads\/2022\/10\/IMG_6231-1024x683.jpg 1024w, https:\/\/floride.fr\/wp-content\/uploads\/2022\/10\/IMG_6231-768x512.jpg 768w, https:\/\/floride.fr\/wp-content\/uploads\/2022\/10\/IMG_6231-1536x1024.jpg 1536w, https:\/\/floride.fr\/wp-content\/uploads\/2022\/10\/IMG_6231-2048x1365.jpg 2048w\" sizes=\"(max-width: 2400px) 100vw, 2400px\" \/><\/figure>\n\n\n\n<figure class=\"wp-block-image size-large\"><img loading=\"lazy\" width=\"2400\" height=\"1600\" src=\"https:\/\/floride.fr\/wp-content\/uploads\/2022\/10\/IMG_6215.jpg\" alt=\"\" class=\"wp-image-7038\" srcset=\"https:\/\/floride.fr\/wp-content\/uploads\/2022\/10\/IMG_6215.jpg 2400w, https:\/\/floride.fr\/wp-content\/uploads\/2022\/10\/IMG_6215-300x200.jpg 300w, https:\/\/floride.fr\/wp-content\/uploads\/2022\/10\/IMG_6215-1024x683.jpg 1024w, https:\/\/floride.fr\/wp-content\/uploads\/2022\/10\/IMG_6215-768x512.jpg 768w, https:\/\/floride.fr\/wp-content\/uploads\/2022\/10\/IMG_6215-1536x1024.jpg 1536w, https:\/\/floride.fr\/wp-content\/uploads\/2022\/10\/IMG_6215-2048x1365.jpg 2048w\" sizes=\"(max-width: 2400px) 100vw, 2400px\" \/><\/figure>\n\n\n\n<figure class=\"wp-block-image size-large\"><img loading=\"lazy\" width=\"1024\" height=\"683\" src=\"https:\/\/floride.fr\/wp-content\/uploads\/2022\/10\/130-camping-le-floride-1024px.jpg\" alt=\"\" class=\"wp-image-6972\" srcset=\"https:\/\/floride.fr\/wp-content\/uploads\/2022\/10\/130-camping-le-floride-1024px.jpg 1024w, https:\/\/floride.fr\/wp-content\/uploads\/2022\/10\/130-camping-le-floride-1024px-300x200.jpg 300w, https:\/\/floride.fr\/wp-content\/uploads\/2022\/10\/130-camping-le-floride-1024px-768x512.jpg 768w\" sizes=\"(max-width: 1024px) 100vw, 1024px\" \/><figcaption>camping le floride<\/figcaption><\/figure>\n<\/figure>\n\n\n\n<div class=\"wp-container-69d0fe4f23d21 wp-block-buttons\">\n<div class=\"wp-block-button btn_resa\"><a class=\"wp-block-button__link has-couleur-2-background-color has-background\"><i class=\"fal fa-search\"><\/i> Reservar<\/a><\/div>\n<\/div>\n<\/div><\/div>\n\n<div class=\"wp-container-69d0fe4f24446 wp-block-group F-20-a\"><div class=\"wp-block-group__inner-container\">\n<div class=\"wp-block-columns\">\n<div class=\"wp-block-column\" style=\"flex-basis:50%\">\n<p class=\"titre2 display-none has-couleur-2-color has-text-color\">Las ventajas de nuestro camping 5 estrellas<\/p>\n\n\n\n<h3 class=\"display-none\" id=\"une-formule-premium-pour-parfaire-votre-experience-au-camping-le-floride\">Un paquete premium para completar su experiencia en el camping Le Floride<\/h3>\n\n\n\n<p class=\"display-none\">Adem\u00e1s de la elecci\u00f3n de la casa m\u00f3vil, puede optar por una <strong>opci\u00f3n premium<\/strong> para aumentar la comodidad de su estancia. Vaya a su \u00e1rea de reservas para a\u00f1adir este <strong>servicio de hotel<\/strong> a su estancia en la casa m\u00f3vil. Recibir\u00e1 un kit de bienvenida, un regalo de bienvenida y las camas hechas a su llegada. S\u00e1banas, toallas y una limpieza completa se har\u00e1 cada semana.<\/p>\n\n\n\n<h3 id=\"un-service-de-location-de-camping-avec-jacuzzi-privatif-en-languedoc-roussillon\">Un servicio de alquiler de camping con jacuzzi privado en Languedoc Rosell\u00f3n<\/h3>\n\n\n\n<p>Los amantes del gran lujo en el camping podr\u00e1n descubrir nuestras casas m\u00f3viles Ciela Exception Spa. Estas estructuras pueden alojar hasta 8 personas. Tambi\u00e9n puede disfrutar del <strong>spa<\/strong> en la terraza para relajarse. Ideal cuando hace calor o cuando quieres compartir un momento de relax.<\/p>\n<\/div>\n\n\n\n<div class=\"wp-block-column\" style=\"flex-basis:50%\">\n<figure class=\"wp-block-gallery has-nested-images columns-default is-cropped deco-fleur2 deco-rectangle1\">\n<figure class=\"wp-block-image size-full\"><img loading=\"lazy\" width=\"1000\" height=\"667\" src=\"https:\/\/floride.fr\/wp-content\/uploads\/2022\/03\/Photo-interieur-6.jpg\" alt=\"Camping de gama alta con alquileres de vacaciones en Le Barcar&#xE8;s\" class=\"wp-image-862\" srcset=\"https:\/\/floride.fr\/wp-content\/uploads\/2022\/03\/Photo-interieur-6.jpg 1000w, https:\/\/floride.fr\/wp-content\/uploads\/2022\/03\/Photo-interieur-6-300x200.jpg 300w, https:\/\/floride.fr\/wp-content\/uploads\/2022\/03\/Photo-interieur-6-768x512.jpg 768w\" sizes=\"(max-width: 1000px) 100vw, 1000px\" \/><\/figure>\n\n\n\n<figure class=\"wp-block-image size-full\"><img loading=\"lazy\" width=\"2000\" height=\"1305\" src=\"https:\/\/floride.fr\/wp-content\/uploads\/2022\/03\/DSC_0827-arrangee-PT.jpg\" alt=\"Camping con spa en languedoc roussillon, suite riviera\" class=\"wp-image-857\" srcset=\"https:\/\/floride.fr\/wp-content\/uploads\/2022\/03\/DSC_0827-arrangee-PT.jpg 2000w, https:\/\/floride.fr\/wp-content\/uploads\/2022\/03\/DSC_0827-arrangee-PT-300x196.jpg 300w, https:\/\/floride.fr\/wp-content\/uploads\/2022\/03\/DSC_0827-arrangee-PT-1024x668.jpg 1024w, https:\/\/floride.fr\/wp-content\/uploads\/2022\/03\/DSC_0827-arrangee-PT-768x501.jpg 768w, https:\/\/floride.fr\/wp-content\/uploads\/2022\/03\/DSC_0827-arrangee-PT-1536x1002.jpg 1536w\" sizes=\"(max-width: 2000px) 100vw, 2000px\" \/><\/figure>\n<\/figure>\n<\/div>\n<\/div>\n<\/div><\/div>\n\n<section class=\"wp-container-69d0fe4f2480a wp-block-group F-15-a vague-top ligne1-top has-bg-1-background-color has-background\"><div class=\"wp-block-group__inner-container\">\n<div class=\"wp-block-media-text is-stacked-on-mobile is-image-fill\"><figure class=\"wp-block-media-text__media\" style=\"background-image:url(https:\/\/floride.fr\/wp-content\/uploads\/2022\/03\/Photo-Plage-du-Camping-Le-Floride-au-Barcares-en-bord-de-mer-3-1024x651.jpg);background-position:50% 50%\"><img loading=\"lazy\" width=\"1024\" height=\"651\" src=\"https:\/\/floride.fr\/wp-content\/uploads\/2022\/03\/Photo-Plage-du-Camping-Le-Floride-au-Barcares-en-bord-de-mer-3-1024x651.jpg\" alt=\"Playa de Camping Le Floride Au Barcar\u00e8s Bord De Mer pyrenees orientales\" class=\"wp-image-1693 size-full\" srcset=\"https:\/\/floride.fr\/wp-content\/uploads\/2022\/03\/Photo-Plage-du-Camping-Le-Floride-au-Barcares-en-bord-de-mer-3-1024x651.jpg 1024w, https:\/\/floride.fr\/wp-content\/uploads\/2022\/03\/Photo-Plage-du-Camping-Le-Floride-au-Barcares-en-bord-de-mer-3-300x191.jpg 300w, https:\/\/floride.fr\/wp-content\/uploads\/2022\/03\/Photo-Plage-du-Camping-Le-Floride-au-Barcares-en-bord-de-mer-3-768x488.jpg 768w, https:\/\/floride.fr\/wp-content\/uploads\/2022\/03\/Photo-Plage-du-Camping-Le-Floride-au-Barcares-en-bord-de-mer-3-1536x976.jpg 1536w, https:\/\/floride.fr\/wp-content\/uploads\/2022\/03\/Photo-Plage-du-Camping-Le-Floride-au-Barcares-en-bord-de-mer-3.jpg 1864w\" sizes=\"(max-width: 1024px) 100vw, 1024px\" \/><\/figure><div class=\"wp-block-media-text__content\">\n<h2 class=\"has-couleur-1-color has-text-color\" id=\"vos-vacances-en-bord-de-mer-dans-les-pyrenees-orientales\">Sus vacaciones junto al mar en los Pirineos Orientales<\/h2>\n\n\n\n<p>Al elegir el <a href=\"https:\/\/floride.fr\/camping-pyrenees-orientales-bord-de-mer\/\">camping en los Pirineos Orientales<\/a> junto al mar, disfrutar\u00e1 de acceso directo a la playa de Barcar\u00e8s, en la costa pirenaica, desde el camping, situado a solo unos pasos. Ofrecemos una amplia gama de servicios en <strong>un ambiente de pueblo de vacaciones<\/strong> para que disfrute de su estancia. El lugar tambi\u00e9n le ofrece la posibilidad de pasear un d\u00eda por las <strong>monta\u00f1as de Ari\u00e8ge<\/strong>, o de pasar un momento de convivencia en la <strong>Catalu\u00f1a espa\u00f1ola<\/strong>, no muy lejos de all\u00ed. De este modo, podr\u00e1 acentuar el cambio de aires para que su estancia sea a\u00fan m\u00e1s divertida haciendo <a href=\"https:\/\/floride.fr\/es\/alrededores\/\">turismo por Languedoc-Rosell\u00f3n<\/a>.<\/p>\n\n\n\n<div style=\"height:50px\" aria-hidden=\"true\" class=\"wp-block-spacer\"><\/div>\n<\/div><\/div>\n\n\n\n<div style=\"height:70px\" aria-hidden=\"true\" class=\"wp-block-spacer\"><\/div>\n\n\n\n<p class=\"titre3 has-couleur-1-color has-text-color\">Descubra tambi\u00e9n nuestros otros alojamientos: <\/p>\n\n\n\n<ul><li>Nuestros <a href=\"https:\/\/floride.fr\/es\/alquiler-de-chalet-en-pyrenees-orientales\/\">chal\u00e9s de madera en los Pirineos Orientales<\/a><\/li><li>Nuestros <a href=\"https:\/\/floride.fr\/es\/alquileres-insolitos-en-los-pirineos-orientales\/\">alojamientos ins\u00f3litos a orillas del mar Mediterr\u00e1neo<\/a><\/li><\/ul>\n\n\n\n<div style=\"height:20px\" aria-hidden=\"true\" class=\"wp-block-spacer\"><\/div>\n<\/div><\/section>\n","protected":false},"excerpt":{"rendered":"<p>Alquiler de mobil home en los Pirineos Orientales: camping Le Floride El camping Le Floride, en Barcar\u00e8s (66), es un establecimiento de 5 estrellas de alta gama. Si busca una experiencia de camping sin renunciar a la comodidad, le encantar\u00e1n nuestros alojamientos vacacionales en Barcar\u00e8s, especialmente nuestras casas m\u00f3viles. Nuestras casas m\u00f3viles est\u00e1n repartidas por [&hellip;]<\/p>\n","protected":false},"author":1,"featured_media":0,"parent":0,"menu_order":0,"comment_status":"closed","ping_status":"closed","template":"","meta":[],"acf":[],"_links":{"self":[{"href":"https:\/\/floride.fr\/es\/wp-json\/wp\/v2\/pages\/8519"}],"collection":[{"href":"https:\/\/floride.fr\/es\/wp-json\/wp\/v2\/pages"}],"about":[{"href":"https:\/\/floride.fr\/es\/wp-json\/wp\/v2\/types\/page"}],"author":[{"embeddable":true,"href":"https:\/\/floride.fr\/es\/wp-json\/wp\/v2\/users\/1"}],"replies":[{"embeddable":true,"href":"https:\/\/floride.fr\/es\/wp-json\/wp\/v2\/comments?post=8519"}],"version-history":[{"count":6,"href":"https:\/\/floride.fr\/es\/wp-json\/wp\/v2\/pages\/8519\/revisions"}],"predecessor-version":[{"id":15458,"href":"https:\/\/floride.fr\/es\/wp-json\/wp\/v2\/pages\/8519\/revisions\/15458"}],"wp:attachment":[{"href":"https:\/\/floride.fr\/es\/wp-json\/wp\/v2\/media?parent=8519"}],"curies":[{"name":"wp","href":"https:\/\/api.w.org\/{rel}","templated":true}]}}