{"id":8632,"date":"2023-02-14T09:48:36","date_gmt":"2023-02-14T08:48:36","guid":{"rendered":"https:\/\/floride.fr\/?page_id=8632"},"modified":"2026-03-17T14:33:43","modified_gmt":"2026-03-17T13:33:43","slug":"narbona","status":"publish","type":"page","link":"https:\/\/floride.fr\/es\/narbona\/","title":{"rendered":"Narbona"},"content":{"rendered":"\n<figure class=\"wp-block-image alignfull size-full F-00-b\"><img loading=\"lazy\" width=\"1920\" height=\"1280\" src=\"https:\/\/floride.fr\/wp-content\/uploads\/2023\/03\/narbonne-ge4a60740a_1920.jpg\" alt=\"\" class=\"wp-image-9162\" srcset=\"https:\/\/floride.fr\/wp-content\/uploads\/2023\/03\/narbonne-ge4a60740a_1920.jpg 1920w, https:\/\/floride.fr\/wp-content\/uploads\/2023\/03\/narbonne-ge4a60740a_1920-300x200.jpg 300w, https:\/\/floride.fr\/wp-content\/uploads\/2023\/03\/narbonne-ge4a60740a_1920-1024x683.jpg 1024w, https:\/\/floride.fr\/wp-content\/uploads\/2023\/03\/narbonne-ge4a60740a_1920-768x512.jpg 768w, https:\/\/floride.fr\/wp-content\/uploads\/2023\/03\/narbonne-ge4a60740a_1920-1536x1024.jpg 1536w\" sizes=\"(max-width: 1920px) 100vw, 1920px\" \/><\/figure>\n\n<div class=\"wp-container-69e7ebb339781 wp-block-group F-05-a\"><div class=\"wp-block-group__inner-container\">\n<h1 class=\"has-couleur-1-color has-text-color\" id=\"escapade-autour-de-narbonne-grace-au-camping-le-floride\">\u00a1Escapada por Narbona gracias al camping Le Floride!<\/h1>\n\n\n\n<p>Si desea conocer una an\u00e9cdota sobre <strong>Narbona<\/strong>, debe saber que la ciudad cuenta con m\u00e1s de 3.000 horas de sol al a\u00f1o. Es una forma estupenda de pasar unas <a href=\"https:\/\/floride.fr\/es\/alrededores\/\">vacaciones en la costa de Languedoc<\/a>. Para aprovechar al m\u00e1ximo su estancia en esta regi\u00f3n de mil paisajes, nuestro <strong>pueblo de vacaciones Le Floride<\/strong> es el lugar ideal. Situado a 45 minutos de la ciudad m\u00e1s popular de <strong>Occitania<\/strong>, le permitir\u00e1 disfrutar de una experiencia de camping \u00fanica en esta hermosa regi\u00f3n.<\/p>\n\n\n\n<div style=\"height:50px\" aria-hidden=\"true\" class=\"wp-block-spacer\"><\/div>\n\n\n\n<div class=\"wp-block-columns\">\n<div class=\"wp-block-column\">\n<figure class=\"wp-block-gallery has-nested-images columns-default is-cropped\">\n<figure class=\"wp-block-image size-full\"><img loading=\"lazy\" width=\"1280\" height=\"1119\" src=\"https:\/\/floride.fr\/wp-content\/uploads\/2023\/03\/architecture-gaf04549a6_1920-1.jpg\" alt=\"Camping Le Floride Le Barcar&#xE8;s (66) : Architecture Gaf04549a6 1920\" class=\"wp-image-9173\" srcset=\"https:\/\/floride.fr\/wp-content\/uploads\/2023\/03\/architecture-gaf04549a6_1920-1.jpg 1280w, https:\/\/floride.fr\/wp-content\/uploads\/2023\/03\/architecture-gaf04549a6_1920-1-300x262.jpg 300w, https:\/\/floride.fr\/wp-content\/uploads\/2023\/03\/architecture-gaf04549a6_1920-1-1024x895.jpg 1024w, https:\/\/floride.fr\/wp-content\/uploads\/2023\/03\/architecture-gaf04549a6_1920-1-768x671.jpg 768w\" sizes=\"(max-width: 1280px) 100vw, 1280px\" \/><\/figure>\n\n\n\n<figure class=\"wp-block-image size-full\"><img loading=\"lazy\" width=\"640\" height=\"480\" src=\"https:\/\/floride.fr\/wp-content\/uploads\/2022\/11\/Abbaye-de-Fontfroide-Narbonne-Aude.jpg\" alt=\"Camping Le Floride Le Barcar&#xE8;s (66) : Abbaye De Fontfroide Narbonne Aude\" class=\"wp-image-7297\" srcset=\"https:\/\/floride.fr\/wp-content\/uploads\/2022\/11\/Abbaye-de-Fontfroide-Narbonne-Aude.jpg 640w, https:\/\/floride.fr\/wp-content\/uploads\/2022\/11\/Abbaye-de-Fontfroide-Narbonne-Aude-300x225.jpg 300w\" sizes=\"(max-width: 640px) 100vw, 640px\" \/><\/figure>\n<\/figure>\n<\/div>\n\n\n\n<div class=\"wp-block-column\">\n<h2 class=\"has-couleur-4-color has-text-color\" id=\"collioure-cite-des-peintres-les-sites-incontournables-a-visiter-2\">Narbona, 2000 a\u00f1os de historia en el coraz\u00f3n de Occitania<\/h2>\n\n\n\n<p>\u00a1Disfrutar de la vida en Narbona es un arte! Entre playa, visitas hist\u00f3ricas y degustaci\u00f3n de vinos, la <strong>ciudad occitana<\/strong> no le decepcionar\u00e1. Cabe destacar que la ciudad cuenta con un <strong>rico vi\u00f1edo<\/strong> que podr\u00e1 descubrir despu\u00e9s de visitar los <strong>lugares imprescindibles de Narbona<\/strong>, \u00a1o incluso antes!<\/p>\n\n\n\n<p>Si tuvi\u00e9ramos que ofrecerte una peque\u00f1a selecci\u00f3n de lugares que no te puedes perder, te hablar\u00edamos de la Via Domitia, una antigua calzada romana que te desvelar\u00e1 muchos secretos sobre esta ciudad que no siempre ha sido francesa\u2026 Tambi\u00e9n puedes dar un paseo por las orillas del canal de la Robine, un brazo del canal del Mediod\u00eda, o navegar por \u00e9l para disfrutar de la ciudad desde el agua. En la ciudad, tendr\u00e1 la oportunidad de descubrir la catedral de Saint-Just-et-Saint-Pasteur, un impresionante edificio de m\u00e1s de 40 metros de altura de estilo g\u00f3tico que, como an\u00e9cdota, nunca se termin\u00f3\u2026 Para los turistas con mano para la jardiner\u00eda, no se pierdan la Abad\u00eda de Fontfroide: declarada lugar de inter\u00e9s del Pa\u00eds C\u00e1taro, cuenta con una gran riqueza arquitect\u00f3nica y uno de los rosales m\u00e1s grandes de Francia.  Y, por \u00faltimo, no olvide su ba\u00f1ador para poder chapotear en la <strong>playa de Narbona<\/strong>, de m\u00e1s de 5 km de longitud.<\/p>\n<\/div>\n<\/div>\n\n\n\n<div style=\"height:50px\" aria-hidden=\"true\" class=\"wp-block-spacer\"><\/div>\n\n\n\n<h2 id=\"vivez-une-experience-unique-a-narbonne-en-sejournant-au-camping\">\u00a1Disfrute de una experiencia \u00fanica en Narbona aloj\u00e1ndose en el camping!<\/h2>\n\n\n\n<p><strong>Narbona y sus alrededores<\/strong> le permitir\u00e1n descubrir el litoral mediterr\u00e1neo como nunca antes lo hab\u00eda visto. Y la experiencia ideal ser\u00eda alojarse en nuestro <strong>pueblo de vacaciones de Narbona<\/strong> para disfrutar de un entorno perfecto. Nuestro camping en los Pirineos Orientales le ofrece alojamiento a medida: remolques para una <strong>estancia ins\u00f3lita<\/strong>, far\u00e9s hawaianos para sumergirse en el mundo perfecto de las vacaciones al sol o lujosos chal\u00e9s con jacuzzi para olvidarse por completo de la vida cotidiana.<\/p>\n\n\n\n<p>Una vez explorada la regi\u00f3n, nuestro camping es el lugar perfecto para relajarse. Le ofrecemos un <strong>entorno id\u00edlico junto al mar<\/strong>, donde podr\u00e1 pasar d\u00edas y noches en las mejores condiciones. Un aut\u00e9ntico pueblo de vacaciones donde encontrar\u00e1 todas las comodidades que necesita. No tiene que salir para hacer la compra, ir a la peluquer\u00eda o mantener ocupados a sus hijos. Y si prefiere alojarse en tienda de campa\u00f1a o autocaravana, nos hemos preocupado de instalar los <a href=\"https:\/\/floride.fr\/es\/ubicaciones\/\">campings a poca distancia del mar<\/a> para que pueda disfrutar del entorno como so\u00f1aba.<\/p>\n\n\n\n<figure class=\"wp-block-gallery has-nested-images columns-6 is-cropped diaporama--3\">\n<figure class=\"wp-block-image size-large\"><img loading=\"lazy\" width=\"1500\" height=\"1000\" src=\"https:\/\/floride.fr\/wp-content\/uploads\/2022\/05\/IMG_1089.jpg\" alt=\"\" class=\"wp-image-4505\" srcset=\"https:\/\/floride.fr\/wp-content\/uploads\/2022\/05\/IMG_1089.jpg 1500w, https:\/\/floride.fr\/wp-content\/uploads\/2022\/05\/IMG_1089-300x200.jpg 300w, https:\/\/floride.fr\/wp-content\/uploads\/2022\/05\/IMG_1089-1024x683.jpg 1024w, https:\/\/floride.fr\/wp-content\/uploads\/2022\/05\/IMG_1089-768x512.jpg 768w\" sizes=\"(max-width: 1500px) 100vw, 1500px\" \/><\/figure>\n\n\n\n<figure class=\"wp-block-image size-large\"><img loading=\"lazy\" width=\"2560\" height=\"1707\" src=\"https:\/\/floride.fr\/wp-content\/uploads\/2022\/05\/media-88995876-004-2-scaled.jpg\" alt=\"\" class=\"wp-image-4219\" srcset=\"https:\/\/floride.fr\/wp-content\/uploads\/2022\/05\/media-88995876-004-2-scaled.jpg 2560w, https:\/\/floride.fr\/wp-content\/uploads\/2022\/05\/media-88995876-004-2-300x200.jpg 300w, https:\/\/floride.fr\/wp-content\/uploads\/2022\/05\/media-88995876-004-2-1024x683.jpg 1024w, https:\/\/floride.fr\/wp-content\/uploads\/2022\/05\/media-88995876-004-2-768x512.jpg 768w, https:\/\/floride.fr\/wp-content\/uploads\/2022\/05\/media-88995876-004-2-1536x1024.jpg 1536w, https:\/\/floride.fr\/wp-content\/uploads\/2022\/05\/media-88995876-004-2-2048x1365.jpg 2048w\" sizes=\"(max-width: 2560px) 100vw, 2560px\" \/><\/figure>\n\n\n\n<figure class=\"wp-block-image size-large\"><img loading=\"lazy\" width=\"2560\" height=\"1703\" src=\"https:\/\/floride.fr\/wp-content\/uploads\/2022\/05\/PISCINE-COUVERTE-AQUAGYM-0692-scaled.jpg\" alt=\"\" class=\"wp-image-4038\" srcset=\"https:\/\/floride.fr\/wp-content\/uploads\/2022\/05\/PISCINE-COUVERTE-AQUAGYM-0692-scaled.jpg 2560w, https:\/\/floride.fr\/wp-content\/uploads\/2022\/05\/PISCINE-COUVERTE-AQUAGYM-0692-300x200.jpg 300w, https:\/\/floride.fr\/wp-content\/uploads\/2022\/05\/PISCINE-COUVERTE-AQUAGYM-0692-1024x681.jpg 1024w, https:\/\/floride.fr\/wp-content\/uploads\/2022\/05\/PISCINE-COUVERTE-AQUAGYM-0692-768x511.jpg 768w, https:\/\/floride.fr\/wp-content\/uploads\/2022\/05\/PISCINE-COUVERTE-AQUAGYM-0692-1536x1022.jpg 1536w, https:\/\/floride.fr\/wp-content\/uploads\/2022\/05\/PISCINE-COUVERTE-AQUAGYM-0692-2048x1363.jpg 2048w\" sizes=\"(max-width: 2560px) 100vw, 2560px\" \/><\/figure>\n\n\n\n<figure class=\"wp-block-image size-large\"><img loading=\"lazy\" width=\"1194\" height=\"794\" src=\"https:\/\/floride.fr\/wp-content\/uploads\/2022\/05\/tente-2-1.jpg\" alt=\"\" class=\"wp-image-3825\" srcset=\"https:\/\/floride.fr\/wp-content\/uploads\/2022\/05\/tente-2-1.jpg 1194w, https:\/\/floride.fr\/wp-content\/uploads\/2022\/05\/tente-2-1-300x199.jpg 300w, https:\/\/floride.fr\/wp-content\/uploads\/2022\/05\/tente-2-1-1024x681.jpg 1024w, https:\/\/floride.fr\/wp-content\/uploads\/2022\/05\/tente-2-1-768x511.jpg 768w\" sizes=\"(max-width: 1194px) 100vw, 1194px\" \/><\/figure>\n\n\n\n<figure class=\"wp-block-image size-large\"><img loading=\"lazy\" width=\"2560\" height=\"1703\" src=\"https:\/\/floride.fr\/wp-content\/uploads\/2022\/05\/EMPLACEMENT-CAMPING-CAR-1112-scaled.jpg\" alt=\"\" class=\"wp-image-3553\" srcset=\"https:\/\/floride.fr\/wp-content\/uploads\/2022\/05\/EMPLACEMENT-CAMPING-CAR-1112-scaled.jpg 2560w, https:\/\/floride.fr\/wp-content\/uploads\/2022\/05\/EMPLACEMENT-CAMPING-CAR-1112-300x200.jpg 300w, https:\/\/floride.fr\/wp-content\/uploads\/2022\/05\/EMPLACEMENT-CAMPING-CAR-1112-1024x681.jpg 1024w, https:\/\/floride.fr\/wp-content\/uploads\/2022\/05\/EMPLACEMENT-CAMPING-CAR-1112-768x511.jpg 768w, https:\/\/floride.fr\/wp-content\/uploads\/2022\/05\/EMPLACEMENT-CAMPING-CAR-1112-1536x1022.jpg 1536w, https:\/\/floride.fr\/wp-content\/uploads\/2022\/05\/EMPLACEMENT-CAMPING-CAR-1112-2048x1363.jpg 2048w\" sizes=\"(max-width: 2560px) 100vw, 2560px\" \/><\/figure>\n\n\n\n<figure class=\"wp-block-image size-large\"><img loading=\"lazy\" width=\"2560\" height=\"1707\" src=\"https:\/\/floride.fr\/wp-content\/uploads\/2022\/05\/A7R5910-1-scaled.jpg\" alt=\"\" class=\"wp-image-3543\" srcset=\"https:\/\/floride.fr\/wp-content\/uploads\/2022\/05\/A7R5910-1-scaled.jpg 2560w, https:\/\/floride.fr\/wp-content\/uploads\/2022\/05\/A7R5910-1-300x200.jpg 300w, https:\/\/floride.fr\/wp-content\/uploads\/2022\/05\/A7R5910-1-1024x683.jpg 1024w, https:\/\/floride.fr\/wp-content\/uploads\/2022\/05\/A7R5910-1-768x512.jpg 768w, https:\/\/floride.fr\/wp-content\/uploads\/2022\/05\/A7R5910-1-1536x1024.jpg 1536w, https:\/\/floride.fr\/wp-content\/uploads\/2022\/05\/A7R5910-1-2048x1365.jpg 2048w\" sizes=\"(max-width: 2560px) 100vw, 2560px\" \/><\/figure>\n<\/figure>\n\n\n\n<div style=\"height:50px\" aria-hidden=\"true\" class=\"wp-block-spacer\"><\/div>\n\n\n\n<div class=\"wp-block-columns\">\n<div class=\"wp-block-column\">\n<h2 class=\"has-couleur-4-color has-text-color\" id=\"collioure-cite-des-peintres-les-sites-incontournables-a-visiter-2\">Descubra el Aude y su litoral desde el pueblo de vacaciones Le Floride<\/h2>\n\n\n\n<p>El camping de 5 estrellas Le Floride, en Languedoc-Rosell\u00f3n, es el lugar ideal para unas vacaciones tal y como las imaginamos en nuestros sue\u00f1os m\u00e1s descabellados. Descubrir\u00e1 un espacio fabuloso para relajarse con total comodidad. Al alojarse en el camping de Barcar\u00e8s, podr\u00e1 disfrutar plenamente del <strong>Aude<\/strong> y de su litoral.<\/p>\n\n\n\n<p>Despu\u00e9s de descubrir Narbona y su playa, podr\u00e1s perderte por las calles de la ciudad fortificada de Carcasona, probar los deportes acu\u00e1ticos en <a href=\"https:\/\/floride.fr\/es\/leucate\/\">Leucate<\/a>, vivir una aventura en el abismo de Cabrespine, subirte a un trenecito que te llevar\u00e1 a las entra\u00f1as de Terra Vinea o incluso sumergirte en la sabana africana\u2026 S\u00ed, \u00bfsorprendente, verdad? Visitando el Aude desde el pueblo de vacaciones Le Floride, tendr\u00e1 la oportunidad de transportarse en plena <strong>reserva de Sigean<\/strong>. Un enorme parque zool\u00f3gico de 300 hect\u00e1reas repleto de especies animales africanas&#8230; \u00a1Un cambio total de aires que hay que experimentar!<\/p>\n<\/div>\n\n\n\n<div class=\"wp-block-column\">\n<figure class=\"wp-block-gallery has-nested-images columns-default is-cropped\">\n<figure class=\"wp-block-image size-full\"><img loading=\"lazy\" width=\"1920\" height=\"1080\" src=\"https:\/\/floride.fr\/wp-content\/uploads\/2022\/07\/Etang-de-Leucate-Salses-Port-Leucate.jpg\" alt=\"\" class=\"wp-image-5867\" srcset=\"https:\/\/floride.fr\/wp-content\/uploads\/2022\/07\/Etang-de-Leucate-Salses-Port-Leucate.jpg 1920w, https:\/\/floride.fr\/wp-content\/uploads\/2022\/07\/Etang-de-Leucate-Salses-Port-Leucate-300x169.jpg 300w, https:\/\/floride.fr\/wp-content\/uploads\/2022\/07\/Etang-de-Leucate-Salses-Port-Leucate-1024x576.jpg 1024w, https:\/\/floride.fr\/wp-content\/uploads\/2022\/07\/Etang-de-Leucate-Salses-Port-Leucate-768x432.jpg 768w, https:\/\/floride.fr\/wp-content\/uploads\/2022\/07\/Etang-de-Leucate-Salses-Port-Leucate-1536x864.jpg 1536w\" sizes=\"(max-width: 1920px) 100vw, 1920px\" \/><\/figure>\n<\/figure>\n<\/div>\n<\/div>\n\n\n\n<div style=\"height:100px\" aria-hidden=\"true\" class=\"wp-block-spacer\"><\/div>\n<\/div><\/div>\n","protected":false},"excerpt":{"rendered":"<p>\u00a1Escapada por Narbona gracias al camping Le Floride! Si desea conocer una an\u00e9cdota sobre Narbona, debe saber que la ciudad cuenta con m\u00e1s de 3.000 horas de sol al a\u00f1o. Es una forma estupenda de pasar unas vacaciones en la costa de Languedoc. Para aprovechar al m\u00e1ximo su estancia en esta regi\u00f3n de mil paisajes, [&hellip;]<\/p>\n","protected":false},"author":1,"featured_media":0,"parent":0,"menu_order":0,"comment_status":"closed","ping_status":"closed","template":"","meta":[],"acf":[],"_links":{"self":[{"href":"https:\/\/floride.fr\/es\/wp-json\/wp\/v2\/pages\/8632"}],"collection":[{"href":"https:\/\/floride.fr\/es\/wp-json\/wp\/v2\/pages"}],"about":[{"href":"https:\/\/floride.fr\/es\/wp-json\/wp\/v2\/types\/page"}],"author":[{"embeddable":true,"href":"https:\/\/floride.fr\/es\/wp-json\/wp\/v2\/users\/1"}],"replies":[{"embeddable":true,"href":"https:\/\/floride.fr\/es\/wp-json\/wp\/v2\/comments?post=8632"}],"version-history":[{"count":5,"href":"https:\/\/floride.fr\/es\/wp-json\/wp\/v2\/pages\/8632\/revisions"}],"predecessor-version":[{"id":16352,"href":"https:\/\/floride.fr\/es\/wp-json\/wp\/v2\/pages\/8632\/revisions\/16352"}],"wp:attachment":[{"href":"https:\/\/floride.fr\/es\/wp-json\/wp\/v2\/media?parent=8632"}],"curies":[{"name":"wp","href":"https:\/\/api.w.org\/{rel}","templated":true}]}}