{"id":8681,"date":"2023-02-10T14:41:40","date_gmt":"2023-02-10T13:41:40","guid":{"rendered":"https:\/\/floride.fr\/perpinan\/"},"modified":"2026-03-17T14:52:58","modified_gmt":"2026-03-17T13:52:58","slug":"perpinan","status":"publish","type":"page","link":"https:\/\/floride.fr\/es\/perpinan\/","title":{"rendered":"Perpi\u00f1\u00e1n"},"content":{"rendered":"\n<figure class=\"wp-block-image alignfull size-full F-00-b\"><img loading=\"lazy\" width=\"606\" height=\"418\" src=\"https:\/\/floride.fr\/wp-content\/uploads\/2023\/03\/Pic-du-Canigou.jpg\" alt=\"\" class=\"wp-image-9048\" srcset=\"https:\/\/floride.fr\/wp-content\/uploads\/2023\/03\/Pic-du-Canigou.jpg 606w, https:\/\/floride.fr\/wp-content\/uploads\/2023\/03\/Pic-du-Canigou-300x207.jpg 300w\" sizes=\"(max-width: 606px) 100vw, 606px\" \/><\/figure>\n\n<div class=\"wp-container-69e7b3ebdf538 wp-block-group F-05-a\"><div class=\"wp-block-group__inner-container\">\n<h1 class=\"has-couleur-1-color has-text-color\" id=\"le-floride-5-etoiles-camping-proche-de-perpignan\">Le Floride 5 estrellas, camping cerca de Perpi\u00f1\u00e1n<\/h1>\n\n\n\n<p>\u00bfEst\u00e1s pensando en pasar unos d\u00edas de acampada cerca de <a href=\"https:\/\/floride.fr\/es\/\">Perpi\u00f1\u00e1n<\/a>? Usted quiere aprovechar todas las ventajas que procura la frescura del Mediterr\u00e1neo y el calor de sus gentes ? Notre <strong>camping en bord de mer \u00e0 Perpignan<\/strong> est le lieu id\u00e9al pour r\u00e9pondre \u00e0 tous vos souhaits. Con nuestros equipos de alta gama y nuestro atento personal, sabemos c\u00f3mo crear las condiciones para la felicidad.<\/p>\n\n\n\n<div style=\"height:50px\" aria-hidden=\"true\" class=\"wp-block-spacer\"><\/div>\n\n\n\n<div class=\"wp-block-columns\">\n<div class=\"wp-block-column\">\n<figure class=\"wp-block-gallery has-nested-images columns-default is-cropped\">\n<figure class=\"wp-block-image size-full\"><img loading=\"lazy\" width=\"768\" height=\"512\" src=\"https:\/\/floride.fr\/wp-content\/uploads\/2023\/03\/Que-faire-a-Perpignan-_-15-choses-incontournables-a-visiter.jpg\" alt=\"\" class=\"wp-image-9053\" srcset=\"https:\/\/floride.fr\/wp-content\/uploads\/2023\/03\/Que-faire-a-Perpignan-_-15-choses-incontournables-a-visiter.jpg 768w, https:\/\/floride.fr\/wp-content\/uploads\/2023\/03\/Que-faire-a-Perpignan-_-15-choses-incontournables-a-visiter-300x200.jpg 300w\" sizes=\"(max-width: 768px) 100vw, 768px\" \/><\/figure>\n\n\n\n<figure class=\"wp-block-image size-full\"><img loading=\"lazy\" width=\"730\" height=\"477\" src=\"https:\/\/floride.fr\/wp-content\/uploads\/2023\/03\/Photo-a-Perpignan-66000-_-CASTILLET.jpg\" alt=\"\" class=\"wp-image-9058\" srcset=\"https:\/\/floride.fr\/wp-content\/uploads\/2023\/03\/Photo-a-Perpignan-66000-_-CASTILLET.jpg 730w, https:\/\/floride.fr\/wp-content\/uploads\/2023\/03\/Photo-a-Perpignan-66000-_-CASTILLET-300x196.jpg 300w\" sizes=\"(max-width: 730px) 100vw, 730px\" \/><\/figure>\n<\/figure>\n<\/div>\n\n\n\n<div class=\"wp-block-column\">\n<h2 class=\"has-couleur-4-color has-text-color\" id=\"collioure-cite-des-peintres-les-sites-incontournables-a-visiter-2\">Perpi\u00f1\u00e1n, la capital catalana francesa por excelencia<\/h2>\n\n\n\n<p><strong>Perpi\u00f1\u00e1n<\/strong> es una de las ciudades m\u00e1s bellas e importantes de la <strong>Catalu\u00f1a francesa.<\/strong> Es un destino ideal para quienes desean explorar la regi\u00f3n de los <a href=\"https:\/\/floride.fr\/es\/alrededores\/\">Pirineos Orientales<\/a>, gracias a su ubicaci\u00f3n en la costa, justo detr\u00e1s de las playas y cerca de las cadenas monta\u00f1osas. <\/p>\n\n\n\n<p>Perpi\u00f1\u00e1n tiene una historia y una cultura muy rica. La ciudad es famosa por su palacio, que fue construido por el <strong>rey Jaime I de Mallorca<\/strong> en 1276. Despu\u00e9s fue enriquecida por <strong>el arquitecto Vauban<\/strong>. El <strong>Palacio de los Reyes de Mallorca<\/strong> sigue siendo uno de los monumentos m\u00e1s importantes de Perpi\u00f1\u00e1n. Est\u00e1 situado en la cima de una colina, dominando la ciudad y d\u00e1ndole un encanto extra con una <strong>vista impresionante de la costa y el Canigou.<\/strong> Otros monumentos famosos que hay que ver son <strong>el Castillet<\/strong> (el peque\u00f1o castillo) y <strong>el Campo Santo.<\/strong> \u00a1D\u00e9jate llevar por las numerosas callejuelas coloridas del centro de la ciudad y no te olvides de dar un paseo a orillas del T\u00eat o de dar un paseo en barca! <\/p>\n<\/div>\n<\/div>\n\n\n\n<div style=\"height:100px\" aria-hidden=\"true\" class=\"wp-block-spacer\"><\/div>\n\n\n\n<div class=\"wp-block-columns\">\n<div class=\"wp-block-column\" style=\"flex-basis:60%\">\n<h2 class=\"has-couleur-4-color has-text-color\" id=\"autour-de-perpignan-decouvrez-un-environnement-naturel-exceptionnel-1\">En los alrededores de Perpi\u00f1\u00e1n, \u00a1descubra un entorno natural excepcional!<\/h2>\n\n\n\n<p>El departamento de los Pirineos Orientales, en la antigua regi\u00f3n de Languedoc-Rosell\u00f3n, est\u00e1 lleno de encantos. En los alrededores de Perpi\u00f1\u00e1n encontrar\u00e1s un territorio a caballo entre la tierra y el mar. El interior, con sus rutas de senderismo, el monte Canig\u00f3, sus vi\u00f1edos y sus pintorescos pueblos, es una fuente inagotable de descubrimientos.  Sin embargo, su litoral sigue siendo una de sus joyas para explorar sin l\u00edmites. Imagine <strong>playas de arena fina<\/strong> y aguas turquesas para sumergirse en un mundo paradis\u00edaco. Esto es lo que podr\u00e1 disfrutar si elige nuestr<a href=\"https:\/\/floride.fr\/camping-perpignan-bord-de-mer\/\">o camping en Perpi\u00f1\u00e1n,<\/a> a orillas del mar. Ubicado en un remanso de belleza y paz, nuestro establecimiento le ofrece el bienestar que busca para recargar energ\u00edas en las mejores condiciones.  Todos nuestras parcelas responden a sus necesidades. Nuestras instalaciones, estrat\u00e9gicamente ubicadas, le permiten disfrutar de una experiencia de acampada en un entorno tranquilo cerca del mar. Nuestras modernas instalaciones, como nuestra tienda de comestibles o nuestra peluquer\u00eda, est\u00e1n dise\u00f1adas con el objetivo constante de velar por su bienestar. Nuestra exigencia en materia de acogida es garant\u00eda de una estancia de calidad en el camping cerca de Perpi\u00f1\u00e1n. Desde all\u00ed, podr\u00e1 recorrer las maravillas de la costa de <a href=\"https:\/\/floride.fr\/es\/el-barcares\/\">Port-Barcar\u00e8s<\/a> pasando por la laguna de <a href=\"https:\/\/floride.fr\/es\/leucate\/\">Leucate <\/a>o la reserva ornitol\u00f3gica de Canet-en-Roussillon,<br\/>   <strong> <\/strong>hasta la frontera espa\u00f1ola, cerca de <a href=\"https:\/\/floride.fr\/es\/collioure\/\">Collioure<\/a>. A cualquier hora del d\u00eda, podr\u00e1s contemplar en el horizonte los colores cambiantes del amanecer y el atardecer, perfectos para un paseo rom\u00e1ntico o un picnic al aire libre. <\/p>\n<\/div>\n\n\n\n<div class=\"wp-block-column\" style=\"flex-basis:40%\">\n<figure class=\"wp-block-image size-700x700\"><img loading=\"lazy\" width=\"700\" height=\"700\" src=\"https:\/\/floride.fr\/wp-content\/uploads\/2022\/04\/camille-minouflet-d7M5Xramf8g-unsplash-scaled-e1650542787287-700x700.jpg\" alt=\"\" class=\"wp-image-2489\" srcset=\"https:\/\/floride.fr\/wp-content\/uploads\/2022\/04\/camille-minouflet-d7M5Xramf8g-unsplash-scaled-e1650542787287-700x700.jpg 700w, https:\/\/floride.fr\/wp-content\/uploads\/2022\/04\/camille-minouflet-d7M5Xramf8g-unsplash-scaled-e1650542787287-150x150.jpg 150w, https:\/\/floride.fr\/wp-content\/uploads\/2022\/04\/camille-minouflet-d7M5Xramf8g-unsplash-scaled-e1650542787287-200x200.jpg 200w, https:\/\/floride.fr\/wp-content\/uploads\/2022\/04\/camille-minouflet-d7M5Xramf8g-unsplash-scaled-e1650542787287-300x300.jpg 300w, https:\/\/floride.fr\/wp-content\/uploads\/2022\/04\/camille-minouflet-d7M5Xramf8g-unsplash-scaled-e1650542787287-400x400.jpg 400w, https:\/\/floride.fr\/wp-content\/uploads\/2022\/04\/camille-minouflet-d7M5Xramf8g-unsplash-scaled-e1650542787287-500x500.jpg 500w, https:\/\/floride.fr\/wp-content\/uploads\/2022\/04\/camille-minouflet-d7M5Xramf8g-unsplash-scaled-e1650542787287-600x600.jpg 600w, https:\/\/floride.fr\/wp-content\/uploads\/2022\/04\/camille-minouflet-d7M5Xramf8g-unsplash-scaled-e1650542787287-800x800.jpg 800w, https:\/\/floride.fr\/wp-content\/uploads\/2022\/04\/camille-minouflet-d7M5Xramf8g-unsplash-scaled-e1650542787287-1024x1024.jpg 1024w\" sizes=\"(max-width: 700px) 100vw, 700px\" \/><\/figure>\n<\/div>\n<\/div>\n\n\n\n<div style=\"height:30px\" aria-hidden=\"true\" class=\"wp-block-spacer\"><\/div>\n\n\n\n<h2 id=\"des-hebergements-de-luxe-au-camping-proche-de-perpignan\">Alojamientos de lujo en un camping cerca de Perpi\u00f1\u00e1n<\/h2>\n\n\n\n<p>Evidentemente, nos preocupamos por sus condiciones de alojamiento para ofrecerle unas <strong>vacaciones que sean una verdadera evasi\u00f3n.<\/strong> \u00bfQuiere conocer lugares de libertad m\u00e1s originales e incluso ins\u00f3litos? Por eso estamos ampliando nuestra<a href=\"https:\/\/floride.fr\/es\/alquileres\/\"> oferta de alojamientos.<\/a> As\u00ed, adem\u00e1s de las casas m\u00f3viles adaptadas para personas con movilidad reducida, encontrar\u00e1 <strong> <\/strong><a href=\"https:\/\/floride.fr\/es\/alquiler-de-chalet-en-pyrenees-orientales\/\">chal\u00e9s de lujo<\/a>, caba\u00f1as hawaianas o incluso caravanas en la gama de <a href=\"https:\/\/floride.fr\/es\/alquileres-insolitos-en-los-pirineos-orientales\/\">alojamientos originales.<\/a> \u00bfC\u00f3mo no dar rienda suelta a su alma de explorador o de ni\u00f1o en un entorno tan ex\u00f3tico y encantador? En nuestra oferta de <a href=\"https:\/\/floride.fr\/es\/alquiler-de-mobil-home-en-los-pirineos-orientales\/\">alquiler de casas m\u00f3viles junto al mar en Perpi\u00f1\u00e1n,<\/a> damos prioridad a las novedades y a las soluciones de alojamiento que se adaptan a las necesidades de cada uno de nuestros residentes. En cuanto a nuestras <a href=\"https:\/\/floride.fr\/es\/ubicaciones\/\">parcelas de camping<\/a>, le ofrecemos una ubicaci\u00f3n lo m\u00e1s cerca posible de la playa, con todas las comodidades que cabe esperar.  Estamos a su disposici\u00f3n para asegurarnos de que su estancia en el camping cerca de Perpi\u00f1\u00e1n, ya sea en tienda de campa\u00f1a, caravana o en un alojamiento de alquiler, transcurra de la mejor manera posible. <\/p>\n\n\n\n<h2 id=\"vivez-des-emotions-a-pleins-poumons-en-bordure-de-mediterranee\">A orillas del Mediterr\u00e1neo, viva las emociones a todo pulm\u00f3n<\/h2>\n\n\n\n<p>Si el mar Mediterr\u00e1neo ofrece un sinf\u00edn de descubrimientos y diversi\u00f3n, nosotros satisfacemos tus ganas de entretenimiento. Un parque acu\u00e1tico de 4700 m\u00b2, sin igual en los alrededores de Perpi\u00f1\u00e1n, \u00a1que har\u00e1 las delicias de todos los amantes de los juegos acu\u00e1ticos! Toboganes, pentagliss, r\u00edos de contracorriente&#8230; Todos los retos del deslizamiento le esperan para que disfrute de momentos excepcionales en <a href=\"https:\/\/floride.fr\/es\/parque-acuatico\/\">nuestro camping con zona acu\u00e1tica en los Pirineos Orientales.<\/a><br\/>   Piscinas climatizadas, jacuzzis y piscinas infantiles completan el parque infantil y ofrecen un lugar para relajarse o para que los m\u00e1s peque\u00f1os practiquen la nataci\u00f3n. Elija vivir a su ritmo sus experiencias m\u00e1s fren\u00e9ticas en este lugar \u00fanico. Otras \u00e1reas, como un gimnasio y una sala de juegos, tambi\u00e9n le ofrecen m\u00e1s posibilidades para su estancia con nosotros. Hasta el d\u00eda de Todos los Santos, usted encontrar\u00e1 una gran variedad de <a href=\"https:\/\/floride.fr\/es\/actividades-y-eventos\/\">actividades y animaciones<\/a>, con una menci\u00f3n especial por la noche con <strong>nuestros impresionantes espect\u00e1culos<\/strong> que har\u00e1n las delicias de padres e hijos. Disfruta de cada momento como si fuera un aut\u00e9ntico descubrimiento en nuestro camping de 5 estrellas Le Floride.<\/p>\n\n\n\n<p>Mejora tu experiencia en los Pirineos Orientales eligiendo un camping cerca de Perpi\u00f1\u00e1n que sepa satisfacer a la perfecci\u00f3n todas tus necesidades. Hacemos todo lo posible para que pueda pasar unos d\u00edas agradables en familia, con amigos, solo o acompa\u00f1ado, disfrutando de unas instalaciones y un alojamiento que superar\u00e1n sus expectativas.<\/p>\n\n\n\n<div style=\"height:30px\" aria-hidden=\"true\" class=\"wp-block-spacer\"><\/div>\n\n\n\n<figure class=\"wp-block-gallery has-nested-images columns-6 is-cropped diaporama--3\">\n<figure class=\"wp-block-image size-large\"><img loading=\"lazy\" width=\"1500\" height=\"1000\" src=\"https:\/\/floride.fr\/wp-content\/uploads\/2022\/05\/IMG_1089.jpg\" alt=\"\" class=\"wp-image-4505\" srcset=\"https:\/\/floride.fr\/wp-content\/uploads\/2022\/05\/IMG_1089.jpg 1500w, https:\/\/floride.fr\/wp-content\/uploads\/2022\/05\/IMG_1089-300x200.jpg 300w, https:\/\/floride.fr\/wp-content\/uploads\/2022\/05\/IMG_1089-1024x683.jpg 1024w, https:\/\/floride.fr\/wp-content\/uploads\/2022\/05\/IMG_1089-768x512.jpg 768w\" sizes=\"(max-width: 1500px) 100vw, 1500px\" \/><\/figure>\n\n\n\n<figure class=\"wp-block-image size-large\"><img loading=\"lazy\" width=\"2560\" height=\"1707\" src=\"https:\/\/floride.fr\/wp-content\/uploads\/2022\/05\/media-88995876-004-2-scaled.jpg\" alt=\"\" class=\"wp-image-4219\" srcset=\"https:\/\/floride.fr\/wp-content\/uploads\/2022\/05\/media-88995876-004-2-scaled.jpg 2560w, https:\/\/floride.fr\/wp-content\/uploads\/2022\/05\/media-88995876-004-2-300x200.jpg 300w, https:\/\/floride.fr\/wp-content\/uploads\/2022\/05\/media-88995876-004-2-1024x683.jpg 1024w, https:\/\/floride.fr\/wp-content\/uploads\/2022\/05\/media-88995876-004-2-768x512.jpg 768w, https:\/\/floride.fr\/wp-content\/uploads\/2022\/05\/media-88995876-004-2-1536x1024.jpg 1536w, https:\/\/floride.fr\/wp-content\/uploads\/2022\/05\/media-88995876-004-2-2048x1365.jpg 2048w\" sizes=\"(max-width: 2560px) 100vw, 2560px\" \/><\/figure>\n\n\n\n<figure class=\"wp-block-image size-large\"><img loading=\"lazy\" width=\"2560\" height=\"1703\" src=\"https:\/\/floride.fr\/wp-content\/uploads\/2022\/05\/PISCINE-COUVERTE-AQUAGYM-0692-scaled.jpg\" alt=\"\" class=\"wp-image-4038\" srcset=\"https:\/\/floride.fr\/wp-content\/uploads\/2022\/05\/PISCINE-COUVERTE-AQUAGYM-0692-scaled.jpg 2560w, https:\/\/floride.fr\/wp-content\/uploads\/2022\/05\/PISCINE-COUVERTE-AQUAGYM-0692-300x200.jpg 300w, https:\/\/floride.fr\/wp-content\/uploads\/2022\/05\/PISCINE-COUVERTE-AQUAGYM-0692-1024x681.jpg 1024w, https:\/\/floride.fr\/wp-content\/uploads\/2022\/05\/PISCINE-COUVERTE-AQUAGYM-0692-768x511.jpg 768w, https:\/\/floride.fr\/wp-content\/uploads\/2022\/05\/PISCINE-COUVERTE-AQUAGYM-0692-1536x1022.jpg 1536w, https:\/\/floride.fr\/wp-content\/uploads\/2022\/05\/PISCINE-COUVERTE-AQUAGYM-0692-2048x1363.jpg 2048w\" sizes=\"(max-width: 2560px) 100vw, 2560px\" \/><\/figure>\n\n\n\n<figure class=\"wp-block-image size-large\"><img loading=\"lazy\" width=\"1194\" height=\"794\" src=\"https:\/\/floride.fr\/wp-content\/uploads\/2022\/05\/tente-2-1.jpg\" alt=\"\" class=\"wp-image-3825\" srcset=\"https:\/\/floride.fr\/wp-content\/uploads\/2022\/05\/tente-2-1.jpg 1194w, https:\/\/floride.fr\/wp-content\/uploads\/2022\/05\/tente-2-1-300x199.jpg 300w, https:\/\/floride.fr\/wp-content\/uploads\/2022\/05\/tente-2-1-1024x681.jpg 1024w, https:\/\/floride.fr\/wp-content\/uploads\/2022\/05\/tente-2-1-768x511.jpg 768w\" sizes=\"(max-width: 1194px) 100vw, 1194px\" \/><\/figure>\n\n\n\n<figure class=\"wp-block-image size-large\"><img loading=\"lazy\" width=\"2560\" height=\"1703\" src=\"https:\/\/floride.fr\/wp-content\/uploads\/2022\/05\/EMPLACEMENT-CAMPING-CAR-1112-scaled.jpg\" alt=\"\" class=\"wp-image-3553\" srcset=\"https:\/\/floride.fr\/wp-content\/uploads\/2022\/05\/EMPLACEMENT-CAMPING-CAR-1112-scaled.jpg 2560w, https:\/\/floride.fr\/wp-content\/uploads\/2022\/05\/EMPLACEMENT-CAMPING-CAR-1112-300x200.jpg 300w, https:\/\/floride.fr\/wp-content\/uploads\/2022\/05\/EMPLACEMENT-CAMPING-CAR-1112-1024x681.jpg 1024w, https:\/\/floride.fr\/wp-content\/uploads\/2022\/05\/EMPLACEMENT-CAMPING-CAR-1112-768x511.jpg 768w, https:\/\/floride.fr\/wp-content\/uploads\/2022\/05\/EMPLACEMENT-CAMPING-CAR-1112-1536x1022.jpg 1536w, https:\/\/floride.fr\/wp-content\/uploads\/2022\/05\/EMPLACEMENT-CAMPING-CAR-1112-2048x1363.jpg 2048w\" sizes=\"(max-width: 2560px) 100vw, 2560px\" \/><\/figure>\n\n\n\n<figure class=\"wp-block-image size-large\"><img loading=\"lazy\" width=\"2560\" height=\"1707\" src=\"https:\/\/floride.fr\/wp-content\/uploads\/2022\/05\/A7R5910-1-scaled.jpg\" alt=\"\" class=\"wp-image-3543\" srcset=\"https:\/\/floride.fr\/wp-content\/uploads\/2022\/05\/A7R5910-1-scaled.jpg 2560w, https:\/\/floride.fr\/wp-content\/uploads\/2022\/05\/A7R5910-1-300x200.jpg 300w, https:\/\/floride.fr\/wp-content\/uploads\/2022\/05\/A7R5910-1-1024x683.jpg 1024w, https:\/\/floride.fr\/wp-content\/uploads\/2022\/05\/A7R5910-1-768x512.jpg 768w, https:\/\/floride.fr\/wp-content\/uploads\/2022\/05\/A7R5910-1-1536x1024.jpg 1536w, https:\/\/floride.fr\/wp-content\/uploads\/2022\/05\/A7R5910-1-2048x1365.jpg 2048w\" sizes=\"(max-width: 2560px) 100vw, 2560px\" \/><\/figure>\n<\/figure>\n\n\n\n<div style=\"height:100px\" aria-hidden=\"true\" class=\"wp-block-spacer\"><\/div>\n<\/div><\/div>\n","protected":false},"excerpt":{"rendered":"<p>Le Floride 5 estrellas, camping cerca de Perpi\u00f1\u00e1n \u00bfEst\u00e1s pensando en pasar unos d\u00edas de acampada cerca de Perpi\u00f1\u00e1n? Usted quiere aprovechar todas las ventajas que procura la frescura del Mediterr\u00e1neo y el calor de sus gentes ? Notre camping en bord de mer \u00e0 Perpignan est le lieu id\u00e9al pour r\u00e9pondre \u00e0 tous vos [&hellip;]<\/p>\n","protected":false},"author":1,"featured_media":0,"parent":0,"menu_order":0,"comment_status":"closed","ping_status":"closed","template":"","meta":[],"acf":[],"_links":{"self":[{"href":"https:\/\/floride.fr\/es\/wp-json\/wp\/v2\/pages\/8681"}],"collection":[{"href":"https:\/\/floride.fr\/es\/wp-json\/wp\/v2\/pages"}],"about":[{"href":"https:\/\/floride.fr\/es\/wp-json\/wp\/v2\/types\/page"}],"author":[{"embeddable":true,"href":"https:\/\/floride.fr\/es\/wp-json\/wp\/v2\/users\/1"}],"replies":[{"embeddable":true,"href":"https:\/\/floride.fr\/es\/wp-json\/wp\/v2\/comments?post=8681"}],"version-history":[{"count":5,"href":"https:\/\/floride.fr\/es\/wp-json\/wp\/v2\/pages\/8681\/revisions"}],"predecessor-version":[{"id":16372,"href":"https:\/\/floride.fr\/es\/wp-json\/wp\/v2\/pages\/8681\/revisions\/16372"}],"wp:attachment":[{"href":"https:\/\/floride.fr\/es\/wp-json\/wp\/v2\/media?parent=8681"}],"curies":[{"name":"wp","href":"https:\/\/api.w.org\/{rel}","templated":true}]}}