{"id":13181,"date":"2024-08-29T17:00:49","date_gmt":"2024-08-29T15:00:49","guid":{"rendered":"https:\/\/floride.fr\/?page_id=13181"},"modified":"2024-08-29T17:00:50","modified_gmt":"2024-08-29T15:00:50","slug":"camping-zuid-frankrijk-kindvriendelijk","status":"publish","type":"page","link":"https:\/\/floride.fr\/nl\/camping-zuid-frankrijk-kindvriendelijk\/","title":{"rendered":"Kindvriendelijk kamperen in Zuid-Frankrijk"},"content":{"rendered":"\n<figure class=\"wp-block-image alignfull size-large F-00-b\"><img loading=\"lazy\" width=\"1024\" height=\"826\" src=\"https:\/\/floride.fr\/wp-content\/uploads\/2023\/11\/lighthouse-5480230_1280-1024x826.jpg\" alt=\"\" class=\"wp-image-11101\" srcset=\"https:\/\/floride.fr\/wp-content\/uploads\/2023\/11\/lighthouse-5480230_1280-1024x826.jpg 1024w, https:\/\/floride.fr\/wp-content\/uploads\/2023\/11\/lighthouse-5480230_1280-300x242.jpg 300w, https:\/\/floride.fr\/wp-content\/uploads\/2023\/11\/lighthouse-5480230_1280-768x619.jpg 768w, https:\/\/floride.fr\/wp-content\/uploads\/2023\/11\/lighthouse-5480230_1280.jpg 1280w\" sizes=\"(max-width: 1024px) 100vw, 1024px\" \/><\/figure>\n\n\n\n<h1 class=\"has-text-align-center has-couleur-2-color has-text-color\" id=\"kindvriendelijk-kamperen-in-zuid-frankrijk\">Kindvriendelijk kamperen in Zuid-Frankrijk<\/h1>\n\n\n\n<p>Op zoek naar een onvergetelijke vakantie op een <a href=\"https:\/\/floride.fr\/nl\/\">kindvriendelijke camping in Zuid-Frankrijk<\/a>? Welkom op camping Le Floride, de perfecte keuze voor een <strong>vakantie aan de Middellandse Zee<\/strong>! Ontdek een paradijs voor gezinnen, waar ontspanning en activiteiten perfect samengaan.<\/p>\n\n\n\n<div style=\"height:1px\" aria-hidden=\"true\" class=\"wp-block-spacer\"><\/div>\n\n\n\n<section class=\"wp-container-69d0bd93c2830 wp-block-group F-10-a\"><div class=\"wp-block-group__inner-container\">\n<div class=\"wp-block-columns are-vertically-aligned-center\">\n<div class=\"wp-block-column is-vertically-aligned-center\">\n<h2 class=\"has-couleur-4-color has-text-color\" id=\"visiter-perpignan-la-belle-catalane-1\">Ontdek de charmes van Zuid-Frankrijk<\/h2>\n\n\n\n<p>Camping Le Floride ligt in het hart van <a href=\"https:\/\/floride.fr\/nl\/omgeving\/\">Zuid-Frankrijk<\/a>, in een regio die baadt in de zon en rijk is aan adembenemende landschappen. Vlakbij de gouden stranden van de <strong>Middellandse Zee<\/strong> is het de ideale plek voor gezinnen die op zoek zijn naar een vakantie in de buitenlucht.<\/p>\n\n\n\n<p>Op een steenworp afstand ligt Argel\u00e8s-sur-Mer, een charmante badplaats met zandstranden en een vriendelijke sfeer. Argel\u00e8s staat bekend om zijn levendige haven, kleurrijke markten en vele watersportactiviteiten, perfect voor kinderen. Op een klein eindje rijden nodigt Perpignan je uit om zijn rijke historische erfgoed te verkennen, met zijn indrukwekkende monumenten en pittoreske straatjes. Voor liefhebbers van cultuur en winkelen is dit de ideale plek voor een gezinsuitstapje.<\/p>\n\n\n\n<p>Le Barcar\u00e8s, de gemeente waarin het etablissement ligt, biedt een unieke mix van <strong>Occitaanse tradities en moderniteit<\/strong>. Je vindt er enorme stranden, een verscheidenheid aan wateractiviteiten en een ideale omgeving voor picknicks en buitenspelen.<\/p>\n\n\n\n<p>Met zoveel om te ontdekken en van te genieten is Le Floride de perfecte keuze voor een leuke gezinsvakantie in Zuid-Frankrijk.<\/p>\n<\/div>\n\n\n\n<div class=\"wp-block-column is-vertically-aligned-center\">\n<figure class=\"wp-block-gallery has-nested-images columns-5 is-cropped deco-masque4 deco-rectangle2\">\n<figure class=\"wp-block-image size-full\"><img loading=\"lazy\" width=\"1024\" height=\"683\" src=\"https:\/\/floride.fr\/wp-content\/uploads\/2022\/10\/130-camping-le-floride-1024px.jpg\" alt=\"Chalet mobil home dans les pyrenees orientales \u00e0 Barcar\u00e8s (camping le floride)\" class=\"wp-image-6972\" srcset=\"https:\/\/floride.fr\/wp-content\/uploads\/2022\/10\/130-camping-le-floride-1024px.jpg 1024w, https:\/\/floride.fr\/wp-content\/uploads\/2022\/10\/130-camping-le-floride-1024px-300x200.jpg 300w, https:\/\/floride.fr\/wp-content\/uploads\/2022\/10\/130-camping-le-floride-1024px-768x512.jpg 768w\" sizes=\"(max-width: 1024px) 100vw, 1024px\" \/><\/figure>\n\n\n\n<figure class=\"wp-block-image size-large\"><img loading=\"lazy\" width=\"1024\" height=\"686\" src=\"https:\/\/floride.fr\/wp-content\/uploads\/2023\/08\/vermeille-coast-6279499_1280-1-1024x686.jpg\" alt=\"\" class=\"wp-image-10492\" srcset=\"https:\/\/floride.fr\/wp-content\/uploads\/2023\/08\/vermeille-coast-6279499_1280-1-1024x686.jpg 1024w, https:\/\/floride.fr\/wp-content\/uploads\/2023\/08\/vermeille-coast-6279499_1280-1-300x201.jpg 300w, https:\/\/floride.fr\/wp-content\/uploads\/2023\/08\/vermeille-coast-6279499_1280-1-768x514.jpg 768w, https:\/\/floride.fr\/wp-content\/uploads\/2023\/08\/vermeille-coast-6279499_1280-1.jpg 1280w\" sizes=\"(max-width: 1024px) 100vw, 1024px\" \/><\/figure>\n<\/figure>\n<\/div>\n<\/div>\n<\/div><\/section>\n\n\n\n<h2 class=\"has-text-align-center has-couleur-2-color has-text-color\" id=\"gezinsvriendelijke-accommodatie-en-watersport\">Gezinsvriendelijke accommodatie en watersport<\/h2>\n\n\n\n<p>Op Camping Le Floride begrijpen we hoe belangrijk het is om een accommodatie te vinden die voldoet aan de behoeften van het hele gezin. Daarom bieden we een breed scala aan accommodaties, van <a href=\"https:\/\/floride.fr\/nl\/verhuur\/\">moderne stacaravans<\/a> tot ruime kampeerplaatsen <a href=\"https:\/\/floride.fr\/nl\/locaties\/\">voor tenten en caravans<\/a>. Elke accommodatie is ontworpen om optimaal comfort te bieden en heeft veilige buitenruimtes, perfect om je kinderen rustig te laten spelen.<\/p>\n\n\n\n<p>Onze stacaravans zijn volledig uitgerust met alles wat je nodig hebt voor een zorgeloze vakantie: volledig uitgeruste keukens, eigen badkamers en comfortabele slaapkamers voor het hele gezin. Je vindt er ook schaduwrijke terrassen waar je buiten kunt eten, terwijl je een oogje in het zeil houdt op je kinderen die in de buurt spelen. Ontdek voor een ongewoon verblijf onze comfortabele Hawa\u00efaanse far\u00e9s, waarvan sommige een priv\u00e9jacuzzi hebben waar je kunt ontspannen na een dag sightseeing of loungen.<\/p>\n\n\n\n<p>Een van de sterattracties van camping Le Floride is ongetwijfeld ons waterpark, speciaal ontworpen voor het plezier van jong en oud. Met zijn glijbanen, tegenstroomrivier en leuke pierenbad staat ons <a href=\"https:\/\/floride.fr\/nl\/water-park\/\">waterpark bij Perpignan<\/a> garant voor uren speelplezier voor het hele gezin. Terwijl de kinderen zich vermaken, kunnen de ouders ontspannen op de ligstoelen rond het zwembad of genieten van onze whirlpool. Deze veilige en vriendelijke omgeving maakt onze <strong>camping in Zuid-Frankrijk<\/strong> tot een waar paradijs voor gezinnen met kinderen.<\/p>\n\n\n\n<div style=\"height:1px\" aria-hidden=\"true\" class=\"wp-block-spacer\"><\/div>\n\n\n\n<section class=\"wp-container-69d0bd93c2d4a wp-block-group F-05-a\"><div class=\"wp-block-group__inner-container\">\n<div class=\"wp-block-columns are-vertically-aligned-center\">\n<div class=\"wp-block-column is-vertically-aligned-center\">\n<figure class=\"wp-block-gallery has-nested-images columns-4 is-cropped\">\n<figure class=\"wp-block-image size-large\"><img loading=\"lazy\" width=\"1024\" height=\"682\" src=\"https:\/\/floride.fr\/wp-content\/uploads\/2023\/05\/photo-piscine-site-web-2023-new-1-1024x682.jpg\" alt=\"\" class=\"wp-image-9681\" srcset=\"https:\/\/floride.fr\/wp-content\/uploads\/2023\/05\/photo-piscine-site-web-2023-new-1-1024x682.jpg 1024w, https:\/\/floride.fr\/wp-content\/uploads\/2023\/05\/photo-piscine-site-web-2023-new-1-300x200.jpg 300w, https:\/\/floride.fr\/wp-content\/uploads\/2023\/05\/photo-piscine-site-web-2023-new-1-768x512.jpg 768w, https:\/\/floride.fr\/wp-content\/uploads\/2023\/05\/photo-piscine-site-web-2023-new-1-1536x1023.jpg 1536w, https:\/\/floride.fr\/wp-content\/uploads\/2023\/05\/photo-piscine-site-web-2023-new-1-2048x1364.jpg 2048w\" sizes=\"(max-width: 1024px) 100vw, 1024px\" \/><\/figure>\n<\/figure>\n<\/div>\n\n\n\n<div class=\"wp-block-column is-vertically-aligned-center deco-feuille2\">\n<h2 class=\"has-couleur-4-color has-text-color\" id=\"visiter-perpignan-la-belle-catalane-1\">Kindvriendelijk kamperen in Zuid-Frankrijk<\/h2>\n\n\n\n<p>Bij Le Floride 5 \u00e9toiles doen we er alles aan om ervoor te zorgen dat uw verblijf synoniem is aan comfort en rust. Onze <strong>kindvriendelijke camping in Zuid-Frankrijk<\/strong> biedt een groot aantal diensten om aan de behoeften van gezinnen te voldoen en een stressvrije vakantie te garanderen. Om te beginnen biedt ons dynamische animatieteam dagelijks een breed scala aan <a href=\"https:\/\/floride.fr\/nl\/activiteiten-animaties\/\">activiteiten voor kinderen<\/a> van alle leeftijden, zoals kinderclubs, creatieve workshops, shows en thema-avonden.<br>Voor ouders hebben we aan alles gedacht om je verblijf gemakkelijker te maken. Op het terrein vind je een familierestaurant met kindvriendelijke menu&#8217;s, een goed gesorteerde minimarkt en fietsverhuur zodat je met het hele gezin de omgeving kunt verkennen. Bovendien kun je dankzij onze gratis Wi-Fi-verbinding contact houden met je geliefden of plaatselijke excursies plannen.<\/p>\n\n\n\n<p>Op het gebied van welzijn bieden we ook een ontspanningsruimte met sauna en massages, perfect om tot rust te komen na een drukke dag. Om uw veiligheid en die van uw kinderen te garanderen, staat onze camping 24 uur per dag onder toezicht en worden onze voorzieningen regelmatig onderhouden om aan de strengste veiligheidsnormen te voldoen.<br>Kiezen voor Le Floride voor uw vakantie betekent kiezen voor een <strong>kindvriendelijke camping in Zuid-Frankrijk<\/strong>, waar aan alles is gedacht om het geluk van uw kinderen en uw gemoedsrust als ouders te garanderen. De troeven van de camping, de gevarieerde accommodatie, het aantrekkelijke zwemparadijs, maar ook de diensten en voorzieningen garanderen u een kwaliteitsvakantie in een regio die rijk is aan toeristische activiteiten. Kom bij ons voor onvergetelijke momenten en maak van je volgende gezinsvakantie een onvergetelijke vakantie.<\/p>\n<\/div>\n<\/div>\n<\/div><\/section>\n\n\n\n<p><\/p>\n","protected":false},"excerpt":{"rendered":"<p>Kindvriendelijk kamperen in Zuid-Frankrijk Op zoek naar een onvergetelijke vakantie op een kindvriendelijke camping in Zuid-Frankrijk? Welkom op camping Le Floride, de perfecte keuze voor een vakantie aan de Middellandse Zee! Ontdek een paradijs voor gezinnen, waar ontspanning en activiteiten perfect samengaan. Ontdek de charmes van Zuid-Frankrijk Camping Le Floride ligt in het hart van [&hellip;]<\/p>\n","protected":false},"author":1,"featured_media":0,"parent":0,"menu_order":0,"comment_status":"closed","ping_status":"closed","template":"","meta":[],"acf":[],"_links":{"self":[{"href":"https:\/\/floride.fr\/nl\/wp-json\/wp\/v2\/pages\/13181"}],"collection":[{"href":"https:\/\/floride.fr\/nl\/wp-json\/wp\/v2\/pages"}],"about":[{"href":"https:\/\/floride.fr\/nl\/wp-json\/wp\/v2\/types\/page"}],"author":[{"embeddable":true,"href":"https:\/\/floride.fr\/nl\/wp-json\/wp\/v2\/users\/1"}],"replies":[{"embeddable":true,"href":"https:\/\/floride.fr\/nl\/wp-json\/wp\/v2\/comments?post=13181"}],"version-history":[{"count":6,"href":"https:\/\/floride.fr\/nl\/wp-json\/wp\/v2\/pages\/13181\/revisions"}],"predecessor-version":[{"id":13193,"href":"https:\/\/floride.fr\/nl\/wp-json\/wp\/v2\/pages\/13181\/revisions\/13193"}],"wp:attachment":[{"href":"https:\/\/floride.fr\/nl\/wp-json\/wp\/v2\/media?parent=13181"}],"curies":[{"name":"wp","href":"https:\/\/api.w.org\/{rel}","templated":true}]}}