{"id":2559,"date":"2022-04-21T15:50:59","date_gmt":"2022-04-21T13:50:59","guid":{"rendered":"https:\/\/floride.fr\/directe-toegang-tot-het-strand\/"},"modified":"2026-03-17T11:46:25","modified_gmt":"2026-03-17T10:46:25","slug":"directe-toegang-tot-het-strand","status":"publish","type":"page","link":"https:\/\/floride.fr\/nl\/directe-toegang-tot-het-strand\/","title":{"rendered":"Directe toegang tot het strand"},"content":{"rendered":"\n<figure class=\"wp-block-image alignfull size-full F-00-b\"><img loading=\"lazy\" width=\"1920\" height=\"1440\" src=\"https:\/\/floride.fr\/wp-content\/uploads\/2025\/11\/044_Camping_Occitanie_Le_Floride_et_l_Embouchure_Ciela_Village_Drone.webp\" alt=\"\" class=\"wp-image-15626\" srcset=\"https:\/\/floride.fr\/wp-content\/uploads\/2025\/11\/044_Camping_Occitanie_Le_Floride_et_l_Embouchure_Ciela_Village_Drone.webp 1920w, https:\/\/floride.fr\/wp-content\/uploads\/2025\/11\/044_Camping_Occitanie_Le_Floride_et_l_Embouchure_Ciela_Village_Drone-300x225.webp 300w, https:\/\/floride.fr\/wp-content\/uploads\/2025\/11\/044_Camping_Occitanie_Le_Floride_et_l_Embouchure_Ciela_Village_Drone-1024x768.webp 1024w, https:\/\/floride.fr\/wp-content\/uploads\/2025\/11\/044_Camping_Occitanie_Le_Floride_et_l_Embouchure_Ciela_Village_Drone-768x576.webp 768w, https:\/\/floride.fr\/wp-content\/uploads\/2025\/11\/044_Camping_Occitanie_Le_Floride_et_l_Embouchure_Ciela_Village_Drone-1536x1152.webp 1536w\" sizes=\"(max-width: 1920px) 100vw, 1920px\" \/><\/figure>\n\n<section class=\"wp-container-69d0feaabc89a wp-block-group F-10-a\"><div class=\"wp-block-group__inner-container\">\n<div class=\"wp-block-columns are-vertically-aligned-center\">\n<div class=\"wp-block-column is-vertically-aligned-center\">\n<h1 class=\"has-couleur-1-color has-text-color\" id=\"camping-avec-acces-direct-a-la-plage-de-barcares\">Camping in Barcar\u00e8s Plage met directe toegang tot de zee<\/h1>\n\n\n\n<p class=\"titre3 has-couleur-2-color has-text-color\">De Middellandse Zee op een steenworp afstand&#8230; Wat wil je nog meer?<\/p>\n\n\n\n<h2 class=\"has-couleur-4-color has-text-color\" id=\"barcares-plage-a-150-metres-a-pied-du-camping\">Barcar\u00e8s Plage op 150 meter lopen van de camping<\/h2>\n\n\n\n<p id=\"la-mer-mediterranee-a-deux-pas-que-demander-de-plus-150-metres-a-pied-et-vous-etes-au-bord-de-l-eau-sur-une-plage-de-sable-fin-calme-et-accueillante-ou-la-riviere-de-l-agly-rejoint-la-grande-bleue\">Wilt u genieten van de Pyrenee\u00ebnzon aan het water? In het 5-sterren Floride, onze camping in<a href=\"https:\/\/floride.fr\/nl\/\"> Barcar\u00e8s Plage,<\/a> kunt u zich geen betere plek wensen. Met een bevoorrechte ligging langs de rivier de Agly brengt de aangelegde promenade u naar het allereerste strand van Barcar\u00e8s, het Plage du Village sud. U hoeft slechts 150 meter te lopen om aan de waterkant te komen, op een rustig en uitnodigend zandstrand, waar de Agly uitmondt in de Middellandse Zee. Vanuit uw volledig uitgeruste <a href=\"https:\/\/floride.fr\/nl\/verhuur-van-stacaravans-oostelijke-pyreneeen\/\" data-type=\"page\" data-id=\"7896\">stacaravan <\/a>bent u ver verwijderd van de drukke stranden zoals het Grande Plage van Barcar\u00e8s of het strand van Lydia in de richting van <a href=\"https:\/\/floride.fr\/nl\/leucate\/\">Leucate<\/a>.<\/p>\n\n\n\n<p>Een priv\u00e9toegangspoort, exclusief voor kampeerders, opent de weg naar de zee en al haar geneugten. Als u <a href=\"https:\/\/floride.fr\/tourisme\/visite-le-barcares\/\" data-type=\"page\" data-id=\"12005\">Barcar\u00e8s Plage<\/a> bezoekt, kunt u niet weerstaan aan de verleiding om te zonnen, te zwemmen of lekker te luieren. Dit bewaakte strand is ook toegankelijk voor mensen met beperkte mobiliteit en is een onmisbare plek om te zeilen.<br\/>Toegankelijk via de zone Embouchure van de camping.<\/p>\n<\/div>\n\n\n\n<div class=\"wp-block-column is-vertically-aligned-center\">\n<figure class=\"wp-block-gallery has-nested-images columns-5 is-cropped deco-masque4 deco-rectangle2\">\n<figure class=\"wp-block-image size-large\"><img loading=\"lazy\" width=\"1024\" height=\"682\" src=\"https:\/\/floride.fr\/wp-content\/uploads\/2025\/11\/254_Camping_Occitanie_Le_Floride_et_l_Embouchure_Ciela_Village_Plage-1024x682.webp\" alt=\"\" class=\"wp-image-15872\" srcset=\"https:\/\/floride.fr\/wp-content\/uploads\/2025\/11\/254_Camping_Occitanie_Le_Floride_et_l_Embouchure_Ciela_Village_Plage-1024x682.webp 1024w, https:\/\/floride.fr\/wp-content\/uploads\/2025\/11\/254_Camping_Occitanie_Le_Floride_et_l_Embouchure_Ciela_Village_Plage-300x200.webp 300w, https:\/\/floride.fr\/wp-content\/uploads\/2025\/11\/254_Camping_Occitanie_Le_Floride_et_l_Embouchure_Ciela_Village_Plage-768x512.webp 768w, https:\/\/floride.fr\/wp-content\/uploads\/2025\/11\/254_Camping_Occitanie_Le_Floride_et_l_Embouchure_Ciela_Village_Plage.webp 1280w\" sizes=\"(max-width: 1024px) 100vw, 1024px\" \/><\/figure>\n\n\n\n<figure class=\"wp-block-image size-large\"><img loading=\"lazy\" width=\"1024\" height=\"682\" src=\"https:\/\/floride.fr\/wp-content\/uploads\/2025\/11\/256_Camping_Occitanie_Le_Floride_et_l_Embouchure_Ciela_Village_Plage-1024x682.webp\" alt=\"\" class=\"wp-image-15877\" srcset=\"https:\/\/floride.fr\/wp-content\/uploads\/2025\/11\/256_Camping_Occitanie_Le_Floride_et_l_Embouchure_Ciela_Village_Plage-1024x682.webp 1024w, https:\/\/floride.fr\/wp-content\/uploads\/2025\/11\/256_Camping_Occitanie_Le_Floride_et_l_Embouchure_Ciela_Village_Plage-300x200.webp 300w, https:\/\/floride.fr\/wp-content\/uploads\/2025\/11\/256_Camping_Occitanie_Le_Floride_et_l_Embouchure_Ciela_Village_Plage-768x512.webp 768w, https:\/\/floride.fr\/wp-content\/uploads\/2025\/11\/256_Camping_Occitanie_Le_Floride_et_l_Embouchure_Ciela_Village_Plage.webp 1280w\" sizes=\"(max-width: 1024px) 100vw, 1024px\" \/><\/figure>\n<\/figure>\n<\/div>\n<\/div>\n<\/div><\/section>\n\n<section class=\"wp-container-69d0feaabcd27 wp-block-group F-05-a\"><div class=\"wp-block-group__inner-container\">\n<div class=\"wp-block-columns are-vertically-aligned-center\">\n<div class=\"wp-block-column is-vertically-aligned-center\">\n<figure class=\"wp-block-gallery has-nested-images columns-4 is-cropped\">\n<figure class=\"wp-block-image size-large\"><img loading=\"lazy\" width=\"1024\" height=\"682\" src=\"https:\/\/floride.fr\/wp-content\/uploads\/2025\/11\/251_Camping_Occitanie_Le_Floride_et_l_Embouchure_Ciela_Village_Plage-1024x682.webp\" alt=\"\" class=\"wp-image-15882\" srcset=\"https:\/\/floride.fr\/wp-content\/uploads\/2025\/11\/251_Camping_Occitanie_Le_Floride_et_l_Embouchure_Ciela_Village_Plage-1024x682.webp 1024w, https:\/\/floride.fr\/wp-content\/uploads\/2025\/11\/251_Camping_Occitanie_Le_Floride_et_l_Embouchure_Ciela_Village_Plage-300x200.webp 300w, https:\/\/floride.fr\/wp-content\/uploads\/2025\/11\/251_Camping_Occitanie_Le_Floride_et_l_Embouchure_Ciela_Village_Plage-768x512.webp 768w, https:\/\/floride.fr\/wp-content\/uploads\/2025\/11\/251_Camping_Occitanie_Le_Floride_et_l_Embouchure_Ciela_Village_Plage.webp 1280w\" sizes=\"(max-width: 1024px) 100vw, 1024px\" \/><\/figure>\n<\/figure>\n<\/div>\n\n\n\n<div class=\"wp-block-column is-vertically-aligned-center deco-feuille2\">\n<h2 class=\"has-couleur-1-color has-text-color\" id=\"camping-avec-acces-direct-a-la-plage-de-barcares\">Wandeling langs de kust van Barcar\u00e8s Plage<\/h2>\n\n\n\n<p>Met acht kilometer strand aan de kust kunt u vanaf onze camping in <a href=\"https:\/\/floride.fr\/tourisme\/plages-port-barcares\/\" data-type=\"page\" data-id=\"11809\">Barcar\u00e8s Plage<\/a> heerlijk wandelen langs de prachtige Catalaanse kust. Er zijn acht fijne zandstranden met verschillende sferen, ideaal voor afwisselend plezier. De stranden van Barcar\u00e8s strekken zich uit vanaf de monding van de Agly, de natuurlijke grens tussen Torreilles en Barcar\u00e8s, tot aan het eerste deel van het meer van Salses Leucate in oostelijke richting. De belangrijkste stranden van Barcar\u00e8s zijn (van west naar oost).    <\/p>\n\n\n\n<ul><li>Het strand van het dorp<\/li><li>Het strand van de havenstad<\/li><li>Het strand van Port Saint Ange<\/li><li>Het strand van Miramars<\/li><li>Het grote strand<\/li><li>Het strand van Lydia<\/li><li>Het strand van Argonaute<\/li><\/ul>\n\n\n\n<p><a href=\"https:\/\/floride.fr\/nl\/omgeving\/\">Om de wonderen rond Barcar\u00e8s Plage <\/a>te ontdekken, raden wij u aan om langs de kust te fietsen (fietsverhuur en betaling bij de receptie of via de Lokky-app). Begin aan de oevers van de Agly en fiets verder naar Port Leucate en het ongerepte meer van Salses. Het duurt ongeveer twintig minuten om langs de stranden te fietsen vanaf de aangelegde groene route. Voor een verkwikkende wandeling met uw voeten in het water kunt u de tijd nemen om te wandelen en te genieten van de rustige golven van de Middellandse Zee.   <\/p>\n<\/div>\n<\/div>\n\n\n\n<h2 class=\"has-couleur-1-color has-text-color\" id=\"en-balade-a-barcares-plage-choisissez-l-atmosphere-qui-vous-convient\">Kies tijdens uw wandeling in Barcar\u00e8s Plage de sfeer die bij u past!<\/h2>\n\n\n\n<p>Aan de rivierzijde, direct toegankelijk vanaf onze camping in <g id=\"gid_4\">Barcar\u00e8s <\/g>Plage, vindt u groene zones met een grote natuurlijke rijkdom. De eerste stranden vanaf de Agly zijn het meest gezinsvriendelijk en veilig, ideaal voor kinderen. Op de stranden van het centrale en zuidelijke deel van het dorp kan het hele gezin terecht bij de kinderclub en de opblaasbare attracties. Het strand is ook geschikt voor mensen met een beperkte mobiliteit, dankzij de speciale voorzieningen! Tussen de natuurlijke omgeving en artistieke ontdekkingen is de wijk van het grote strand de plek bij uitstek in Port Barcar\u00e8s om te wandelen. Naast zijn indrukwekkende hoogte van 10 meter is het passagiersschip Lydia, samen met de All\u00e9e des Arts, een belangrijke culturele bezienswaardigheid in Barcar\u00e8s. Deze twee openluchtmusea tonen respectievelijk de maritieme geschiedenis van de gemeente en hedendaagse sculpturen.      <\/p>\n\n\n\n<p>Wat watersporten betreft, kunt u op elk strand terecht, hoewel de haven van Barcar\u00e8s dankzij het ruime aanbod aan watersportclubs het populairst blijft. Onze camping in de buurt van Perpignan met waterpark zal u ook bekoren met zijn zwembaden, jacuzzi&#8217;s en glijbanen. &#8217;s Avonds kunt u zich vermaken in de vele strandclubs of eten in een van de restaurants aan de kust. Tot slot is het meer van Salses een magische plek voor alle liefhebbers van authenticiteit: vissersdorp, wandeling tussen dennenbossen en duinen, ontdekkingspad langs de fauna en flora&#8230; Uw volgende vakantie op de camping in <a href=\"https:\/\/floride.fr\/nl\/water-park\/\">Barcar\u00e8s <\/a>Plage belooft een drukke te worden!   <\/p>\n<\/div><\/section>\n\n<section class=\"wp-container-69d0feaabd0f6 wp-block-group F-15-a vague-top ligne1-top has-bg-1-background-color has-background\"><div class=\"wp-block-group__inner-container\">\n<h2 class=\"titre1 has-couleur-1-color has-text-color\" id=\"profitez-de-vraies-vacances-en-camping-a-barcares-plage\">Geniet van een echte kampeervakantie in Barcar\u00e8s Plage<\/h2>\n\n\n\n<div class=\"wp-block-media-text has-media-on-the-right is-stacked-on-mobile\"><figure class=\"wp-block-media-text__media\"><img loading=\"lazy\" width=\"1024\" height=\"415\" src=\"https:\/\/floride.fr\/wp-content\/uploads\/2022\/03\/Lydia-Grande-RoueBass-1024x415.jpg\" alt=\"\" class=\"wp-image-1633 size-full\" srcset=\"https:\/\/floride.fr\/wp-content\/uploads\/2022\/03\/Lydia-Grande-RoueBass-1024x415.jpg 1024w, https:\/\/floride.fr\/wp-content\/uploads\/2022\/03\/Lydia-Grande-RoueBass-300x122.jpg 300w, https:\/\/floride.fr\/wp-content\/uploads\/2022\/03\/Lydia-Grande-RoueBass-768x311.jpg 768w, https:\/\/floride.fr\/wp-content\/uploads\/2022\/03\/Lydia-Grande-RoueBass-1536x623.jpg 1536w, https:\/\/floride.fr\/wp-content\/uploads\/2022\/03\/Lydia-Grande-RoueBass.jpg 1800w\" sizes=\"(max-width: 1024px) 100vw, 1024px\" \/><\/figure><div class=\"wp-block-media-text__content\">\n<div class=\"wp-block-media-text has-media-on-the-right is-stacked-on-mobile is-image-fill deco-coco\"><figure class=\"wp-block-media-text__media\" style=\"background-image:url(https:\/\/floride.fr\/wp-content\/uploads\/2025\/11\/259_Camping_Occitanie_Le_Floride_et_l_Embouchure_Ciela_Village_Embouchure-1024x682.webp);background-position:50% 50%\"><img loading=\"lazy\" width=\"1024\" height=\"682\" src=\"https:\/\/floride.fr\/wp-content\/uploads\/2025\/11\/259_Camping_Occitanie_Le_Floride_et_l_Embouchure_Ciela_Village_Embouchure-1024x682.webp\" alt=\"\" class=\"wp-image-15887 size-full\" srcset=\"https:\/\/floride.fr\/wp-content\/uploads\/2025\/11\/259_Camping_Occitanie_Le_Floride_et_l_Embouchure_Ciela_Village_Embouchure-1024x682.webp 1024w, https:\/\/floride.fr\/wp-content\/uploads\/2025\/11\/259_Camping_Occitanie_Le_Floride_et_l_Embouchure_Ciela_Village_Embouchure-300x200.webp 300w, https:\/\/floride.fr\/wp-content\/uploads\/2025\/11\/259_Camping_Occitanie_Le_Floride_et_l_Embouchure_Ciela_Village_Embouchure-768x511.webp 768w, https:\/\/floride.fr\/wp-content\/uploads\/2025\/11\/259_Camping_Occitanie_Le_Floride_et_l_Embouchure_Ciela_Village_Embouchure.webp 1280w\" sizes=\"(max-width: 1024px) 100vw, 1024px\" \/><\/figure><div class=\"wp-block-media-text__content\">\n<blockquote class=\"wp-block-quote\"><p>&#8220;Een groot pluspunt: zodra je de camping verlaat, ben je zo in het water, de kinderen vonden het geweldig! En het strand is mooi, schoon, rustig en niet overvol.<\/p><cite>Sol\u00e8ne, die in juli kwam<\/cite><\/blockquote>\n<\/div><\/div>\n\n\n\n<h3 class=\"has-couleur-4-color has-text-color\" id=\"toutes-les-joies-du-camping-en-languedoc-roussillon-avec-acces-direct-a-barcares-plage\">Alle geneugten van kamperen in Languedoc Roussillon met directe toegang tot het strand<\/h3>\n\n\n\n<p>Op de 5-sterrencamping Le Floride in Barcar\u00e8s Plage kunt u genieten van alles wat het zuiden van de Languedoc te bieden heeft. Stelt u zich een verblijf in <strong>deze Catalaanse badplaats voor<\/strong>: <strong>uitzicht op de bergen van Alb\u00e8res<\/strong>, het dorp <a href=\"https:\/\/floride.fr\/nl\/barcares\/\">Port Barcar\u00e8s<\/a> en de rivier de Agly. Via het fietspad op de 14 km lange groene weg kunt u naar <strong>Rivesaltes<\/strong> in het binnenland. Het water is altijd dichtbij, wissel tussen stranden en het achterland. <\/p>\n\n\n\n<p>Barcar\u00e8s en zijn 8 km lange kustlijn met fijne zandstranden, betovert met zijn zandige kust, zijn kunstwerken en zijn levensgrote animaties zoals Les <a href=\"http:\/\/festival-lesdeferlantes.com\">D\u00e9ferlantes<\/a>. Ontdek bijvoorbeeld het gestrande passagiersschip op het strand van Lydia, waar talrijke tentoonstellingen worden gehouden en dat de eclectische identiteit van Barcar\u00e8s ten opzichte van de naburige gemeenten aan de kust van de Languedoc benadrukt. Uw verblijf op onze camping in Barcar\u00e8s Plage staat garant voor een keur aan activiteiten en landschappen. <\/p>\n\n\n\n<p>De directe toegang tot het strand van Barcar\u00e8s garandeert u een uitstekende locatie voor uw verblijf in de Languedoc-Roussillon. De horizon ligt voor u open&#8230; Geniet van een echte vakantie met uw voeten in het zand, aan zee, op een camping in de buurt van <a href=\"https:\/\/floride.fr\/nl\/perpignan\/\">Perpignan<\/a>, in het noorden van de Pyr\u00e9n\u00e9es-Orientales. <\/p>\n<\/div><\/div>\n\n\n\n<div style=\"height:100px\" aria-hidden=\"true\" class=\"wp-block-spacer\"><\/div>\n<\/div><\/section>\n","protected":false},"excerpt":{"rendered":"<p>Camping in Barcar\u00e8s Plage met directe toegang tot de zee De Middellandse Zee op een steenworp afstand&#8230; Wat wil je nog meer? Barcar\u00e8s Plage op 150 meter lopen van de camping Wilt u genieten van de Pyrenee\u00ebnzon aan het water? In het 5-sterren Floride, onze camping in Barcar\u00e8s Plage, kunt u zich geen betere plek [&hellip;]<\/p>\n","protected":false},"author":1,"featured_media":0,"parent":0,"menu_order":0,"comment_status":"closed","ping_status":"closed","template":"","meta":[],"acf":[],"_links":{"self":[{"href":"https:\/\/floride.fr\/nl\/wp-json\/wp\/v2\/pages\/2559"}],"collection":[{"href":"https:\/\/floride.fr\/nl\/wp-json\/wp\/v2\/pages"}],"about":[{"href":"https:\/\/floride.fr\/nl\/wp-json\/wp\/v2\/types\/page"}],"author":[{"embeddable":true,"href":"https:\/\/floride.fr\/nl\/wp-json\/wp\/v2\/users\/1"}],"replies":[{"embeddable":true,"href":"https:\/\/floride.fr\/nl\/wp-json\/wp\/v2\/comments?post=2559"}],"version-history":[{"count":6,"href":"https:\/\/floride.fr\/nl\/wp-json\/wp\/v2\/pages\/2559\/revisions"}],"predecessor-version":[{"id":16270,"href":"https:\/\/floride.fr\/nl\/wp-json\/wp\/v2\/pages\/2559\/revisions\/16270"}],"wp:attachment":[{"href":"https:\/\/floride.fr\/nl\/wp-json\/wp\/v2\/media?parent=2559"}],"curies":[{"name":"wp","href":"https:\/\/api.w.org\/{rel}","templated":true}]}}