{"id":2575,"date":"2022-04-21T15:55:23","date_gmt":"2022-04-21T13:55:23","guid":{"rendered":"https:\/\/floride.fr\/contact-en-toegang\/"},"modified":"2026-03-17T14:11:32","modified_gmt":"2026-03-17T13:11:32","slug":"contact-en-toegang","status":"publish","type":"page","link":"https:\/\/floride.fr\/nl\/contact-en-toegang\/","title":{"rendered":"Contact en toegang"},"content":{"rendered":"\n<figure class=\"wp-block-image alignfull size-full F-00-a\"><img loading=\"lazy\" width=\"1920\" height=\"1439\" src=\"https:\/\/floride.fr\/wp-content\/uploads\/2025\/11\/003_Camping_Occitanie_Le_Floride_et_l_Embouchure_Ciela_Village_Drone.webp\" alt=\"\" class=\"wp-image-16005\" srcset=\"https:\/\/floride.fr\/wp-content\/uploads\/2025\/11\/003_Camping_Occitanie_Le_Floride_et_l_Embouchure_Ciela_Village_Drone.webp 1920w, https:\/\/floride.fr\/wp-content\/uploads\/2025\/11\/003_Camping_Occitanie_Le_Floride_et_l_Embouchure_Ciela_Village_Drone-300x225.webp 300w, https:\/\/floride.fr\/wp-content\/uploads\/2025\/11\/003_Camping_Occitanie_Le_Floride_et_l_Embouchure_Ciela_Village_Drone-1024x767.webp 1024w, https:\/\/floride.fr\/wp-content\/uploads\/2025\/11\/003_Camping_Occitanie_Le_Floride_et_l_Embouchure_Ciela_Village_Drone-768x576.webp 768w, https:\/\/floride.fr\/wp-content\/uploads\/2025\/11\/003_Camping_Occitanie_Le_Floride_et_l_Embouchure_Ciela_Village_Drone-1536x1151.webp 1536w\" sizes=\"(max-width: 1920px) 100vw, 1920px\" \/><\/figure>\n\n<section class=\"wp-container-69e7a35a3a0a6 wp-block-group\"><div class=\"wp-block-group__inner-container\">\n<h1 class=\"has-text-align-center titre1 has-couleur-1-color has-text-color\" id=\"contact-acces\"><strong>Contact en <\/strong> toegang<\/h1>\n\n\n\n<div class=\"wp-container-69e7a35a39cd2 wp-block-group pictos small\">\n<div class=\"wp-container-69e7a35a393e3 wp-block-group\"><div class=\"wp-block-group__inner-container\"><i class=\"fal fa-phone-alt\"><\/i>\n\n\n<a itemprop=\"telephone\" href=\"tel:+33468861175\">04 68 86 11 75<\/a>\n<\/div><\/div>\n\n\n\n<div class=\"wp-container-69e7a35a39718 wp-block-group\"><div class=\"wp-block-group__inner-container\"><i class=\"fal fa-map-marker-alt\"><\/i>\n\n\n<span class=\"wrp_adresse\"><span itemprop=\"address\">Route de St Laurent - 66420 Le Barcar\u00e8s<br \/>\r\nPyr\u00e9n\u00e9es orientales | Languedoc-Roussillon<\/span><\/span>\n<\/div><\/div>\n\n\n\n<div class=\"wp-container-69e7a35a39a2b wp-block-group\"><div class=\"wp-block-group__inner-container\"><i class=\"fal fa-envelope\"><\/i>\n\n\n<a itemprop=\"email\" href=\"mailto:lefloride@cielavillage.com\">lefloride@cielavillage.com<\/a>\n<\/div><\/div>\n<\/div>\n\n\n\n<h2 class=\"has-text-align-center has-couleur-1-color has-text-color\" id=\"demande-d-informations\">Offerte aanvragen<\/h2>\n\n\n\n<p class=\"has-text-align-center\">Voor meer informatie of vragen over het reserveren van een accommodatie of staanplaats, vul dan de volgende velden in:<\/p>\n\n\n\t<div class='ctv-form'>\r\n\t\t<script type=\"text\/javascript\">\r\n\t\tvar customOptions = {\r\n\t\t\tIdentity:{\r\n\t\t\t\tCompanyId: '14',\r\n\t\t\t\tEstablishmentIds: '5382',\r\n\t\t\t\tLanguage: 'fr',\r\n\t\t\t\tPolice: 'Open Sans',\r\n\t\t\t\tShowHeader: 'false',\r\n\t\t\t\tHeaderColor: 'e8e8e8',\r\n\t\t\t\tTextColor: '585852',\r\n\t\t\t\tBackgroundColor: 'e8e8e8',\r\n\t\t\t\tPoliceColor: '585852',\r\n\t\t\t\tButtonColor: '585852',\r\n\t\t\t\tHoverColor: 'ffffff'\r\n\t\t\t}\r\n\t\t};\r\n\t\t!function(){var e=new window.CTV.Widget('CRM', 'Estimate', customOptions);\r\n\t\tdocument.write(e.Write()),window.CTV.WidgetsCollection.push(e), e.Send()}();\r\n\t\t<\/script>\r\n\t<\/div>\r\n\t\n<\/div><\/section>\n\n<section class=\"wp-container-69e7a35a3a455 wp-block-group F-15-a\"><div class=\"wp-block-group__inner-container\">\n<div class=\"wp-block-media-text is-stacked-on-mobile is-image-fill\"><figure class=\"wp-block-media-text__media\" style=\"background-image:url(https:\/\/floride.fr\/wp-content\/uploads\/2022\/03\/A7R4627-1024x683.jpg);background-position:50% 50%\"><img loading=\"lazy\" width=\"1024\" height=\"683\" src=\"https:\/\/floride.fr\/wp-content\/uploads\/2022\/03\/A7R4627-1024x683.jpg\" alt=\"\" class=\"wp-image-1665 size-full\" srcset=\"https:\/\/floride.fr\/wp-content\/uploads\/2022\/03\/A7R4627-1024x683.jpg 1024w, https:\/\/floride.fr\/wp-content\/uploads\/2022\/03\/A7R4627-300x200.jpg 300w, https:\/\/floride.fr\/wp-content\/uploads\/2022\/03\/A7R4627-768x512.jpg 768w, https:\/\/floride.fr\/wp-content\/uploads\/2022\/03\/A7R4627-1536x1024.jpg 1536w, https:\/\/floride.fr\/wp-content\/uploads\/2022\/03\/A7R4627.jpg 2048w\" sizes=\"(max-width: 1024px) 100vw, 1024px\" \/><\/figure><div class=\"wp-block-media-text__content\">\n<div class=\"wp-block-media-text is-stacked-on-mobile is-image-fill deco-coco\"><figure class=\"wp-block-media-text__media\" style=\"background-image:url(https:\/\/floride.fr\/wp-content\/uploads\/2022\/03\/\u00a9LeFloride-150-1024x682-1.jpg);background-position:50% 50%\"><img loading=\"lazy\" width=\"1024\" height=\"682\" src=\"https:\/\/floride.fr\/wp-content\/uploads\/2022\/03\/\u00a9LeFloride-150-1024x682-1.jpg\" alt=\"\" class=\"wp-image-897 size-full\" srcset=\"https:\/\/floride.fr\/wp-content\/uploads\/2022\/03\/\u00a9LeFloride-150-1024x682-1.jpg 1024w, https:\/\/floride.fr\/wp-content\/uploads\/2022\/03\/\u00a9LeFloride-150-1024x682-1-300x200.jpg 300w, https:\/\/floride.fr\/wp-content\/uploads\/2022\/03\/\u00a9LeFloride-150-1024x682-1-768x512.jpg 768w\" sizes=\"(max-width: 1024px) 100vw, 1024px\" \/><\/figure><div class=\"wp-block-media-text__content\">\n<blockquote class=\"wp-block-quote\"><p>&#8220;Een top team, zeer responsief. Een zeer goed welkom. Nogmaals bedankt.<\/p><cite>Saly, komt in september<\/cite><\/blockquote>\n<\/div><\/div>\n\n\n\n<p>De receptie van camping Le Floride is van 3 april tot en met 27 september 2026 dagelijks geopend van 9.00 tot 20.00 uur, en blijft open tot de sluiting van de camping op 1 november 2026.<\/p>\n\n\n\n<p>De kantoren zijn ook geopend van 9.00 tot 17.00 uur, van maandag tot en met vrijdag, tijdens de maanden dat de camping gesloten is.<\/p>\n\n\n\n<p><em>Geef ons uw klantnummer als u belt.<\/em><\/p>\n\n\n\n<p>Zodra u aankomt, heet ons team u van harte welkom op Camping Le Floride in Barcar\u00e8s en staat het voor u klaar om ervoor te zorgen dat u een zorgeloze vakantie kunt doorbrengen.<\/p>\n<\/div><\/div>\n<\/div><\/section>\n\n<section class=\"wp-container-69e7a35a3a8c9 wp-block-group F-05-a  vague-top ligne1-top has-bg-1-background-color has-background\"><div class=\"wp-block-group__inner-container\">\n<div class=\"wp-block-columns are-vertically-aligned-center\">\n<div class=\"wp-block-column is-vertically-aligned-center\">\n<figure class=\"wp-block-gallery has-nested-images columns-2 is-cropped deco-fleur1\">\n<figure class=\"wp-block-image size-full\"><img loading=\"lazy\" width=\"1800\" height=\"730\" src=\"https:\/\/floride.fr\/wp-content\/uploads\/2022\/03\/Lydia-Grande-RoueBass.jpg\" alt=\"\" class=\"wp-image-1633\" srcset=\"https:\/\/floride.fr\/wp-content\/uploads\/2022\/03\/Lydia-Grande-RoueBass.jpg 1800w, https:\/\/floride.fr\/wp-content\/uploads\/2022\/03\/Lydia-Grande-RoueBass-300x122.jpg 300w, https:\/\/floride.fr\/wp-content\/uploads\/2022\/03\/Lydia-Grande-RoueBass-1024x415.jpg 1024w, https:\/\/floride.fr\/wp-content\/uploads\/2022\/03\/Lydia-Grande-RoueBass-768x311.jpg 768w, https:\/\/floride.fr\/wp-content\/uploads\/2022\/03\/Lydia-Grande-RoueBass-1536x623.jpg 1536w\" sizes=\"(max-width: 1800px) 100vw, 1800px\" \/><\/figure>\n\n\n\n<figure class=\"wp-block-image size-full\"><img loading=\"lazy\" width=\"1800\" height=\"730\" src=\"https:\/\/floride.fr\/wp-content\/uploads\/2022\/03\/cadaq.jpg\" alt=\"\" class=\"wp-image-1628\" srcset=\"https:\/\/floride.fr\/wp-content\/uploads\/2022\/03\/cadaq.jpg 1800w, https:\/\/floride.fr\/wp-content\/uploads\/2022\/03\/cadaq-300x122.jpg 300w, https:\/\/floride.fr\/wp-content\/uploads\/2022\/03\/cadaq-1024x415.jpg 1024w, https:\/\/floride.fr\/wp-content\/uploads\/2022\/03\/cadaq-768x311.jpg 768w, https:\/\/floride.fr\/wp-content\/uploads\/2022\/03\/cadaq-1536x623.jpg 1536w\" sizes=\"(max-width: 1800px) 100vw, 1800px\" \/><\/figure>\n<\/figure>\n<\/div>\n\n\n\n<div class=\"wp-block-column is-vertically-aligned-center deco-feuille1\">\n<h2 class=\"has-couleur-2-color has-text-color\" id=\"un-ensoleillement-optimal-en-mediterranee\">Optimale zonneschijn aan de Middellandse Zee<\/h2>\n\n\n\n<ul><li>15 km van Perpignan<\/li><li>50 km van Le Perthus (Spaanse grens)<\/li><li>110 km van Font Romeu, de berg<\/li><li>160 km van Andorra<\/li><\/ul>\n\n\n\n<h2 class=\"brush has-couleur-4-color has-text-color\" id=\"un-acces-facile\">Gemakkelijke toegang:<\/h2>\n\n\n\n<p>Snelweg A9 \u2013 Afrit 41: richting Canet en Roussillon, Le Barcar\u00e8s.<br\/>Rijd verder op de D83 richting Le Barcar\u00e8s.<br\/>Neem afrit nr. 9 richting Canet en Roussillon. Eerste afslag Le Barcares, dan links op de rotonde. De camping ligt 800m aan uw linkerhand.<\/p>\n\n\n\n<p>Perpignan SNCF station, daarna buslijn 10. (45 minuten tot aan de camping)<br\/>TER-station Leucate La Franqui en vervolgens taxi<br\/>Luchthaven Perpignan-Rivesaltes<br\/>Snelweg A9<\/p>\n\n\n\n<h4 class=\"brush has-couleur-4-color has-text-color\" id=\"a-velo\">Met de fiets:<\/h4>\n\n\n\n<p>Bereikbaar via de Voie verte de l&#8217;Agly (14 km van Rivesaltes naar Barcar\u00e8s) of de V\u00e9litoralle (van St-Cyprien naar Barcar\u00e8s). Fietsfaciliteiten, verhuur van fietsen en accessoires ter plaatse.<\/p>\n\n\n\n<p><a href=\"http:\/\/www.lamediterraneeavelo.org\/fileadmin\/user_upload\/eurovelo8\/Comites-techniques\/Promotion-Communication\/Plaquette_presentation\/Plaquette_LaMav_2017.pdf\" target=\"_blank\" rel=\"noreferrer noopener\">Raadpleeg hier het Eurov\u00e9lo-routeboek van de Pyr\u00e9n\u00e9es-Orientales<\/a><\/p>\n<\/div>\n<\/div>\n<\/div><\/section>\n","protected":false},"excerpt":{"rendered":"<p>Contact en toegang Offerte aanvragen Voor meer informatie of vragen over het reserveren van een accommodatie of staanplaats, vul dan de volgende velden in: &#8220;Een top team, zeer responsief. Een zeer goed welkom. Nogmaals bedankt. Saly, komt in september De receptie van camping Le Floride is van 3 april tot en met 27 september 2026 [&hellip;]<\/p>\n","protected":false},"author":1,"featured_media":0,"parent":0,"menu_order":0,"comment_status":"closed","ping_status":"closed","template":"","meta":[],"acf":[],"_links":{"self":[{"href":"https:\/\/floride.fr\/nl\/wp-json\/wp\/v2\/pages\/2575"}],"collection":[{"href":"https:\/\/floride.fr\/nl\/wp-json\/wp\/v2\/pages"}],"about":[{"href":"https:\/\/floride.fr\/nl\/wp-json\/wp\/v2\/types\/page"}],"author":[{"embeddable":true,"href":"https:\/\/floride.fr\/nl\/wp-json\/wp\/v2\/users\/1"}],"replies":[{"embeddable":true,"href":"https:\/\/floride.fr\/nl\/wp-json\/wp\/v2\/comments?post=2575"}],"version-history":[{"count":6,"href":"https:\/\/floride.fr\/nl\/wp-json\/wp\/v2\/pages\/2575\/revisions"}],"predecessor-version":[{"id":16315,"href":"https:\/\/floride.fr\/nl\/wp-json\/wp\/v2\/pages\/2575\/revisions\/16315"}],"wp:attachment":[{"href":"https:\/\/floride.fr\/nl\/wp-json\/wp\/v2\/media?parent=2575"}],"curies":[{"name":"wp","href":"https:\/\/api.w.org\/{rel}","templated":true}]}}