{"id":2654,"date":"2022-04-21T16:12:33","date_gmt":"2022-04-21T14:12:33","guid":{"rendered":"https:\/\/floride.fr\/feesten-en-partijen\/"},"modified":"2026-03-17T14:24:37","modified_gmt":"2026-03-17T13:24:37","slug":"feesten-en-partijen","status":"publish","type":"page","link":"https:\/\/floride.fr\/nl\/feesten-en-partijen\/","title":{"rendered":"Feesten en Partijen"},"content":{"rendered":"\n<figure class=\"wp-block-image alignfull size-full F-00-b\"><img loading=\"lazy\" width=\"1800\" height=\"730\" src=\"https:\/\/floride.fr\/wp-content\/uploads\/2022\/03\/electrobeach-port-barcares.png\" alt=\"\" class=\"wp-image-1718\" srcset=\"https:\/\/floride.fr\/wp-content\/uploads\/2022\/03\/electrobeach-port-barcares.png 1800w, https:\/\/floride.fr\/wp-content\/uploads\/2022\/03\/electrobeach-port-barcares-300x122.png 300w, https:\/\/floride.fr\/wp-content\/uploads\/2022\/03\/electrobeach-port-barcares-1024x415.png 1024w, https:\/\/floride.fr\/wp-content\/uploads\/2022\/03\/electrobeach-port-barcares-768x311.png 768w, https:\/\/floride.fr\/wp-content\/uploads\/2022\/03\/electrobeach-port-barcares-1536x623.png 1536w\" sizes=\"(max-width: 1800px) 100vw, 1800px\" \/><\/figure>\n\n<section class=\"wp-container-69d1135a155a9 wp-block-group F-05-a\"><div class=\"wp-block-group__inner-container\">\n<div class=\"wp-block-columns are-vertically-aligned-center\">\n<div class=\"wp-block-column is-vertically-aligned-center deco-feuille3\">\n<h1 class=\"has-couleur-1-color has-text-color\" id=\"electrobeach-ete-66-le-plein-de-fetes-au-barcares\">Electrobeach, zomer &#8217;66&#8230; <strong>Een heleboel feestjes<\/strong> in Le Barcar\u00e8s<\/h1>\n\n\n\n<p>Camping Le Floride, in het hart van Le Barcar\u00e8s, is de ideale uitvalsbasis om deel te nemen aan de grote festivals en evenementen die elk jaar plaatsvinden, zoals het niet te missen festival Les D\u00e9ferlantes op het terrein van Lydia, de vele evenementen en concerten op het dorpsplein en de kermis op een steenworp afstand van de camping.<\/p>\n\n\n\n<div class=\"wp-container-69d1135a151ed wp-block-group pictos columns-3\">\n<div class=\"wp-container-69d1135a14833 wp-block-group\"><div class=\"wp-block-group__inner-container\"><i class=\"fal fa-water\"><\/i>\n\n\n\n<p>Sporters ?<\/p>\n\n\n\n<p>Bewonder de kitesurfers op de Mondial du Vent in Leucate, een internationaal erkend evenement.<\/p>\n<\/div><\/div>\n\n\n\n<div class=\"wp-container-69d1135a14be3 wp-block-group\"><div class=\"wp-block-group__inner-container\"><i class=\"fal fa-music\"><\/i>\n\n\n\n<p>Muziekliefhebbers?<\/p>\n\n\n\n<p>Aan festivals geen gebrek in de Pyr\u00e9n\u00e9es-Orientales: het gigantische festival &#8220;Les D\u00e9ferlantes&#8221; in de Lydia in Le Barcar\u00e8s, Voix de Femmes in Maury, Et\u00e9 66 in het Palais des Rois de Majorque in Perpignan, Jazz\u00e8bre&#8230;<\/p>\n<\/div><\/div>\n\n\n\n<div class=\"wp-container-69d1135a14f3d wp-block-group\"><div class=\"wp-block-group__inner-container\"><i class=\"fal fa-fish\"><\/i>\n\n\n\n<p>Zee &amp; Vissen<\/p>\n\n\n\n<p>En niet te vergeten de traditionele evenementen die elk jaar in de Roussillon plaatsvinden: het F\u00eate de la Mer et des P\u00eacheurs in Barcar\u00e8s, het F\u00eate des Sorci\u00e8res in Tresserre, het F\u00eate de l&#8217;Ours in Arles-sur-Tech, of de Sanch (Semana Santa) in Perpignan.<\/p>\n<\/div><\/div>\n<\/div>\n<\/div>\n\n\n\n<div class=\"wp-block-column is-vertically-aligned-center\">\n<figure class=\"wp-block-gallery has-nested-images columns-4 is-cropped\">\n<figure class=\"wp-block-image size-large\"><img loading=\"lazy\" width=\"1800\" height=\"730\" src=\"https:\/\/floride.fr\/wp-content\/uploads\/2022\/03\/falcons-fete-traditionnelle-catalane.jpg\" alt=\"Camping Le Floride Le Barcar&#xE8;s (66) : Falcons Traditioneel Catalaans Festival\" class=\"wp-image-1724\" srcset=\"https:\/\/floride.fr\/wp-content\/uploads\/2022\/03\/falcons-fete-traditionnelle-catalane.jpg 1800w, https:\/\/floride.fr\/wp-content\/uploads\/2022\/03\/falcons-fete-traditionnelle-catalane-300x122.jpg 300w, https:\/\/floride.fr\/wp-content\/uploads\/2022\/03\/falcons-fete-traditionnelle-catalane-1024x415.jpg 1024w, https:\/\/floride.fr\/wp-content\/uploads\/2022\/03\/falcons-fete-traditionnelle-catalane-768x311.jpg 768w, https:\/\/floride.fr\/wp-content\/uploads\/2022\/03\/falcons-fete-traditionnelle-catalane-1536x623.jpg 1536w\" sizes=\"(max-width: 1800px) 100vw, 1800px\" \/><\/figure>\n\n\n\n<figure class=\"wp-block-image size-large\"><img loading=\"lazy\" width=\"1800\" height=\"730\" src=\"https:\/\/floride.fr\/wp-content\/uploads\/2022\/03\/fete-des-vendanges-4c10940836-1.jpg\" alt=\"Camping Le Floride Le Barcar&#xE8;s (66) : Fete Des Vendanges 4c10940836 1\" class=\"wp-image-1729\" srcset=\"https:\/\/floride.fr\/wp-content\/uploads\/2022\/03\/fete-des-vendanges-4c10940836-1.jpg 1800w, https:\/\/floride.fr\/wp-content\/uploads\/2022\/03\/fete-des-vendanges-4c10940836-1-300x122.jpg 300w, https:\/\/floride.fr\/wp-content\/uploads\/2022\/03\/fete-des-vendanges-4c10940836-1-1024x415.jpg 1024w, https:\/\/floride.fr\/wp-content\/uploads\/2022\/03\/fete-des-vendanges-4c10940836-1-768x311.jpg 768w, https:\/\/floride.fr\/wp-content\/uploads\/2022\/03\/fete-des-vendanges-4c10940836-1-1536x623.jpg 1536w\" sizes=\"(max-width: 1800px) 100vw, 1800px\" \/><\/figure>\n<\/figure>\n<\/div>\n<\/div>\n<\/div><\/section>\n\n<section class=\"wp-container-69d1135a18f2e wp-block-group F-35-a\">\n<div class=\"wp-container-69d1135a158f7 wp-block-group\"><div class=\"wp-block-group__inner-container\">\n<figure class=\"wp-block-image size-full\"><img loading=\"lazy\" width=\"250\" height=\"250\" src=\"https:\/\/floride.fr\/wp-content\/uploads\/2022\/03\/electrobeach-music-festival-barcares-1-edited.jpg\" alt=\"\" class=\"wp-image-1747\" srcset=\"https:\/\/floride.fr\/wp-content\/uploads\/2022\/03\/electrobeach-music-festival-barcares-1-edited.jpg 250w, https:\/\/floride.fr\/wp-content\/uploads\/2022\/03\/electrobeach-music-festival-barcares-1-edited-150x150.jpg 150w\" sizes=\"(max-width: 250px) 100vw, 250px\" \/><\/figure>\n\n\n\n<p>Electrobeach Festival, 12-14 juli 2020 &#8211; Het Electro evenement in Le Barcar\u00e8s<\/p>\n<\/div><\/div>\n\n\n\n<div class=\"wp-container-69d1135a15cbd wp-block-group\"><div class=\"wp-block-group__inner-container\">\n<figure class=\"wp-block-image size-full\"><img loading=\"lazy\" width=\"300\" height=\"300\" src=\"https:\/\/floride.fr\/wp-content\/uploads\/2022\/03\/fete-des-pecheurs-barcares.jpg\" alt=\"\" class=\"wp-image-1742\" srcset=\"https:\/\/floride.fr\/wp-content\/uploads\/2022\/03\/fete-des-pecheurs-barcares.jpg 300w, https:\/\/floride.fr\/wp-content\/uploads\/2022\/03\/fete-des-pecheurs-barcares-150x150.jpg 150w\" sizes=\"(max-width: 300px) 100vw, 300px\" \/><\/figure>\n\n\n\n<p>Vissersfeest in Port-Barcar\u00e8s, 15 augustus<\/p>\n<\/div><\/div>\n\n\n\n<div class=\"wp-container-69d1135a161f0 wp-block-group\"><div class=\"wp-block-group__inner-container\">\n<figure class=\"wp-block-image size-full\"><img loading=\"lazy\" width=\"300\" height=\"300\" src=\"https:\/\/floride.fr\/wp-content\/uploads\/2022\/03\/patrouille-de-france-barcares.jpg\" alt=\"\" class=\"wp-image-1752\" srcset=\"https:\/\/floride.fr\/wp-content\/uploads\/2022\/03\/patrouille-de-france-barcares.jpg 300w, https:\/\/floride.fr\/wp-content\/uploads\/2022\/03\/patrouille-de-france-barcares-150x150.jpg 150w\" sizes=\"(max-width: 300px) 100vw, 300px\" \/><\/figure>\n\n\n\n<p>Franse patrouille in Port-Barcar\u00e8s op 15 juli<\/p>\n<\/div><\/div>\n\n\n\n<div class=\"wp-container-69d1135a16876 wp-block-group\"><div class=\"wp-block-group__inner-container\">\n<figure class=\"wp-block-image size-full\"><img loading=\"lazy\" width=\"300\" height=\"300\" src=\"https:\/\/floride.fr\/wp-content\/uploads\/2022\/03\/embrasement-lydia-barcares.jpg\" alt=\"\" class=\"wp-image-1757\" srcset=\"https:\/\/floride.fr\/wp-content\/uploads\/2022\/03\/embrasement-lydia-barcares.jpg 300w, https:\/\/floride.fr\/wp-content\/uploads\/2022\/03\/embrasement-lydia-barcares-150x150.jpg 150w\" sizes=\"(max-width: 300px) 100vw, 300px\" \/><\/figure>\n\n\n\n<p>Brand op de Lydia, 6 augustus in Barcar\u00e8s<\/p>\n<\/div><\/div>\n\n\n\n<div class=\"wp-container-69d1135a16dba wp-block-group\"><div class=\"wp-block-group__inner-container\">\n<figure class=\"wp-block-image size-full\"><img loading=\"lazy\" width=\"300\" height=\"300\" src=\"https:\/\/floride.fr\/wp-content\/uploads\/2022\/03\/visa-image-perpignan.jpg\" alt=\"\" class=\"wp-image-1762\" srcset=\"https:\/\/floride.fr\/wp-content\/uploads\/2022\/03\/visa-image-perpignan.jpg 300w, https:\/\/floride.fr\/wp-content\/uploads\/2022\/03\/visa-image-perpignan-150x150.jpg 150w\" sizes=\"(max-width: 300px) 100vw, 300px\" \/><\/figure>\n\n\n\n<p>Het niet te missen Visa pour l&#8217;Image, het fotojournalistiek festival in Perpignan in augustus-september<\/p>\n<\/div><\/div>\n\n\n\n<div class=\"wp-container-69d1135a173a4 wp-block-group\"><div class=\"wp-block-group__inner-container\">\n<figure class=\"wp-block-image size-full\"><img loading=\"lazy\" width=\"300\" height=\"300\" src=\"https:\/\/floride.fr\/wp-content\/uploads\/2022\/03\/mondial-du-vent-leucate-lafranqui.jpeg\" alt=\"Camping Le Floride Le Barcar&#xE8;s (66) : Mondial Du Vent Leucate Lafranqui\" class=\"wp-image-1767\" srcset=\"https:\/\/floride.fr\/wp-content\/uploads\/2022\/03\/mondial-du-vent-leucate-lafranqui.jpeg 300w, https:\/\/floride.fr\/wp-content\/uploads\/2022\/03\/mondial-du-vent-leucate-lafranqui-150x150.jpeg 150w, https:\/\/floride.fr\/wp-content\/uploads\/2022\/03\/mondial-du-vent-leucate-lafranqui-200x200.jpeg 200w\" sizes=\"(max-width: 300px) 100vw, 300px\" \/><\/figure>\n\n\n\n<p>Mondial du Vent voor Kitesurf en Windsurf liefhebbers in Leucate &#8211; April<\/p>\n<\/div><\/div>\n\n\n\n<div class=\"wp-container-69d1135a179f7 wp-block-group\"><div class=\"wp-block-group__inner-container\">\n<p><\/p>\n<\/div><\/div>\n\n\n\n<div class=\"wp-container-69d1135a17f1d wp-block-group\"><div class=\"wp-block-group__inner-container\">\n<figure class=\"wp-block-image size-full\"><img loading=\"lazy\" width=\"300\" height=\"300\" src=\"https:\/\/floride.fr\/wp-content\/uploads\/2022\/03\/Festival-Voix-de-Femmes-Maury-Juin-Nach-Zazie.jpg\" alt=\"\" class=\"wp-image-1777\" srcset=\"https:\/\/floride.fr\/wp-content\/uploads\/2022\/03\/Festival-Voix-de-Femmes-Maury-Juin-Nach-Zazie.jpg 300w, https:\/\/floride.fr\/wp-content\/uploads\/2022\/03\/Festival-Voix-de-Femmes-Maury-Juin-Nach-Zazie-150x150.jpg 150w\" sizes=\"(max-width: 300px) 100vw, 300px\" \/><\/figure>\n\n\n\n<p>Les Voix de Femmes in Maury, in de Fenouill\u00e8des<\/p>\n<\/div><\/div>\n\n\n\n<div class=\"wp-container-69d1135a18475 wp-block-group\"><div class=\"wp-block-group__inner-container\">\n<figure class=\"wp-block-image size-full\"><img loading=\"lazy\" width=\"300\" height=\"300\" src=\"https:\/\/floride.fr\/wp-content\/uploads\/2022\/03\/fete-st-jean-barcares.jpg\" alt=\"\" class=\"wp-image-1782\" srcset=\"https:\/\/floride.fr\/wp-content\/uploads\/2022\/03\/fete-st-jean-barcares.jpg 300w, https:\/\/floride.fr\/wp-content\/uploads\/2022\/03\/fete-st-jean-barcares-150x150.jpg 150w\" sizes=\"(max-width: 300px) 100vw, 300px\" \/><\/figure>\n\n\n\n<p>F\u00eate de la St Jean, 23 juni in Barcar\u00e8s<\/p>\n<\/div><\/div>\n\n\n\n<div class=\"wp-container-69d1135a189ed wp-block-group\"><div class=\"wp-block-group__inner-container\">\n<figure class=\"wp-block-image size-full\"><img loading=\"lazy\" width=\"300\" height=\"300\" src=\"https:\/\/floride.fr\/wp-content\/uploads\/2022\/03\/bodega-del-mar-barcares.jpg\" alt=\"\" class=\"wp-image-1787\" srcset=\"https:\/\/floride.fr\/wp-content\/uploads\/2022\/03\/bodega-del-mar-barcares.jpg 300w, https:\/\/floride.fr\/wp-content\/uploads\/2022\/03\/bodega-del-mar-barcares-150x150.jpg 150w\" sizes=\"(max-width: 300px) 100vw, 300px\" \/><\/figure>\n\n\n\n<p>Bodega del Mar, 29 augustus in Barcar\u00e8s<\/p>\n<\/div><\/div>\n<\/section>\n","protected":false},"excerpt":{"rendered":"<p>Electrobeach, zomer &#8217;66&#8230; Een heleboel feestjes in Le Barcar\u00e8s Camping Le Floride, in het hart van Le Barcar\u00e8s, is de ideale uitvalsbasis om deel te nemen aan de grote festivals en evenementen die elk jaar plaatsvinden, zoals het niet te missen festival Les D\u00e9ferlantes op het terrein van Lydia, de vele evenementen en concerten op [&hellip;]<\/p>\n","protected":false},"author":1,"featured_media":0,"parent":0,"menu_order":0,"comment_status":"closed","ping_status":"closed","template":"","meta":[],"acf":[],"_links":{"self":[{"href":"https:\/\/floride.fr\/nl\/wp-json\/wp\/v2\/pages\/2654"}],"collection":[{"href":"https:\/\/floride.fr\/nl\/wp-json\/wp\/v2\/pages"}],"about":[{"href":"https:\/\/floride.fr\/nl\/wp-json\/wp\/v2\/types\/page"}],"author":[{"embeddable":true,"href":"https:\/\/floride.fr\/nl\/wp-json\/wp\/v2\/users\/1"}],"replies":[{"embeddable":true,"href":"https:\/\/floride.fr\/nl\/wp-json\/wp\/v2\/comments?post=2654"}],"version-history":[{"count":6,"href":"https:\/\/floride.fr\/nl\/wp-json\/wp\/v2\/pages\/2654\/revisions"}],"predecessor-version":[{"id":16332,"href":"https:\/\/floride.fr\/nl\/wp-json\/wp\/v2\/pages\/2654\/revisions\/16332"}],"wp:attachment":[{"href":"https:\/\/floride.fr\/nl\/wp-json\/wp\/v2\/media?parent=2654"}],"curies":[{"name":"wp","href":"https:\/\/api.w.org\/{rel}","templated":true}]}}