{"id":2674,"date":"2022-04-21T16:14:23","date_gmt":"2022-04-21T14:14:23","guid":{"rendered":"https:\/\/floride.fr\/verhuur\/"},"modified":"2026-03-17T14:29:02","modified_gmt":"2026-03-17T13:29:02","slug":"verhuur","status":"publish","type":"page","link":"https:\/\/floride.fr\/nl\/verhuur\/","title":{"rendered":"Verhuur"},"content":{"rendered":"\n<figure class=\"wp-block-image alignfull size-full F-00-b\"><img loading=\"lazy\" width=\"1920\" height=\"1280\" src=\"https:\/\/floride.fr\/wp-content\/uploads\/2025\/11\/233_Camping_Occitanie_Le_Floride_et_l_Embouchure_Ciela_Village_Hebergement.webp\" alt=\"\" class=\"wp-image-15550\" srcset=\"https:\/\/floride.fr\/wp-content\/uploads\/2025\/11\/233_Camping_Occitanie_Le_Floride_et_l_Embouchure_Ciela_Village_Hebergement.webp 1920w, https:\/\/floride.fr\/wp-content\/uploads\/2025\/11\/233_Camping_Occitanie_Le_Floride_et_l_Embouchure_Ciela_Village_Hebergement-300x200.webp 300w, https:\/\/floride.fr\/wp-content\/uploads\/2025\/11\/233_Camping_Occitanie_Le_Floride_et_l_Embouchure_Ciela_Village_Hebergement-1024x683.webp 1024w, https:\/\/floride.fr\/wp-content\/uploads\/2025\/11\/233_Camping_Occitanie_Le_Floride_et_l_Embouchure_Ciela_Village_Hebergement-768x512.webp 768w, https:\/\/floride.fr\/wp-content\/uploads\/2025\/11\/233_Camping_Occitanie_Le_Floride_et_l_Embouchure_Ciela_Village_Hebergement-1536x1024.webp 1536w\" sizes=\"(max-width: 1920px) 100vw, 1920px\" \/><\/figure>\n\n<section class=\"wp-container-69e7a3d368294 wp-block-group\"><div class=\"wp-block-group__inner-container\">\n<h1 class=\"has-text-align-center has-couleur-1-color has-text-color\" id=\"a-port-barcares-faites-le-choix-du-depaysement-haut-de-gamme-en-2022\">Location Mobil-Home, Chalet et Insolite \u00e0 Barcar\u00e8s (66)<\/h1>\n\n\n\n<p class=\"has-text-align-center titre2 has-couleur-4-color has-text-color\" id=\"un-confort-maximal-pour-vos-vacances-dans-le-languedoc-roussillon\"><strong>Maximaal comfort voor uw vakantie in de Pyr\u00e9n\u00e9es Orientales<\/strong><\/p>\n\n\n\n<p class=\"has-text-align-center\">Wat uw plannen ook zijn \u2013 met z\u2019n twee\u00ebn, met het gezin of met vrienden \u2013 bij Floride vindt u gegarandeerd de ideale formule voor een fijne en geslaagde vakantie in de Pyr\u00e9n\u00e9es-Orientales. In ons aanbod van <strong>campingverhuur in Barcar\u00e8s<\/strong> vindt iedereen zijn eigen stijl van comfort, <strong>van het voordelige aanbod tot het luxere aanbod met priv\u00e9 spa.<\/strong> Vlieg naar het zuiden van Frankrijk voor een complete verandering van omgeving in onze Polynesische inrichting. Het avontuur kan worden voortgezet in een van onze <strong>ongewone accommodaties<\/strong> op maat, zodat u zich aan de andere kant van de zee waant. Op Le Floride, <strong>onze 5-sterren camping in Barcar\u00e8s<\/strong>, kiest u voor uitstekende diensten voor een onovertroffen ervaring in de Languedoc Roussillon!<\/p>\n<\/div><\/section>\n\n<section class=\"wp-container-69e7a3d369a28 wp-block-group F-10-a\"><div class=\"wp-block-group__inner-container\">\n<div class=\"wp-block-columns are-vertically-aligned-center\">\n<div class=\"wp-block-column is-vertically-aligned-center\">\n<h2 class=\"titre1 has-couleur-1-color has-text-color\" id=\"une-large-gamme-de-locations-de-vacances-a-barcares-pres-de-perpignan\">Een breed aanbod van vakantiewoningen in Barcar\u00e8s, bij Perpignan<\/h2>\n\n\n\n<div class=\"wp-container-69e7a3d3693aa wp-block-group pictos\">\n<div class=\"wp-container-69e7a3d3686d7 wp-block-group\"><div class=\"wp-block-group__inner-container\"><i class=\"fal fa-home-heart\"><\/i>\n\n\n\n<p>Chalet verhuur<\/p>\n\n\n\n<p>Geniet van het comfort en de faciliteiten van de chalets<\/p>\n<\/div><\/div>\n\n\n\n<div class=\"wp-container-69e7a3d368a6d wp-block-group\"><div class=\"wp-block-group__inner-container\"><i class=\"fal fa-house-day\"><\/i>\n\n\n\n<p>Verhuur van stacaravans<\/p>\n\n\n\n<p>Traditioneel of op maat gemaakt in het Polynesische Tikidorp<\/p>\n<\/div><\/div>\n\n\n\n<div class=\"wp-container-69e7a3d368dd7 wp-block-group\"><div class=\"wp-block-group__inner-container\"><i class=\"fal fa-caravan-alt\"><\/i>\n\n\n\n<p>Caravan verhuur<\/p>\n\n\n\n<p>Voor een ongewone vakantie<\/p>\n<\/div><\/div>\n\n\n\n<div class=\"wp-container-69e7a3d369116 wp-block-group\"><div class=\"wp-block-group__inner-container\"><i class=\"fab fa-accessible-icon\"><\/i>\n\n\n\n<p>PMR verhuur<\/p>\n\n\n\n<p>Speciaal ontworpen voor mensen met beperkte mobiliteit<\/p>\n<\/div><\/div>\n<\/div>\n\n\n\n<div class=\"wp-container-69e7a3d369684 wp-block-buttons\">\n<div class=\"wp-block-button btn_resa\"><a class=\"wp-block-button__link has-couleur-2-background-color has-background\"><i class=\"fal fa-search\"><\/i> Boek<\/a><\/div>\n<\/div>\n<\/div>\n\n\n\n<div class=\"wp-block-column is-vertically-aligned-center\">\n<figure class=\"wp-block-gallery has-nested-images columns-3 is-cropped deco-flambeau deco-rectangle2\">\n<figure class=\"wp-block-image size-large is-style-default\"><img loading=\"lazy\" width=\"1024\" height=\"683\" src=\"https:\/\/floride.fr\/wp-content\/uploads\/2022\/05\/OHARA_844-2ch_PIECE-DE-VIE_2020-1024x683.png\" alt=\"Stacaravan te huur in Barcar&#xE8;s bij Perpignan\" class=\"wp-image-3860\" srcset=\"https:\/\/floride.fr\/wp-content\/uploads\/2022\/05\/OHARA_844-2ch_PIECE-DE-VIE_2020-1024x683.png 1024w, https:\/\/floride.fr\/wp-content\/uploads\/2022\/05\/OHARA_844-2ch_PIECE-DE-VIE_2020-300x200.png 300w, https:\/\/floride.fr\/wp-content\/uploads\/2022\/05\/OHARA_844-2ch_PIECE-DE-VIE_2020-768x513.png 768w, https:\/\/floride.fr\/wp-content\/uploads\/2022\/05\/OHARA_844-2ch_PIECE-DE-VIE_2020.png 1500w\" sizes=\"(max-width: 1024px) 100vw, 1024px\" \/><\/figure>\n\n\n\n<figure class=\"wp-block-image size-full\"><img loading=\"lazy\" width=\"1024\" height=\"683\" src=\"https:\/\/floride.fr\/wp-content\/uploads\/2022\/05\/130-camping-le-floride-1024px.jpg\" alt=\"Location mobil home camping Barcar&#xE8;s Le Floride et l'Embouchure\" class=\"wp-image-3803\" srcset=\"https:\/\/floride.fr\/wp-content\/uploads\/2022\/05\/130-camping-le-floride-1024px.jpg 1024w, https:\/\/floride.fr\/wp-content\/uploads\/2022\/05\/130-camping-le-floride-1024px-300x200.jpg 300w, https:\/\/floride.fr\/wp-content\/uploads\/2022\/05\/130-camping-le-floride-1024px-768x512.jpg 768w\" sizes=\"(max-width: 1024px) 100vw, 1024px\" \/><figcaption>camping le floride<\/figcaption><\/figure>\n<\/figure>\n<\/div>\n<\/div>\n<\/div><\/section>\n\n<section class=\"wp-container-69e7a3d36a1c0 wp-block-group F-05-a  deco-feuille1\"><div class=\"wp-block-group__inner-container\">\n<div class=\"wp-block-columns are-vertically-aligned-center\">\n<div class=\"wp-block-column is-vertically-aligned-center\">\n<figure class=\"wp-block-gallery has-nested-images columns-2 is-cropped deco-masque1\">\n<figure class=\"wp-block-image size-large\"><img loading=\"lazy\" width=\"836\" height=\"1024\" src=\"https:\/\/floride.fr\/wp-content\/uploads\/2025\/11\/033_Camping_Occitanie_Le_Floride_et_l_Embouchure_Ciela_Village_Hebergement_King_Suite_8_10_E038-836x1024.webp\" alt=\"\" class=\"wp-image-15957\" srcset=\"https:\/\/floride.fr\/wp-content\/uploads\/2025\/11\/033_Camping_Occitanie_Le_Floride_et_l_Embouchure_Ciela_Village_Hebergement_King_Suite_8_10_E038-836x1024.webp 836w, https:\/\/floride.fr\/wp-content\/uploads\/2025\/11\/033_Camping_Occitanie_Le_Floride_et_l_Embouchure_Ciela_Village_Hebergement_King_Suite_8_10_E038-245x300.webp 245w, https:\/\/floride.fr\/wp-content\/uploads\/2025\/11\/033_Camping_Occitanie_Le_Floride_et_l_Embouchure_Ciela_Village_Hebergement_King_Suite_8_10_E038-768x941.webp 768w, https:\/\/floride.fr\/wp-content\/uploads\/2025\/11\/033_Camping_Occitanie_Le_Floride_et_l_Embouchure_Ciela_Village_Hebergement_King_Suite_8_10_E038-1254x1536.webp 1254w, https:\/\/floride.fr\/wp-content\/uploads\/2025\/11\/033_Camping_Occitanie_Le_Floride_et_l_Embouchure_Ciela_Village_Hebergement_King_Suite_8_10_E038.webp 1280w\" sizes=\"(max-width: 836px) 100vw, 836px\" \/><\/figure>\n\n\n\n<figure class=\"wp-block-image size-large\"><img loading=\"lazy\" width=\"825\" height=\"1024\" src=\"https:\/\/floride.fr\/wp-content\/uploads\/2025\/11\/085_Camping_Occitanie_Le_Floride_et_l_Embouchure_Ciela_Village_Hebergement_King_London_Bus_E151-825x1024.webp\" alt=\"\" class=\"wp-image-15962\" srcset=\"https:\/\/floride.fr\/wp-content\/uploads\/2025\/11\/085_Camping_Occitanie_Le_Floride_et_l_Embouchure_Ciela_Village_Hebergement_King_London_Bus_E151-825x1024.webp 825w, https:\/\/floride.fr\/wp-content\/uploads\/2025\/11\/085_Camping_Occitanie_Le_Floride_et_l_Embouchure_Ciela_Village_Hebergement_King_London_Bus_E151-242x300.webp 242w, https:\/\/floride.fr\/wp-content\/uploads\/2025\/11\/085_Camping_Occitanie_Le_Floride_et_l_Embouchure_Ciela_Village_Hebergement_King_London_Bus_E151-768x953.webp 768w, https:\/\/floride.fr\/wp-content\/uploads\/2025\/11\/085_Camping_Occitanie_Le_Floride_et_l_Embouchure_Ciela_Village_Hebergement_King_London_Bus_E151-1237x1536.webp 1237w, https:\/\/floride.fr\/wp-content\/uploads\/2025\/11\/085_Camping_Occitanie_Le_Floride_et_l_Embouchure_Ciela_Village_Hebergement_King_London_Bus_E151.webp 1280w\" sizes=\"(max-width: 825px) 100vw, 825px\" \/><\/figure>\n<\/figure>\n\n\n\n<div class=\"wp-container-69e7a3d369df6 wp-block-buttons galerie\">\n<div class=\"wp-block-button\"><a class=\"wp-block-button__link has-couleur-4-background-color has-background\" href=\"https:\/\/floride.fr\/nl\/foto-galerij\/\"><i class=\"fal fa-images\"><\/i> Bekijk de mediagalerij<\/a><\/div>\n<\/div>\n<\/div>\n\n\n\n<div class=\"wp-block-column is-vertically-aligned-center\">\n<h3 class=\"titre2 has-couleur-2-color has-text-color\" id=\"se-sentir-ailleurs-si-pres-de-chez-soi-et-decouvrez-le-paradis-des-vacances-au-bord-de-la-mediterranee-dans-un-cadre-naturel-et-enchanteur-a-quelques-encablures-du-village-catalan-du-barcares-66\">Stacaravans te huur in Barcar\u00e8s met alle comfort van thuis op Camping Le Floride <\/h3>\n\n\n\n<p>Onze 469 volledig uitgeruste stacaravans in Barcar\u00e8s bieden plaats aan 2 tot 8 personen en zijn voorzien van alle comfort. U vindt er:<\/p>\n\n\n\n<ul><li>Tafelgerei voor gebruik<\/li><li>Elektrisch koffiezetapparaat<\/li><li>Magnetron<\/li><li>Een koelkast<\/li><li>Evenals tuinmeubilair en 2 ligstoelen (of 2 ligbedden)<\/li><\/ul>\n\n\n\n<p>Al onze luxe <a href=\"https:\/\/floride.fr\/nl\/verhuur-van-stacaravans-oostelijke-pyreneeen\/\">stacaravans in Barcar\u00e8s<\/a> zijn uitgerust met airconditioning, een vaatwasser en zelfs 2 badkamers! Zoals <strong>onze vakantieverhuurassortimenten<\/strong> Ciela Prestige en Exception, die beschikken over grote ruimtes en het allerbeste op het gebied van comfort. <\/p>\n\n\n\n<p>Andere huurmodellen bieden de mogelijkheid om <strong>een babybed<\/strong> te installeren in de kamer van de ouders.<\/p>\n\n\n\n<ul><li>Al <strong>onze campings<\/strong> zijn uitgerust met televisie<\/li><li>WIFI is gratis voor twee apparaten per verblijf<\/li><\/ul>\n\n\n\n<p>Ga eens echt op vakantie met Le Floride, kamperen in de Oostelijke Pyrenee\u00ebn!<\/p>\n<\/div>\n<\/div>\n<\/div><\/section>\n\n<section class=\"wp-container-69e7a3d36a5f4 wp-block-group F-05-a  deco-feuille1\"><div class=\"wp-block-group__inner-container\">\n<div class=\"wp-block-columns are-vertically-aligned-center\">\n<div class=\"wp-block-column is-vertically-aligned-center\">\n<h3 class=\"titre2 has-couleur-2-color has-text-color\" id=\"se-sentir-ailleurs-si-pres-de-chez-soi-et-decouvrez-le-paradis-des-vacances-au-bord-de-la-mediterranee-dans-un-cadre-naturel-et-enchanteur-a-quelques-encablures-du-village-catalan-du-barcares-66\">Volledig ingerichte chalets voor een cocooning verblijf aan zee<\/h3>\n\n\n\n<p>In ons aanbod van <strong>vakantiewoningen aan zee in Barcares<\/strong>, vindt u houten accommodaties in de stijl van &#8220;chalets&#8221; voor maximaal 8 personen. Met hun rustieke uitstraling geven <a href=\"https:\/\/floride.fr\/nl\/chalet-te-huur-in-pyrenees-orientales\/\">deze chalets in de Pyr\u00e9n\u00e9es Orientales een<\/a> tropische stijl aan uw verblijf. Voor maximaal comfort zijn vele faciliteiten beschikbaar : <\/p>\n\n\n\n<ul><li>Tafelgerei voor gebruik<\/li><li>Elektrisch koffiezetapparaat<\/li><li>Magnetron<\/li><li>Een koelkast<\/li><li>Televisie<\/li><li>Wifi<\/li><li>Evenals tuinmeubilair en 2 ligstoelen (of 2 ligbedden)<\/li><\/ul>\n\n\n\n<p>Liefhebbers van thuiscomfort zullen onze ruimere chalets, de Ciela Privil\u00e8ge Tropical, zeker waarderen. Naast de basisuitrusting zal een <strong>vaatwasser<\/strong> uw dagelijks leven vereenvoudigen. <\/p>\n\n\n\n<p>Onze <strong>vakantiewoningen in Barcares<\/strong> <strong>verwelkomen ook uw viervoeters voor een<\/strong> complete kampeervakantie!<\/p>\n<\/div>\n\n\n\n<div class=\"wp-block-column is-vertically-aligned-center\">\n<figure class=\"wp-block-gallery has-nested-images columns-2 is-cropped\">\n<figure class=\"wp-block-image size-large\"><img src=\"https:\/\/floride.fr\/wp-content\/uploads\/2022\/05\/&#xA9;LeFloride-101-1-1024x682.jpg\" alt=\"Location de chalets &#xE0; th&#xE8;me dans les pyr&#xE9;n&#xE9;es orientales, barcar&#xE8;s (66)\" class=\"wp-image-3808\"\/><\/figure>\n\n\n\n<figure class=\"wp-block-image size-large\"><img loading=\"lazy\" width=\"1024\" height=\"974\" src=\"https:\/\/floride.fr\/wp-content\/uploads\/2022\/05\/884_3CH_-2020_ZOOM-RANGEMENTS-PARENTS-edited-1024x974.jpg\" alt=\"Location de vacances max de confort &#xE0; Port Barcar&#xE8;s\" class=\"wp-image-3574\" srcset=\"https:\/\/floride.fr\/wp-content\/uploads\/2022\/05\/884_3CH_-2020_ZOOM-RANGEMENTS-PARENTS-edited-1024x974.jpg 1024w, https:\/\/floride.fr\/wp-content\/uploads\/2022\/05\/884_3CH_-2020_ZOOM-RANGEMENTS-PARENTS-edited-300x285.jpg 300w, https:\/\/floride.fr\/wp-content\/uploads\/2022\/05\/884_3CH_-2020_ZOOM-RANGEMENTS-PARENTS-edited-768x731.jpg 768w, https:\/\/floride.fr\/wp-content\/uploads\/2022\/05\/884_3CH_-2020_ZOOM-RANGEMENTS-PARENTS-edited-1536x1461.jpg 1536w, https:\/\/floride.fr\/wp-content\/uploads\/2022\/05\/884_3CH_-2020_ZOOM-RANGEMENTS-PARENTS-edited-2048x1948.jpg 2048w\" sizes=\"(max-width: 1024px) 100vw, 1024px\" \/><\/figure>\n<\/figure>\n<\/div>\n<\/div>\n<\/div><\/section>\n\n<section class=\"wp-container-69e7a3d36a9e5 wp-block-group F-05-a  deco-feuille1\"><div class=\"wp-block-group__inner-container\">\n<div class=\"wp-block-columns are-vertically-aligned-center\">\n<div class=\"wp-block-column is-vertically-aligned-center\">\n<figure class=\"wp-block-gallery has-nested-images columns-2 is-cropped\">\n<figure class=\"wp-block-image size-large\"><img loading=\"lazy\" width=\"1024\" height=\"682\" src=\"https:\/\/floride.fr\/wp-content\/uploads\/2022\/05\/fare-Aloha-1024x682.jpg\" alt=\"Ongewone nacht in de oostelijke Pyrenee&#xEB;n in een ongewone boerderij Le Floride\" class=\"wp-image-3383\" srcset=\"https:\/\/floride.fr\/wp-content\/uploads\/2022\/05\/fare-Aloha-1024x682.jpg 1024w, https:\/\/floride.fr\/wp-content\/uploads\/2022\/05\/fare-Aloha-300x200.jpg 300w, https:\/\/floride.fr\/wp-content\/uploads\/2022\/05\/fare-Aloha-768x512.jpg 768w, https:\/\/floride.fr\/wp-content\/uploads\/2022\/05\/fare-Aloha-1536x1024.jpg 1536w, https:\/\/floride.fr\/wp-content\/uploads\/2022\/05\/fare-Aloha.jpg 1772w\" sizes=\"(max-width: 1024px) 100vw, 1024px\" \/><\/figure>\n\n\n\n<figure class=\"wp-block-image size-full\"><img loading=\"lazy\" width=\"1024\" height=\"681\" src=\"https:\/\/floride.fr\/wp-content\/uploads\/2022\/03\/roulotte-far-west.jpg\" alt=\"Camping Le Floride Le Barcar&#xE8;s (66) : Far West caravan\" class=\"wp-image-852\" srcset=\"https:\/\/floride.fr\/wp-content\/uploads\/2022\/03\/roulotte-far-west.jpg 1024w, https:\/\/floride.fr\/wp-content\/uploads\/2022\/03\/roulotte-far-west-300x200.jpg 300w, https:\/\/floride.fr\/wp-content\/uploads\/2022\/03\/roulotte-far-west-768x511.jpg 768w\" sizes=\"(max-width: 1024px) 100vw, 1024px\" \/><\/figure>\n<\/figure>\n<\/div>\n\n\n\n<div class=\"wp-block-column is-vertically-aligned-center\">\n<h3 class=\"titre2 has-couleur-2-color has-text-color\" id=\"se-sentir-ailleurs-si-pres-de-chez-soi-et-decouvrez-le-paradis-des-vacances-au-bord-de-la-mediterranee-dans-un-cadre-naturel-et-enchanteur-a-quelques-encablures-du-village-catalan-du-barcares-66\">Atypische accommodatie voor een ongewone nacht in Occitani\u00eb<\/h3>\n\n\n\n<p>Profiteer van uw vakantie in Occitani\u00eb, aan de kust van de Pyr\u00e9n\u00e9es Orientales, om een unieke ervaring te beleven. In La Floride bieden wij u caravans, Polynesische hutten en zelfs boomhutten aan! Alles is zo ontworpen dat u zich in deze bijzondere accommodaties in Barcar\u00e8s net zo op uw gemak voelt als in onze andere campingaccommodaties. Smaakvol op maat gemaakt, kunt u voor een paar nachten of een paar weken ontsnappen op camping Le Floride vakantiedorp. Onze <a href=\"https:\/\/floride.fr\/nl\/ongewone-verhuur-in-de-oostelijke-pyreneeen\/\">ongebruikelijke accommodaties in de oostelijke Pyrenee\u00ebn<\/a> zijn geschikt voor 2 tot 6 personen en worden op verschillende manieren ingericht, namelijk<\/p>\n\n\n\n<ul><li>Het comfort van een stacaravan voor de Ciela Privil\u00e8ge Aloha of Maori met een exotisch tintje;<\/li><li>De camping is ingericht voor hutten (met aparte priv\u00e9-sanitairvoorzieningen);<\/li><li>De praktische inrichting voor de caravan, maar zonder airconditioning.<\/li><\/ul>\n<\/div>\n<\/div>\n<\/div><\/section>\n\n<section class=\"wp-container-69e7a3d36ae22 wp-block-group F-20-a display-none\"><div class=\"wp-block-group__inner-container\">\n<div class=\"wp-block-columns are-vertically-aligned-center\">\n<div class=\"wp-block-column is-vertically-aligned-center\">\n<h2 id=\"les-plus-de-notre-camping-5-etoiles-en-pyrenees-orientales\">De voordelen van onze 5-sterren camping in de Pyr\u00e9n\u00e9es Orientales<\/h2>\n\n\n\n<h3 class=\"titre1 has-couleur-2-color has-text-color\" id=\"se-sentir-ailleurs-si-pres-de-chez-soi-et-decouvrez-le-paradis-des-vacances-au-bord-de-la-mediterranee-dans-un-cadre-naturel-et-enchanteur-a-quelques-encablures-du-village-catalan-du-barcares-66\">Kies de Premium optie voor een mooie prijs!<\/h3>\n\n\n\n<p class=\"brush has-couleur-1-color has-text-color\">In een paar woorden, de premium optie is :<\/p>\n\n\n\n<ul><li>Welkomstpakket<\/li><li>Een verrassingscadeau bij aankomst<\/li><li>Bedden opgemaakt bij aankomst<\/li><li>Handdoeken<\/li><li>Eindschoonmaak op de dag van uw vertrek<\/li><\/ul>\n\n\n\n<p>Er zijn ook enkele comfortopties beschikbaar op <a href=\"https:\/\/floride.fr\/nl\/locaties\/\">onze kampeerplaatsen met eigen sanitair in de Pyr\u00e9n\u00e9es Orientales<\/a>, om uw vakantie midden in de natuur nog aangenamer te maken.<\/p>\n<\/div>\n\n\n\n<div class=\"wp-block-column is-vertically-aligned-center\">\n<figure class=\"wp-block-gallery has-nested-images columns-2 is-cropped deco-fleur2 deco-rectangle1\">\n<figure class=\"wp-block-image size-large\"><img loading=\"lazy\" width=\"850\" height=\"566\" src=\"https:\/\/floride.fr\/wp-content\/uploads\/2022\/03\/Camping-Le-Floride-Barcares-Bungalows-11.jpg\" alt=\"5 sterren camping Le Floride Barcar&#xE8;s Bungalows premium optie\" class=\"wp-image-457\" srcset=\"https:\/\/floride.fr\/wp-content\/uploads\/2022\/03\/Camping-Le-Floride-Barcares-Bungalows-11.jpg 850w, https:\/\/floride.fr\/wp-content\/uploads\/2022\/03\/Camping-Le-Floride-Barcares-Bungalows-11-300x200.jpg 300w, https:\/\/floride.fr\/wp-content\/uploads\/2022\/03\/Camping-Le-Floride-Barcares-Bungalows-11-768x511.jpg 768w\" sizes=\"(max-width: 850px) 100vw, 850px\" \/><\/figure>\n\n\n\n<figure class=\"wp-block-image size-large\"><img loading=\"lazy\" width=\"1000\" height=\"667\" src=\"https:\/\/floride.fr\/wp-content\/uploads\/2022\/03\/Photo-interieur-6.jpg\" alt=\"Topcamping met vakantiewoningen in Le Barcar&#xE8;s\" class=\"wp-image-862\" srcset=\"https:\/\/floride.fr\/wp-content\/uploads\/2022\/03\/Photo-interieur-6.jpg 1000w, https:\/\/floride.fr\/wp-content\/uploads\/2022\/03\/Photo-interieur-6-300x200.jpg 300w, https:\/\/floride.fr\/wp-content\/uploads\/2022\/03\/Photo-interieur-6-768x512.jpg 768w\" sizes=\"(max-width: 1000px) 100vw, 1000px\" \/><\/figure>\n<\/figure>\n<\/div>\n<\/div>\n<\/div><\/section>\n\n<section class=\"wp-container-69e7a3d36b1b2 wp-block-group F-15-a vague-top ligne1-top has-bg-1-background-color has-background\"><div class=\"wp-block-group__inner-container\">\n<p class=\"titre1 has-couleur-1-color has-text-color\" id=\"decouvrez-notre-location-la-suite-riviera-premium-un-vrai-succes\">Ontdek onze verhuur: de Ciela Exception, een echt succes!<\/p>\n\n\n\n<div class=\"wp-block-media-text is-stacked-on-mobile is-image-fill\"><figure class=\"wp-block-media-text__media\" style=\"background-image:url(https:\/\/floride.fr\/wp-content\/uploads\/2022\/03\/DSC_0827-arrangee-PT-1024x668.jpg);background-position:50% 50%\"><img loading=\"lazy\" width=\"1024\" height=\"668\" src=\"https:\/\/floride.fr\/wp-content\/uploads\/2022\/03\/DSC_0827-arrangee-PT-1024x668.jpg\" alt=\"Camping met spa in languedoc roussillon, suite riviera\" class=\"wp-image-857 size-full\" srcset=\"https:\/\/floride.fr\/wp-content\/uploads\/2022\/03\/DSC_0827-arrangee-PT-1024x668.jpg 1024w, https:\/\/floride.fr\/wp-content\/uploads\/2022\/03\/DSC_0827-arrangee-PT-300x196.jpg 300w, https:\/\/floride.fr\/wp-content\/uploads\/2022\/03\/DSC_0827-arrangee-PT-768x501.jpg 768w, https:\/\/floride.fr\/wp-content\/uploads\/2022\/03\/DSC_0827-arrangee-PT-1536x1002.jpg 1536w, https:\/\/floride.fr\/wp-content\/uploads\/2022\/03\/DSC_0827-arrangee-PT.jpg 2000w\" sizes=\"(max-width: 1024px) 100vw, 1024px\" \/><\/figure><div class=\"wp-block-media-text__content\">\n<h3 class=\"has-couleur-4-color has-text-color\" id=\"hebergement-haut-de-gamme-au-sein-de-notre-camping-en-languedoc-roussillon\">De beste accommodaties op onze camping in Languedoc-Roussillon<\/h3>\n\n\n\n<p>Om u helemaal op uw gemak te voelen met familie of vrienden, bestaan de accommodaties van het assortiment Ciela Exception uit:<\/p>\n\n\n\n<ul><li>3 slaapkamers<\/li><li>2 badkamers;<\/li><li>Flatscreen TV<\/li><li>Airconditioning (airco);<\/li><li>Vaatwasser.<\/li><\/ul>\n\n\n\n<p>Boek als eerste uw vakantie op onze <strong>5 sterren camping in Languedoc Roussillon.<\/strong><\/p>\n<\/div><\/div>\n<\/div><\/section>\n\n<p><\/p>\n","protected":false},"excerpt":{"rendered":"<p>Location Mobil-Home, Chalet et Insolite \u00e0 Barcar\u00e8s (66) Maximaal comfort voor uw vakantie in de Pyr\u00e9n\u00e9es Orientales Wat uw plannen ook zijn \u2013 met z\u2019n twee\u00ebn, met het gezin of met vrienden \u2013 bij Floride vindt u gegarandeerd de ideale formule voor een fijne en geslaagde vakantie in de Pyr\u00e9n\u00e9es-Orientales. In ons aanbod van campingverhuur [&hellip;]<\/p>\n","protected":false},"author":1,"featured_media":0,"parent":0,"menu_order":0,"comment_status":"closed","ping_status":"closed","template":"","meta":[],"acf":[],"_links":{"self":[{"href":"https:\/\/floride.fr\/nl\/wp-json\/wp\/v2\/pages\/2674"}],"collection":[{"href":"https:\/\/floride.fr\/nl\/wp-json\/wp\/v2\/pages"}],"about":[{"href":"https:\/\/floride.fr\/nl\/wp-json\/wp\/v2\/types\/page"}],"author":[{"embeddable":true,"href":"https:\/\/floride.fr\/nl\/wp-json\/wp\/v2\/users\/1"}],"replies":[{"embeddable":true,"href":"https:\/\/floride.fr\/nl\/wp-json\/wp\/v2\/comments?post=2674"}],"version-history":[{"count":6,"href":"https:\/\/floride.fr\/nl\/wp-json\/wp\/v2\/pages\/2674\/revisions"}],"predecessor-version":[{"id":16345,"href":"https:\/\/floride.fr\/nl\/wp-json\/wp\/v2\/pages\/2674\/revisions\/16345"}],"wp:attachment":[{"href":"https:\/\/floride.fr\/nl\/wp-json\/wp\/v2\/media?parent=2674"}],"curies":[{"name":"wp","href":"https:\/\/api.w.org\/{rel}","templated":true}]}}