{"id":2939,"date":"2022-04-22T10:48:11","date_gmt":"2022-04-22T08:48:11","guid":{"rendered":"https:\/\/floride.fr\/vakantie-halloween\/"},"modified":"2026-03-17T11:32:39","modified_gmt":"2026-03-17T10:32:39","slug":"vakantie-halloween","status":"publish","type":"page","link":"https:\/\/floride.fr\/nl\/vakantie-halloween\/","title":{"rendered":"Vakantie Halloween"},"content":{"rendered":"\n<figure class=\"wp-block-image alignfull size-full F-00-b\"><img loading=\"lazy\" width=\"2560\" height=\"1707\" src=\"https:\/\/floride.fr\/wp-content\/uploads\/2022\/09\/A7R6026-scaled.jpg\" alt=\"Camping met halloweenanimatie, Zuid-Frankrijk\" class=\"wp-image-6784\" srcset=\"https:\/\/floride.fr\/wp-content\/uploads\/2022\/09\/A7R6026-scaled.jpg 2560w, https:\/\/floride.fr\/wp-content\/uploads\/2022\/09\/A7R6026-300x200.jpg 300w, https:\/\/floride.fr\/wp-content\/uploads\/2022\/09\/A7R6026-1024x683.jpg 1024w, https:\/\/floride.fr\/wp-content\/uploads\/2022\/09\/A7R6026-768x512.jpg 768w, https:\/\/floride.fr\/wp-content\/uploads\/2022\/09\/A7R6026-1536x1024.jpg 1536w, https:\/\/floride.fr\/wp-content\/uploads\/2022\/09\/A7R6026-2048x1365.jpg 2048w\" sizes=\"(max-width: 2560px) 100vw, 2560px\" \/><\/figure>\n\n<section class=\"wp-container-69d24cf7d8f33 wp-block-group\"><div class=\"wp-block-group__inner-container\">\n<h1 class=\"has-text-align-center has-couleur-1-color has-text-color\" id=\"halloween-debarque-au-floride-dans-tous-ses-etats-frayeurs-et-rires-garantis\" style=\"line-height:0\">Een vakantie zoals je nog nooit hebt gehad <\/h1>\n\n\n\n<h1 class=\"has-text-align-center has-couleur-1-color has-text-color\" id=\"halloween-debarque-au-floride-dans-tous-ses-etats-frayeurs-et-rires-garantis\" style=\"line-height:1\">nergens anders! <\/h1>\n\n\n\n<p class=\"has-text-align-center titre3 has-text-color has-large-font-size\" style=\"color:#ee9556\">Van 17 oktober tot 1 november 2026<\/p>\n\n\n\n<p class=\"has-text-align-center titre3 has-couleur-1-color has-text-color\"><br\/>Halloween komt naar Floride in al zijn staten!<\/p>\n<\/div><\/section>\n\n<section class=\"wp-container-69d24cf7dac3f wp-block-group F-05-a\"><div class=\"wp-block-group__inner-container\">\n<div class=\"wp-block-columns are-vertically-aligned-center\">\n<div class=\"wp-block-column is-vertically-aligned-center deco-feuille3\">\n<h2 class=\"has-text-color\" id=\"ambiance-tenebreuse-au-floride\" style=\"color:#ee9556\">Donkere sfeer in het Florida!<\/h2>\n\n\n\n<div class=\"wp-container-69d24cf7da5d0 wp-block-group pictos columns-3 has-text-color\" style=\"color:#ee9556\">\n<div class=\"wp-container-69d24cf7d931e wp-block-group\"><div class=\"wp-block-group__inner-container\"><i class=\"fal fa-claw-marks\"><\/i>\n\n\n\n<p class=\"has-text-color\" id=\"enigmes-a-resoudre\" style=\"color:#ee9556\"><strong>Geweldige spellen<\/strong><\/p>\n<\/div><\/div>\n\n\n\n<div class=\"wp-container-69d24cf7d968c wp-block-group has-text-color\" style=\"color:#ee9556\"><div class=\"wp-block-group__inner-container\"><i class=\"fal fa-search\"><\/i>\n\n\n\n<p class=\"has-text-color\" id=\"jeu-enquete-disney\" style=\"color:#ee9556\"><strong>Speurtocht<\/strong><\/p>\n<\/div><\/div>\n\n\n\n<div class=\"wp-container-69d24cf7d99c0 wp-block-group\"><div class=\"wp-block-group__inner-container\"><i class=\"fal fa-treasure-chest\"><\/i>\n\n\n\n<p class=\"has-text-color\" id=\"chasse-aux-tresors\" style=\"color:#ee9556\"><strong>Pumkin Party (De mooiste pompoen)<\/strong><\/p>\n<\/div><\/div>\n\n\n\n<div class=\"wp-container-69d24cf7d9cd0 wp-block-group\"><div class=\"wp-block-group__inner-container\"><i class=\"fal fa-raygun\"><\/i>\n\n\n\n<p class=\"has-text-color\" id=\"walking-dead-laser-game\" style=\"color:#ee9556\"><strong>Spookhuis Volwassenen<\/strong><\/p>\n<\/div><\/div>\n\n\n\n<div class=\"wp-container-69d24cf7d9ff7 wp-block-group\"><div class=\"wp-block-group__inner-container\"><i class=\"fal fa-user-alien\"><\/i>\n\n\n\n<p class=\"has-text-color\" id=\"walking-dead-laser-game\" style=\"color:#ee9556\"><strong><strong>Parade van Monsters<\/strong><\/strong><\/p>\n<\/div><\/div>\n\n\n\n<div class=\"wp-container-69d24cf7da316 wp-block-group\"><div class=\"wp-block-group__inner-container\"><i class=\"fal fa-mask\"><\/i>\n\n\n\n<p class=\"has-text-color\" id=\"walking-dead-laser-game\" style=\"color:#ee9556\"><strong><strong>Dia de los Muertos, American Horror Story en nog veel meer&#8230;<\/strong><\/strong><\/p>\n<\/div><\/div>\n<\/div>\n<\/div>\n\n\n\n<div class=\"wp-block-column is-vertically-aligned-center\">\n<figure class=\"wp-block-gallery has-nested-images columns-2 is-cropped deco-fleur2\">\n<figure class=\"wp-block-image size-large\"><img loading=\"lazy\" width=\"683\" height=\"1024\" src=\"https:\/\/floride.fr\/wp-content\/uploads\/2022\/09\/pexels-karolina-grabowska-5422595-683x1024.jpg\" alt=\"\" class=\"wp-image-6874\" srcset=\"https:\/\/floride.fr\/wp-content\/uploads\/2022\/09\/pexels-karolina-grabowska-5422595-683x1024.jpg 683w, https:\/\/floride.fr\/wp-content\/uploads\/2022\/09\/pexels-karolina-grabowska-5422595-200x300.jpg 200w, https:\/\/floride.fr\/wp-content\/uploads\/2022\/09\/pexels-karolina-grabowska-5422595-768x1152.jpg 768w, https:\/\/floride.fr\/wp-content\/uploads\/2022\/09\/pexels-karolina-grabowska-5422595-1024x1536.jpg 1024w, https:\/\/floride.fr\/wp-content\/uploads\/2022\/09\/pexels-karolina-grabowska-5422595-1365x2048.jpg 1365w, https:\/\/floride.fr\/wp-content\/uploads\/2022\/09\/pexels-karolina-grabowska-5422595-scaled.jpg 1707w\" sizes=\"(max-width: 683px) 100vw, 683px\" \/><\/figure>\n\n\n\n<figure class=\"wp-block-image size-large\"><img loading=\"lazy\" width=\"1024\" height=\"683\" src=\"https:\/\/floride.fr\/wp-content\/uploads\/2022\/09\/A7R6656-1024x683.jpg\" alt=\"\" class=\"wp-image-6883\" srcset=\"https:\/\/floride.fr\/wp-content\/uploads\/2022\/09\/A7R6656-1024x683.jpg 1024w, https:\/\/floride.fr\/wp-content\/uploads\/2022\/09\/A7R6656-300x200.jpg 300w, https:\/\/floride.fr\/wp-content\/uploads\/2022\/09\/A7R6656-768x512.jpg 768w, https:\/\/floride.fr\/wp-content\/uploads\/2022\/09\/A7R6656-1536x1024.jpg 1536w, https:\/\/floride.fr\/wp-content\/uploads\/2022\/09\/A7R6656-2048x1365.jpg 2048w\" sizes=\"(max-width: 1024px) 100vw, 1024px\" \/><\/figure>\n<\/figure>\n\n\n\n<div class=\"wp-container-69d24cf7da96e wp-block-buttons galerie\">\n<div class=\"wp-block-button\"><a class=\"wp-block-button__link has-couleur-4-background-color has-background\" href=\"https:\/\/floride.fr\/nl\/foto-galerij\/\"><i class=\"fal fa-images\"><\/i> Zie de fotogalerij<\/a><\/div>\n<\/div>\n<\/div>\n<\/div>\n<\/div><\/section>\n\n<figure class=\"wp-block-embed is-type-video is-provider-youtube wp-block-embed-youtube wp-embed-aspect-16-9 wp-has-aspect-ratio\"><div class=\"wp-block-embed__wrapper\">\n<iframe loading=\"lazy\" title=\"F\u00eatez Halloween au Camping Le Floride &amp; L&#039;Embouchure***** \u00e0 Port-Barcar\u00e8s\" width=\"500\" height=\"281\" src=\"https:\/\/www.youtube.com\/embed\/UipEErhTeP8?feature=oembed\" frameborder=\"0\" allow=\"accelerometer; autoplay; clipboard-write; encrypted-media; gyroscope; picture-in-picture\" allowfullscreen><\/iframe>\n<\/div><\/figure>\n\n<section class=\"wp-container-69d24cf7db394 wp-block-group F-10-a vague-top ligne1-top has-couleur-1-background-color has-background\"><div class=\"wp-block-group__inner-container\">\n<div class=\"wp-block-columns are-vertically-aligned-center\">\n<div class=\"wp-block-column is-vertically-aligned-center\">\n<figure class=\"wp-block-gallery has-nested-images columns-3 is-cropped deco-masque5\">\n<figure class=\"wp-block-image size-large\"><img loading=\"lazy\" width=\"1024\" height=\"683\" src=\"https:\/\/floride.fr\/wp-content\/uploads\/2022\/09\/A7R5979-1024x683.jpg\" alt=\"\" class=\"wp-image-6789\" srcset=\"https:\/\/floride.fr\/wp-content\/uploads\/2022\/09\/A7R5979-1024x683.jpg 1024w, https:\/\/floride.fr\/wp-content\/uploads\/2022\/09\/A7R5979-300x200.jpg 300w, https:\/\/floride.fr\/wp-content\/uploads\/2022\/09\/A7R5979-768x512.jpg 768w, https:\/\/floride.fr\/wp-content\/uploads\/2022\/09\/A7R5979-1536x1024.jpg 1536w, https:\/\/floride.fr\/wp-content\/uploads\/2022\/09\/A7R5979-2048x1365.jpg 2048w\" sizes=\"(max-width: 1024px) 100vw, 1024px\" \/><\/figure>\n\n\n\n<figure class=\"wp-block-image size-large\"><img loading=\"lazy\" width=\"1024\" height=\"683\" src=\"https:\/\/floride.fr\/wp-content\/uploads\/2022\/09\/A7R7368-1024x683.jpg\" alt=\"\" class=\"wp-image-6799\" srcset=\"https:\/\/floride.fr\/wp-content\/uploads\/2022\/09\/A7R7368-1024x683.jpg 1024w, https:\/\/floride.fr\/wp-content\/uploads\/2022\/09\/A7R7368-300x200.jpg 300w, https:\/\/floride.fr\/wp-content\/uploads\/2022\/09\/A7R7368-768x512.jpg 768w, https:\/\/floride.fr\/wp-content\/uploads\/2022\/09\/A7R7368-1536x1024.jpg 1536w, https:\/\/floride.fr\/wp-content\/uploads\/2022\/09\/A7R7368-2048x1365.jpg 2048w\" sizes=\"(max-width: 1024px) 100vw, 1024px\" \/><\/figure>\n<\/figure>\n<\/div>\n\n\n\n<div class=\"wp-block-column is-vertically-aligned-center\">\n<h2 class=\"has-text-color has-large-font-size\" id=\"cap-ou-pas-cap-de-tremblez-de-peur-1\" style=\"color:#ee9556\">Ben je klaar of niet om te beven van angst?<\/h2>\n\n\n\n<p class=\"has-blanc-color has-text-color\" id=\"a-partir-de-210-la-semaine-et-71-le-week-end-en-bungalow-chauffe-acces-a-la-piscine-couverte-au-parc-aquatique-chauffe-aux-toboggans-a-sensation-a-la-salle-de-musculation-et-a-l-espace-ludique-pour-enfants-inclus\">Om Halloween op gepaste wijze te vieren, hebben we besloten om van 17 oktober tot 1 november 2026 een bijeenkomst te organiseren voor heksen, vampieren en monsters.<\/p>\n\n\n\n<p class=\"has-blanc-color has-text-color\" id=\"a-partir-de-210-la-semaine-et-71-le-week-end-en-bungalow-chauffe-acces-a-la-piscine-couverte-au-parc-aquatique-chauffe-aux-toboggans-a-sensation-a-la-salle-de-musculation-et-a-l-espace-ludique-pour-enfants-inclus\">Parades, animaties, horrorhuis en shows in een angstaanjagende sfeer! <\/p>\n\n\n\n<p class=\"titre3 has-couleur-4-color has-text-color\" id=\"deux-semaines-d-animations-inoubliables-pour-entrer-dans-la-legende-d-halloween-au-camping-5-etoiles-le-floride\">Bereid u voor op twee weken van onvergetelijk vermaak op de <strong>5-sterren camping<\/strong> Perpignan, Le Floride.<\/p>\n\n\n\n<p class=\"has-blanc-color has-text-color\">Kinderclub geopend en gratis van 17 oktober tot 1 november 2026 (&#8217;s ochtends van maandag tot vrijdag).<\/p>\n\n\n\n<p class=\"has-blanc-color has-text-color\">Boek uw verblijf met familie of vrienden voor de feestdagen van Allerheiligen op Camping Le Floride in Le Barcar\u00e8s, <strong>geheel opnieuw ingericht voor deze gelegenheid!<\/strong><\/p>\n\n\n\n<div class=\"wp-container-69d24cf7db0d5 wp-block-buttons\">\n<div class=\"wp-block-button btn_resa is-style-fill\"><a class=\"wp-block-button__link has-blanc-color has-couleur-2-background-color has-text-color has-background\"><i class=\"fal fa-search\"><\/i> Boek nu!<\/a><\/div>\n<\/div>\n<\/div>\n<\/div>\n<\/div><\/section>\n","protected":false},"excerpt":{"rendered":"<p>Een vakantie zoals je nog nooit hebt gehad nergens anders! Van 17 oktober tot 1 november 2026 Halloween komt naar Floride in al zijn staten! Donkere sfeer in het Florida! Geweldige spellen Speurtocht Pumkin Party (De mooiste pompoen) Spookhuis Volwassenen Parade van Monsters Dia de los Muertos, American Horror Story en nog veel meer&#8230; Ben [&hellip;]<\/p>\n","protected":false},"author":1,"featured_media":0,"parent":0,"menu_order":0,"comment_status":"closed","ping_status":"closed","template":"","meta":[],"acf":[],"_links":{"self":[{"href":"https:\/\/floride.fr\/nl\/wp-json\/wp\/v2\/pages\/2939"}],"collection":[{"href":"https:\/\/floride.fr\/nl\/wp-json\/wp\/v2\/pages"}],"about":[{"href":"https:\/\/floride.fr\/nl\/wp-json\/wp\/v2\/types\/page"}],"author":[{"embeddable":true,"href":"https:\/\/floride.fr\/nl\/wp-json\/wp\/v2\/users\/1"}],"replies":[{"embeddable":true,"href":"https:\/\/floride.fr\/nl\/wp-json\/wp\/v2\/comments?post=2939"}],"version-history":[{"count":6,"href":"https:\/\/floride.fr\/nl\/wp-json\/wp\/v2\/pages\/2939\/revisions"}],"predecessor-version":[{"id":15511,"href":"https:\/\/floride.fr\/nl\/wp-json\/wp\/v2\/pages\/2939\/revisions\/15511"}],"wp:attachment":[{"href":"https:\/\/floride.fr\/nl\/wp-json\/wp\/v2\/media?parent=2939"}],"curies":[{"name":"wp","href":"https:\/\/api.w.org\/{rel}","templated":true}]}}