{"id":2945,"date":"2022-04-22T11:04:53","date_gmt":"2022-04-22T09:04:53","guid":{"rendered":"https:\/\/floride.fr\/service-catering\/"},"modified":"2026-03-17T15:21:05","modified_gmt":"2026-03-17T14:21:05","slug":"service-catering","status":"publish","type":"page","link":"https:\/\/floride.fr\/nl\/service-catering\/","title":{"rendered":"Service &amp; Catering"},"content":{"rendered":"\n<figure class=\"wp-block-image alignfull size-full F-00-b\"><img loading=\"lazy\" width=\"1920\" height=\"1279\" src=\"https:\/\/floride.fr\/wp-content\/uploads\/2025\/11\/186_Camping_Occitanie_Le_Floride_et_l_Embouchure_Ciela_Village_Tiki_Restaurant.webp\" alt=\"\" class=\"wp-image-15584\" srcset=\"https:\/\/floride.fr\/wp-content\/uploads\/2025\/11\/186_Camping_Occitanie_Le_Floride_et_l_Embouchure_Ciela_Village_Tiki_Restaurant.webp 1920w, https:\/\/floride.fr\/wp-content\/uploads\/2025\/11\/186_Camping_Occitanie_Le_Floride_et_l_Embouchure_Ciela_Village_Tiki_Restaurant-300x200.webp 300w, https:\/\/floride.fr\/wp-content\/uploads\/2025\/11\/186_Camping_Occitanie_Le_Floride_et_l_Embouchure_Ciela_Village_Tiki_Restaurant-1024x682.webp 1024w, https:\/\/floride.fr\/wp-content\/uploads\/2025\/11\/186_Camping_Occitanie_Le_Floride_et_l_Embouchure_Ciela_Village_Tiki_Restaurant-768x512.webp 768w, https:\/\/floride.fr\/wp-content\/uploads\/2025\/11\/186_Camping_Occitanie_Le_Floride_et_l_Embouchure_Ciela_Village_Tiki_Restaurant-1536x1023.webp 1536w\" sizes=\"(max-width: 1920px) 100vw, 1920px\" \/><\/figure>\n\n<section class=\"wp-container-69d6353e9accc wp-block-group F-25-a deco-ananas\"><div class=\"wp-block-group__inner-container\">\n<h1 class=\"has-text-align-left has-couleur-1-color has-text-color\" id=\"services-restaurants-a-barcares-la-qualite-pour-tous-les-gouts\">Diensten &amp; restaurants in Barcar\u00e8s : Kwaliteit voor alle smaken<\/h1>\n\n\n\n<h2 class=\"has-text-align-left titre2 has-couleur-4-color has-text-color\" id=\"produits-du-terroir-et-saveurs-du-languedoc-au-camping-5-etoiles-le-floride\">Lokale producten en smaken van de Languedoc op de 5-sterren camping Le Floride<\/h2>\n\n\n\n<p class=\"has-text-align-left\">De teams van de Bar, het Tiki Restaurant, Snack I&#8217;Inkka en de Starlite Diner-foodtruck staan voor u klaar om aan al uw wensen te voldoen op de 5-sterrencamping Le Floride in <a href=\"https:\/\/floride.fr\/nl\/\">Barcar\u00e8s<\/a>. Op ontdekkingstocht naar de producten van de Languedoc-Roussillon, of zin in een cocktail in de zon? Bezoek ons cateringcentrum voor onvergetelijke smaakervaringen. Een echte plus voor uw vakantie in Port-Barcar\u00e8s op een camping vlakbij Perpignan!<\/p>\n\n\n\n<div class=\"wp-container-69d6353e9aa1f wp-block-group diaporama--3\">\n<div class=\"wp-container-69d6353e99a82 wp-block-group\"><div class=\"wp-block-group__inner-container\">\n<figure class=\"wp-block-image size-full\"><img loading=\"lazy\" width=\"2560\" height=\"1920\" src=\"https:\/\/floride.fr\/wp-content\/uploads\/2022\/05\/IMG_1065-scaled.jpg\" alt=\"\" class=\"wp-image-4695\" srcset=\"https:\/\/floride.fr\/wp-content\/uploads\/2022\/05\/IMG_1065-scaled.jpg 2560w, https:\/\/floride.fr\/wp-content\/uploads\/2022\/05\/IMG_1065-300x225.jpg 300w, https:\/\/floride.fr\/wp-content\/uploads\/2022\/05\/IMG_1065-1024x768.jpg 1024w, https:\/\/floride.fr\/wp-content\/uploads\/2022\/05\/IMG_1065-768x576.jpg 768w, https:\/\/floride.fr\/wp-content\/uploads\/2022\/05\/IMG_1065-1536x1152.jpg 1536w, https:\/\/floride.fr\/wp-content\/uploads\/2022\/05\/IMG_1065-2048x1536.jpg 2048w\" sizes=\"(max-width: 2560px) 100vw, 2560px\" \/><\/figure>\n\n\n\n<h3 id=\"le-bar\">De bar<\/h3>\n\n\n\n<ul><li>Ruime keuze aan alcoholische en niet-alcoholische dranken<\/li><li>Cocktails van het huis<\/li><li>Consumptie-ijs en kinderijssa<\/li><li>Op het terras of in de hal, in het hart van de camping<\/li><li>Reuzenscherm voor sport- en muziekevenementen<\/li><li>Overdag en &#8217;s avonds geopend<\/li><\/ul>\n<\/div><\/div>\n\n\n\n<div class=\"wp-container-69d6353e99dcb wp-block-group\"><div class=\"wp-block-group__inner-container\">\n<figure class=\"wp-block-image size-large\"><img loading=\"lazy\" width=\"1024\" height=\"682\" src=\"https:\/\/floride.fr\/wp-content\/uploads\/2025\/11\/171_Camping_Occitanie_Le_Floride_et_l_Embouchure_Ciela_Village_Food_Truck_Starlite_Dinner-1024x682.webp\" alt=\"\" class=\"wp-image-15680\" srcset=\"https:\/\/floride.fr\/wp-content\/uploads\/2025\/11\/171_Camping_Occitanie_Le_Floride_et_l_Embouchure_Ciela_Village_Food_Truck_Starlite_Dinner-1024x682.webp 1024w, https:\/\/floride.fr\/wp-content\/uploads\/2025\/11\/171_Camping_Occitanie_Le_Floride_et_l_Embouchure_Ciela_Village_Food_Truck_Starlite_Dinner-300x200.webp 300w, https:\/\/floride.fr\/wp-content\/uploads\/2025\/11\/171_Camping_Occitanie_Le_Floride_et_l_Embouchure_Ciela_Village_Food_Truck_Starlite_Dinner-768x512.webp 768w, https:\/\/floride.fr\/wp-content\/uploads\/2025\/11\/171_Camping_Occitanie_Le_Floride_et_l_Embouchure_Ciela_Village_Food_Truck_Starlite_Dinner.webp 1280w\" sizes=\"(max-width: 1024px) 100vw, 1024px\" \/><\/figure>\n\n\n\n<h3 id=\"le-food-truck-starlite-diner\">De Starlite Diner food truck<\/h3>\n\n\n\n<ul><li>Burgers voor fijnproevers<\/li><li>Salades<\/li><li>Pizza&#8217;s om op te eten of mee te nemen<\/li><li>Grote keuze aan pizza&#8217;s, tomaat of cr\u00e8me fra\u00eeche basis<\/li><li>Bereid met verse en seizoensgebonden producten uit Languedoc-Roussillon<\/li><\/ul>\n<\/div><\/div>\n\n\n\n<div class=\"wp-container-69d6353e9a0fe wp-block-group\"><div class=\"wp-block-group__inner-container\">\n<figure class=\"wp-block-image size-large\"><img loading=\"lazy\" width=\"1024\" height=\"682\" src=\"https:\/\/floride.fr\/wp-content\/uploads\/2025\/11\/193_Camping_Occitanie_Le_Floride_et_l_Embouchure_Ciela_Village_Tiki_Restaurant-1024x682.webp\" alt=\"\" class=\"wp-image-15685\" srcset=\"https:\/\/floride.fr\/wp-content\/uploads\/2025\/11\/193_Camping_Occitanie_Le_Floride_et_l_Embouchure_Ciela_Village_Tiki_Restaurant-1024x682.webp 1024w, https:\/\/floride.fr\/wp-content\/uploads\/2025\/11\/193_Camping_Occitanie_Le_Floride_et_l_Embouchure_Ciela_Village_Tiki_Restaurant-300x200.webp 300w, https:\/\/floride.fr\/wp-content\/uploads\/2025\/11\/193_Camping_Occitanie_Le_Floride_et_l_Embouchure_Ciela_Village_Tiki_Restaurant-768x512.webp 768w, https:\/\/floride.fr\/wp-content\/uploads\/2025\/11\/193_Camping_Occitanie_Le_Floride_et_l_Embouchure_Ciela_Village_Tiki_Restaurant.webp 1280w\" sizes=\"(max-width: 1024px) 100vw, 1024px\" \/><\/figure>\n\n\n\n<h3 id=\"le-tiki-restaurant\">Het Tiki Restaurant<\/h3>\n\n\n\n<ul><li>Lokale producten uit de Roussillon<\/li><li>Rijke en gevarieerde wijnkaart<\/li><li>Lunch, diner en kinderarrangementen<\/li><li>Zelfgemaakte desserts<\/li><li><a href=\"https:\/\/floride.fr\/nl\/onze-kwaliteits-en-milieuaanpak\/\">Kwaliteitsservice<\/a>voor het comfort van de klanten<\/li><li>Binnenruimte met Hawa\u00efaanse versiering<\/li><li>Buitenterras met uitzicht op <a href=\"https:\/\/floride.fr\/nl\/avonden-shows\/\">het podium<\/a><\/li><li>s Middags en &#8217;s avonds geopend<\/li><\/ul>\n<\/div><\/div>\n\n\n\n<div class=\"wp-container-69d6353e9a423 wp-block-group\"><div class=\"wp-block-group__inner-container\">\n<figure class=\"wp-block-image size-large\"><img loading=\"lazy\" width=\"1024\" height=\"682\" src=\"https:\/\/floride.fr\/wp-content\/uploads\/2025\/11\/176_Camping_Occitanie_Le_Floride_et_l_Embouchure_Ciela_Village_Snack_Inkka-1024x682.webp\" alt=\"\" class=\"wp-image-15754\" srcset=\"https:\/\/floride.fr\/wp-content\/uploads\/2025\/11\/176_Camping_Occitanie_Le_Floride_et_l_Embouchure_Ciela_Village_Snack_Inkka-1024x682.webp 1024w, https:\/\/floride.fr\/wp-content\/uploads\/2025\/11\/176_Camping_Occitanie_Le_Floride_et_l_Embouchure_Ciela_Village_Snack_Inkka-300x200.webp 300w, https:\/\/floride.fr\/wp-content\/uploads\/2025\/11\/176_Camping_Occitanie_Le_Floride_et_l_Embouchure_Ciela_Village_Snack_Inkka-768x512.webp 768w, https:\/\/floride.fr\/wp-content\/uploads\/2025\/11\/176_Camping_Occitanie_Le_Floride_et_l_Embouchure_Ciela_Village_Snack_Inkka.webp 1280w\" sizes=\"(max-width: 1024px) 100vw, 1024px\" \/><\/figure>\n\n\n\n<h3 id=\"le-snack-l-inkka\">De &#8220;Inkka&#8221; snackbar<\/h3>\n\n\n\n<ul><li>2 loketten, 2 sferen: <a href=\"https:\/\/floride.fr\/nl\/water-park\/\">Zwembadkant<\/a>of <a href=\"https:\/\/floride.fr\/nl\/activiteiten-animaties\/\">Amusementskant<\/a><\/li><li>Schaduwrijk terras<\/li><li>Sandwiches, Panini&#8217;s, Amerikanen, Frieten, Salades&#8230;<\/li><li>Pannenkoeken, wafels, ijs, koude dranken<\/li><li>Een warm welkom <\/li><li>Open &#8217;s middags, &#8217;s middags en &#8217;s avonds<\/li><\/ul>\n<\/div><\/div>\n\n\n\n<div class=\"wp-container-69d6353e9a752 wp-block-group\"><div class=\"wp-block-group__inner-container\">\n<figure class=\"wp-block-image size-large\"><img loading=\"lazy\" width=\"1024\" height=\"683\" src=\"https:\/\/floride.fr\/wp-content\/uploads\/2022\/05\/pexels-engin-akyurt-3219547-1-1024x683.jpg\" alt=\"\" class=\"wp-image-4133\" srcset=\"https:\/\/floride.fr\/wp-content\/uploads\/2022\/05\/pexels-engin-akyurt-3219547-1-1024x683.jpg 1024w, https:\/\/floride.fr\/wp-content\/uploads\/2022\/05\/pexels-engin-akyurt-3219547-1-300x200.jpg 300w, https:\/\/floride.fr\/wp-content\/uploads\/2022\/05\/pexels-engin-akyurt-3219547-1-768x512.jpg 768w, https:\/\/floride.fr\/wp-content\/uploads\/2022\/05\/pexels-engin-akyurt-3219547-1-1536x1024.jpg 1536w, https:\/\/floride.fr\/wp-content\/uploads\/2022\/05\/pexels-engin-akyurt-3219547-1-2048x1365.jpg 2048w\" sizes=\"(max-width: 1024px) 100vw, 1024px\" \/><\/figure>\n\n\n\n<h3 id=\"les-plats-a-emporter\">Gerichte zum Mitnehmen<\/h3>\n\n\n\n<ul><li>Ideaal voor maaltijden met familie en vrienden in uw <a href=\"https:\/\/floride.fr\/nl\/verhuur\/\">huuraccommodatie<\/a><\/li><li>Gerechten ter plaatse bereid door de Chef van ons Restaurant<\/li><li>Ruime keuze aan gerechten, formules en pizza&#8217;s<\/li><li>Te bestellen bij de receptie van het restaurant<\/li><\/ul>\n<\/div><\/div>\n<\/div>\n<\/div><\/section>\n\n<section class=\"wp-container-69d6353e9b148 wp-block-group F-20-a\"><div class=\"wp-block-group__inner-container\">\n<div class=\"wp-block-columns\">\n<div class=\"wp-block-column\">\n<h2 class=\"titre1 has-couleur-2-color has-text-color\" id=\"se-sentir-ailleurs-si-pres-de-chez-soi-et-decouvrez-le-paradis-des-vacances-au-bord-de-la-mediterranee-dans-un-cadre-naturel-et-enchanteur-a-quelques-encablures-du-village-catalan-du-barcares-66\">Cocoa Boutique &amp; Point Info<\/h2>\n\n\n\n<p class=\"brush has-couleur-4-color has-text-color\">Voor de kleine extra&#8217;s die uw vakantie verrijken, gaat u naar de Cocoa Boutique. Een gepersonaliseerde ontvangst om u veel idee\u00ebn voor uitstapjes te geven en een origineel souvenir mee naar huis te nemen.<\/p>\n\n\n\n<p><strong>Mode voor volwassenen en kinderen, souvenirs in de kleuren van de camping<\/strong>: tassen, hoeden, portefeuilles, pennen, knuffels, ansichtkaarten&#8230;<\/p>\n\n\n\n<p>Toegangskaarten tegen een speciaal tarief bij Le Floride voor onvergetelijke ervaringen (korting ter plaatse op vertoon van de polsband): R\u00e9serve Africaine de Sigean, Aqualand, Vall\u00e9e des Tortues, Mus\u00e9e de la Pr\u00e9histoire, Grottes des Canalettes, Deversud Canyoning, Leucate Jet-ski, boottochten, enz&#8230;<\/p>\n\n\n\n<div class=\"wp-block-group encart-information\"><div class=\"wp-block-group__inner-container\">\n<p>Ben je je zwemkleding vergeten? We hebben alles wat je nodig hebt in de Cocoa Boutique!<\/p>\n<\/div><\/div>\n<\/div>\n\n\n\n<div class=\"wp-block-column\">\n<figure class=\"wp-block-gallery has-nested-images columns-2 is-cropped deco-fleur2 deco-rectangle2\">\n<figure class=\"wp-block-image size-large\"><img loading=\"lazy\" width=\"1024\" height=\"682\" src=\"https:\/\/floride.fr\/wp-content\/uploads\/2025\/11\/478_Camping_Occitanie_Le_Floride_et_l_Embouchure_Ciela_Village_Boutique_Cocoa-1024x682.webp\" alt=\"\" class=\"wp-image-15769\" srcset=\"https:\/\/floride.fr\/wp-content\/uploads\/2025\/11\/478_Camping_Occitanie_Le_Floride_et_l_Embouchure_Ciela_Village_Boutique_Cocoa-1024x682.webp 1024w, https:\/\/floride.fr\/wp-content\/uploads\/2025\/11\/478_Camping_Occitanie_Le_Floride_et_l_Embouchure_Ciela_Village_Boutique_Cocoa-300x200.webp 300w, https:\/\/floride.fr\/wp-content\/uploads\/2025\/11\/478_Camping_Occitanie_Le_Floride_et_l_Embouchure_Ciela_Village_Boutique_Cocoa-768x512.webp 768w, https:\/\/floride.fr\/wp-content\/uploads\/2025\/11\/478_Camping_Occitanie_Le_Floride_et_l_Embouchure_Ciela_Village_Boutique_Cocoa.webp 1280w\" sizes=\"(max-width: 1024px) 100vw, 1024px\" \/><\/figure>\n\n\n\n<figure class=\"wp-block-image size-large\"><img loading=\"lazy\" width=\"1024\" height=\"683\" src=\"https:\/\/floride.fr\/wp-content\/uploads\/2022\/05\/A7R4630-1024x683.jpg\" alt=\"Camping Le Floride Le Barcar&#xE8;s (66) : A7r4630\" class=\"wp-image-4607\" srcset=\"https:\/\/floride.fr\/wp-content\/uploads\/2022\/05\/A7R4630-1024x683.jpg 1024w, https:\/\/floride.fr\/wp-content\/uploads\/2022\/05\/A7R4630-300x200.jpg 300w, https:\/\/floride.fr\/wp-content\/uploads\/2022\/05\/A7R4630-768x512.jpg 768w, https:\/\/floride.fr\/wp-content\/uploads\/2022\/05\/A7R4630-1536x1024.jpg 1536w, https:\/\/floride.fr\/wp-content\/uploads\/2022\/05\/A7R4630-2048x1365.jpg 2048w\" sizes=\"(max-width: 1024px) 100vw, 1024px\" \/><\/figure>\n<\/figure>\n<\/div>\n<\/div>\n<\/div><\/section>\n\n<section class=\"wp-container-69d6353e9b574 wp-block-group F-20-a\"><div class=\"wp-block-group__inner-container\">\n<div class=\"wp-block-columns are-vertically-aligned-center\">\n<div class=\"wp-block-column is-vertically-aligned-center\">\n<figure class=\"wp-block-gallery has-nested-images columns-2 is-cropped deco-fleur2 deco-rectangle2\">\n<figure class=\"wp-block-image size-large\"><img loading=\"lazy\" width=\"1024\" height=\"682\" src=\"https:\/\/floride.fr\/wp-content\/uploads\/2025\/11\/492_Camping_Occitanie_Le_Floride_et_l_Embouchure_Ciela_Village_Epicerie-1024x682.webp\" alt=\"\" class=\"wp-image-15759\" srcset=\"https:\/\/floride.fr\/wp-content\/uploads\/2025\/11\/492_Camping_Occitanie_Le_Floride_et_l_Embouchure_Ciela_Village_Epicerie-1024x682.webp 1024w, https:\/\/floride.fr\/wp-content\/uploads\/2025\/11\/492_Camping_Occitanie_Le_Floride_et_l_Embouchure_Ciela_Village_Epicerie-300x200.webp 300w, https:\/\/floride.fr\/wp-content\/uploads\/2025\/11\/492_Camping_Occitanie_Le_Floride_et_l_Embouchure_Ciela_Village_Epicerie-768x512.webp 768w, https:\/\/floride.fr\/wp-content\/uploads\/2025\/11\/492_Camping_Occitanie_Le_Floride_et_l_Embouchure_Ciela_Village_Epicerie.webp 1280w\" sizes=\"(max-width: 1024px) 100vw, 1024px\" \/><\/figure>\n\n\n\n<figure class=\"wp-block-image size-large\"><img loading=\"lazy\" width=\"1703\" height=\"2560\" src=\"https:\/\/floride.fr\/wp-content\/uploads\/2022\/05\/pexels-shvets-production-7194857-scaled.jpg\" alt=\"\" class=\"wp-image-4679\" srcset=\"https:\/\/floride.fr\/wp-content\/uploads\/2022\/05\/pexels-shvets-production-7194857-scaled.jpg 1703w, https:\/\/floride.fr\/wp-content\/uploads\/2022\/05\/pexels-shvets-production-7194857-200x300.jpg 200w, https:\/\/floride.fr\/wp-content\/uploads\/2022\/05\/pexels-shvets-production-7194857-681x1024.jpg 681w, https:\/\/floride.fr\/wp-content\/uploads\/2022\/05\/pexels-shvets-production-7194857-768x1154.jpg 768w, https:\/\/floride.fr\/wp-content\/uploads\/2022\/05\/pexels-shvets-production-7194857-1022x1536.jpg 1022w, https:\/\/floride.fr\/wp-content\/uploads\/2022\/05\/pexels-shvets-production-7194857-1363x2048.jpg 1363w\" sizes=\"(max-width: 1703px) 100vw, 1703px\" \/><\/figure>\n<\/figure>\n<\/div>\n\n\n\n<div class=\"wp-block-column is-vertically-aligned-center\">\n<h2 class=\"titre1 has-couleur-2-color has-text-color\" id=\"se-sentir-ailleurs-si-pres-de-chez-soi-et-decouvrez-le-paradis-des-vacances-au-bord-de-la-mediterranee-dans-un-cadre-naturel-et-enchanteur-a-quelques-encablures-du-village-catalan-du-barcares-66\">De kruidenierswinkel van de camping<\/h2>\n\n\n\n<p class=\"brush has-couleur-4-color has-text-color\">Vival kruidenierswinkel<\/p>\n\n\n\n<p>Onze camping in Barcar\u00e8s heet u welkom in zijn kruidenierswinkel. Je hoeft niet ver te gaan! In de kleine supermarkt van camping Le Floride vindt u alles wat u nodig heeft, waaronder een ruim assortiment verse groenten en fruit. <\/p>\n\n\n\n<p>Het team van onze kleine supermarkt biedt u 800 artikelen van het merk Casino, evenals regionale wijnen, souvenirs, kinderspeelgoed, badkleding, ansichtkaarten&#8230;<\/p>\n\n\n\n<p>U vindt er ook de pers, en elke ochtend vers brood en gebak.<\/p>\n<\/div>\n<\/div>\n<\/div><\/section>\n\n<div class=\"wp-block-columns\">\n<div class=\"wp-block-column\" style=\"flex-basis:100%\">\n<div class=\"wp-container-69d6353e9b87f wp-block-buttons galerie\">\n<div class=\"wp-block-button\"><a class=\"wp-block-button__link\" href=\"https:\/\/floride.fr\/nl\/foto-galerij\/\"><i class=\"fal fa-images\"><\/i> Zie de fotogalerij<\/a><\/div>\n<\/div>\n<\/div>\n<\/div>\n\n<section class=\"wp-container-69d6353e9dbf3 wp-block-group F-05-a vague-top ligne1-top has-bg-1-background-color has-background\"><div class=\"wp-block-group__inner-container\">\n<div class=\"wp-block-columns are-vertically-aligned-center\">\n<div class=\"wp-block-column is-vertically-aligned-center deco-feuille1\">\n<h2 class=\"titre2 has-couleur-1-color has-text-color\" id=\"se-sentir-ailleurs-si-pres-de-chez-soi-et-decouvrez-le-paradis-des-vacances-au-bord-de-la-mediterranee-dans-un-cadre-naturel-et-enchanteur-a-quelques-encablures-du-village-catalan-du-barcares-66\">Op vakantie in de Languedoc Roussillon worden vele diensten aangeboden<\/h2>\n\n\n\n<h3 class=\"has-couleur-4-color has-text-color\" id=\"vos-vacances-detente-en-camping-5-etoiles-dans-le-languedoc-roussillon-simplifiez-vous-la-vie\">Uw ontspannende vakantie in Barcar\u00e8s&#8230; maak het leven gemakkelijker!<\/h3>\n\n\n\n<p>Kies voor uw volgende verblijf in Zuid-Frankrijk voor een<a href=\"https:\/\/floride.fr\/nl\/verhuur-van-stacaravans-oostelijke-pyreneeen\/\"> stacaravan in Barcar\u00e8s<\/a> en geniet van een welverdiende vakantie onder de mediterrane zon. Maar ook om u uit te leven door uw favoriete sport te beoefenen, nieuwe activiteiten te ontdekken of gewoon om te ontspannen in een gezellige en ontspannen sfeer. Onze camping in <a href=\"https:\/\/floride.fr\/nl\/water-park\/\">Languedoc Roussillon <\/a>met waterpark heeft een echt<a href=\"https:\/\/floride.fr\/nl\/wellness\/\"> spa wellness <\/a>centrum direct naast het strand! Dus voor uw volgende ontspannende vakantie met uw voeten in het water, tussen de Embouchure en de Florida welke kant kiest u? <\/p>\n\n\n\n<p>U kunt reserveren bij het Kahuna Center op de <a href=\"https:\/\/www.planity.com\/kahuna-coiff-spa-66420-le-barcares\">Planity website<\/a>.<\/p>\n\n\n\n<h3 class=\"has-couleur-4-color has-text-color\" id=\"les-prestations-5-etoiles-du-camping-a-perpignan-en-pyrenees-orientales\">De 5 sterren diensten van de camping bij Perpignan in de Pyr\u00e9n\u00e9es Orientales<\/h3>\n\n\n\n<p>Onze luxe camping is de enige<a href=\"https:\/\/floride.fr\/nl\/perpignan\/\"> 5-sterrencamping in de buurt van Perpignan<\/a> die zo&#8217;n breed en kwalitatief hoogstaand dienstenaanbod heeft. In de mooie badplaats Barcar\u00e8s kan uw vakantie in de<a href=\"https:\/\/floride.fr\/nl\/omgeving\/\"> Pyr\u00e9n\u00e9es Orientales<\/a> vermakelijk, leerzaam, sportief, ontspannend of ledig zijn. Au Camping Le Floride, <strong>de nombreux services <\/strong>gratuits ou payants sont propos\u00e9s aux vacanciers, pour un s\u00e9jour en toute s\u00e9r\u00e9nit\u00e9 :<\/p>\n\n\n\n<div class=\"wp-container-69d6353e9d84a wp-block-group pictos columns-4\">\n<div class=\"wp-container-69d6353e9bc95 wp-block-group\"><div class=\"wp-block-group__inner-container\"><i class=\"fal fa-bicycle\"><\/i>\n\n\n\n<p id=\"un-veritable-hammam-oriental-ressourcant\"><strong>Fietsverhuur<\/strong><\/p>\n<\/div><\/div>\n\n\n\n<div class=\"wp-container-69d6353e9bfad wp-block-group\"><div class=\"wp-block-group__inner-container\"><i class=\"fal fa-washer\"><\/i>\n\n\n\n<p id=\"chasse-aux-tresors\"><strong><strong>Wasserette<\/strong><\/strong><\/p>\n<\/div><\/div>\n\n\n\n<div class=\"wp-container-69d6353e9c5ff wp-block-group\"><div class=\"wp-block-group__inner-container\"><i class=\"fal fa-rv\"><\/i>\n\n\n\n<p id=\"chasse-aux-tresors\"><strong><strong>Dienst Gebied<\/strong><\/strong><\/p>\n<\/div><\/div>\n\n\n\n<div class=\"wp-container-69d6353e9c92e wp-block-group\"><div class=\"wp-block-group__inner-container\"><i class=\"fal fa-wifi\"><\/i>\n\n\n\n<p id=\"chasse-aux-tresors\"><strong><strong>Wi-Fi<\/strong><\/strong><\/p>\n<\/div><\/div>\n\n\n\n<div class=\"wp-container-69d6353e9cc38 wp-block-group\"><div class=\"wp-block-group__inner-container\"><i class=\"fal fa-hand-sparkles\"><\/i>\n\n\n\n<p id=\"chasse-aux-tresors\"><strong><strong><strong>Schoonmaak optie<\/strong><\/strong><\/strong><\/p>\n<\/div><\/div>\n\n\n\n<div class=\"wp-container-69d6353e9cf51 wp-block-group\"><div class=\"wp-block-group__inner-container\"><i class=\"fal fa-swimmer\"><\/i>\n\n\n\n<p id=\"chasse-aux-tresors\"><strong><strong><strong><strong><strong>Zwemlessen<\/strong><\/strong><\/strong><\/strong><\/strong><\/p>\n<\/div><\/div>\n\n\n\n<div class=\"wp-container-69d6353e9d298 wp-block-group\"><div class=\"wp-block-group__inner-container\"><i class=\"fal fa-shish-kebab\"><\/i>\n\n\n\n<p id=\"chasse-aux-tresors\"><strong>Verhuur van plancha&#8217;s<\/strong><\/p>\n<\/div><\/div>\n\n\n\n<div class=\"wp-container-69d6353e9d5b5 wp-block-group\"><div class=\"wp-block-group__inner-container\"><i class=\"fal fa-baby\"><\/i>\n\n\n\n<p id=\"un-spa-jet-cabine-de-massage-aux-jets-d-eau-inoubliable\"><strong>Verhuur van babykits<\/strong><\/p>\n<\/div><\/div>\n<\/div>\n<\/div>\n\n\n\n<div class=\"wp-block-column is-vertically-aligned-center\">\n<figure class=\"wp-block-gallery has-nested-images columns-2 is-cropped deco-planche\">\n<figure class=\"wp-block-image size-full\"><img loading=\"lazy\" width=\"2560\" height=\"1707\" src=\"https:\/\/floride.fr\/wp-content\/uploads\/2022\/05\/DSC_0061-1-scaled.jpg\" alt=\"\" class=\"wp-image-4685\" srcset=\"https:\/\/floride.fr\/wp-content\/uploads\/2022\/05\/DSC_0061-1-scaled.jpg 2560w, https:\/\/floride.fr\/wp-content\/uploads\/2022\/05\/DSC_0061-1-300x200.jpg 300w, https:\/\/floride.fr\/wp-content\/uploads\/2022\/05\/DSC_0061-1-1024x683.jpg 1024w, https:\/\/floride.fr\/wp-content\/uploads\/2022\/05\/DSC_0061-1-768x512.jpg 768w, https:\/\/floride.fr\/wp-content\/uploads\/2022\/05\/DSC_0061-1-1536x1024.jpg 1536w, https:\/\/floride.fr\/wp-content\/uploads\/2022\/05\/DSC_0061-1-2048x1365.jpg 2048w\" sizes=\"(max-width: 2560px) 100vw, 2560px\" \/><\/figure>\n\n\n\n<figure class=\"wp-block-image size-full\"><img loading=\"lazy\" width=\"1280\" height=\"853\" src=\"https:\/\/floride.fr\/wp-content\/uploads\/2025\/11\/209_Camping_Occitanie_Le_Floride_et_l_Embouchure_Ciela_Village_Location_de_Velo.webp\" alt=\"\" class=\"wp-image-15764\" srcset=\"https:\/\/floride.fr\/wp-content\/uploads\/2025\/11\/209_Camping_Occitanie_Le_Floride_et_l_Embouchure_Ciela_Village_Location_de_Velo.webp 1280w, https:\/\/floride.fr\/wp-content\/uploads\/2025\/11\/209_Camping_Occitanie_Le_Floride_et_l_Embouchure_Ciela_Village_Location_de_Velo-300x200.webp 300w, https:\/\/floride.fr\/wp-content\/uploads\/2025\/11\/209_Camping_Occitanie_Le_Floride_et_l_Embouchure_Ciela_Village_Location_de_Velo-1024x682.webp 1024w, https:\/\/floride.fr\/wp-content\/uploads\/2025\/11\/209_Camping_Occitanie_Le_Floride_et_l_Embouchure_Ciela_Village_Location_de_Velo-768x512.webp 768w\" sizes=\"(max-width: 1280px) 100vw, 1280px\" \/><\/figure>\n<\/figure>\n<\/div>\n<\/div>\n\n\n\n<div style=\"height:70px\" aria-hidden=\"true\" class=\"wp-block-spacer\"><\/div>\n<\/div><\/section>\n","protected":false},"excerpt":{"rendered":"<p>Diensten &amp; restaurants in Barcar\u00e8s : Kwaliteit voor alle smaken Lokale producten en smaken van de Languedoc op de 5-sterren camping Le Floride De teams van de Bar, het Tiki Restaurant, Snack I&#8217;Inkka en de Starlite Diner-foodtruck staan voor u klaar om aan al uw wensen te voldoen op de 5-sterrencamping Le Floride in Barcar\u00e8s. [&hellip;]<\/p>\n","protected":false},"author":1,"featured_media":0,"parent":0,"menu_order":0,"comment_status":"closed","ping_status":"closed","template":"","meta":[],"acf":[],"_links":{"self":[{"href":"https:\/\/floride.fr\/nl\/wp-json\/wp\/v2\/pages\/2945"}],"collection":[{"href":"https:\/\/floride.fr\/nl\/wp-json\/wp\/v2\/pages"}],"about":[{"href":"https:\/\/floride.fr\/nl\/wp-json\/wp\/v2\/types\/page"}],"author":[{"embeddable":true,"href":"https:\/\/floride.fr\/nl\/wp-json\/wp\/v2\/users\/1"}],"replies":[{"embeddable":true,"href":"https:\/\/floride.fr\/nl\/wp-json\/wp\/v2\/comments?post=2945"}],"version-history":[{"count":6,"href":"https:\/\/floride.fr\/nl\/wp-json\/wp\/v2\/pages\/2945\/revisions"}],"predecessor-version":[{"id":16378,"href":"https:\/\/floride.fr\/nl\/wp-json\/wp\/v2\/pages\/2945\/revisions\/16378"}],"wp:attachment":[{"href":"https:\/\/floride.fr\/nl\/wp-json\/wp\/v2\/media?parent=2945"}],"curies":[{"name":"wp","href":"https:\/\/api.w.org\/{rel}","templated":true}]}}