{"id":2947,"date":"2022-04-22T11:14:15","date_gmt":"2022-04-22T09:14:15","guid":{"rendered":"https:\/\/floride.fr\/avonden-shows\/"},"modified":"2026-03-17T15:24:34","modified_gmt":"2026-03-17T14:24:34","slug":"avonden-shows","status":"publish","type":"page","link":"https:\/\/floride.fr\/nl\/avonden-shows\/","title":{"rendered":"Avonden &amp; Shows"},"content":{"rendered":"\n<figure class=\"wp-block-image alignfull size-full F-00-b\"><img loading=\"lazy\" width=\"1920\" height=\"1279\" src=\"https:\/\/floride.fr\/wp-content\/uploads\/2025\/11\/516_Camping_Occitanie_Le_Floride_et_l_Embouchure_Ciela_Village_Concert.webp\" alt=\"\" class=\"wp-image-15574\" srcset=\"https:\/\/floride.fr\/wp-content\/uploads\/2025\/11\/516_Camping_Occitanie_Le_Floride_et_l_Embouchure_Ciela_Village_Concert.webp 1920w, https:\/\/floride.fr\/wp-content\/uploads\/2025\/11\/516_Camping_Occitanie_Le_Floride_et_l_Embouchure_Ciela_Village_Concert-300x200.webp 300w, https:\/\/floride.fr\/wp-content\/uploads\/2025\/11\/516_Camping_Occitanie_Le_Floride_et_l_Embouchure_Ciela_Village_Concert-1024x682.webp 1024w, https:\/\/floride.fr\/wp-content\/uploads\/2025\/11\/516_Camping_Occitanie_Le_Floride_et_l_Embouchure_Ciela_Village_Concert-768x512.webp 768w, https:\/\/floride.fr\/wp-content\/uploads\/2025\/11\/516_Camping_Occitanie_Le_Floride_et_l_Embouchure_Ciela_Village_Concert-1536x1023.webp 1536w\" sizes=\"(max-width: 1920px) 100vw, 1920px\" \/><\/figure>\n\n<section class=\"wp-container-69e7a2f1a9969 wp-block-group\"><div class=\"wp-block-group__inner-container\">\n<h1 class=\"has-text-align-center has-couleur-1-color has-text-color\" id=\"a-port-barcares-faites-le-choix-du-depaysement-haut-de-gamme-en-2022\">Het animatieprogramma van de 5-sterrencamping Le Floride<\/h1>\n\n\n\n<p class=\"has-text-align-center titre2 has-couleur-4-color has-text-color\" id=\"riez-dansez-chantez-emerveillez-vous-faites-la-fete\">Lachen, dansen, zingen, verwonderen, feesten !<\/p>\n\n\n\n<p class=\"has-text-align-center titre3 has-couleur-2-color has-text-color\" id=\"vos-vacances-au-camping-5-etoiles-le-floride-pres-de-perpignan-sont-l-occasion-d-assister-et-de-participer-a-des-animations-comme-nulle-part-ailleurs\">Uw vakantie op de 5 sterren camping Le Floride bij Perpignan is een gelegenheid om deel te nemen aan animaties zoals nergens anders.<\/p>\n\n\n\n<p class=\"has-text-align-center\">In vakantiedorp Le Floride in Barcar\u00e8s (66) beleeft u een groot avontuur, met tal van activiteiten voor het hele gezin. Op het programma: <strong>grandioze circusvoorstellingen<\/strong>, <strong>musicals<\/strong>, <strong>grote DJ-avonden<\/strong> en <strong>lasergames<\/strong>, allemaal begeleid door een animatieteam vol energie en middelen om u te vermaken! Talrijke thema-activiteiten, zoals onze <a href=\"https:\/\/floride.fr\/nl\/vakantie-halloween\/\">beroemde Halloweenavond<\/a>, laten u in de periode van april tot november ontsnappen naar denkbeeldige werelden. Naast een traditionele kampeervakantie is een verblijf in Florida de belofte van magische momenten vol emoties. Met onze vele kwaliteitsinfrastructuren bevindt u zich in het hart van het <strong>vermaak van Port Barcar\u00e8s<\/strong> met het gevoel in een echt pretpark te zijn dat alle geneugten samenbrengt. <\/p>\n\n\n\n<p class=\"has-text-align-center\">Aan alles is gedacht <strong>om van uw kampeervakantie in Zuid-Frankrijk<\/strong> een onvergetelijke ervaring te maken !<\/p>\n<\/div><\/section>\n\n<section class=\"wp-container-69e7a2f1a9ef7 wp-block-group F-15-a\"><div class=\"wp-block-group__inner-container\">\n<h2 class=\"titre1 has-couleur-1-color has-text-color\" id=\"les-grands-spectacles-vos-evenements-a-port-barcares\">Les Grands Spectacles: uw evenementen in Port Barcar\u00e8s<\/h2>\n\n\n\n<div class=\"wp-block-media-text is-stacked-on-mobile is-image-fill\"><figure class=\"wp-block-media-text__media\" style=\"background-image:url(https:\/\/floride.fr\/wp-content\/uploads\/2022\/03\/Spectacles-et-Animations-au-Camping-Le-Floride-au-Barcares-dans-les-Pyrenees-Orientales-5-1024x1024-1.jpg);background-position:50% 50%\"><img loading=\"lazy\" width=\"1024\" height=\"1024\" src=\"https:\/\/floride.fr\/wp-content\/uploads\/2022\/03\/Spectacles-et-Animations-au-Camping-Le-Floride-au-Barcares-dans-les-Pyrenees-Orientales-5-1024x1024-1.jpg\" alt=\"Camping Le Floride Le Barcar\u00e8s (66) : Spectacles Et Animations Au Camping Le Floride Au Barcar\u00e8s Dans Les Pyr\u00e9n\u00e9es Orientales 5 1024x1024\" class=\"wp-image-1903 size-full\" srcset=\"https:\/\/floride.fr\/wp-content\/uploads\/2022\/03\/Spectacles-et-Animations-au-Camping-Le-Floride-au-Barcares-dans-les-Pyrenees-Orientales-5-1024x1024-1.jpg 1024w, https:\/\/floride.fr\/wp-content\/uploads\/2022\/03\/Spectacles-et-Animations-au-Camping-Le-Floride-au-Barcares-dans-les-Pyrenees-Orientales-5-1024x1024-1-300x300.jpg 300w, https:\/\/floride.fr\/wp-content\/uploads\/2022\/03\/Spectacles-et-Animations-au-Camping-Le-Floride-au-Barcares-dans-les-Pyrenees-Orientales-5-1024x1024-1-150x150.jpg 150w, https:\/\/floride.fr\/wp-content\/uploads\/2022\/03\/Spectacles-et-Animations-au-Camping-Le-Floride-au-Barcares-dans-les-Pyrenees-Orientales-5-1024x1024-1-768x768.jpg 768w, https:\/\/floride.fr\/wp-content\/uploads\/2022\/03\/Spectacles-et-Animations-au-Camping-Le-Floride-au-Barcares-dans-les-Pyrenees-Orientales-5-1024x1024-1-200x200.jpg 200w, https:\/\/floride.fr\/wp-content\/uploads\/2022\/03\/Spectacles-et-Animations-au-Camping-Le-Floride-au-Barcares-dans-les-Pyrenees-Orientales-5-1024x1024-1-400x400.jpg 400w, https:\/\/floride.fr\/wp-content\/uploads\/2022\/03\/Spectacles-et-Animations-au-Camping-Le-Floride-au-Barcares-dans-les-Pyrenees-Orientales-5-1024x1024-1-500x500.jpg 500w, https:\/\/floride.fr\/wp-content\/uploads\/2022\/03\/Spectacles-et-Animations-au-Camping-Le-Floride-au-Barcares-dans-les-Pyrenees-Orientales-5-1024x1024-1-600x600.jpg 600w, https:\/\/floride.fr\/wp-content\/uploads\/2022\/03\/Spectacles-et-Animations-au-Camping-Le-Floride-au-Barcares-dans-les-Pyrenees-Orientales-5-1024x1024-1-700x700.jpg 700w, https:\/\/floride.fr\/wp-content\/uploads\/2022\/03\/Spectacles-et-Animations-au-Camping-Le-Floride-au-Barcares-dans-les-Pyrenees-Orientales-5-1024x1024-1-800x800.jpg 800w\" sizes=\"(max-width: 1024px) 100vw, 1024px\" \/><\/figure><div class=\"wp-block-media-text__content\">\n<div class=\"wp-block-media-text is-stacked-on-mobile is-image-fill deco-coco\"><figure class=\"wp-block-media-text__media\" style=\"background-image:url(https:\/\/floride.fr\/wp-content\/uploads\/2022\/05\/A7R8279-scaled.jpg);background-position:48% 44%\"><img loading=\"lazy\" width=\"2560\" height=\"1707\" src=\"https:\/\/floride.fr\/wp-content\/uploads\/2022\/05\/A7R8279-scaled.jpg\" alt=\"\" class=\"wp-image-3949 size-full\" srcset=\"https:\/\/floride.fr\/wp-content\/uploads\/2022\/05\/A7R8279-scaled.jpg 2560w, https:\/\/floride.fr\/wp-content\/uploads\/2022\/05\/A7R8279-300x200.jpg 300w, https:\/\/floride.fr\/wp-content\/uploads\/2022\/05\/A7R8279-1024x683.jpg 1024w, https:\/\/floride.fr\/wp-content\/uploads\/2022\/05\/A7R8279-768x512.jpg 768w, https:\/\/floride.fr\/wp-content\/uploads\/2022\/05\/A7R8279-1536x1024.jpg 1536w, https:\/\/floride.fr\/wp-content\/uploads\/2022\/05\/A7R8279-2048x1365.jpg 2048w\" sizes=\"(max-width: 2560px) 100vw, 2560px\" \/><\/figure><div class=\"wp-block-media-text__content\">\n<blockquote class=\"wp-block-quote\"><p>&#8220;Zeer goede sfeer, geweldige feesten. Ik kan niet wachten om terug te gaan!&#8221;<\/p><cite>Natacha, die in juli kwam<br\/><\/cite><\/blockquote>\n<\/div><\/div>\n\n\n\n<p><strong>Voorstellingen<\/strong> voor het hele gezin, geregisseerd door professionals op het grote podium van Camping Le Floride in Port Barcar\u00e8s. Elk jaar zijn er tal van nieuwigheden.<br\/>Enkele voorbeelden van wat u tijdens uw vakantie kunt zien:<\/p>\n\n\n\n<ul><li>Lucht- en watershows, georganiseerd door het animatieteam van de camping in juli en augustus;<\/li><li>Live-concerten;<\/li><li><strong>Des spectacles d\u2019acrobaties<\/strong> ;<\/li><li>Avonden met mentalisten en hypnose;<\/li><li>Cabarets;<\/li><li>Musicals;<\/li><li>Adembenemende dansavonden! Dit is de kans om je helemaal uit te leven op de dansvloer: professionele dj\u2019s, schuim- en sneeuwfeesten, laseranimatie! <\/li><\/ul>\n<\/div><\/div>\n\n\n\n<figure class=\"wp-block-gallery has-nested-images columns-8 is-cropped diaporama--3\">\n<figure class=\"wp-block-image size-large\"><img loading=\"lazy\" width=\"1024\" height=\"683\" src=\"https:\/\/floride.fr\/wp-content\/uploads\/2022\/12\/Bresilien-spectacles-1024x683.jpg\" alt=\"\" class=\"wp-image-7576\" srcset=\"https:\/\/floride.fr\/wp-content\/uploads\/2022\/12\/Bresilien-spectacles-1024x683.jpg 1024w, https:\/\/floride.fr\/wp-content\/uploads\/2022\/12\/Bresilien-spectacles-300x200.jpg 300w, https:\/\/floride.fr\/wp-content\/uploads\/2022\/12\/Bresilien-spectacles-768x512.jpg 768w, https:\/\/floride.fr\/wp-content\/uploads\/2022\/12\/Bresilien-spectacles-1536x1024.jpg 1536w, https:\/\/floride.fr\/wp-content\/uploads\/2022\/12\/Bresilien-spectacles-2048x1365.jpg 2048w\" sizes=\"(max-width: 1024px) 100vw, 1024px\" \/><\/figure>\n\n\n\n<figure class=\"wp-block-image size-large\"><img loading=\"lazy\" width=\"1024\" height=\"676\" src=\"https:\/\/floride.fr\/wp-content\/uploads\/2022\/12\/Osiris-spectacles-1024x676.jpg\" alt=\"\" class=\"wp-image-7596\" srcset=\"https:\/\/floride.fr\/wp-content\/uploads\/2022\/12\/Osiris-spectacles-1024x676.jpg 1024w, https:\/\/floride.fr\/wp-content\/uploads\/2022\/12\/Osiris-spectacles-300x198.jpg 300w, https:\/\/floride.fr\/wp-content\/uploads\/2022\/12\/Osiris-spectacles-768x507.jpg 768w, https:\/\/floride.fr\/wp-content\/uploads\/2022\/12\/Osiris-spectacles-1536x1014.jpg 1536w, https:\/\/floride.fr\/wp-content\/uploads\/2022\/12\/Osiris-spectacles.jpg 1984w\" sizes=\"(max-width: 1024px) 100vw, 1024px\" \/><\/figure>\n\n\n\n<figure class=\"wp-block-image size-large\"><img loading=\"lazy\" width=\"1024\" height=\"683\" src=\"https:\/\/floride.fr\/wp-content\/uploads\/2022\/05\/A7R3914-1024x683.jpg\" alt=\"\" class=\"wp-image-3960\" srcset=\"https:\/\/floride.fr\/wp-content\/uploads\/2022\/05\/A7R3914-1024x683.jpg 1024w, https:\/\/floride.fr\/wp-content\/uploads\/2022\/05\/A7R3914-300x200.jpg 300w, https:\/\/floride.fr\/wp-content\/uploads\/2022\/05\/A7R3914-768x512.jpg 768w, https:\/\/floride.fr\/wp-content\/uploads\/2022\/05\/A7R3914-1536x1024.jpg 1536w, https:\/\/floride.fr\/wp-content\/uploads\/2022\/05\/A7R3914-2048x1365.jpg 2048w\" sizes=\"(max-width: 1024px) 100vw, 1024px\" \/><\/figure>\n\n\n\n<figure class=\"wp-block-image size-large\"><img loading=\"lazy\" width=\"1024\" height=\"863\" src=\"https:\/\/floride.fr\/wp-content\/uploads\/2022\/12\/Encanto-1024x863.jpg\" alt=\"\" class=\"wp-image-7581\" srcset=\"https:\/\/floride.fr\/wp-content\/uploads\/2022\/12\/Encanto-1024x863.jpg 1024w, https:\/\/floride.fr\/wp-content\/uploads\/2022\/12\/Encanto-300x253.jpg 300w, https:\/\/floride.fr\/wp-content\/uploads\/2022\/12\/Encanto-768x647.jpg 768w, https:\/\/floride.fr\/wp-content\/uploads\/2022\/12\/Encanto-1536x1294.jpg 1536w, https:\/\/floride.fr\/wp-content\/uploads\/2022\/12\/Encanto-2048x1725.jpg 2048w\" sizes=\"(max-width: 1024px) 100vw, 1024px\" \/><\/figure>\n\n\n\n<figure class=\"wp-block-image size-large\"><img loading=\"lazy\" width=\"1024\" height=\"923\" src=\"https:\/\/floride.fr\/wp-content\/uploads\/2022\/12\/IMG_0423-1024x923.jpg\" alt=\"\" class=\"wp-image-7601\" srcset=\"https:\/\/floride.fr\/wp-content\/uploads\/2022\/12\/IMG_0423-1024x923.jpg 1024w, https:\/\/floride.fr\/wp-content\/uploads\/2022\/12\/IMG_0423-300x270.jpg 300w, https:\/\/floride.fr\/wp-content\/uploads\/2022\/12\/IMG_0423-768x692.jpg 768w, https:\/\/floride.fr\/wp-content\/uploads\/2022\/12\/IMG_0423-1536x1384.jpg 1536w, https:\/\/floride.fr\/wp-content\/uploads\/2022\/12\/IMG_0423-2048x1846.jpg 2048w\" sizes=\"(max-width: 1024px) 100vw, 1024px\" \/><\/figure>\n\n\n\n<figure class=\"wp-block-image size-large\"><img loading=\"lazy\" width=\"1024\" height=\"682\" src=\"https:\/\/floride.fr\/wp-content\/uploads\/2022\/03\/Spectacles-et-Animations-au-Camping-Le-Floride-au-Barcares-dans-les-Pyrenees-Orientales-3-1024x682-1.jpg\" alt=\"Camping Le Floride Le Barcar&#xE8;s (66) : Spectacles Et Animations Au Camping Le Floride Au Barcar&#xE8;s Dans Les Pyr&#xE9;n&#xE9;es Orientales 3 1024x682\" class=\"wp-image-1893\" srcset=\"https:\/\/floride.fr\/wp-content\/uploads\/2022\/03\/Spectacles-et-Animations-au-Camping-Le-Floride-au-Barcares-dans-les-Pyrenees-Orientales-3-1024x682-1.jpg 1024w, https:\/\/floride.fr\/wp-content\/uploads\/2022\/03\/Spectacles-et-Animations-au-Camping-Le-Floride-au-Barcares-dans-les-Pyrenees-Orientales-3-1024x682-1-300x200.jpg 300w, https:\/\/floride.fr\/wp-content\/uploads\/2022\/03\/Spectacles-et-Animations-au-Camping-Le-Floride-au-Barcares-dans-les-Pyrenees-Orientales-3-1024x682-1-768x512.jpg 768w\" sizes=\"(max-width: 1024px) 100vw, 1024px\" \/><\/figure>\n\n\n\n<figure class=\"wp-block-image size-large\"><img loading=\"lazy\" width=\"1024\" height=\"683\" src=\"https:\/\/floride.fr\/wp-content\/uploads\/2022\/12\/A7R1233-1024x683.jpg\" alt=\"\" class=\"wp-image-7586\" srcset=\"https:\/\/floride.fr\/wp-content\/uploads\/2022\/12\/A7R1233-1024x683.jpg 1024w, https:\/\/floride.fr\/wp-content\/uploads\/2022\/12\/A7R1233-300x200.jpg 300w, https:\/\/floride.fr\/wp-content\/uploads\/2022\/12\/A7R1233-768x512.jpg 768w, https:\/\/floride.fr\/wp-content\/uploads\/2022\/12\/A7R1233-1536x1024.jpg 1536w, https:\/\/floride.fr\/wp-content\/uploads\/2022\/12\/A7R1233-2048x1365.jpg 2048w\" sizes=\"(max-width: 1024px) 100vw, 1024px\" \/><\/figure>\n\n\n\n<figure class=\"wp-block-image size-large\"><img loading=\"lazy\" width=\"1600\" height=\"899\" src=\"https:\/\/floride.fr\/wp-content\/uploads\/2022\/03\/selection-petite-sirene.jpg\" alt=\"\" class=\"wp-image-1235\" srcset=\"https:\/\/floride.fr\/wp-content\/uploads\/2022\/03\/selection-petite-sirene.jpg 1600w, https:\/\/floride.fr\/wp-content\/uploads\/2022\/03\/selection-petite-sirene-300x169.jpg 300w, https:\/\/floride.fr\/wp-content\/uploads\/2022\/03\/selection-petite-sirene-1024x575.jpg 1024w, https:\/\/floride.fr\/wp-content\/uploads\/2022\/03\/selection-petite-sirene-768x432.jpg 768w, https:\/\/floride.fr\/wp-content\/uploads\/2022\/03\/selection-petite-sirene-1536x863.jpg 1536w\" sizes=\"(max-width: 1600px) 100vw, 1600px\" \/><\/figure>\n\n\n\n<figure class=\"wp-block-image size-large\"><img loading=\"lazy\" width=\"1800\" height=\"730\" src=\"https:\/\/floride.fr\/wp-content\/uploads\/2022\/03\/Camping-Le-Floride-spectacle-La-Reine-des-Neiges-1.jpg\" alt=\"\" class=\"wp-image-1225\" srcset=\"https:\/\/floride.fr\/wp-content\/uploads\/2022\/03\/Camping-Le-Floride-spectacle-La-Reine-des-Neiges-1.jpg 1800w, https:\/\/floride.fr\/wp-content\/uploads\/2022\/03\/Camping-Le-Floride-spectacle-La-Reine-des-Neiges-1-300x122.jpg 300w, https:\/\/floride.fr\/wp-content\/uploads\/2022\/03\/Camping-Le-Floride-spectacle-La-Reine-des-Neiges-1-1024x415.jpg 1024w, https:\/\/floride.fr\/wp-content\/uploads\/2022\/03\/Camping-Le-Floride-spectacle-La-Reine-des-Neiges-1-768x311.jpg 768w, https:\/\/floride.fr\/wp-content\/uploads\/2022\/03\/Camping-Le-Floride-spectacle-La-Reine-des-Neiges-1-1536x623.jpg 1536w\" sizes=\"(max-width: 1800px) 100vw, 1800px\" \/><\/figure>\n<\/figure>\n<\/div><\/section>\n\n<section class=\"wp-container-69e7a2f1aaebf wp-block-group F-25-a vague-top ligne2-top vague-bottom has-bg-1-background-color has-background\"><div class=\"wp-block-group__inner-container\">\n<h3 class=\"titre1 has-couleur-1-color has-text-color\" id=\"les-soirees-ou-vous-etes-la-star-1\">Avonden waar jij de ster bent<\/h3>\n\n\n\n<div class=\"wp-container-69e7a2f1aa8c2 wp-block-group\">\n<div class=\"wp-container-69e7a2f1aa27d wp-block-group\"><div class=\"wp-block-group__inner-container\">\n<figure class=\"wp-block-image size-full\"><img loading=\"lazy\" width=\"2560\" height=\"1707\" src=\"https:\/\/floride.fr\/wp-content\/uploads\/2022\/12\/A7R1404-scaled.jpg\" alt=\"\" class=\"wp-image-7685\" srcset=\"https:\/\/floride.fr\/wp-content\/uploads\/2022\/12\/A7R1404-scaled.jpg 2560w, https:\/\/floride.fr\/wp-content\/uploads\/2022\/12\/A7R1404-300x200.jpg 300w, https:\/\/floride.fr\/wp-content\/uploads\/2022\/12\/A7R1404-1024x683.jpg 1024w, https:\/\/floride.fr\/wp-content\/uploads\/2022\/12\/A7R1404-768x512.jpg 768w, https:\/\/floride.fr\/wp-content\/uploads\/2022\/12\/A7R1404-1536x1024.jpg 1536w, https:\/\/floride.fr\/wp-content\/uploads\/2022\/12\/A7R1404-2048x1365.jpg 2048w\" sizes=\"(max-width: 2560px) 100vw, 2560px\" \/><\/figure>\n\n\n\n<p> <strong>Dansavonden<\/strong><\/p>\n\n\n\n<p>Adembenemend ! Het is een kans om los te gaan op de dansvloer: professionele DJ&#8217;s, Foam en Snow Parties, Laser animaties !<\/p>\n<\/div><\/div>\n\n\n\n<div class=\"wp-container-69e7a2f1aa60e wp-block-group\"><div class=\"wp-block-group__inner-container\">\n<figure class=\"wp-block-image size-full\"><img loading=\"lazy\" width=\"2560\" height=\"1707\" src=\"https:\/\/floride.fr\/wp-content\/uploads\/2022\/12\/A7R1030-scaled.jpg\" alt=\"\" class=\"wp-image-7648\" srcset=\"https:\/\/floride.fr\/wp-content\/uploads\/2022\/12\/A7R1030-scaled.jpg 2560w, https:\/\/floride.fr\/wp-content\/uploads\/2022\/12\/A7R1030-300x200.jpg 300w, https:\/\/floride.fr\/wp-content\/uploads\/2022\/12\/A7R1030-1024x683.jpg 1024w, https:\/\/floride.fr\/wp-content\/uploads\/2022\/12\/A7R1030-768x512.jpg 768w, https:\/\/floride.fr\/wp-content\/uploads\/2022\/12\/A7R1030-1536x1024.jpg 1536w, https:\/\/floride.fr\/wp-content\/uploads\/2022\/12\/A7R1030-2048x1365.jpg 2048w\" sizes=\"(max-width: 2560px) 100vw, 2560px\" \/><\/figure>\n\n\n\n<p><strong>Voor uw kinderen<\/strong><\/p>\n\n\n\n<p>De kans om hun eerste stappen op het podium te zetten in hun eigen shows. Dankzij ons <strong>circuskamp<\/strong> kunnen jong en oud de kunst van <strong>het circus leren.<\/strong><\/p>\n\n\n\n<p><\/p>\n<\/div><\/div>\n<\/div>\n\n\n\n<div class=\"wp-container-69e7a2f1aabe4 wp-block-buttons\">\n<div class=\"wp-block-button is-style-outline\"><a class=\"wp-block-button__link has-couleur-1-color has-text-color\" href=\"https:\/\/floride.fr\/nl\/foto-galerij\/\">Zie de fotogalerij<\/a><\/div>\n<\/div>\n<\/div><\/section>\n\n<section class=\"wp-container-69e7a2f1ab2dc wp-block-group F-05-a\"><div class=\"wp-block-group__inner-container\">\n<div class=\"wp-block-columns are-vertically-aligned-center\">\n<div class=\"wp-block-column is-vertically-aligned-center deco-feuille1\">\n<h2 class=\"titre2 has-couleur-2-color has-text-color\" id=\"des-jeux-et-animations-inedits-en-cmaping-dans-le-sud-de-le-france-serez-vous-le-grand-gagnant\">Nieuwe spelletjes en activiteiten op een camping in Zuid-Frankrijk<\/h2>\n\n\n\n<p class=\"titre3 has-couleur-4-color has-text-color\" id=\"des-jeux-et-animations-inedits-en-cmaping-dans-le-sud-de-le-france-serez-vous-le-grand-gagnant\">Ben jij de grote winnaar ?<\/p>\n\n\n\n<p>Neem deel aan onze levensgrote spelen om plezier te maken met familie en vrienden ! Op <strong>onze camping met animatie in het zuiden van Frankrijk<\/strong> vindt u een breed scala aan faciliteiten om uw recreatieve activiteiten te diversifi\u00ebren. In <a href=\"https:\/\/floride.fr\/nl\/water-park\/\">het waterpark bij Perpignan<\/a> of in het <strong>centrum van het vakantiedorp<\/strong> is dit het moment om nieuwe activiteiten uit te proberen en nieuwe vrienden en herinneringen te maken! <\/p>\n\n\n\n<ul><li><strong>Big Bingos<\/strong>: Doe mee aan onze reuzenbingo en probeer vele cadeaus te winnen <em>(deelname verplicht)<\/em><\/li><li><strong>Casino en pokeravonden<\/strong><\/li><li><strong>Quizzen<\/strong>gedurende de week om je hersenen aan het werk te zetten<\/li><li><strong>Leuke familiespelletjes<\/strong> om samen nog meer herinneringen te maken<\/li><li><strong>Lasergames &amp; Bubble Games<\/strong>, laat je verleiden door deze nieuwe generatie games<\/li><\/ul>\n<\/div>\n\n\n\n<div class=\"wp-block-column is-vertically-aligned-center\">\n<figure class=\"wp-block-gallery has-nested-images columns-2 is-cropped deco-planche\">\n<figure class=\"wp-block-image size-full\"><img loading=\"lazy\" width=\"2560\" height=\"1707\" src=\"https:\/\/floride.fr\/wp-content\/uploads\/2022\/12\/A7R6829-scaled.jpg\" alt=\"\" class=\"wp-image-7626\" srcset=\"https:\/\/floride.fr\/wp-content\/uploads\/2022\/12\/A7R6829-scaled.jpg 2560w, https:\/\/floride.fr\/wp-content\/uploads\/2022\/12\/A7R6829-300x200.jpg 300w, https:\/\/floride.fr\/wp-content\/uploads\/2022\/12\/A7R6829-1024x683.jpg 1024w, https:\/\/floride.fr\/wp-content\/uploads\/2022\/12\/A7R6829-768x512.jpg 768w, https:\/\/floride.fr\/wp-content\/uploads\/2022\/12\/A7R6829-1536x1024.jpg 1536w, https:\/\/floride.fr\/wp-content\/uploads\/2022\/12\/A7R6829-2048x1365.jpg 2048w\" sizes=\"(max-width: 2560px) 100vw, 2560px\" \/><\/figure>\n\n\n\n<figure class=\"wp-block-image size-full\"><img loading=\"lazy\" width=\"2560\" height=\"1707\" src=\"https:\/\/floride.fr\/wp-content\/uploads\/2022\/12\/A7R6042-scaled.jpg\" alt=\"\" class=\"wp-image-7653\" srcset=\"https:\/\/floride.fr\/wp-content\/uploads\/2022\/12\/A7R6042-scaled.jpg 2560w, https:\/\/floride.fr\/wp-content\/uploads\/2022\/12\/A7R6042-300x200.jpg 300w, https:\/\/floride.fr\/wp-content\/uploads\/2022\/12\/A7R6042-1024x683.jpg 1024w, https:\/\/floride.fr\/wp-content\/uploads\/2022\/12\/A7R6042-768x512.jpg 768w, https:\/\/floride.fr\/wp-content\/uploads\/2022\/12\/A7R6042-1536x1024.jpg 1536w, https:\/\/floride.fr\/wp-content\/uploads\/2022\/12\/A7R6042-2048x1365.jpg 2048w\" sizes=\"(max-width: 2560px) 100vw, 2560px\" \/><\/figure>\n<\/figure>\n<\/div>\n<\/div>\n<\/div><\/section>\n\n<section class=\"wp-container-69e7a2f1ac389 wp-block-group F-20-a\"><div class=\"wp-block-group__inner-container\">\n<div class=\"wp-block-columns are-vertically-aligned-center\">\n<div class=\"wp-block-column is-vertically-aligned-center\">\n<figure class=\"wp-block-image size-full\"><img loading=\"lazy\" width=\"1596\" height=\"890\" src=\"https:\/\/floride.fr\/wp-content\/uploads\/2022\/12\/Mascottes-DET-1.png\" alt=\"\" class=\"wp-image-7621\" srcset=\"https:\/\/floride.fr\/wp-content\/uploads\/2022\/12\/Mascottes-DET-1.png 1596w, https:\/\/floride.fr\/wp-content\/uploads\/2022\/12\/Mascottes-DET-1-300x167.png 300w, https:\/\/floride.fr\/wp-content\/uploads\/2022\/12\/Mascottes-DET-1-1024x571.png 1024w, https:\/\/floride.fr\/wp-content\/uploads\/2022\/12\/Mascottes-DET-1-768x428.png 768w, https:\/\/floride.fr\/wp-content\/uploads\/2022\/12\/Mascottes-DET-1-1536x857.png 1536w\" sizes=\"(max-width: 1596px) 100vw, 1596px\" \/><\/figure>\n\n\n\n<div class=\"wp-container-69e7a2f1ab60c wp-block-buttons galerie\">\n<div class=\"wp-block-button\"><a class=\"wp-block-button__link has-couleur-4-background-color has-background\" href=\"https:\/\/floride.fr\/nl\/foto-galerij\/\"><i class=\"fal fa-images\"><\/i> Zie de fotogalerij<\/a><\/div>\n<\/div>\n<\/div>\n\n\n\n<div class=\"wp-block-column is-vertically-aligned-center\">\n<h3 class=\"titre1 has-couleur-1-color has-text-color\" id=\"les-soirees-ou-vous-etes-la-star\">De Mascottes du Floride presenteren hun dansende animaties!<\/h3>\n\n\n\n<p>En om u steeds momenten van vreugde en goed humeur te garanderen, geven onze mascottes ritme aan uw vakantie ! <\/p>\n\n\n\n<div class=\"wp-container-69e7a2f1ac07d wp-block-group pictos\">\n<div class=\"wp-container-69e7a2f1aba19 wp-block-group\"><div class=\"wp-block-group__inner-container\"><i class=\"fal fa-sun\"><\/i>\n\n\n\n<p><strong><strong>De zomerparade<\/strong><\/strong><\/p>\n\n\n\n<p>die je zal ontmoeten in de steegjes van de camping, met een cavalcade van gekke personages.<\/p>\n<\/div><\/div>\n\n\n\n<div class=\"wp-container-69e7a2f1abd9a wp-block-group\"><div class=\"wp-block-group__inner-container\"><i class=\"fal fa-stars\"><\/i>\n\n\n\n<p><strong><strong>De Dorpsdansen<\/strong><\/strong><\/p>\n\n\n\n<p>Neem elke dag deel aan de choreografie\u00ebn die onze animatoren voor u hebben bedacht: Zult u de danspasjes uittrekken?<\/p>\n<\/div><\/div>\n<\/div>\n<\/div>\n<\/div>\n<\/div><\/section>\n\n<section class=\"wp-container-69e7a2f1ac6fa wp-block-group\"><div class=\"wp-block-group__inner-container\">\n<p class=\"has-text-align-center\"><strong>Een geweldig activiteitenprogramma<\/strong>, plus alle <strong>sportactiviteiten die overdag<\/strong> gratis worden georganiseerd: van aquagym tot joggen, van tafeltennis tot fitness, er is voor elk wat wils! Bezoek onze speciale pagina voor meer informatie <a href=\"https:\/\/floride.fr\/nl\/activiteiten-animaties\/\">over de sportactiviteiten van Camping-Village le Floride in Le Barcar\u00e8s<\/a> (Languedoc-Roussillon).<\/p>\n\n\n\n<p class=\"has-text-align-center\">U bent nog nooit in een vakantiedorp geweest met zoveel animatie, wat Le Floride tot een unieke <strong>camping in Zuid-Frankrijk maakt.<\/strong><\/p>\n\n\n\n<p class=\"titre3 has-couleur-4-color has-text-color\" id=\"pratique-telechargez-l-application-cool-n-camp-sur-votre-smartphone-et-consultez-les-horaires-de-toutes-les-animations-en-temps-reel\">Handig: download de app &#8220;Ciela Village&#8221; op je smartphone en bekijk de tijden van alle activiteiten in realtime! <\/p>\n<\/div><\/section>\n","protected":false},"excerpt":{"rendered":"<p>Het animatieprogramma van de 5-sterrencamping Le Floride Lachen, dansen, zingen, verwonderen, feesten ! Uw vakantie op de 5 sterren camping Le Floride bij Perpignan is een gelegenheid om deel te nemen aan animaties zoals nergens anders. In vakantiedorp Le Floride in Barcar\u00e8s (66) beleeft u een groot avontuur, met tal van activiteiten voor het hele [&hellip;]<\/p>\n","protected":false},"author":1,"featured_media":0,"parent":0,"menu_order":0,"comment_status":"closed","ping_status":"closed","template":"","meta":[],"acf":[],"_links":{"self":[{"href":"https:\/\/floride.fr\/nl\/wp-json\/wp\/v2\/pages\/2947"}],"collection":[{"href":"https:\/\/floride.fr\/nl\/wp-json\/wp\/v2\/pages"}],"about":[{"href":"https:\/\/floride.fr\/nl\/wp-json\/wp\/v2\/types\/page"}],"author":[{"embeddable":true,"href":"https:\/\/floride.fr\/nl\/wp-json\/wp\/v2\/users\/1"}],"replies":[{"embeddable":true,"href":"https:\/\/floride.fr\/nl\/wp-json\/wp\/v2\/comments?post=2947"}],"version-history":[{"count":6,"href":"https:\/\/floride.fr\/nl\/wp-json\/wp\/v2\/pages\/2947\/revisions"}],"predecessor-version":[{"id":16382,"href":"https:\/\/floride.fr\/nl\/wp-json\/wp\/v2\/pages\/2947\/revisions\/16382"}],"wp:attachment":[{"href":"https:\/\/floride.fr\/nl\/wp-json\/wp\/v2\/media?parent=2947"}],"curies":[{"name":"wp","href":"https:\/\/api.w.org\/{rel}","templated":true}]}}