{"id":402,"date":"2022-03-11T15:09:25","date_gmt":"2022-03-11T14:09:25","guid":{"rendered":"https:\/\/floride.fr\/ontvangst\/"},"modified":"2026-03-17T11:52:29","modified_gmt":"2026-03-17T10:52:29","slug":"ontvangst","status":"publish","type":"page","link":"https:\/\/floride.fr\/nl\/","title":{"rendered":"ontvangst"},"content":{"rendered":"\n<figure class=\"wp-block-image alignfull size-full F-00-a\"><img loading=\"lazy\" width=\"1920\" height=\"1440\" src=\"https:\/\/floride.fr\/wp-content\/uploads\/2025\/11\/016_Camping_Occitanie_Le_Floride_et_l_Embouchure_Ciela_Village_Drone.webp\" alt=\"\" class=\"wp-image-15528\" srcset=\"https:\/\/floride.fr\/wp-content\/uploads\/2025\/11\/016_Camping_Occitanie_Le_Floride_et_l_Embouchure_Ciela_Village_Drone.webp 1920w, https:\/\/floride.fr\/wp-content\/uploads\/2025\/11\/016_Camping_Occitanie_Le_Floride_et_l_Embouchure_Ciela_Village_Drone-300x225.webp 300w, https:\/\/floride.fr\/wp-content\/uploads\/2025\/11\/016_Camping_Occitanie_Le_Floride_et_l_Embouchure_Ciela_Village_Drone-1024x768.webp 1024w, https:\/\/floride.fr\/wp-content\/uploads\/2025\/11\/016_Camping_Occitanie_Le_Floride_et_l_Embouchure_Ciela_Village_Drone-768x576.webp 768w, https:\/\/floride.fr\/wp-content\/uploads\/2025\/11\/016_Camping_Occitanie_Le_Floride_et_l_Embouchure_Ciela_Village_Drone-1536x1152.webp 1536w\" sizes=\"(max-width: 1920px) 100vw, 1920px\" \/><\/figure>\n\n<div class=\"wp-container-69e4496125b01 wp-block-group barre_resa-container\"><div class=\"wp-block-group__inner-container\">\n<div class=\"wp-container-69e4496125814 wp-block-buttons\">\n<div class=\"wp-block-button btn_resa\"><a class=\"wp-block-button__link has-background\" style=\"border-radius:30px;background-color:#e4032e;padding-top:1rem;padding-right:1rem;padding-bottom:1rem;padding-left:1rem\"><i class=\"fal fa-arrow-right\"><\/i> Ik reserveer<\/a><\/div>\n<\/div>\n<\/div><\/div>\n\n<p class=\"has-text-align-center titre1 has-couleur-1-color has-text-color\" id=\"a-port-barcares-faites-le-choix-du-depaysement-haut-de-gamme-en-2022\"><strong>Ontsnap voor een unieke ervaring in Barcar\u00e8s<br\/>tussen de Middellandse Zee en de Pyrenee\u00ebn-Orientales<\/strong><\/p>\n\n<h1 class=\"has-text-align-center has-couleur-1-color has-text-color\" id=\"a-port-barcares-faites-le-choix-du-depaysement-haut-de-gamme-en-2022\"><mark style=\"background-color:rgba(0, 0, 0, 0)\" class=\"has-inline-color has-couleur-4-color\">Welkom op de 5-sterrencamping Le Floride in Barcar\u00e8s<\/mark><\/h1>\n\n<section class=\"wp-container-69e4496125fc0 wp-block-group F-05-a\"><div class=\"wp-block-group__inner-container\">\n<div class=\"wp-block-columns are-vertically-aligned-center\">\n<div class=\"wp-block-column is-vertically-aligned-center\">\n<figure class=\"wp-block-gallery has-nested-images columns-2 is-cropped deco-fleur1\">\n<figure class=\"wp-block-image size-full\"><img loading=\"lazy\" width=\"1280\" height=\"959\" src=\"https:\/\/floride.fr\/wp-content\/uploads\/2025\/11\/043_Camping_Occitanie_Le_Floride_et_l_Embouchure_Ciela_Village_Drone.webp\" alt=\"\" class=\"wp-image-15640\" srcset=\"https:\/\/floride.fr\/wp-content\/uploads\/2025\/11\/043_Camping_Occitanie_Le_Floride_et_l_Embouchure_Ciela_Village_Drone.webp 1280w, https:\/\/floride.fr\/wp-content\/uploads\/2025\/11\/043_Camping_Occitanie_Le_Floride_et_l_Embouchure_Ciela_Village_Drone-300x225.webp 300w, https:\/\/floride.fr\/wp-content\/uploads\/2025\/11\/043_Camping_Occitanie_Le_Floride_et_l_Embouchure_Ciela_Village_Drone-1024x767.webp 1024w, https:\/\/floride.fr\/wp-content\/uploads\/2025\/11\/043_Camping_Occitanie_Le_Floride_et_l_Embouchure_Ciela_Village_Drone-768x575.webp 768w\" sizes=\"(max-width: 1280px) 100vw, 1280px\" \/><\/figure>\n\n\n\n<figure class=\"wp-block-image size-full is-style-default\"><img loading=\"lazy\" width=\"1280\" height=\"853\" src=\"https:\/\/floride.fr\/wp-content\/uploads\/2025\/11\/435_Camping_Occitanie_Le_Floride_et_l_Embouchure_Ciela_Village_Aire_de_Jeux.webp\" alt=\"\" class=\"wp-image-15645\" srcset=\"https:\/\/floride.fr\/wp-content\/uploads\/2025\/11\/435_Camping_Occitanie_Le_Floride_et_l_Embouchure_Ciela_Village_Aire_de_Jeux.webp 1280w, https:\/\/floride.fr\/wp-content\/uploads\/2025\/11\/435_Camping_Occitanie_Le_Floride_et_l_Embouchure_Ciela_Village_Aire_de_Jeux-300x200.webp 300w, https:\/\/floride.fr\/wp-content\/uploads\/2025\/11\/435_Camping_Occitanie_Le_Floride_et_l_Embouchure_Ciela_Village_Aire_de_Jeux-1024x682.webp 1024w, https:\/\/floride.fr\/wp-content\/uploads\/2025\/11\/435_Camping_Occitanie_Le_Floride_et_l_Embouchure_Ciela_Village_Aire_de_Jeux-768x512.webp 768w\" sizes=\"(max-width: 1280px) 100vw, 1280px\" \/><\/figure>\n<\/figure>\n\n\n\n<p class=\"encart--plage\"><a href=\"https:\/\/floride.fr\/nl\/directe-toegang-tot-het-strand\/\">Geniet van directe toegang tot het strand!<\/a><\/p>\n<\/div>\n\n\n\n<div class=\"wp-block-column is-vertically-aligned-center deco-feuille1\">\n<h2 class=\"titre2 has-couleur-2-color has-text-color\" id=\"a-port-barcares-vivez-un-depaysement-total-au-village-vacances-le-floride\">Beleef in Port Barcar\u00e8s een complete verandering van omgeving in het vakantiedorp Le Floride et l&#8217;Embouchure<\/h2>\n\n\n\n<p class=\"brush has-couleur-1-color has-text-color\">Geopend van 3 april tot en met 27 september 2026 en van 17 oktober tot en met 1 november 2026.<\/p>\n\n\n\n<p>Waan je ergens anders, zo dicht bij huis, en ontdek het vakantieparadijs aan de oevers van de Middellandse Zee, in een betoverende natuurlijke omgeving op een steenworp afstand van het <strong>Catalaanse dorp Le Barcar\u00e8s (66).<\/strong> Dat is de belofte van onze luxe camping in de Pyr\u00e9n\u00e9es-Orientales aan zee. <\/p>\n\n\n\n<p>In de Roussillon, vlak bij Perpignan, heet camping Le Floride in Barcar\u00e8s u van harte welkom. Deze camping is al meer dan 60 jaar een begrip en weet bezoekers aan deze prachtige regio in Zuid-Frankrijk keer op keer te bekoren.<\/p>\n\n\n\n<p>Ons 5-sterrenhotel in de Languedoc-Roussillon ligt aan zee en biedt u optimale kwaliteit en comfort voor een vakantie waarin luxe en ontspanning samengaan met plezier en gelukkige momenten met familie of vrienden. <\/p>\n\n\n\n<p>Le Floride est le lieu de vill\u00e9giature id\u00e9al pour votre <a href=\"https:\/\/floride.fr\/location-vacances-pyrenees-orientales\/\" data-type=\"page\" data-id=\"12968\">location de vacances en Pyr\u00e9n\u00e9es-Orientales<\/a>, qui forme un v\u00e9ritable <strong>village de vacances <\/strong>et de bien-\u00eatre, r\u00e9guli\u00e8rement mis \u00e0 l\u2019honneur \u00e0 la t\u00e9l\u00e9vision sur C8, 6Ter, TMC et sur TF1 pour la saison 1 de camping Family, et ses shows XXL.<\/p>\n<\/div>\n<\/div>\n<\/div><\/section>\n\n<section class=\"wp-container-69e4496126693 wp-block-group F-10-a\"><div class=\"wp-block-group__inner-container\">\n<div class=\"wp-block-columns are-vertically-aligned-center\">\n<div class=\"wp-block-column is-vertically-aligned-center\">\n<h2 class=\"titre1 has-couleur-1-color has-text-color\" id=\"se-sentir-ailleurs-si-pres-de-chez-soi-et-decouvrez-le-paradis-des-vacances-au-bord-de-la-mediterranee-dans-un-cadre-naturel-et-enchanteur-a-quelques-encablures-du-village-catalan-du-barcares-66\">Verhuur op camping Le Floride<\/h2>\n\n\n\n<p>Camping Le Floride in Port Barcar\u00e8s biedt u een ruime keuze aan hoogwaardige accommodaties: stacaravans die allemaal zijn uitgerust met tv en wifi, waarvan sommige geschikt zijn voor mindervaliden, maar ook bijzondere accommodaties die u nergens anders vindt: luxe chalets, Hawaiiaanse far\u00e9s, westernwagens enz.<\/p>\n\n\n\n<div class=\"wp-container-69e4496126324 wp-block-buttons\">\n<div class=\"wp-block-button btn_resa\"><a class=\"wp-block-button__link has-couleur-2-background-color has-background\"><i class=\"fal fa-search\"><\/i> Boek<\/a><\/div>\n<\/div>\n<\/div>\n\n\n\n<div class=\"wp-block-column is-vertically-aligned-center\">\n<figure class=\"wp-block-gallery has-nested-images columns-3 is-cropped deco-planche deco-rectangle1\">\n<figure class=\"wp-block-image size-full\"><img loading=\"lazy\" width=\"1280\" height=\"853\" src=\"https:\/\/floride.fr\/wp-content\/uploads\/2025\/11\/221_Camping_Occitanie_Le_Floride_et_l_Embouchure_Ciela_Village_Quartiers.webp\" alt=\"\" class=\"wp-image-15650\" srcset=\"https:\/\/floride.fr\/wp-content\/uploads\/2025\/11\/221_Camping_Occitanie_Le_Floride_et_l_Embouchure_Ciela_Village_Quartiers.webp 1280w, https:\/\/floride.fr\/wp-content\/uploads\/2025\/11\/221_Camping_Occitanie_Le_Floride_et_l_Embouchure_Ciela_Village_Quartiers-300x200.webp 300w, https:\/\/floride.fr\/wp-content\/uploads\/2025\/11\/221_Camping_Occitanie_Le_Floride_et_l_Embouchure_Ciela_Village_Quartiers-1024x682.webp 1024w, https:\/\/floride.fr\/wp-content\/uploads\/2025\/11\/221_Camping_Occitanie_Le_Floride_et_l_Embouchure_Ciela_Village_Quartiers-768x512.webp 768w\" sizes=\"(max-width: 1280px) 100vw, 1280px\" \/><\/figure>\n\n\n\n<figure class=\"wp-block-image size-full\"><img loading=\"lazy\" width=\"1280\" height=\"853\" src=\"https:\/\/floride.fr\/wp-content\/uploads\/2025\/11\/240_Camping_Occitanie_Le_Floride_et_l_Embouchure_Ciela_Village_Hebergement.webp\" alt=\"\" class=\"wp-image-15655\" srcset=\"https:\/\/floride.fr\/wp-content\/uploads\/2025\/11\/240_Camping_Occitanie_Le_Floride_et_l_Embouchure_Ciela_Village_Hebergement.webp 1280w, https:\/\/floride.fr\/wp-content\/uploads\/2025\/11\/240_Camping_Occitanie_Le_Floride_et_l_Embouchure_Ciela_Village_Hebergement-300x200.webp 300w, https:\/\/floride.fr\/wp-content\/uploads\/2025\/11\/240_Camping_Occitanie_Le_Floride_et_l_Embouchure_Ciela_Village_Hebergement-1024x682.webp 1024w, https:\/\/floride.fr\/wp-content\/uploads\/2025\/11\/240_Camping_Occitanie_Le_Floride_et_l_Embouchure_Ciela_Village_Hebergement-768x512.webp 768w\" sizes=\"(max-width: 1280px) 100vw, 1280px\" \/><\/figure>\n<\/figure>\n<\/div>\n<\/div>\n<\/div><\/section>\n\n<section class=\"wp-container-69e4496127041 wp-block-group F-15-a vague-top vague-bottom ligne1-top has-bg-1-background-color has-background\"><div class=\"wp-block-group__inner-container\">\n<h2 class=\"titre1 has-couleur-1-color has-text-color\" id=\"vos-vacances-commencent-maintenant\">Uw vakantie begint nu!<\/h2>\n\n\n\n<div class=\"wp-block-media-text is-stacked-on-mobile is-image-fill\"><figure class=\"wp-block-media-text__media\" style=\"background-image:url(https:\/\/floride.fr\/wp-content\/uploads\/2025\/11\/139_Camping_Occitanie_Le_Floride_et_l_Embouchure_Ciela_Village_Parc_Aquatique-683x1024.webp);background-position:0% 50%\"><img loading=\"lazy\" width=\"683\" height=\"1024\" src=\"https:\/\/floride.fr\/wp-content\/uploads\/2025\/11\/139_Camping_Occitanie_Le_Floride_et_l_Embouchure_Ciela_Village_Parc_Aquatique-683x1024.webp\" alt=\"\" class=\"wp-image-15660 size-full\" srcset=\"https:\/\/floride.fr\/wp-content\/uploads\/2025\/11\/139_Camping_Occitanie_Le_Floride_et_l_Embouchure_Ciela_Village_Parc_Aquatique-683x1024.webp 683w, https:\/\/floride.fr\/wp-content\/uploads\/2025\/11\/139_Camping_Occitanie_Le_Floride_et_l_Embouchure_Ciela_Village_Parc_Aquatique-200x300.webp 200w, https:\/\/floride.fr\/wp-content\/uploads\/2025\/11\/139_Camping_Occitanie_Le_Floride_et_l_Embouchure_Ciela_Village_Parc_Aquatique-768x1152.webp 768w, https:\/\/floride.fr\/wp-content\/uploads\/2025\/11\/139_Camping_Occitanie_Le_Floride_et_l_Embouchure_Ciela_Village_Parc_Aquatique-1024x1536.webp 1024w, https:\/\/floride.fr\/wp-content\/uploads\/2025\/11\/139_Camping_Occitanie_Le_Floride_et_l_Embouchure_Ciela_Village_Parc_Aquatique.webp 1280w\" sizes=\"(max-width: 683px) 100vw, 683px\" \/><\/figure><div class=\"wp-block-media-text__content\">\n<div class=\"wp-block-media-text is-stacked-on-mobile is-image-fill deco-coco\"><figure class=\"wp-block-media-text__media\" style=\"background-image:url(https:\/\/floride.fr\/wp-content\/uploads\/2025\/11\/080_Camping_Occitanie_Le_Floride_et_l_Embouchure_Ciela_Village_Parc_Aquatique-683x1024.webp);background-position:50% 50%\"><img loading=\"lazy\" width=\"683\" height=\"1024\" src=\"https:\/\/floride.fr\/wp-content\/uploads\/2025\/11\/080_Camping_Occitanie_Le_Floride_et_l_Embouchure_Ciela_Village_Parc_Aquatique-683x1024.webp\" alt=\"\" class=\"wp-image-15665 size-full\" srcset=\"https:\/\/floride.fr\/wp-content\/uploads\/2025\/11\/080_Camping_Occitanie_Le_Floride_et_l_Embouchure_Ciela_Village_Parc_Aquatique-683x1024.webp 683w, https:\/\/floride.fr\/wp-content\/uploads\/2025\/11\/080_Camping_Occitanie_Le_Floride_et_l_Embouchure_Ciela_Village_Parc_Aquatique-200x300.webp 200w, https:\/\/floride.fr\/wp-content\/uploads\/2025\/11\/080_Camping_Occitanie_Le_Floride_et_l_Embouchure_Ciela_Village_Parc_Aquatique-768x1152.webp 768w, https:\/\/floride.fr\/wp-content\/uploads\/2025\/11\/080_Camping_Occitanie_Le_Floride_et_l_Embouchure_Ciela_Village_Parc_Aquatique-1024x1536.webp 1024w, https:\/\/floride.fr\/wp-content\/uploads\/2025\/11\/080_Camping_Occitanie_Le_Floride_et_l_Embouchure_Ciela_Village_Parc_Aquatique.webp 1280w\" sizes=\"(max-width: 683px) 100vw, 683px\" \/><\/figure><div class=\"wp-block-media-text__content\">\n<blockquote class=\"wp-block-quote\"><p>&#8220;Ik ben net terug en mijn gedachten brengen me terug naar deze magische plek! We voelen ons hier zo goed dat het moeilijk is om te vertrekken&#8230; Wat ons troost is de wetenschap dat we terug zullen komen om opnieuw uitzonderlijke momenten door te brengen: met vrienden, in de zon, in een geweldige sfeer, zonder stress, en zo goed ontvangen&#8230; &#8220;<\/p><cite>Henry, die in augustus kwam<\/cite><\/blockquote>\n<\/div><\/div>\n\n\n\n<h3 id=\"profitez-d-un-immense-parc-aquatique-pres-de-perpignan\">Luxe camping in de Pyr\u00e9n\u00e9es Orientales met directe toegang tot het strand van Barcar\u00e8s<\/h3>\n\n\n\n<p>De omgeving van Embouchure is ideaal voor natuurliefhebbers en liefhebbers van caravanning. Hier bevindt zich de directe toegang tot het strand van <a href=\"https:\/\/floride.fr\/nl\/directe-toegang-tot-het-strand\/\">Barcar\u00e8s <\/a>(66), een beveiligde poort die u toegang geeft tot de Middellandse Zee. 100 meter lopen en je bent in het water!<\/p>\n\n\n\n<p>Geniet van alle <a href=\"https:\/\/floride.fr\/nl\/service-catering\/\">luxe voorzieningen<\/a> die de grootste camping van Port Barcar\u00e8s te bieden heeft: de Kahuna Spa (hamam, massages, schoonheidsbehandelingen), de Kahuna Coiff\u2019 (kapsalon), het bar-restaurant, de supermarkt, de speelzaal, enz. en geniet van de directe toegang tot het strand van Barcar\u00e8s op onze camping in de Pyr\u00e9n\u00e9es-Orientales aan zee, maar ook van onze fitnessruimte.<\/p>\n\n\n\n<h3 id=\"profitez-d-un-immense-parc-aquatique-pres-de-perpignan\">Geniet van een enorm waterpark bij Perpignan<\/h3>\n\n\n\n<p>En vooral de iconische ruimte waar camping Le Floride in Roussillon en Zuid-Frankrijk bekend om staat: het waterpark van 4700 m\u00b2 met verwarmde zwembaden, een overdekt zwembad, jacuzzi&#8217;s, een peuterbad, grote glijbanen, een pentagliss en een wildwaterbaan! Het hele gezin kan genieten van deze cultusplaats op onze <strong>camping Languedoc-Roussillon met waterpark in Perpignan.<\/strong> <\/p>\n\n\n\n<div class=\"wp-container-69e4496126a6b wp-block-buttons\">\n<div class=\"wp-block-button btn_resa\"><a class=\"wp-block-button__link has-couleur-2-background-color has-background\" href=\"https:\/\/floride.fr\/nl\/water-park\/\"><i class=\"fal fa-search\"><\/i> Bekijk het waterpark<\/a><\/div>\n<\/div>\n\n\n\n<h3 id=\"au-barcares-optez-pour-le-confort-de-nos-mobil-homes-prestigieux\">Kies in Barcar\u00e8s voor het comfort van onze prestigieuze stacaravans<\/h3>\n\n\n\n<p>De camping biedt u een ruime keuze aan luxe accommodaties, zoals onze stacaravans in Barcar\u00e8s, die allemaal zijn uitgerust met tv en wifi en waarvan sommige toegankelijk zijn voor mindervaliden; maar ook bijzondere accommodaties aan de Middellandse Zee die u nergens anders vindt: luxe chalets, Hawaiiaanse far\u00e9s, western-stijl woonwagens, Exception Spa-stacaravans\u2026<br\/>En natuurlijk een selectie van staanplaatsen aan zee voor een vakantie in een tent, caravan of camper.<\/p>\n\n\n\n<div class=\"wp-container-69e4496126d99 wp-block-buttons\">\n<div class=\"wp-block-button btn_resa is-style-fill\"><a class=\"wp-block-button__link has-couleur-2-background-color has-background\" href=\"https:\/\/floride.fr\/nl\/verhuur\/\"><i class=\"fal fa-search\"><\/i> Bekijk de accommodatie<\/a><\/div>\n<\/div>\n<\/div><\/div>\n<\/div><\/section>\n\n<section class=\"wp-container-69e449612775f wp-block-group F-20-a\"><div class=\"wp-block-group__inner-container\">\n<h2 id=\"camping-5-etoiles-en-languedoc-roussillon-aux-prestations-luxueuses\">5-sterren luxe camping in Languedoc Roussillon<\/h2>\n\n\n\n<p>Voor een luxe vakantie aan zee in de <a href=\"https:\/\/floride.fr\/nl\/omgeving\/\">Languedoc-Roussillon <\/a>is Le Floride, een 5-sterrencamping in de Pyr\u00e9n\u00e9es-Orientales, de ideale plek! Ontspan aan de oevers van de Middellandse Zee <strong>met directe toegang tot het strand van Barcar\u00e8s<\/strong> en <strong>ons thalassotherapeutisch wellnesscentrum.<\/strong> De deskundige handen van onze professionele masseuses en kappers zorgen voor plezier en comfort op de camping vlakbij <strong>Perpignan<\/strong>. Onze animator kan bovendien jong en oud spierversterkende oefeningen aanbieden in onze openluchtfaciliteit, zodat u weer in contact komt met uw emoties en spanningen loslaat. Ons hele team zet zich in om u te vermaken en u unieke activiteiten aan te bieden in dit echte vakantiedorp in Barcar\u00e8s. Zin in een snack ? In onze verschillende restaurants kunt u genieten van heerlijke mediterrane gerechten met typische accenten uit de Languedoc-Roussillon. Deze omvatten zeevruchten, specialiteiten uit de Pyrenee\u00ebn en snacks om ter plekke te eten of mee te nemen. Vind alles wat u nodig heeft en nog veel meer op onze camping in Barcar\u00e8s (66), vol verrassingen!        <\/p>\n\n\n\n<div style=\"height:100px\" aria-hidden=\"true\" class=\"wp-block-spacer\"><\/div>\n\n\n\n<div class=\"wp-block-columns are-vertically-aligned-center\">\n<div class=\"wp-block-column is-vertically-aligned-center\">\n<figure class=\"wp-block-gallery has-nested-images columns-2 is-cropped deco-fleur2 deco-rectangle2\">\n<figure class=\"wp-block-image size-full\"><img loading=\"lazy\" width=\"1280\" height=\"853\" src=\"https:\/\/floride.fr\/wp-content\/uploads\/2025\/11\/325_Camping_Occitanie_Le_Floride_et_l_Embouchure_Ciela_Village_Espace_Bien_Etre_Kahuna_Spa.webp\" alt=\"\" class=\"wp-image-15670\" srcset=\"https:\/\/floride.fr\/wp-content\/uploads\/2025\/11\/325_Camping_Occitanie_Le_Floride_et_l_Embouchure_Ciela_Village_Espace_Bien_Etre_Kahuna_Spa.webp 1280w, https:\/\/floride.fr\/wp-content\/uploads\/2025\/11\/325_Camping_Occitanie_Le_Floride_et_l_Embouchure_Ciela_Village_Espace_Bien_Etre_Kahuna_Spa-300x200.webp 300w, https:\/\/floride.fr\/wp-content\/uploads\/2025\/11\/325_Camping_Occitanie_Le_Floride_et_l_Embouchure_Ciela_Village_Espace_Bien_Etre_Kahuna_Spa-1024x682.webp 1024w, https:\/\/floride.fr\/wp-content\/uploads\/2025\/11\/325_Camping_Occitanie_Le_Floride_et_l_Embouchure_Ciela_Village_Espace_Bien_Etre_Kahuna_Spa-768x512.webp 768w\" sizes=\"(max-width: 1280px) 100vw, 1280px\" \/><\/figure>\n\n\n\n<figure class=\"wp-block-image size-full\"><img loading=\"lazy\" width=\"1280\" height=\"853\" src=\"https:\/\/floride.fr\/wp-content\/uploads\/2025\/11\/320_Camping_Occitanie_Le_Floride_et_l_Embouchure_Ciela_Village_Espace_Bien_Etre_Kahuna_Spa.webp\" alt=\"\" class=\"wp-image-15675\" srcset=\"https:\/\/floride.fr\/wp-content\/uploads\/2025\/11\/320_Camping_Occitanie_Le_Floride_et_l_Embouchure_Ciela_Village_Espace_Bien_Etre_Kahuna_Spa.webp 1280w, https:\/\/floride.fr\/wp-content\/uploads\/2025\/11\/320_Camping_Occitanie_Le_Floride_et_l_Embouchure_Ciela_Village_Espace_Bien_Etre_Kahuna_Spa-300x200.webp 300w, https:\/\/floride.fr\/wp-content\/uploads\/2025\/11\/320_Camping_Occitanie_Le_Floride_et_l_Embouchure_Ciela_Village_Espace_Bien_Etre_Kahuna_Spa-1024x682.webp 1024w, https:\/\/floride.fr\/wp-content\/uploads\/2025\/11\/320_Camping_Occitanie_Le_Floride_et_l_Embouchure_Ciela_Village_Espace_Bien_Etre_Kahuna_Spa-768x512.webp 768w\" sizes=\"(max-width: 1280px) 100vw, 1280px\" \/><\/figure>\n<\/figure>\n\n\n\n<div class=\"wp-container-69e449612742a wp-block-buttons galerie\">\n<div class=\"wp-block-button\"><a class=\"wp-block-button__link\" href=\"https:\/\/floride.fr\/nl\/foto-galerij\/\"><i class=\"fal fa-images\"><\/i> Bekijk de mediagalerij<\/a><\/div>\n<\/div>\n<\/div>\n\n\n\n<div class=\"wp-block-column is-vertically-aligned-center\">\n<h3 class=\"titre1 has-couleur-2-color has-text-color\" id=\"se-sentir-ailleurs-si-pres-de-chez-soi-et-decouvrez-le-paradis-des-vacances-au-bord-de-la-mediterranee-dans-un-cadre-naturel-et-enchanteur-a-quelques-encablures-du-village-catalan-du-barcares-66\">Wellness-diensten :<\/h3>\n\n\n\n<p class=\"brush has-couleur-1-color has-text-color\">SPA, massage, schoonheid<\/p>\n\n\n\n<p>Geopend van 3 april tot en met 27 september 2026 en van 17 oktober tot en met 1 november 2026 heet het campingdorp &amp; verwelkomt u samen met uw dierbaren, of het nu gaat om een voordelig weekendje weg in de buurt van Perpignan, een paas- of herfstvakantie met het gezin aan zee, of een levendig en onvergetelijk verblijf in de Pyr\u00e9n\u00e9es-Orientales\u2026 Laat u verwennen en in de watten leggen door het team van Le Floride. Hammam, sauna en schoonheidssalon wachten op u in onze <a href=\"https:\/\/floride.fr\/nl\/wellness\/\">wellnessruimte <\/a>in het hart van de Languedoc-Roussillon.<\/p>\n<\/div>\n<\/div>\n<\/div><\/section>\n\n<section class=\"wp-container-69e4496127dfb wp-block-group F-25-a vague-top ligne2-top deco-ananas has-couleur-1-background-color has-background\"><div class=\"wp-block-group__inner-container\">\n<h3 class=\"titre1 has-blanc-color has-text-color\" id=\"bar-snack-restaurants\">Bar, Snack &amp; Restaurants<\/h3>\n\n\n\n<figure class=\"wp-block-gallery has-nested-images columns-default is-cropped\">\n<figure class=\"wp-block-image size-full\"><img loading=\"lazy\" width=\"1280\" height=\"853\" src=\"https:\/\/floride.fr\/wp-content\/uploads\/2025\/11\/193_Camping_Occitanie_Le_Floride_et_l_Embouchure_Ciela_Village_Tiki_Restaurant.webp\" alt=\"\" class=\"wp-image-15685\" srcset=\"https:\/\/floride.fr\/wp-content\/uploads\/2025\/11\/193_Camping_Occitanie_Le_Floride_et_l_Embouchure_Ciela_Village_Tiki_Restaurant.webp 1280w, https:\/\/floride.fr\/wp-content\/uploads\/2025\/11\/193_Camping_Occitanie_Le_Floride_et_l_Embouchure_Ciela_Village_Tiki_Restaurant-300x200.webp 300w, https:\/\/floride.fr\/wp-content\/uploads\/2025\/11\/193_Camping_Occitanie_Le_Floride_et_l_Embouchure_Ciela_Village_Tiki_Restaurant-1024x682.webp 1024w, https:\/\/floride.fr\/wp-content\/uploads\/2025\/11\/193_Camping_Occitanie_Le_Floride_et_l_Embouchure_Ciela_Village_Tiki_Restaurant-768x512.webp 768w\" sizes=\"(max-width: 1280px) 100vw, 1280px\" \/><figcaption>Het Tiki Restaurant<\/figcaption><\/figure>\n\n\n\n<figure class=\"wp-block-image size-large\"><img loading=\"lazy\" width=\"1024\" height=\"683\" src=\"https:\/\/floride.fr\/wp-content\/uploads\/2022\/05\/pexels-engin-akyurt-3219547-1024x683.jpg\" alt=\"\" class=\"wp-image-3792\" srcset=\"https:\/\/floride.fr\/wp-content\/uploads\/2022\/05\/pexels-engin-akyurt-3219547-1024x683.jpg 1024w, https:\/\/floride.fr\/wp-content\/uploads\/2022\/05\/pexels-engin-akyurt-3219547-300x200.jpg 300w, https:\/\/floride.fr\/wp-content\/uploads\/2022\/05\/pexels-engin-akyurt-3219547-768x512.jpg 768w, https:\/\/floride.fr\/wp-content\/uploads\/2022\/05\/pexels-engin-akyurt-3219547-1536x1024.jpg 1536w, https:\/\/floride.fr\/wp-content\/uploads\/2022\/05\/pexels-engin-akyurt-3219547-2048x1365.jpg 2048w\" sizes=\"(max-width: 1024px) 100vw, 1024px\" \/><figcaption>Afhaalmaaltijden<\/figcaption><\/figure>\n\n\n\n<figure class=\"wp-block-image size-full\"><img loading=\"lazy\" width=\"1280\" height=\"853\" src=\"https:\/\/floride.fr\/wp-content\/uploads\/2025\/11\/171_Camping_Occitanie_Le_Floride_et_l_Embouchure_Ciela_Village_Food_Truck_Starlite_Dinner.webp\" alt=\"\" class=\"wp-image-15680\" srcset=\"https:\/\/floride.fr\/wp-content\/uploads\/2025\/11\/171_Camping_Occitanie_Le_Floride_et_l_Embouchure_Ciela_Village_Food_Truck_Starlite_Dinner.webp 1280w, https:\/\/floride.fr\/wp-content\/uploads\/2025\/11\/171_Camping_Occitanie_Le_Floride_et_l_Embouchure_Ciela_Village_Food_Truck_Starlite_Dinner-300x200.webp 300w, https:\/\/floride.fr\/wp-content\/uploads\/2025\/11\/171_Camping_Occitanie_Le_Floride_et_l_Embouchure_Ciela_Village_Food_Truck_Starlite_Dinner-1024x682.webp 1024w, https:\/\/floride.fr\/wp-content\/uploads\/2025\/11\/171_Camping_Occitanie_Le_Floride_et_l_Embouchure_Ciela_Village_Food_Truck_Starlite_Dinner-768x512.webp 768w\" sizes=\"(max-width: 1280px) 100vw, 1280px\" \/><figcaption>De Starlite Diner food truck<\/figcaption><\/figure>\n<\/figure>\n\n\n\n<div class=\"wp-container-69e4496127b5f wp-block-buttons\">\n<div class=\"wp-block-button is-style-outline\"><a class=\"wp-block-button__link has-blanc-color has-text-color\" href=\"https:\/\/floride.fr\/nl\/service-catering\/\">Lees meer<\/a><\/div>\n<\/div>\n<\/div><\/section>\n","protected":false},"excerpt":{"rendered":"<p>Ontsnap voor een unieke ervaring in Barcar\u00e8stussen de Middellandse Zee en de Pyrenee\u00ebn-Orientales Welkom op de 5-sterrencamping Le Floride in Barcar\u00e8s Geniet van directe toegang tot het strand! Beleef in Port Barcar\u00e8s een complete verandering van omgeving in het vakantiedorp Le Floride et l&#8217;Embouchure Geopend van 3 april tot en met 27 september 2026 en [&hellip;]<\/p>\n","protected":false},"author":1,"featured_media":0,"parent":0,"menu_order":0,"comment_status":"closed","ping_status":"closed","template":"","meta":[],"acf":[],"_links":{"self":[{"href":"https:\/\/floride.fr\/nl\/wp-json\/wp\/v2\/pages\/402"}],"collection":[{"href":"https:\/\/floride.fr\/nl\/wp-json\/wp\/v2\/pages"}],"about":[{"href":"https:\/\/floride.fr\/nl\/wp-json\/wp\/v2\/types\/page"}],"author":[{"embeddable":true,"href":"https:\/\/floride.fr\/nl\/wp-json\/wp\/v2\/users\/1"}],"replies":[{"embeddable":true,"href":"https:\/\/floride.fr\/nl\/wp-json\/wp\/v2\/comments?post=402"}],"version-history":[{"count":6,"href":"https:\/\/floride.fr\/nl\/wp-json\/wp\/v2\/pages\/402\/revisions"}],"predecessor-version":[{"id":16280,"href":"https:\/\/floride.fr\/nl\/wp-json\/wp\/v2\/pages\/402\/revisions\/16280"}],"wp:attachment":[{"href":"https:\/\/floride.fr\/nl\/wp-json\/wp\/v2\/media?parent=402"}],"curies":[{"name":"wp","href":"https:\/\/api.w.org\/{rel}","templated":true}]}}