{"id":7952,"date":"2023-01-06T13:09:04","date_gmt":"2023-01-06T12:09:04","guid":{"rendered":"https:\/\/floride.fr\/onze-kwaliteits-en-milieuaanpak\/"},"modified":"2026-03-17T14:34:42","modified_gmt":"2026-03-17T13:34:42","slug":"onze-kwaliteits-en-milieuaanpak","status":"publish","type":"page","link":"https:\/\/floride.fr\/nl\/onze-kwaliteits-en-milieuaanpak\/","title":{"rendered":"Onze kwaliteits- en milieuaanpak"},"content":{"rendered":"\n<figure class=\"wp-block-image alignfull size-full F-00-b\"><img loading=\"lazy\" width=\"2560\" height=\"1707\" src=\"https:\/\/floride.fr\/wp-content\/uploads\/2022\/05\/pexels-anton-atanasov-566496-scaled.jpg\" alt=\"\" class=\"wp-image-4806\" srcset=\"https:\/\/floride.fr\/wp-content\/uploads\/2022\/05\/pexels-anton-atanasov-566496-scaled.jpg 2560w, https:\/\/floride.fr\/wp-content\/uploads\/2022\/05\/pexels-anton-atanasov-566496-300x200.jpg 300w, https:\/\/floride.fr\/wp-content\/uploads\/2022\/05\/pexels-anton-atanasov-566496-1024x683.jpg 1024w, https:\/\/floride.fr\/wp-content\/uploads\/2022\/05\/pexels-anton-atanasov-566496-768x512.jpg 768w, https:\/\/floride.fr\/wp-content\/uploads\/2022\/05\/pexels-anton-atanasov-566496-1536x1024.jpg 1536w, https:\/\/floride.fr\/wp-content\/uploads\/2022\/05\/pexels-anton-atanasov-566496-2048x1365.jpg 2048w\" sizes=\"(max-width: 2560px) 100vw, 2560px\" \/><\/figure>\n\n<section class=\"wp-container-69d118bc1fbee wp-block-group\"><div class=\"wp-block-group__inner-container\">\n<h1 class=\"has-text-align-center has-couleur-1-color has-text-color\" id=\"notre-demarche-environnementale\">Onze kwaliteits- en milieuaanpak<\/h1>\n\n\n\n<h2 class=\"has-text-align-center has-couleur-2-color has-text-color\" id=\"le-camping-et-l-environnement-les-plus-verts-du-camping\">De camping en de omgeving: De groene kant van de camping<\/h2>\n\n\n\n<p class=\"has-text-align-center\">Op camping Le Floride hechten we bijzonder veel belang aan het milieu en het respect voor de natuur. Onze <strong>camping ligt op een bevoorrechte<\/strong> locatie, direct aan zee in Le Barcar\u00e8s, grenzend aan prachtige fijne zandstranden die typisch zijn voor de regio Languedoc-Roussillon. Hier leven we in <strong>harmonie met de natuur.<\/strong><\/p>\n<\/div><\/section>\n\n<section class=\"wp-container-69d118bc2036b wp-block-group F-05-a\"><div class=\"wp-block-group__inner-container\">\n<div class=\"wp-block-columns are-vertically-aligned-center\">\n<div class=\"wp-block-column is-vertically-aligned-center deco-feuille3\">\n<div class=\"wp-block-columns\">\n<div class=\"wp-block-column\">\n<h3 class=\"has-couleur-4-color has-text-color\" id=\"economies-d-energie\">Energiebesparing<\/h3>\n\n\n\n<ul><li>Installatie van LED&#8217;s en spaarlampen<\/li><li>Sleutelschakelaar voor elektriciteit in alle stacaravans van het modeljaar 2010\/2011<\/li><li>100% glaswol isolatie in stacaravans<\/li><li>Klasse A of A+ apparaten in stacaravans<\/li><li>Timer op de buitenlamp van stacaravans uit 2008 en timer voor verlichting in gemeenschappelijke ruimten<\/li><li>Gebruik van elektrische voertuigen: 8 golfkarretjes, 1 volledig elektrische Kangoo ZE<\/li><li>Elektrische heggenscharen die ook minder geluidshinder veroorzaken<\/li><\/ul>\n<\/div>\n\n\n\n<div class=\"wp-block-column\">\n<h3 class=\"has-couleur-4-color has-text-color\" id=\"gestion-des-dechets\">Afvalbeheer<\/h3>\n\n\n\n<ul><li>Selectieve sorteerbak<\/li><li>Vermindering van het printen op papier door het gebruik van internet te bevorderen<\/li><li>Bak voor gebruikte batterijen bij de receptie<\/li><li>Geautomatiseerd postbeheer en archivering<\/li><li>Dubbelzijdig afdrukken<\/li><li>Hergebruik van oud papier<\/li><\/ul>\n<\/div>\n<\/div>\n<\/div>\n\n\n\n<div class=\"wp-block-column is-vertically-aligned-center\">\n<figure class=\"wp-block-gallery has-nested-images columns-4 is-cropped deco-masque3\">\n<figure class=\"wp-block-image size-large\"><img loading=\"lazy\" width=\"1024\" height=\"673\" src=\"https:\/\/floride.fr\/wp-content\/uploads\/2022\/05\/pexels-pixabay-356036-1024x673.jpg\" alt=\"\" class=\"wp-image-4821\" srcset=\"https:\/\/floride.fr\/wp-content\/uploads\/2022\/05\/pexels-pixabay-356036-1024x673.jpg 1024w, https:\/\/floride.fr\/wp-content\/uploads\/2022\/05\/pexels-pixabay-356036-300x197.jpg 300w, https:\/\/floride.fr\/wp-content\/uploads\/2022\/05\/pexels-pixabay-356036-768x505.jpg 768w, https:\/\/floride.fr\/wp-content\/uploads\/2022\/05\/pexels-pixabay-356036-1536x1010.jpg 1536w, https:\/\/floride.fr\/wp-content\/uploads\/2022\/05\/pexels-pixabay-356036-2048x1347.jpg 2048w\" sizes=\"(max-width: 1024px) 100vw, 1024px\" \/><\/figure>\n\n\n\n<figure class=\"wp-block-image size-large\"><img loading=\"lazy\" width=\"1024\" height=\"683\" src=\"https:\/\/floride.fr\/wp-content\/uploads\/2022\/05\/pexels-polina-tankilevitch-3735218-1024x683.jpg\" alt=\"\" class=\"wp-image-4826\" srcset=\"https:\/\/floride.fr\/wp-content\/uploads\/2022\/05\/pexels-polina-tankilevitch-3735218-1024x683.jpg 1024w, https:\/\/floride.fr\/wp-content\/uploads\/2022\/05\/pexels-polina-tankilevitch-3735218-300x200.jpg 300w, https:\/\/floride.fr\/wp-content\/uploads\/2022\/05\/pexels-polina-tankilevitch-3735218-768x512.jpg 768w, https:\/\/floride.fr\/wp-content\/uploads\/2022\/05\/pexels-polina-tankilevitch-3735218-1536x1024.jpg 1536w, https:\/\/floride.fr\/wp-content\/uploads\/2022\/05\/pexels-polina-tankilevitch-3735218-2048x1365.jpg 2048w\" sizes=\"(max-width: 1024px) 100vw, 1024px\" \/><\/figure>\n<\/figure>\n\n\n\n<div class=\"wp-container-69d118bc2008d wp-block-buttons galerie\">\n<div class=\"wp-block-button\"><a class=\"wp-block-button__link\" href=\"https:\/\/floride.fr\/nl\/foto-galerij\/\"><i class=\"fal fa-images\"><\/i> Bekijk de mediagalerij<\/a><\/div>\n<\/div>\n<\/div>\n<\/div>\n<\/div><\/section>\n\n<section class=\"wp-container-69d118bc20777 wp-block-group F-20-a\"><div class=\"wp-block-group__inner-container\">\n<div class=\"wp-block-columns are-vertically-aligned-center\">\n<div class=\"wp-block-column is-vertically-aligned-center\">\n<h3 class=\"has-couleur-2-color has-text-color\" id=\"nous-attachons-une-importance-particuliere-a-l-accueil-des-personnes-a-mobilite-reduite-dans-le-camping\">We hechten bijzonder veel belang aan de opvang van mensen met een mobiliteitsbeperking op de camping:<\/h3>\n\n\n\n<ul><li>Notre \u00e9tablissement est enti\u00e8rement accessible \u00e0 tous, y compris l&#8217;espace aquatique, la r\u00e9ception, le supermarch\u00e9, l&#8217;espace bien-\u00eatre&#8230;<\/li><li>Wij voorzien onze klanten van een speciaal ontworpen stoel om het water in te gaan in ons verwarmde zwembad.<\/li><li>Wij bieden 2 voor PBM aangepaste stacaravans aan: <a href=\"https:\/\/floride.fr\/nl\/verhuur\/\" data-type=\"page\" data-id=\"772\">de Life-modellen.<\/a><\/li><\/ul>\n<\/div>\n\n\n\n<div class=\"wp-block-column is-vertically-aligned-center\">\n<figure class=\"wp-block-gallery has-nested-images columns-2 is-cropped deco-fleur2 deco-rectangle2\">\n<figure class=\"wp-block-image size-full\"><img src=\"https:\/\/floride.fr\/wp-content\/uploads\/2022\/05\/&#xA9;LeFloride-080-1.jpg\" alt=\"\" class=\"wp-image-4836\"\/><\/figure>\n\n\n\n<figure class=\"wp-block-image size-large\"><img loading=\"lazy\" width=\"683\" height=\"1024\" src=\"https:\/\/floride.fr\/wp-content\/uploads\/2022\/05\/pexels-ann-h-3095954-683x1024.jpg\" alt=\"\" class=\"wp-image-4841\" srcset=\"https:\/\/floride.fr\/wp-content\/uploads\/2022\/05\/pexels-ann-h-3095954-683x1024.jpg 683w, https:\/\/floride.fr\/wp-content\/uploads\/2022\/05\/pexels-ann-h-3095954-200x300.jpg 200w, https:\/\/floride.fr\/wp-content\/uploads\/2022\/05\/pexels-ann-h-3095954-768x1152.jpg 768w, https:\/\/floride.fr\/wp-content\/uploads\/2022\/05\/pexels-ann-h-3095954-1024x1536.jpg 1024w, https:\/\/floride.fr\/wp-content\/uploads\/2022\/05\/pexels-ann-h-3095954-1365x2048.jpg 1365w, https:\/\/floride.fr\/wp-content\/uploads\/2022\/05\/pexels-ann-h-3095954-scaled.jpg 1707w\" sizes=\"(max-width: 683px) 100vw, 683px\" \/><\/figure>\n<\/figure>\n<\/div>\n<\/div>\n<\/div><\/section>\n\n<section class=\"wp-container-69d118bc20b3e wp-block-group\"><div class=\"wp-block-group__inner-container\">\n<h3 class=\"has-text-align-center has-couleur-2-color has-text-color\" id=\"le-camping-le-floride-a-egalement-rempli-des-criteres-d-excellence-qui-lui-ont-permis-d-obtenir-les-distinctions-affiliations-suivantes\">Camping Le Floride heeft ook voldaan aan de criteria van uitmuntendheid waardoor het de volgende onderscheidingen \/ affiliaties heeft verkregen:<\/h3>\n\n\n\n<figure class=\"wp-block-gallery has-nested-images columns-6 is-cropped listelabel\">\n<figure class=\"wp-block-image size-full\"><img loading=\"lazy\" width=\"787\" height=\"377\" src=\"https:\/\/floride.fr\/wp-content\/uploads\/2022\/05\/lpdl-logo-certifie-couleur.png\" alt=\"\" class=\"wp-image-4879\" srcset=\"https:\/\/floride.fr\/wp-content\/uploads\/2022\/05\/lpdl-logo-certifie-couleur.png 787w, https:\/\/floride.fr\/wp-content\/uploads\/2022\/05\/lpdl-logo-certifie-couleur-300x144.png 300w, https:\/\/floride.fr\/wp-content\/uploads\/2022\/05\/lpdl-logo-certifie-couleur-768x368.png 768w\" sizes=\"(max-width: 787px) 100vw, 787px\" \/><\/figure>\n\n\n\n<figure class=\"wp-block-image size-full\"><img loading=\"lazy\" width=\"1024\" height=\"1024\" src=\"https:\/\/floride.fr\/wp-content\/uploads\/2022\/05\/acsi.png\" alt=\"\" class=\"wp-image-4854\" srcset=\"https:\/\/floride.fr\/wp-content\/uploads\/2022\/05\/acsi.png 1024w, https:\/\/floride.fr\/wp-content\/uploads\/2022\/05\/acsi-300x300.png 300w, https:\/\/floride.fr\/wp-content\/uploads\/2022\/05\/acsi-150x150.png 150w, https:\/\/floride.fr\/wp-content\/uploads\/2022\/05\/acsi-768x768.png 768w\" sizes=\"(max-width: 1024px) 100vw, 1024px\" \/><\/figure>\n\n\n\n<figure class=\"wp-block-image size-full\"><img loading=\"lazy\" width=\"1200\" height=\"1200\" src=\"https:\/\/floride.fr\/wp-content\/uploads\/2022\/05\/1200px-Logo_Occitanie_2017.svg_.png\" alt=\"\" class=\"wp-image-4864\" srcset=\"https:\/\/floride.fr\/wp-content\/uploads\/2022\/05\/1200px-Logo_Occitanie_2017.svg_.png 1200w, https:\/\/floride.fr\/wp-content\/uploads\/2022\/05\/1200px-Logo_Occitanie_2017.svg_-300x300.png 300w, https:\/\/floride.fr\/wp-content\/uploads\/2022\/05\/1200px-Logo_Occitanie_2017.svg_-1024x1024.png 1024w, https:\/\/floride.fr\/wp-content\/uploads\/2022\/05\/1200px-Logo_Occitanie_2017.svg_-150x150.png 150w, https:\/\/floride.fr\/wp-content\/uploads\/2022\/05\/1200px-Logo_Occitanie_2017.svg_-768x768.png 768w\" sizes=\"(max-width: 1200px) 100vw, 1200px\" \/><\/figure>\n\n\n\n<figure class=\"wp-block-image size-large\"><img loading=\"lazy\" width=\"1024\" height=\"886\" src=\"https:\/\/floride.fr\/wp-content\/uploads\/2022\/05\/ANWB_LOGO_ERKEND_4-1024x886.jpg\" alt=\"\" class=\"wp-image-4869\" srcset=\"https:\/\/floride.fr\/wp-content\/uploads\/2022\/05\/ANWB_LOGO_ERKEND_4-1024x886.jpg 1024w, https:\/\/floride.fr\/wp-content\/uploads\/2022\/05\/ANWB_LOGO_ERKEND_4-300x259.jpg 300w, https:\/\/floride.fr\/wp-content\/uploads\/2022\/05\/ANWB_LOGO_ERKEND_4-768x664.jpg 768w, https:\/\/floride.fr\/wp-content\/uploads\/2022\/05\/ANWB_LOGO_ERKEND_4.jpg 1170w\" sizes=\"(max-width: 1024px) 100vw, 1024px\" \/><\/figure>\n<\/figure>\n<\/div><\/section>\n","protected":false},"excerpt":{"rendered":"<p>Onze kwaliteits- en milieuaanpak De camping en de omgeving: De groene kant van de camping Op camping Le Floride hechten we bijzonder veel belang aan het milieu en het respect voor de natuur. Onze camping ligt op een bevoorrechte locatie, direct aan zee in Le Barcar\u00e8s, grenzend aan prachtige fijne zandstranden die typisch zijn voor [&hellip;]<\/p>\n","protected":false},"author":1,"featured_media":0,"parent":0,"menu_order":0,"comment_status":"closed","ping_status":"closed","template":"","meta":[],"acf":[],"_links":{"self":[{"href":"https:\/\/floride.fr\/nl\/wp-json\/wp\/v2\/pages\/7952"}],"collection":[{"href":"https:\/\/floride.fr\/nl\/wp-json\/wp\/v2\/pages"}],"about":[{"href":"https:\/\/floride.fr\/nl\/wp-json\/wp\/v2\/types\/page"}],"author":[{"embeddable":true,"href":"https:\/\/floride.fr\/nl\/wp-json\/wp\/v2\/users\/1"}],"replies":[{"embeddable":true,"href":"https:\/\/floride.fr\/nl\/wp-json\/wp\/v2\/comments?post=7952"}],"version-history":[{"count":6,"href":"https:\/\/floride.fr\/nl\/wp-json\/wp\/v2\/pages\/7952\/revisions"}],"predecessor-version":[{"id":16354,"href":"https:\/\/floride.fr\/nl\/wp-json\/wp\/v2\/pages\/7952\/revisions\/16354"}],"wp:attachment":[{"href":"https:\/\/floride.fr\/nl\/wp-json\/wp\/v2\/media?parent=7952"}],"curies":[{"name":"wp","href":"https:\/\/api.w.org\/{rel}","templated":true}]}}