{"id":8388,"date":"2023-02-14T09:41:48","date_gmt":"2023-02-14T08:41:48","guid":{"rendered":"https:\/\/floride.fr\/?page_id=8388"},"modified":"2026-03-17T13:45:05","modified_gmt":"2026-03-17T12:45:05","slug":"argeles-sur-mer","status":"publish","type":"page","link":"https:\/\/floride.fr\/nl\/argeles-sur-mer\/","title":{"rendered":"Argel\u00e8s sur Mer"},"content":{"rendered":"\n<figure class=\"wp-block-image alignfull size-full F-00-b\"><img loading=\"lazy\" width=\"1920\" height=\"1280\" src=\"https:\/\/floride.fr\/wp-content\/uploads\/2022\/11\/Plage-du-Racou-Argeles-sur-Mer-1920-x-1280.jpg\" alt=\"Camping Le Floride Le Barcar&#xE8;s (66) : Plage Du Racou Argeles Sur Mer 1920 X 1280\" class=\"wp-image-7281\" srcset=\"https:\/\/floride.fr\/wp-content\/uploads\/2022\/11\/Plage-du-Racou-Argeles-sur-Mer-1920-x-1280.jpg 1920w, https:\/\/floride.fr\/wp-content\/uploads\/2022\/11\/Plage-du-Racou-Argeles-sur-Mer-1920-x-1280-300x200.jpg 300w, https:\/\/floride.fr\/wp-content\/uploads\/2022\/11\/Plage-du-Racou-Argeles-sur-Mer-1920-x-1280-1024x683.jpg 1024w, https:\/\/floride.fr\/wp-content\/uploads\/2022\/11\/Plage-du-Racou-Argeles-sur-Mer-1920-x-1280-768x512.jpg 768w, https:\/\/floride.fr\/wp-content\/uploads\/2022\/11\/Plage-du-Racou-Argeles-sur-Mer-1920-x-1280-1536x1024.jpg 1536w\" sizes=\"(max-width: 1920px) 100vw, 1920px\" \/><\/figure>\n\n<div class=\"wp-container-69d10528d267f wp-block-group F-05-a\"><div class=\"wp-block-group__inner-container\">\n<h1 class=\"has-couleur-1-color has-text-color\" id=\"le-camping-le-floride-vous-fait-decouvrir-argeles-sur-mer\">Camping Le Floride nodigt u uit om Argel\u00e8s-sur-Mer te ontdekken<\/h1>\n\n\n\n<p>Een Catalaanse stad, genesteld tussen de zee en de bergen, die al jarenlang alle toeristen die er zijn geweest in verrukking brengt. Dus waarom jij niet? Tijdens uw verblijf op onze 5-sterrencamping Le Floride krijgt u de unieke kans om de<a href=\"https:\/\/floride.fr\/nl\/omgeving\/\"> Pyr\u00e9n\u00e9es-Orientales te ontdekken<\/a> en te genieten van al het moois dat dit departement te bieden heeft\u2026<\/p>\n\n\n\n<div style=\"height:50px\" aria-hidden=\"true\" class=\"wp-block-spacer\"><\/div>\n\n\n\n<div class=\"wp-block-columns\">\n<div class=\"wp-block-column\">\n<figure class=\"wp-block-gallery has-nested-images columns-default is-cropped\">\n<figure class=\"wp-block-image size-full\"><img loading=\"lazy\" width=\"640\" height=\"427\" src=\"https:\/\/floride.fr\/wp-content\/uploads\/2022\/11\/Plage-du-Racou-Argeles-sur-mer-640-x-420.jpg\" alt=\"Camping Le Floride Le Barcar&#xE8;s (66) : Plage Du Racou Argeles Sur Mer 640 X 420\" class=\"wp-image-7276\" srcset=\"https:\/\/floride.fr\/wp-content\/uploads\/2022\/11\/Plage-du-Racou-Argeles-sur-mer-640-x-420.jpg 640w, https:\/\/floride.fr\/wp-content\/uploads\/2022\/11\/Plage-du-Racou-Argeles-sur-mer-640-x-420-300x200.jpg 300w\" sizes=\"(max-width: 640px) 100vw, 640px\" \/><\/figure>\n\n\n\n<figure class=\"wp-block-image size-full\"><img loading=\"lazy\" width=\"640\" height=\"427\" src=\"https:\/\/floride.fr\/wp-content\/uploads\/2022\/11\/Rues-ville-Argeles-sur-Mer.jpg\" alt=\"Camping Le Floride Le Barcar&#xE8;s (66) : Rues Ville Argeles Sur Mer\" class=\"wp-image-7286\" srcset=\"https:\/\/floride.fr\/wp-content\/uploads\/2022\/11\/Rues-ville-Argeles-sur-Mer.jpg 640w, https:\/\/floride.fr\/wp-content\/uploads\/2022\/11\/Rues-ville-Argeles-sur-Mer-300x200.jpg 300w\" sizes=\"(max-width: 640px) 100vw, 640px\" \/><\/figure>\n<\/figure>\n<\/div>\n\n\n\n<div class=\"wp-block-column\">\n<h2 class=\"has-couleur-4-color has-text-color\" id=\"collioure-cite-des-peintres-les-sites-incontournables-a-visiter-2\">Argel\u00e8s: een stad gelegen tussen de zee en de bergen<\/h2>\n\n\n\n<p>Argel\u00e8s-sur-Mer, dat tot de <a href=\"https:\/\/floride.fr\/plus-beaux-endroits-pyrenees-orientales\/\">mooiste plekken van de Pyr\u00e9n\u00e9es-Orientales<\/a> behoort, biedt zijn bezoekers zowel op het water als op het land tal van activiteiten. En dat is de rijkdom van deze stad, die zich over meerdere kilometers uitstrekt. Een echte speeltuin voor bergliefhebbers die kunnen genieten van prachtige <strong>wandelingen op de majestueuze Canigou.<\/strong> Of voor watersportliefhebbers, die kunnen gaan duiken in de Middellandse Zee of op een paddleboard de Tech kunnen verkennen. Opmerkelijk is dat de stad de enige in Frankrijk is met twee natuurreservaten die je per <strong>peddel<\/strong> kunt verkennen. Een magische activiteit om te doen met familie en vrienden.<\/p>\n\n\n\n<p>U kunt ook het dorp <strong>Argel\u00e8s<\/strong> bezoeken met zijn mooie smalle straatjes, markt en ambachten. Het historische hart van de stad, dat veel te bieden heeft. Voor de avonturiers onder u: u kunt niet vertrekken zonder te wandelen naar de <strong>Tour de la Massane<\/strong>, een historisch kenmerk van de stad dat u overal kunt zien. <strong>Wandel over het kustpad<\/strong>, maak een middagtochtje op zee, wandel langs de rand van de haven of breng de dag door op het strand van <strong>Racou<\/strong>&#8230; Argel\u00e8s-sur-Mer biedt een groot aantal activiteiten voor jong en oud.<\/p>\n<\/div>\n<\/div>\n\n\n\n<div style=\"height:50px\" aria-hidden=\"true\" class=\"wp-block-spacer\"><\/div>\n\n\n\n<h2 id=\"profitez-de-ce-somptueux-paysage-en-sejournant-au-camping\">Geniet van dit prachtige landschap tijdens uw verblijf op de camping<\/h2>\n\n\n\n<p>Argel\u00e8s-sur-Mer biedt een groot aantal activiteiten voor jong en oud. Na uw intense dagen tussen de zee en de bergen kan het verlangen om te ontspannen op <strong>een 5-sterren camping in het hart van de Pyrenee\u00ebn-Orientales<\/strong> een echte plus zijn ! Daarvoor heet Le Floride u van harte welkom in zijn vakantiedorp in Argel\u00e8s. Een totale verandering van omgeving die u zowel binnen als buiten het vakantiedorp laat genieten. Onze <a href=\"https:\/\/floride.fr\/nl\/directe-toegang-tot-het-strand\/\">camping bij Argeles aan zee<\/a> biedt u het comfort en de kwaliteit die u zo ver van huis zoekt. Of u nu met vrienden en\/of familie wilt verblijven, wij bieden ontspanning en luxe <strong>voor de perfecte strandvakantie.<\/strong><\/p>\n\n\n\n<p>U kunt Racou en zijn strand ontdekken, die tot de favoriete plaatsen van vele vakantiegangers behoren. Geniet van de zonsondergang, picknick met familie of vrienden op het strand, speel in het water, verken de wandelpaden rondom de stad of slenter door de straten: er is zoveel te doen in Argel\u00e8s-sur-Mer. Het vakantiedorp neemt u mee naar een wereld waar de natuur koning is voor een paar dagen puur geluk !<\/p>\n\n\n\n<figure class=\"wp-block-gallery has-nested-images columns-6 is-cropped diaporama--3\">\n<figure class=\"wp-block-image size-large\"><img loading=\"lazy\" width=\"1500\" height=\"1000\" src=\"https:\/\/floride.fr\/wp-content\/uploads\/2022\/05\/IMG_1089.jpg\" alt=\"\" class=\"wp-image-4505\" srcset=\"https:\/\/floride.fr\/wp-content\/uploads\/2022\/05\/IMG_1089.jpg 1500w, https:\/\/floride.fr\/wp-content\/uploads\/2022\/05\/IMG_1089-300x200.jpg 300w, https:\/\/floride.fr\/wp-content\/uploads\/2022\/05\/IMG_1089-1024x683.jpg 1024w, https:\/\/floride.fr\/wp-content\/uploads\/2022\/05\/IMG_1089-768x512.jpg 768w\" sizes=\"(max-width: 1500px) 100vw, 1500px\" \/><\/figure>\n\n\n\n<figure class=\"wp-block-image size-large\"><img loading=\"lazy\" width=\"2560\" height=\"1707\" src=\"https:\/\/floride.fr\/wp-content\/uploads\/2022\/05\/media-88995876-004-2-scaled.jpg\" alt=\"\" class=\"wp-image-4219\" srcset=\"https:\/\/floride.fr\/wp-content\/uploads\/2022\/05\/media-88995876-004-2-scaled.jpg 2560w, https:\/\/floride.fr\/wp-content\/uploads\/2022\/05\/media-88995876-004-2-300x200.jpg 300w, https:\/\/floride.fr\/wp-content\/uploads\/2022\/05\/media-88995876-004-2-1024x683.jpg 1024w, https:\/\/floride.fr\/wp-content\/uploads\/2022\/05\/media-88995876-004-2-768x512.jpg 768w, https:\/\/floride.fr\/wp-content\/uploads\/2022\/05\/media-88995876-004-2-1536x1024.jpg 1536w, https:\/\/floride.fr\/wp-content\/uploads\/2022\/05\/media-88995876-004-2-2048x1365.jpg 2048w\" sizes=\"(max-width: 2560px) 100vw, 2560px\" \/><\/figure>\n\n\n\n<figure class=\"wp-block-image size-large\"><img loading=\"lazy\" width=\"2560\" height=\"1703\" src=\"https:\/\/floride.fr\/wp-content\/uploads\/2022\/05\/PISCINE-COUVERTE-AQUAGYM-0692-scaled.jpg\" alt=\"\" class=\"wp-image-4038\" srcset=\"https:\/\/floride.fr\/wp-content\/uploads\/2022\/05\/PISCINE-COUVERTE-AQUAGYM-0692-scaled.jpg 2560w, https:\/\/floride.fr\/wp-content\/uploads\/2022\/05\/PISCINE-COUVERTE-AQUAGYM-0692-300x200.jpg 300w, https:\/\/floride.fr\/wp-content\/uploads\/2022\/05\/PISCINE-COUVERTE-AQUAGYM-0692-1024x681.jpg 1024w, https:\/\/floride.fr\/wp-content\/uploads\/2022\/05\/PISCINE-COUVERTE-AQUAGYM-0692-768x511.jpg 768w, https:\/\/floride.fr\/wp-content\/uploads\/2022\/05\/PISCINE-COUVERTE-AQUAGYM-0692-1536x1022.jpg 1536w, https:\/\/floride.fr\/wp-content\/uploads\/2022\/05\/PISCINE-COUVERTE-AQUAGYM-0692-2048x1363.jpg 2048w\" sizes=\"(max-width: 2560px) 100vw, 2560px\" \/><\/figure>\n\n\n\n<figure class=\"wp-block-image size-large\"><img loading=\"lazy\" width=\"1194\" height=\"794\" src=\"https:\/\/floride.fr\/wp-content\/uploads\/2022\/05\/tente-2-1.jpg\" alt=\"\" class=\"wp-image-3825\" srcset=\"https:\/\/floride.fr\/wp-content\/uploads\/2022\/05\/tente-2-1.jpg 1194w, https:\/\/floride.fr\/wp-content\/uploads\/2022\/05\/tente-2-1-300x199.jpg 300w, https:\/\/floride.fr\/wp-content\/uploads\/2022\/05\/tente-2-1-1024x681.jpg 1024w, https:\/\/floride.fr\/wp-content\/uploads\/2022\/05\/tente-2-1-768x511.jpg 768w\" sizes=\"(max-width: 1194px) 100vw, 1194px\" \/><\/figure>\n\n\n\n<figure class=\"wp-block-image size-large\"><img loading=\"lazy\" width=\"2560\" height=\"1703\" src=\"https:\/\/floride.fr\/wp-content\/uploads\/2022\/05\/EMPLACEMENT-CAMPING-CAR-1112-scaled.jpg\" alt=\"\" class=\"wp-image-3553\" srcset=\"https:\/\/floride.fr\/wp-content\/uploads\/2022\/05\/EMPLACEMENT-CAMPING-CAR-1112-scaled.jpg 2560w, https:\/\/floride.fr\/wp-content\/uploads\/2022\/05\/EMPLACEMENT-CAMPING-CAR-1112-300x200.jpg 300w, https:\/\/floride.fr\/wp-content\/uploads\/2022\/05\/EMPLACEMENT-CAMPING-CAR-1112-1024x681.jpg 1024w, https:\/\/floride.fr\/wp-content\/uploads\/2022\/05\/EMPLACEMENT-CAMPING-CAR-1112-768x511.jpg 768w, https:\/\/floride.fr\/wp-content\/uploads\/2022\/05\/EMPLACEMENT-CAMPING-CAR-1112-1536x1022.jpg 1536w, https:\/\/floride.fr\/wp-content\/uploads\/2022\/05\/EMPLACEMENT-CAMPING-CAR-1112-2048x1363.jpg 2048w\" sizes=\"(max-width: 2560px) 100vw, 2560px\" \/><\/figure>\n\n\n\n<figure class=\"wp-block-image size-large\"><img loading=\"lazy\" width=\"2560\" height=\"1707\" src=\"https:\/\/floride.fr\/wp-content\/uploads\/2022\/05\/A7R5910-1-scaled.jpg\" alt=\"\" class=\"wp-image-3543\" srcset=\"https:\/\/floride.fr\/wp-content\/uploads\/2022\/05\/A7R5910-1-scaled.jpg 2560w, https:\/\/floride.fr\/wp-content\/uploads\/2022\/05\/A7R5910-1-300x200.jpg 300w, https:\/\/floride.fr\/wp-content\/uploads\/2022\/05\/A7R5910-1-1024x683.jpg 1024w, https:\/\/floride.fr\/wp-content\/uploads\/2022\/05\/A7R5910-1-768x512.jpg 768w, https:\/\/floride.fr\/wp-content\/uploads\/2022\/05\/A7R5910-1-1536x1024.jpg 1536w, https:\/\/floride.fr\/wp-content\/uploads\/2022\/05\/A7R5910-1-2048x1365.jpg 2048w\" sizes=\"(max-width: 2560px) 100vw, 2560px\" \/><\/figure>\n<\/figure>\n\n\n\n<div style=\"height:50px\" aria-hidden=\"true\" class=\"wp-block-spacer\"><\/div>\n\n\n\n<div class=\"wp-block-columns\">\n<div class=\"wp-block-column\">\n<h2 class=\"has-couleur-4-color has-text-color\" id=\"collioure-cite-des-peintres-les-sites-incontournables-a-visiter-2\">Ontdek de omgeving van Argel\u00e8s-sur-mer met het vakantiedorp Le Floride<\/h2>\n\n\n\n<p>De vijfsterrencamping Le Floride in de Pyr\u00e9n\u00e9es-Orientales is d\u00e9 plek waar iedereen van droomt voor een perfecte vakantie. U zult een prachtige wereld ontdekken om te ontspannen en uw dagelijkse leven te vergeten. Wanneer u op de camping in Barcar\u00e8s verblijft, kunt u volop genieten van <strong>Argel\u00e8s-sur-Mer en de omgeving.<\/strong><\/p>\n\n\n\n<p>Naast het genieten van de vele activiteiten die binnen ons dorp worden aangeboden en ons aanbod aan accommodaties: luxe chalets met jacuzzi of meer originele verblijfsmogelijkheden die uitnodigen tot ontspanning, zoals onze bijzondere accommodaties aan de Middellandse Zee. U kunt ook alle steden in de <strong>Pyrenees-Orientales<\/strong> ontdekken die aan de camping grenzen. De poorten van <a href=\"https:\/\/floride.fr\/nl\/perpignan\/\">Perpignan<\/a> staan voor u open, net als de <strong>kustlijn van de Languedoc<\/strong> en de natuurlijke en historische bezienswaardigheden die op u wachten! Het is ook het beginpunt <strong>van de vermiljoenkust<\/strong> richting Spanje. De perfecte gelegenheid om de kleurrijke Catalaanse steden <a href=\"https:\/\/floride.fr\/nl\/collioure\/\">Collioure<\/a>, <strong>Port Vendres<\/strong> of <strong>Banyuls sur Mer<\/strong> te ontdekken. Kom in het hart van de Pyr\u00e9n\u00e9es-Orientales genieten van het nooit gedroomde comfort.<\/p>\n<\/div>\n\n\n\n<div class=\"wp-block-column\">\n<figure class=\"wp-block-gallery has-nested-images columns-default is-cropped\">\n<figure class=\"wp-block-image size-large\"><img loading=\"lazy\" width=\"1920\" height=\"1280\" src=\"https:\/\/floride.fr\/wp-content\/uploads\/2022\/03\/auriane-clement-fQANYG67Ccs-unsplash-1.jpg\" alt=\"\" class=\"wp-image-2388\" srcset=\"https:\/\/floride.fr\/wp-content\/uploads\/2022\/03\/auriane-clement-fQANYG67Ccs-unsplash-1.jpg 1920w, https:\/\/floride.fr\/wp-content\/uploads\/2022\/03\/auriane-clement-fQANYG67Ccs-unsplash-1-300x200.jpg 300w, https:\/\/floride.fr\/wp-content\/uploads\/2022\/03\/auriane-clement-fQANYG67Ccs-unsplash-1-1024x683.jpg 1024w, https:\/\/floride.fr\/wp-content\/uploads\/2022\/03\/auriane-clement-fQANYG67Ccs-unsplash-1-768x512.jpg 768w, https:\/\/floride.fr\/wp-content\/uploads\/2022\/03\/auriane-clement-fQANYG67Ccs-unsplash-1-1536x1024.jpg 1536w\" sizes=\"(max-width: 1920px) 100vw, 1920px\" \/><\/figure>\n<\/figure>\n<\/div>\n<\/div>\n\n\n\n<div style=\"height:100px\" aria-hidden=\"true\" class=\"wp-block-spacer\"><\/div>\n<\/div><\/div>\n","protected":false},"excerpt":{"rendered":"<p>Camping Le Floride nodigt u uit om Argel\u00e8s-sur-Mer te ontdekken Een Catalaanse stad, genesteld tussen de zee en de bergen, die al jarenlang alle toeristen die er zijn geweest in verrukking brengt. Dus waarom jij niet? Tijdens uw verblijf op onze 5-sterrencamping Le Floride krijgt u de unieke kans om de Pyr\u00e9n\u00e9es-Orientales te ontdekken en [&hellip;]<\/p>\n","protected":false},"author":1,"featured_media":0,"parent":0,"menu_order":0,"comment_status":"closed","ping_status":"closed","template":"","meta":[],"acf":[],"_links":{"self":[{"href":"https:\/\/floride.fr\/nl\/wp-json\/wp\/v2\/pages\/8388"}],"collection":[{"href":"https:\/\/floride.fr\/nl\/wp-json\/wp\/v2\/pages"}],"about":[{"href":"https:\/\/floride.fr\/nl\/wp-json\/wp\/v2\/types\/page"}],"author":[{"embeddable":true,"href":"https:\/\/floride.fr\/nl\/wp-json\/wp\/v2\/users\/1"}],"replies":[{"embeddable":true,"href":"https:\/\/floride.fr\/nl\/wp-json\/wp\/v2\/comments?post=8388"}],"version-history":[{"count":6,"href":"https:\/\/floride.fr\/nl\/wp-json\/wp\/v2\/pages\/8388\/revisions"}],"predecessor-version":[{"id":16295,"href":"https:\/\/floride.fr\/nl\/wp-json\/wp\/v2\/pages\/8388\/revisions\/16295"}],"wp:attachment":[{"href":"https:\/\/floride.fr\/nl\/wp-json\/wp\/v2\/media?parent=8388"}],"curies":[{"name":"wp","href":"https:\/\/api.w.org\/{rel}","templated":true}]}}