{"id":8411,"date":"2023-02-14T09:43:21","date_gmt":"2023-02-14T08:43:21","guid":{"rendered":"https:\/\/floride.fr\/?page_id=8411"},"modified":"2026-03-17T13:49:34","modified_gmt":"2026-03-17T12:49:34","slug":"barcares","status":"publish","type":"page","link":"https:\/\/floride.fr\/nl\/barcares\/","title":{"rendered":"Barcar\u00e8s"},"content":{"rendered":"\n<figure class=\"wp-block-image alignfull size-full F-00-b\"><img loading=\"lazy\" width=\"1024\" height=\"640\" src=\"https:\/\/floride.fr\/wp-content\/uploads\/2023\/03\/Camping-Barcares-66-_-Camping-le-Floride-5-etoiles-proche-Perpignan.jpg\" alt=\"\" class=\"wp-image-9037\" srcset=\"https:\/\/floride.fr\/wp-content\/uploads\/2023\/03\/Camping-Barcares-66-_-Camping-le-Floride-5-etoiles-proche-Perpignan.jpg 1024w, https:\/\/floride.fr\/wp-content\/uploads\/2023\/03\/Camping-Barcares-66-_-Camping-le-Floride-5-etoiles-proche-Perpignan-300x188.jpg 300w, https:\/\/floride.fr\/wp-content\/uploads\/2023\/03\/Camping-Barcares-66-_-Camping-le-Floride-5-etoiles-proche-Perpignan-768x480.jpg 768w\" sizes=\"(max-width: 1024px) 100vw, 1024px\" \/><\/figure>\n\n<div class=\"wp-container-69e7fd7643445 wp-block-group F-05-a\"><div class=\"wp-block-group__inner-container\">\n<h1 class=\"has-couleur-1-color has-text-color\" id=\"votre-camping-port-barcares-une-ouverture-exceptionnelle-sur-la-mediterranee\">Uw camping Port Barcar\u00e8s, een uitzonderlijke opening naar de Middellandse Zee<\/h1>\n\n\n\n<p>Bent u op zoek naar een authentieke camping voor een onvergetelijke vakantie aan zee in de Pyr\u00e9n\u00e9es-Orientales? De badplaats <strong>Port Barcar\u00e8s<\/strong> verwelkomt u om aan al uw wensen te voldoen. Tussen top accommodatie, zwemmen, onderdompeling in een natuurlijke en typische omgeving en activiteiten op maat, alles is aanwezig om u tevreden te stellen op <a href=\"https:\/\/floride.f\">camping Le Floride in Port Barcar\u00e8s<\/a> !<\/p>\n\n\n\n<div style=\"height:50px\" aria-hidden=\"true\" class=\"wp-block-spacer\"><\/div>\n\n\n\n<div class=\"wp-block-columns\">\n<div class=\"wp-block-column\">\n<figure class=\"wp-block-gallery has-nested-images columns-3 is-cropped\">\n<figure class=\"wp-block-image size-large\"><img loading=\"lazy\" width=\"768\" height=\"1024\" src=\"https:\/\/floride.fr\/wp-content\/uploads\/2023\/03\/Plage-de-la-Baie-_-Eze-Sur-mer-768x1024.jpg\" alt=\"\" class=\"wp-image-9042\" srcset=\"https:\/\/floride.fr\/wp-content\/uploads\/2023\/03\/Plage-de-la-Baie-_-Eze-Sur-mer-768x1024.jpg 768w, https:\/\/floride.fr\/wp-content\/uploads\/2023\/03\/Plage-de-la-Baie-_-Eze-Sur-mer-225x300.jpg 225w, https:\/\/floride.fr\/wp-content\/uploads\/2023\/03\/Plage-de-la-Baie-_-Eze-Sur-mer-1152x1536.jpg 1152w, https:\/\/floride.fr\/wp-content\/uploads\/2023\/03\/Plage-de-la-Baie-_-Eze-Sur-mer-1536x2048.jpg 1536w, https:\/\/floride.fr\/wp-content\/uploads\/2023\/03\/Plage-de-la-Baie-_-Eze-Sur-mer-scaled.jpg 1920w\" sizes=\"(max-width: 768px) 100vw, 768px\" \/><\/figure>\n\n\n\n<figure class=\"wp-block-image size-large\"><img loading=\"lazy\" width=\"1024\" height=\"663\" src=\"https:\/\/floride.fr\/wp-content\/uploads\/2022\/03\/Photo-Plage-du-Camping-Le-Floride-au-Barcares-en-bord-de-mer-2-1024x663.jpg\" alt=\"Camping Le Floride Le Barcar&#xE8;s (66) : Photo Plage Du Camping Le Floride Au Barcar&#xE8;s En Bord De Mer 2\" class=\"wp-image-1688\" srcset=\"https:\/\/floride.fr\/wp-content\/uploads\/2022\/03\/Photo-Plage-du-Camping-Le-Floride-au-Barcares-en-bord-de-mer-2-1024x663.jpg 1024w, https:\/\/floride.fr\/wp-content\/uploads\/2022\/03\/Photo-Plage-du-Camping-Le-Floride-au-Barcares-en-bord-de-mer-2-300x194.jpg 300w, https:\/\/floride.fr\/wp-content\/uploads\/2022\/03\/Photo-Plage-du-Camping-Le-Floride-au-Barcares-en-bord-de-mer-2-768x498.jpg 768w, https:\/\/floride.fr\/wp-content\/uploads\/2022\/03\/Photo-Plage-du-Camping-Le-Floride-au-Barcares-en-bord-de-mer-2-1536x995.jpg 1536w, https:\/\/floride.fr\/wp-content\/uploads\/2022\/03\/Photo-Plage-du-Camping-Le-Floride-au-Barcares-en-bord-de-mer-2.jpg 1900w\" sizes=\"(max-width: 1024px) 100vw, 1024px\" \/><\/figure>\n<\/figure>\n<\/div>\n\n\n\n<div class=\"wp-block-column\">\n<h2 class=\"has-couleur-4-color has-text-color\" id=\"collioure-cite-des-peintres-les-sites-incontournables-a-visiter-2\">In Barcar\u00e8s heeft u alle vrijheid !<\/h2>\n\n\n\n<p>In <a href=\"https:\/\/floride.fr\/nl\/omgeving\/\">Occitani\u00eb<\/a> zijn er vele aantrekkelijke plaatsen om uit te kiezen. Het departement Pyr\u00e9n\u00e9es-Orientales herbergt enkele uitzonderlijke plaatsen om te genieten van een verblijf dat niet alleen in harmonie is met de natuur, maar ook rijk is aan ervaringen. In dat opzicht is het dorp Barcar\u00e8s, waar onze camping Floride ligt, een ideaal uitgangspunt om tal van mogelijkheden te verkennen. In de buurt van <a href=\"https:\/\/floride.fr\/nl\/leucate\/\">Leucate<\/a>, een andere toeristische trekpleister, en <a href=\"https:\/\/floride.fr\/nl\/perpignan\/\">Perpignan<\/a>, een Catalaanse metropool vol activiteiten, festivals en cultuur, heeft <strong>Port Barcar\u00e8s<\/strong> een schat aan wonderen te ontdekken. De fauna en flora van de lagune van Salses Le Barcar\u00e8s zijn te ontdekken in deze door <strong>Natura 2000 geclassificeerde omgeving<\/strong>. Geniet met uw gezin of vrienden van het kijken naar pittoreske vogelsoorten als de kleine stern. Duik in het <strong>turquoise water<\/strong> en ontmoet het magische zeeleven. Profiteer van al deze momenten om jezelf te revitaliseren en weer in contact te komen met de natuur. Alles hier is een bron van verbazing en bewondering. De <strong>Middellandse Zeekust<\/strong> biedt u een ontdekkingsgebied met zijn beschermde gebieden, zo uitgebreid dat u het moeilijk zult vinden om alles te ontdekken.<\/p>\n<\/div>\n<\/div>\n\n\n\n<div style=\"height:50px\" aria-hidden=\"true\" class=\"wp-block-spacer\"><\/div>\n\n\n\n<h2 id=\"la-nature-a-portee-de-pieds\">De natuur aan je voeten<\/h2>\n\n\n\n<p>Wat een genot om de zee in een paar minuten te kunnen bereiken dankzij onze <a href=\"https:\/\/floride.fr\/nl\/directe-toegang-tot-het-strand\/\">directe toegang tot het strand van Barcar\u00e8s<\/a>! U hoeft alleen maar uw mandje te pakken en te vertrekken voor momenten van plezier aan de waterkant. Als u wilt genieten van een zonsopgang boven zee, hoeft u maar een paar meter te lopen om van een oogverblindend schouwspel te genieten. Wandel-, <strong>fiets- en zeetochten<\/strong> zijn beschikbaar voor een paradijselijk verblijf. Wilt u zich onderdompelen in de plaatselijke sfeer ? Het dorp Barcar\u00e8s heet u welkom om de warme sfeer op te snuiven. Hier kunt u kleurrijke personages ontmoeten, het hele jaar door <a href=\"https:\/\/floride.fr\/nl\/feesten-en-partijen\/\">genieten van festiviteiten<\/a> en <strong>Catalaanse specialiteiten proeven<\/strong>. Wanneer u terugkeert naar uw <strong>camping in Port Barcar\u00e8s<\/strong>, geniet u opnieuw van deze sensaties. Wij hebben namelijk een bijzonder sterk gevoel voor gastvrijheid. Het is gebaseerd op het anticiperen op al uw behoeften. Onze sanitaire voorzieningen, de ontmoetingsruimtes, de supermarkt of ons <a href=\"https:\/\/floride.fr\/nl\/wellness\/\">unieke wellnesscentrum in de Languedoc<\/a> zijn zorgvuldig ontworpen. Wij besteden veel zorg aan uw welzijn in een unieke omgeving. Onze medewerkers staan tot uw dienst om uw volledige tevredenheid te garanderen.<\/p>\n\n\n\n<h2 id=\"des-activites-pour-tous-les-ages-au-camping-le-floride\">Activiteiten voor alle leeftijden op camping Le Floride <\/h2>\n\n\n\n<p>Wilt u de geneugten van het strand en wandelen combineren met die van het zwembad of andere spelletjes ? Het is alleen maar natuurlijk ! Daarom biedt onze <a href=\"https:\/\/floride.fr\/nl\/water-park\/\">camping met waterpark in Languedoc-Roussillon<\/a> u een <strong>waterpark van 4.700 m2<\/strong> dat zijn gelijke niet kent in de Ori\u00ebntaalse Pyrenee\u00ebn ! Met een veelheid aan <strong>waterspelen<\/strong> zoals glijbanen, pentagliss en tegenstroomrivieren is alles erop gericht een wereld van onuitputtelijk plezier te cre\u00ebren. <strong>Verwarmde zwembaden<\/strong>, <strong>jacuzzi&#8217;s<\/strong> en pierenbadjes voor de kleintjes hebben de voorkeur van de meer ervaren mensen. Alle leeftijden kunnen iets vinden om hun verlangen om te luieren of plezier te maken in een watergebied dat is ontworpen om eindeloos plezier voor het hele gezin te bieden. Om uw wellness-ervaring compleet te maken, kunt u gebruikmaken van een fitnessruimte en een speelzaal.<br\/>Kies voor een droomvakantie in een authentieke omgeving waar alles in het teken staat van uw behoeften, zodat u weer helemaal kunt opladen. Uw 5-sterrencamping Floride in Barcar\u00e8s vervult al uw wensen voor gedeeld geluk! <\/p>\n\n\n\n<div style=\"height:30px\" aria-hidden=\"true\" class=\"wp-block-spacer\"><\/div>\n\n\n\n<figure class=\"wp-block-gallery has-nested-images columns-6 is-cropped diaporama--3\">\n<figure class=\"wp-block-image size-large\"><img loading=\"lazy\" width=\"1500\" height=\"1000\" src=\"https:\/\/floride.fr\/wp-content\/uploads\/2022\/05\/IMG_1089.jpg\" alt=\"\" class=\"wp-image-4505\" srcset=\"https:\/\/floride.fr\/wp-content\/uploads\/2022\/05\/IMG_1089.jpg 1500w, https:\/\/floride.fr\/wp-content\/uploads\/2022\/05\/IMG_1089-300x200.jpg 300w, https:\/\/floride.fr\/wp-content\/uploads\/2022\/05\/IMG_1089-1024x683.jpg 1024w, https:\/\/floride.fr\/wp-content\/uploads\/2022\/05\/IMG_1089-768x512.jpg 768w\" sizes=\"(max-width: 1500px) 100vw, 1500px\" \/><\/figure>\n\n\n\n<figure class=\"wp-block-image size-large\"><img loading=\"lazy\" width=\"2560\" height=\"1707\" src=\"https:\/\/floride.fr\/wp-content\/uploads\/2022\/05\/media-88995876-004-2-scaled.jpg\" alt=\"\" class=\"wp-image-4219\" srcset=\"https:\/\/floride.fr\/wp-content\/uploads\/2022\/05\/media-88995876-004-2-scaled.jpg 2560w, https:\/\/floride.fr\/wp-content\/uploads\/2022\/05\/media-88995876-004-2-300x200.jpg 300w, https:\/\/floride.fr\/wp-content\/uploads\/2022\/05\/media-88995876-004-2-1024x683.jpg 1024w, https:\/\/floride.fr\/wp-content\/uploads\/2022\/05\/media-88995876-004-2-768x512.jpg 768w, https:\/\/floride.fr\/wp-content\/uploads\/2022\/05\/media-88995876-004-2-1536x1024.jpg 1536w, https:\/\/floride.fr\/wp-content\/uploads\/2022\/05\/media-88995876-004-2-2048x1365.jpg 2048w\" sizes=\"(max-width: 2560px) 100vw, 2560px\" \/><\/figure>\n\n\n\n<figure class=\"wp-block-image size-large\"><img loading=\"lazy\" width=\"2560\" height=\"1703\" src=\"https:\/\/floride.fr\/wp-content\/uploads\/2022\/05\/PISCINE-COUVERTE-AQUAGYM-0692-scaled.jpg\" alt=\"\" class=\"wp-image-4038\" srcset=\"https:\/\/floride.fr\/wp-content\/uploads\/2022\/05\/PISCINE-COUVERTE-AQUAGYM-0692-scaled.jpg 2560w, https:\/\/floride.fr\/wp-content\/uploads\/2022\/05\/PISCINE-COUVERTE-AQUAGYM-0692-300x200.jpg 300w, https:\/\/floride.fr\/wp-content\/uploads\/2022\/05\/PISCINE-COUVERTE-AQUAGYM-0692-1024x681.jpg 1024w, https:\/\/floride.fr\/wp-content\/uploads\/2022\/05\/PISCINE-COUVERTE-AQUAGYM-0692-768x511.jpg 768w, https:\/\/floride.fr\/wp-content\/uploads\/2022\/05\/PISCINE-COUVERTE-AQUAGYM-0692-1536x1022.jpg 1536w, https:\/\/floride.fr\/wp-content\/uploads\/2022\/05\/PISCINE-COUVERTE-AQUAGYM-0692-2048x1363.jpg 2048w\" sizes=\"(max-width: 2560px) 100vw, 2560px\" \/><\/figure>\n\n\n\n<figure class=\"wp-block-image size-large\"><img loading=\"lazy\" width=\"1194\" height=\"794\" src=\"https:\/\/floride.fr\/wp-content\/uploads\/2022\/05\/tente-2-1.jpg\" alt=\"\" class=\"wp-image-3825\" srcset=\"https:\/\/floride.fr\/wp-content\/uploads\/2022\/05\/tente-2-1.jpg 1194w, https:\/\/floride.fr\/wp-content\/uploads\/2022\/05\/tente-2-1-300x199.jpg 300w, https:\/\/floride.fr\/wp-content\/uploads\/2022\/05\/tente-2-1-1024x681.jpg 1024w, https:\/\/floride.fr\/wp-content\/uploads\/2022\/05\/tente-2-1-768x511.jpg 768w\" sizes=\"(max-width: 1194px) 100vw, 1194px\" \/><\/figure>\n\n\n\n<figure class=\"wp-block-image size-large\"><img loading=\"lazy\" width=\"2560\" height=\"1703\" src=\"https:\/\/floride.fr\/wp-content\/uploads\/2022\/05\/EMPLACEMENT-CAMPING-CAR-1112-scaled.jpg\" alt=\"\" class=\"wp-image-3553\" srcset=\"https:\/\/floride.fr\/wp-content\/uploads\/2022\/05\/EMPLACEMENT-CAMPING-CAR-1112-scaled.jpg 2560w, https:\/\/floride.fr\/wp-content\/uploads\/2022\/05\/EMPLACEMENT-CAMPING-CAR-1112-300x200.jpg 300w, https:\/\/floride.fr\/wp-content\/uploads\/2022\/05\/EMPLACEMENT-CAMPING-CAR-1112-1024x681.jpg 1024w, https:\/\/floride.fr\/wp-content\/uploads\/2022\/05\/EMPLACEMENT-CAMPING-CAR-1112-768x511.jpg 768w, https:\/\/floride.fr\/wp-content\/uploads\/2022\/05\/EMPLACEMENT-CAMPING-CAR-1112-1536x1022.jpg 1536w, https:\/\/floride.fr\/wp-content\/uploads\/2022\/05\/EMPLACEMENT-CAMPING-CAR-1112-2048x1363.jpg 2048w\" sizes=\"(max-width: 2560px) 100vw, 2560px\" \/><\/figure>\n\n\n\n<figure class=\"wp-block-image size-large\"><img loading=\"lazy\" width=\"2560\" height=\"1707\" src=\"https:\/\/floride.fr\/wp-content\/uploads\/2022\/05\/A7R5910-1-scaled.jpg\" alt=\"\" class=\"wp-image-3543\" srcset=\"https:\/\/floride.fr\/wp-content\/uploads\/2022\/05\/A7R5910-1-scaled.jpg 2560w, https:\/\/floride.fr\/wp-content\/uploads\/2022\/05\/A7R5910-1-300x200.jpg 300w, https:\/\/floride.fr\/wp-content\/uploads\/2022\/05\/A7R5910-1-1024x683.jpg 1024w, https:\/\/floride.fr\/wp-content\/uploads\/2022\/05\/A7R5910-1-768x512.jpg 768w, https:\/\/floride.fr\/wp-content\/uploads\/2022\/05\/A7R5910-1-1536x1024.jpg 1536w, https:\/\/floride.fr\/wp-content\/uploads\/2022\/05\/A7R5910-1-2048x1365.jpg 2048w\" sizes=\"(max-width: 2560px) 100vw, 2560px\" \/><\/figure>\n<\/figure>\n\n\n\n<div style=\"height:100px\" aria-hidden=\"true\" class=\"wp-block-spacer\"><\/div>\n<\/div><\/div>\n","protected":false},"excerpt":{"rendered":"<p>Uw camping Port Barcar\u00e8s, een uitzonderlijke opening naar de Middellandse Zee Bent u op zoek naar een authentieke camping voor een onvergetelijke vakantie aan zee in de Pyr\u00e9n\u00e9es-Orientales? De badplaats Port Barcar\u00e8s verwelkomt u om aan al uw wensen te voldoen. Tussen top accommodatie, zwemmen, onderdompeling in een natuurlijke en typische omgeving en activiteiten op [&hellip;]<\/p>\n","protected":false},"author":1,"featured_media":0,"parent":0,"menu_order":0,"comment_status":"closed","ping_status":"closed","template":"","meta":[],"acf":[],"_links":{"self":[{"href":"https:\/\/floride.fr\/nl\/wp-json\/wp\/v2\/pages\/8411"}],"collection":[{"href":"https:\/\/floride.fr\/nl\/wp-json\/wp\/v2\/pages"}],"about":[{"href":"https:\/\/floride.fr\/nl\/wp-json\/wp\/v2\/types\/page"}],"author":[{"embeddable":true,"href":"https:\/\/floride.fr\/nl\/wp-json\/wp\/v2\/users\/1"}],"replies":[{"embeddable":true,"href":"https:\/\/floride.fr\/nl\/wp-json\/wp\/v2\/comments?post=8411"}],"version-history":[{"count":5,"href":"https:\/\/floride.fr\/nl\/wp-json\/wp\/v2\/pages\/8411\/revisions"}],"predecessor-version":[{"id":16299,"href":"https:\/\/floride.fr\/nl\/wp-json\/wp\/v2\/pages\/8411\/revisions\/16299"}],"wp:attachment":[{"href":"https:\/\/floride.fr\/nl\/wp-json\/wp\/v2\/media?parent=8411"}],"curies":[{"name":"wp","href":"https:\/\/api.w.org\/{rel}","templated":true}]}}