{"id":8441,"date":"2023-02-03T10:39:51","date_gmt":"2023-02-03T09:39:51","guid":{"rendered":"https:\/\/floride.fr\/collioure\/"},"modified":"2026-03-17T14:04:29","modified_gmt":"2026-03-17T13:04:29","slug":"collioure","status":"publish","type":"page","link":"https:\/\/floride.fr\/nl\/collioure\/","title":{"rendered":"Collioure"},"content":{"rendered":"\n<figure class=\"wp-block-image alignfull size-full F-00-b\"><img loading=\"lazy\" width=\"1919\" height=\"1228\" src=\"https:\/\/floride.fr\/wp-content\/uploads\/2023\/03\/lighthouse-gadc990533_1920-1.jpg\" alt=\"\" class=\"wp-image-9134\" srcset=\"https:\/\/floride.fr\/wp-content\/uploads\/2023\/03\/lighthouse-gadc990533_1920-1.jpg 1919w, https:\/\/floride.fr\/wp-content\/uploads\/2023\/03\/lighthouse-gadc990533_1920-1-300x192.jpg 300w, https:\/\/floride.fr\/wp-content\/uploads\/2023\/03\/lighthouse-gadc990533_1920-1-1024x655.jpg 1024w, https:\/\/floride.fr\/wp-content\/uploads\/2023\/03\/lighthouse-gadc990533_1920-1-768x491.jpg 768w, https:\/\/floride.fr\/wp-content\/uploads\/2023\/03\/lighthouse-gadc990533_1920-1-1536x983.jpg 1536w\" sizes=\"(max-width: 1919px) 100vw, 1919px\" \/><\/figure>\n\n<div class=\"wp-container-69d2c7d7120a6 wp-block-group F-05-a\"><div class=\"wp-block-group__inner-container\">\n<h1 class=\"has-couleur-1-color has-text-color\" id=\"votre-village-vacances-a-collioure-un-paradis-a-votre-portee\">Uw vakantiedorp in Collioure, een paradijs binnen uw bereik<\/h1>\n\n\n\n<p>Doet de naam Collioure je dromen? Deze parel van de <a href=\"https:\/\/floride.fr\/nl\/omgeving\/\">Pyrenees-Orientales<\/a> heeft veel kunstenaars aangetrokken en verwelkomt jaarlijks vele toeristen. Onze 5-sterrencamping Le Floride, een vakantiedorp op 40 minuten van Collioure, is de ideale plek om alle bezienswaardigheden van deze stad te ontdekken. Met de beste accommodatie en perfect onderhouden voorzieningen kunt u genieten van een uitzonderlijke kampeerervaring in Zuid-Frankrijk.<\/p>\n\n\n\n<div style=\"height:50px\" aria-hidden=\"true\" class=\"wp-block-spacer\"><\/div>\n\n\n\n<div class=\"wp-block-columns alignwide are-vertically-aligned-top\">\n<div class=\"wp-block-column is-vertically-aligned-top\">\n<figure class=\"wp-block-gallery aligncenter has-nested-images columns-default is-cropped\">\n<figure class=\"wp-block-image size-full\"><img loading=\"lazy\" width=\"640\" height=\"425\" src=\"https:\/\/floride.fr\/wp-content\/uploads\/2022\/07\/Eglise-Notre-Dame-des-Anges-Collioure.jpg\" alt=\"\" class=\"wp-image-5852\" srcset=\"https:\/\/floride.fr\/wp-content\/uploads\/2022\/07\/Eglise-Notre-Dame-des-Anges-Collioure.jpg 640w, https:\/\/floride.fr\/wp-content\/uploads\/2022\/07\/Eglise-Notre-Dame-des-Anges-Collioure-300x199.jpg 300w\" sizes=\"(max-width: 640px) 100vw, 640px\" \/><\/figure>\n\n\n\n<figure class=\"wp-block-image size-full\"><img loading=\"lazy\" width=\"1440\" height=\"1307\" src=\"https:\/\/floride.fr\/wp-content\/uploads\/2023\/03\/street-gad15df832_1920-1.jpg\" alt=\"\" class=\"wp-image-9153\" srcset=\"https:\/\/floride.fr\/wp-content\/uploads\/2023\/03\/street-gad15df832_1920-1.jpg 1440w, https:\/\/floride.fr\/wp-content\/uploads\/2023\/03\/street-gad15df832_1920-1-300x272.jpg 300w, https:\/\/floride.fr\/wp-content\/uploads\/2023\/03\/street-gad15df832_1920-1-1024x929.jpg 1024w, https:\/\/floride.fr\/wp-content\/uploads\/2023\/03\/street-gad15df832_1920-1-768x697.jpg 768w\" sizes=\"(max-width: 1440px) 100vw, 1440px\" \/><\/figure>\n<\/figure>\n<\/div>\n\n\n\n<div class=\"wp-block-column is-vertically-aligned-top\">\n<h2 class=\"has-couleur-4-color has-text-color\" id=\"collioure-cite-des-peintres-les-sites-incontournables-a-visiter-2\">Collioure, stad van de schilders, de bezienswaardigheden die u niet mag missen !<\/h2>\n\n\n\n<p>De geschiedenis van <strong>Collioure<\/strong> gaat terug tot de prehistorie. In die tijd boden de kliffen en de rijkdom van de fauna een goede leefomgeving voor onze voorouders. Omdat ze konden schuilen in grotten op kliffen en zich gemakkelijk konden voeden, hadden ze er een bevoorrechte plaats van bezetting van gemaakt. Het was toen een zeer drukke haven en in de 17e eeuw <strong>versterkt<\/strong> <strong>door Vauban<\/strong> zelf. Het kasteel en andere historische monumenten getuigen van een prestigieus verleden. <strong>De kerk Notre-Dame des Anges<\/strong> blijft een wonder van zuiverheid om bij dageraad te fotograferen. Beroemde schilders als Matisse, Degain en Picasso hebben binnen haar muren verbleven en haar onsterfelijk gemaakt, waardoor zij de reputatie <strong>van schilderstad<\/strong> heeft verworven. De tijd heeft deze stad in een natuurlijke omgeving gehouden. Het maakt inderdaad deel uit van de Natura 2000-gebieden. Als u de mooiste plekjes verkent, komt u gegarandeerd beschermde diersoorten tegen. Of u nu een fervent wandelaar bent, een natuurduiker of gewoon een liefhebber van ongewone plaatsen, u zult in de ban raken van deze site met zijn duizend attracties.<\/p>\n<\/div>\n<\/div>\n\n\n\n<div style=\"height:50px\" aria-hidden=\"true\" class=\"wp-block-spacer\"><\/div>\n\n\n\n<h2 id=\"vivez-la-nature-a-pleins-poumons-en-camping\">Beleef de natuur op zijn best tijdens het kamperen!<\/h2>\n\n\n\n<p>Collioure en de kuststreek behoren tot de mooiste plekken van de <a href=\"https:\/\/floride.fr\/plus-beaux-endroits-pyrenees-orientales\/\">Pyr\u00e9n\u00e9es-Orientales<\/a> en bieden u een eindeloze ontdekkingsreis. Om te ontspannen na deze intense dagen, is er geen betere plaats dan ons <strong>vakantiedorp in Collioure.<\/strong> Ontdek in ons aanbod van<a href=\"https:\/\/floride.fr\/nl\/verhuur\/\"> vakantieverblijven in de Pyr\u00e9n\u00e9es-Orientales<\/a> de accommodatie die bij u past: luxe chalets met jacuzzi, bijzondere Hawaiiaanse far\u00e9s of comfortabele woonwagens die uitnodigen tot ontspanning. Onze camping biedt een breed scala aan accommodaties, waaronder volledig ingerichte stacaravans voor mensen met beperkte mobiliteit. De <a href=\"https:\/\/floride.fr\/nl\/locaties\/\">standplaatsen voor tenten en caravans<\/a> worden <strong>zo dicht mogelijk bij de zee<\/strong> aangelegd, in een uitzonderlijke omgeving om uw verblijf in de beste omstandigheden te laten verlopen. Onze 5-sterren camping biedt u een breed scala aan diensten met alle comfort van thuis, zonder dat u het vakantiedorp hoeft te verlaten. Aan al uw behoeften wordt voldaan, van een <strong>supermarkt<\/strong> tot een <strong>kapper<\/strong> en een speelkamer. Ons personeel staat tot uw dienst om de beste oplossingen te vinden om van uw verblijf bij ons een unieke ervaring te maken.<\/p>\n\n\n\n<h2 id=\"des-equipements-de-qualite-dans-les-pyrenees-orientales\">Kwaliteitsvoorzieningen in de Ori\u00ebntaalse Pyrenee\u00ebn <\/h2>\n\n\n\n<p>Om uw dag af te ronden, verwelkomt ons <a href=\"https:\/\/floride.fr\/nl\/water-park\/\">waterpark van 4.700 m2<\/a> in de buurt van Collioure u in alle vrijheid! Zijn <strong>glijbanen<\/strong>, zijn ongelooflijke pentagliss, zijn tegenstroom rivieren, alles is ontworpen om de ervaringen met water in al zijn toestanden te vermenigvuldigen. Voor wie ontspanning zoekt, zijn er de <strong>verwarmde zwembaden<\/strong>, <strong>jacuzzi&#8217;s<\/strong> en <strong>peuterbaden<\/strong>. De jongsten zullen veilig oefenen om ervaren zwemmers te worden. Profiteer van alle mogelijkheden die deze uitzonderlijke plek biedt om uw co\u00ebffici\u00ebnt van puur gedeeld geluk te verhogen. Naast al deze zwembaden waar u zich kunt laten overweldigen door het plezier, heeft u de mogelijkheid om andere <a href=\"https:\/\/floride.fr\/nl\/activiteiten-animaties\/\">sport- of ontspanningsactiviteiten<\/a> te beoefenen in onze speciale ruimtes. Wat uw wensen ook zijn, wij bieden u structuren en uitrustingen die u niet onverschillig laten. Met uw familie of vrienden, uw verblijf is in het paradijs!<\/p>\n\n\n\n<figure class=\"wp-block-gallery has-nested-images columns-6 is-cropped diaporama--3\">\n<figure class=\"wp-block-image size-large\"><img loading=\"lazy\" width=\"1500\" height=\"1000\" src=\"https:\/\/floride.fr\/wp-content\/uploads\/2022\/05\/IMG_1089.jpg\" alt=\"\" class=\"wp-image-4505\" srcset=\"https:\/\/floride.fr\/wp-content\/uploads\/2022\/05\/IMG_1089.jpg 1500w, https:\/\/floride.fr\/wp-content\/uploads\/2022\/05\/IMG_1089-300x200.jpg 300w, https:\/\/floride.fr\/wp-content\/uploads\/2022\/05\/IMG_1089-1024x683.jpg 1024w, https:\/\/floride.fr\/wp-content\/uploads\/2022\/05\/IMG_1089-768x512.jpg 768w\" sizes=\"(max-width: 1500px) 100vw, 1500px\" \/><\/figure>\n\n\n\n<figure class=\"wp-block-image size-large\"><img loading=\"lazy\" width=\"2560\" height=\"1707\" src=\"https:\/\/floride.fr\/wp-content\/uploads\/2022\/05\/media-88995876-004-2-scaled.jpg\" alt=\"\" class=\"wp-image-4219\" srcset=\"https:\/\/floride.fr\/wp-content\/uploads\/2022\/05\/media-88995876-004-2-scaled.jpg 2560w, https:\/\/floride.fr\/wp-content\/uploads\/2022\/05\/media-88995876-004-2-300x200.jpg 300w, https:\/\/floride.fr\/wp-content\/uploads\/2022\/05\/media-88995876-004-2-1024x683.jpg 1024w, https:\/\/floride.fr\/wp-content\/uploads\/2022\/05\/media-88995876-004-2-768x512.jpg 768w, https:\/\/floride.fr\/wp-content\/uploads\/2022\/05\/media-88995876-004-2-1536x1024.jpg 1536w, https:\/\/floride.fr\/wp-content\/uploads\/2022\/05\/media-88995876-004-2-2048x1365.jpg 2048w\" sizes=\"(max-width: 2560px) 100vw, 2560px\" \/><\/figure>\n\n\n\n<figure class=\"wp-block-image size-large\"><img loading=\"lazy\" width=\"2560\" height=\"1703\" src=\"https:\/\/floride.fr\/wp-content\/uploads\/2022\/05\/PISCINE-COUVERTE-AQUAGYM-0692-scaled.jpg\" alt=\"\" class=\"wp-image-4038\" srcset=\"https:\/\/floride.fr\/wp-content\/uploads\/2022\/05\/PISCINE-COUVERTE-AQUAGYM-0692-scaled.jpg 2560w, https:\/\/floride.fr\/wp-content\/uploads\/2022\/05\/PISCINE-COUVERTE-AQUAGYM-0692-300x200.jpg 300w, https:\/\/floride.fr\/wp-content\/uploads\/2022\/05\/PISCINE-COUVERTE-AQUAGYM-0692-1024x681.jpg 1024w, https:\/\/floride.fr\/wp-content\/uploads\/2022\/05\/PISCINE-COUVERTE-AQUAGYM-0692-768x511.jpg 768w, https:\/\/floride.fr\/wp-content\/uploads\/2022\/05\/PISCINE-COUVERTE-AQUAGYM-0692-1536x1022.jpg 1536w, https:\/\/floride.fr\/wp-content\/uploads\/2022\/05\/PISCINE-COUVERTE-AQUAGYM-0692-2048x1363.jpg 2048w\" sizes=\"(max-width: 2560px) 100vw, 2560px\" \/><\/figure>\n\n\n\n<figure class=\"wp-block-image size-large\"><img loading=\"lazy\" width=\"1194\" height=\"794\" src=\"https:\/\/floride.fr\/wp-content\/uploads\/2022\/05\/tente-2-1.jpg\" alt=\"\" class=\"wp-image-3825\" srcset=\"https:\/\/floride.fr\/wp-content\/uploads\/2022\/05\/tente-2-1.jpg 1194w, https:\/\/floride.fr\/wp-content\/uploads\/2022\/05\/tente-2-1-300x199.jpg 300w, https:\/\/floride.fr\/wp-content\/uploads\/2022\/05\/tente-2-1-1024x681.jpg 1024w, https:\/\/floride.fr\/wp-content\/uploads\/2022\/05\/tente-2-1-768x511.jpg 768w\" sizes=\"(max-width: 1194px) 100vw, 1194px\" \/><\/figure>\n\n\n\n<figure class=\"wp-block-image size-large\"><img loading=\"lazy\" width=\"2560\" height=\"1703\" src=\"https:\/\/floride.fr\/wp-content\/uploads\/2022\/05\/EMPLACEMENT-CAMPING-CAR-1112-scaled.jpg\" alt=\"\" class=\"wp-image-3553\" srcset=\"https:\/\/floride.fr\/wp-content\/uploads\/2022\/05\/EMPLACEMENT-CAMPING-CAR-1112-scaled.jpg 2560w, https:\/\/floride.fr\/wp-content\/uploads\/2022\/05\/EMPLACEMENT-CAMPING-CAR-1112-300x200.jpg 300w, https:\/\/floride.fr\/wp-content\/uploads\/2022\/05\/EMPLACEMENT-CAMPING-CAR-1112-1024x681.jpg 1024w, https:\/\/floride.fr\/wp-content\/uploads\/2022\/05\/EMPLACEMENT-CAMPING-CAR-1112-768x511.jpg 768w, https:\/\/floride.fr\/wp-content\/uploads\/2022\/05\/EMPLACEMENT-CAMPING-CAR-1112-1536x1022.jpg 1536w, https:\/\/floride.fr\/wp-content\/uploads\/2022\/05\/EMPLACEMENT-CAMPING-CAR-1112-2048x1363.jpg 2048w\" sizes=\"(max-width: 2560px) 100vw, 2560px\" \/><\/figure>\n\n\n\n<figure class=\"wp-block-image size-large\"><img loading=\"lazy\" width=\"2560\" height=\"1707\" src=\"https:\/\/floride.fr\/wp-content\/uploads\/2022\/05\/A7R5910-1-scaled.jpg\" alt=\"\" class=\"wp-image-3543\" srcset=\"https:\/\/floride.fr\/wp-content\/uploads\/2022\/05\/A7R5910-1-scaled.jpg 2560w, https:\/\/floride.fr\/wp-content\/uploads\/2022\/05\/A7R5910-1-300x200.jpg 300w, https:\/\/floride.fr\/wp-content\/uploads\/2022\/05\/A7R5910-1-1024x683.jpg 1024w, https:\/\/floride.fr\/wp-content\/uploads\/2022\/05\/A7R5910-1-768x512.jpg 768w, https:\/\/floride.fr\/wp-content\/uploads\/2022\/05\/A7R5910-1-1536x1024.jpg 1536w, https:\/\/floride.fr\/wp-content\/uploads\/2022\/05\/A7R5910-1-2048x1365.jpg 2048w\" sizes=\"(max-width: 2560px) 100vw, 2560px\" \/><\/figure>\n<\/figure>\n\n\n\n<div style=\"height:50px\" aria-hidden=\"true\" class=\"wp-block-spacer\"><\/div>\n\n\n\n<div class=\"wp-block-columns\">\n<div class=\"wp-block-column\">\n<h2 class=\"has-couleur-4-color has-text-color\" id=\"collioure-cite-des-peintres-les-sites-incontournables-a-visiter-2\">Ontdek de omgeving van Collioure vanuit uw vakantiedorp Le Floride<\/h2>\n\n\n\n<p>De vijfsterrencamping Le Floride in de Pyr\u00e9n\u00e9es-Orientales is zonder twijfel de vakantiebestemming waar u altijd al van gedroomd heeft. Kom en confronteer uw dromen met de werkelijkheid door bij ons te verblijven. Je zult zien dat het soms je stoutste dromen kan overtreffen. <strong>In Collioure en omgeving<\/strong> kunt u in alle rust prachtige plekken verkennen! Vanaf onze camping in Barcar\u00e8s liggen de belangrijkste steden van de Pyr\u00e9n\u00e9es-Orientales binnen handbereik. Kom en ontdek de Catalaanse hoofdstad en het koninkrijk Mallorca in <a href=\"https:\/\/floride.fr\/nl\/perpignan\/\">Perpignan<\/a>, de rots- en zandkust in <a href=\"https:\/\/floride.fr\/nl\/argeles-sur-mer\/\">Argel\u00e8s sur Mer<\/a>, <strong>Torreilles<\/strong> of <a href=\"https:\/\/floride.fr\/nl\/barcares\/\">Port Barcar\u00e8s<\/a>. Ideaal gelegen aan de <strong>poort van de Aude<\/strong> aan de <strong>Middellandse Zee<\/strong>, wachten u in <strong>Roussillon<\/strong> uitzonderlijke natuurlijke en historische bezienswaardigheden in de buurt van uw huuraccommodatie. Rijd langs de kust van noord naar zuid en ontdek de mooiste <a href=\"https:\/\/floride.fr\/tourisme\/plus-belles-plages-pyrenees-orientales\/\">stranden van de Pyr\u00e9n\u00e9es-Orientales<\/a>, langs rustige of bruisende badplaatsen, met beschermde lagunes als die van <a href=\"https:\/\/floride.fr\/nl\/leucate\/\">Leucate <\/a>(bij Narbonne) of die van Marseillan-S\u00e8te \u2013 op minder dan anderhalf uur rijden van de camping. <\/p>\n<\/div>\n\n\n\n<div class=\"wp-block-column\">\n<figure class=\"wp-block-gallery has-nested-images columns-default is-cropped\">\n<figure class=\"wp-block-image size-full\"><img loading=\"lazy\" width=\"1275\" height=\"1027\" src=\"https:\/\/floride.fr\/wp-content\/uploads\/2023\/03\/boat-geba3047d5_1920.jpg\" alt=\"\" class=\"wp-image-9139\" srcset=\"https:\/\/floride.fr\/wp-content\/uploads\/2023\/03\/boat-geba3047d5_1920.jpg 1275w, https:\/\/floride.fr\/wp-content\/uploads\/2023\/03\/boat-geba3047d5_1920-300x242.jpg 300w, https:\/\/floride.fr\/wp-content\/uploads\/2023\/03\/boat-geba3047d5_1920-1024x825.jpg 1024w, https:\/\/floride.fr\/wp-content\/uploads\/2023\/03\/boat-geba3047d5_1920-768x619.jpg 768w\" sizes=\"(max-width: 1275px) 100vw, 1275px\" \/><\/figure>\n<\/figure>\n<\/div>\n<\/div>\n\n\n\n<div style=\"height:100px\" aria-hidden=\"true\" class=\"wp-block-spacer\"><\/div>\n<\/div><\/div>\n","protected":false},"excerpt":{"rendered":"<p>Uw vakantiedorp in Collioure, een paradijs binnen uw bereik Doet de naam Collioure je dromen? Deze parel van de Pyrenees-Orientales heeft veel kunstenaars aangetrokken en verwelkomt jaarlijks vele toeristen. Onze 5-sterrencamping Le Floride, een vakantiedorp op 40 minuten van Collioure, is de ideale plek om alle bezienswaardigheden van deze stad te ontdekken. Met de beste [&hellip;]<\/p>\n","protected":false},"author":1,"featured_media":0,"parent":0,"menu_order":0,"comment_status":"closed","ping_status":"closed","template":"","meta":[],"acf":[],"_links":{"self":[{"href":"https:\/\/floride.fr\/nl\/wp-json\/wp\/v2\/pages\/8441"}],"collection":[{"href":"https:\/\/floride.fr\/nl\/wp-json\/wp\/v2\/pages"}],"about":[{"href":"https:\/\/floride.fr\/nl\/wp-json\/wp\/v2\/types\/page"}],"author":[{"embeddable":true,"href":"https:\/\/floride.fr\/nl\/wp-json\/wp\/v2\/users\/1"}],"replies":[{"embeddable":true,"href":"https:\/\/floride.fr\/nl\/wp-json\/wp\/v2\/comments?post=8441"}],"version-history":[{"count":6,"href":"https:\/\/floride.fr\/nl\/wp-json\/wp\/v2\/pages\/8441\/revisions"}],"predecessor-version":[{"id":16307,"href":"https:\/\/floride.fr\/nl\/wp-json\/wp\/v2\/pages\/8441\/revisions\/16307"}],"wp:attachment":[{"href":"https:\/\/floride.fr\/nl\/wp-json\/wp\/v2\/media?parent=8441"}],"curies":[{"name":"wp","href":"https:\/\/api.w.org\/{rel}","templated":true}]}}