{"id":8457,"date":"2023-02-03T12:54:07","date_gmt":"2023-02-03T11:54:07","guid":{"rendered":"https:\/\/floride.fr\/chalet-te-huur-in-pyrenees-orientales\/"},"modified":"2025-11-05T13:44:43","modified_gmt":"2025-11-05T12:44:43","slug":"chalet-te-huur-in-pyrenees-orientales","status":"publish","type":"page","link":"https:\/\/floride.fr\/nl\/chalet-te-huur-in-pyrenees-orientales\/","title":{"rendered":"Chalet te huur in Pyr\u00e9n\u00e9es Orientales"},"content":{"rendered":"\n<figure class=\"wp-block-image alignfull size-large F-00-b\"><img src=\"https:\/\/floride.fr\/wp-content\/uploads\/2022\/05\/&#xA9;LeFloride-080-1-1024x682.jpg\" alt=\"Verhuur van chalets in de oostelijke pyrenee&#xEB;n camping le floride\" class=\"wp-image-4836\"\/><\/figure>\n\n<h1 class=\"has-text-align-center has-couleur-1-color has-text-color\" id=\"location-de-chalet-en-pyrenees-orientales-au-camping-le-floride\">Chalet huren in de Pyr\u00e9n\u00e9es Orientales op Camping Le Floride in Barcar\u00e8s<\/h1>\n\n<p class=\"has-text-align-center\">Kom en beleef een unieke ervaring in een chalet op een camping aan zee <a href=\"https:\/\/floride.fr\/camping-pyrenees-orientales-bord-de-mer\/\">in de Pyr\u00e9n\u00e9es-Orientales<\/a>, een van onze vele <a href=\"https:\/\/floride.fr\/nl\/verhuur\/\">vakantieverblijven in Barcar\u00e8s.<\/a> Ons 5-sterrenhotel biedt <strong>diensten van hoge kwaliteit<\/strong> om uw vakantie uniek te maken. U kunt genieten <strong>van directe toegang tot het strand van Barcar\u00e8s<\/strong> om te ontspannen en te genieten van een adembenemend uitzicht op zee. Met zijn &#8216;vakantiedorp&#8217;-gevoel dompelt onze camping u onder in een compleet andere wereld. Een totale verandering van omgeving is gegarandeerd dankzij een 360\u00b0 ervaring in het hart van een Polynesische sfeer die reisliefhebbers zal verleiden.<\/p>\n\n<p><\/p>\n\n<div class=\"wp-container-69d0ef8f20053 wp-block-group\"><div class=\"wp-block-group__inner-container\">\n<div class=\"wp-container-69d0ef8f1fd8e wp-block-group\"><div class=\"wp-block-group__inner-container\">\n<div class=\"wp-block-columns F-05-a\">\n<div class=\"wp-block-column\">\n<div style=\"height:50px\" aria-hidden=\"true\" class=\"wp-block-spacer\"><\/div>\n\n\n\n<h2 id=\"des-chalets-de-prestige-au-bord-de-la-mer-mediterranee\">Prestigieuze chalets aan de Middellandse Zee<\/h2>\n\n\n\n<p>Ontdek onze luxe chalets aan de Middellandse Zee. Deze houten accommodaties nemen u mee naar een andere wereld zonder uw comfort te verwaarlozen. U kunt gebruik maken van vele faciliteiten : <\/p>\n\n\n\n<ul><li>microwave<\/li><li>een koelkast<\/li><li>airconditioning<\/li><li>een televisie<\/li><li>Wifi<\/li><li>een koffiezetapparaat<\/li><li>en zelfs gerechten voor al uw maaltijden<\/li><\/ul>\n\n\n\n<p>U kunt ook genieten van uw <strong>eigen priv\u00e9 tuinmeubilair met twee ligstoelen<\/strong> die klaar staan om te ontspannen. Een stukje <strong>paradijs in een huurchalet in Languedoc-Roussillon<\/strong> om nieuwe energie op te doen en het hele gezin een plezier te doen.<\/p>\n<\/div>\n\n\n\n<div class=\"wp-block-column is-vertically-aligned-center\">\n<figure class=\"wp-block-gallery has-nested-images columns-default is-cropped\">\n<figure class=\"wp-block-image size-large\"><img loading=\"lazy\" width=\"1024\" height=\"683\" src=\"https:\/\/floride.fr\/wp-content\/uploads\/2022\/10\/130-camping-le-floride-1024px.jpg\" alt=\"\" class=\"wp-image-6972\" srcset=\"https:\/\/floride.fr\/wp-content\/uploads\/2022\/10\/130-camping-le-floride-1024px.jpg 1024w, https:\/\/floride.fr\/wp-content\/uploads\/2022\/10\/130-camping-le-floride-1024px-300x200.jpg 300w, https:\/\/floride.fr\/wp-content\/uploads\/2022\/10\/130-camping-le-floride-1024px-768x512.jpg 768w\" sizes=\"(max-width: 1024px) 100vw, 1024px\" \/><\/figure>\n\n\n\n<figure class=\"wp-block-image size-large\"><img loading=\"lazy\" width=\"2560\" height=\"1707\" src=\"https:\/\/floride.fr\/wp-content\/uploads\/2022\/05\/A7R5381-scaled.jpg\" alt=\"\" class=\"wp-image-4831\" srcset=\"https:\/\/floride.fr\/wp-content\/uploads\/2022\/05\/A7R5381-scaled.jpg 2560w, https:\/\/floride.fr\/wp-content\/uploads\/2022\/05\/A7R5381-300x200.jpg 300w, https:\/\/floride.fr\/wp-content\/uploads\/2022\/05\/A7R5381-1024x683.jpg 1024w, https:\/\/floride.fr\/wp-content\/uploads\/2022\/05\/A7R5381-768x512.jpg 768w, https:\/\/floride.fr\/wp-content\/uploads\/2022\/05\/A7R5381-1536x1024.jpg 1536w, https:\/\/floride.fr\/wp-content\/uploads\/2022\/05\/A7R5381-2048x1365.jpg 2048w\" sizes=\"(max-width: 2560px) 100vw, 2560px\" \/><\/figure>\n<\/figure>\n<\/div>\n<\/div>\n\n\n\n<div style=\"height:30px\" aria-hidden=\"true\" class=\"wp-block-spacer\"><\/div>\n\n\n\n<p>Dit alles op een <strong>droomlocatie<\/strong> waardoor u kunt genieten van directe toegang tot <a href=\"https:\/\/floride.fr\/nl\/directe-toegang-tot-het-strand\/\">het strand van Barcar\u00e8s<\/a> op slechts een paar honderd meter afstand. U kunt genieten van de zeelucht terwijl u zich onderdompelt in <strong>een levendige en vriendelijke Polynesische sfeer.<\/strong> Een echte verandering van omgeving voor een totaal unieke vakantie. Hoewel onze chalets een winterse connotatie hebben, zijn deze structuren niet alleen gereserveerd voor een verblijf in de bergen Ze geven ook een echt vakantiegevoel bij warm weer voor een heel andere sfeer. Zo waant u zich in een hut in het hart van Polynesi\u00eb zonder uw comfort of de activiteiten om u heen te verwaarlozen.<\/p>\n<\/div><\/div>\n<\/div><\/div>\n\n<div class=\"wp-container-69d0ef8f206c3 wp-block-group\"><div class=\"wp-block-group__inner-container\">\n<h2 id=\"vivez-une-aventure-unique-en-famille-ou-entre-amis\">Beleef een uniek avontuur met familie en vrienden<\/h2>\n\n\n\n<p><strong>Onze huisjes zijn geschikt voor 4 tot 8 personen<\/strong>, zodat u uw avonturen met anderen kunt delen. Een ideale gelegenheid om met uw vrienden of familie naar een tijdloze plek te gaan voor een unieke ervaring aan zee. Dit alles terwijl u geniet van de animatie en het comfort van onze 5-sterren camping. Als u op zoek <strong>bent naar een huurchalet in de buurt van Perpignan<\/strong>, ga dan naar camping Le Floride in Barcar\u00e8s voor een comfortabele vakantie zonder de campingsfeer te vergeten waar wij zo van houden. <strong>Er worden tal van activiteiten en animaties<\/strong> op de camping aangeboden die jong en oud tijdens hun verblijf bezig zullen houden. Neem ze mee naar het zwembad, de zee, het waterpark, wandelen, fietsen en meer, allemaal binnen een paar honderd meter van uw huis.<\/p>\n\n\n\n<p><strong>Al onze diensten zijn inbegrepen in de huurprijs<\/strong> zodat u geen verborgen kosten heeft. U kunt kiezen voor een chalet met een passend aantal kamers, maar ook voor <strong>verschillende locaties op de camping<\/strong> om uw ervaring te personaliseren. Ten slotte zijn <strong>er verschillende comfortniveaus<\/strong> in onze chalets om te voldoen aan de verwachtingen van avonturiers, maar ook van gezinnen met specifieke eisen. <\/p>\n\n\n\n<h3 class=\"has-couleur-4-color has-text-color\" id=\"choisir-son-emplacement-de-chalet-pres-de-perpignan\">Uw chalet kiezen in de buurt van Perpignan<\/h3>\n\n\n\n<p>Om u te helpen uw plaats te kiezen, raden wij u aan <a rel=\"noreferrer noopener\" href=\"https:\/\/floride.fr\/wp-content\/uploads\/2022\/05\/Plan-RV-compresse-2.pdf\" target=\"_blank\">de plattegrond van de camping<\/a> en de verschillende beschikbare plaatsen te bekijken. U kunt de plaats, de tentoonstelling en de sfeer kiezen die u het beste uitkomen, afhankelijk van de beschikbaarheid. Het is ook een gelegenheid om alle diensten te ontdekken die <strong>onze 5-sterren camping<\/strong> te bieden heeft, en om uw standplaats te kiezen op basis van uw interesses, met name wat betreft de activiteiten van de camping.<\/p>\n\n\n\n<p>Kies uit onze 3 chalet modellen : <\/p>\n\n\n\n<ul><li><strong>Ciela Privil\u00e8ge Tropisch chalet 3 slaapkamers 6\/8 personen <\/strong><\/li><li><strong>Ciela Comfort Chalet 2 slaapkamers 5 personen<\/strong><\/li><li><strong style=\"color: initial;\">Ciela Comfort Chalet 3 slaapkamers 6 personen<\/strong><\/li><\/ul>\n\n\n\n<div class=\"wp-container-69d0ef8f20409 wp-block-buttons\">\n<div class=\"wp-block-button btn_resa\"><a class=\"wp-block-button__link has-couleur-2-background-color has-background\"><i class=\"fal fa-search\"><\/i> Boek<\/a><\/div>\n<\/div>\n<\/div><\/div>\n\n<section class=\"wp-container-69d0ef8f20aa5 wp-block-group F-15-a vague-top ligne1-top has-bg-1-background-color has-background\"><div class=\"wp-block-group__inner-container\">\n<p class=\"titre2 has-couleur-1-color has-text-color\" id=\"decouvrez-notre-location-la-suite-riviera-premium-un-vrai-succes\">De Pyr\u00e9n\u00e9es-Orientales: bakermat van het toerisme met een grote culturele rijkdom<\/p>\n\n\n\n<div class=\"wp-block-media-text is-stacked-on-mobile is-image-fill\"><figure class=\"wp-block-media-text__media\" style=\"background-image:url(https:\/\/floride.fr\/wp-content\/uploads\/2022\/07\/Ville-de-Perpignan-Pyrenees-Orientales-1024x682.jpg);background-position:48% 69%\"><img loading=\"lazy\" width=\"1024\" height=\"682\" src=\"https:\/\/floride.fr\/wp-content\/uploads\/2022\/07\/Ville-de-Perpignan-Pyrenees-Orientales-1024x682.jpg\" alt=\"\" class=\"wp-image-5891 size-full\" srcset=\"https:\/\/floride.fr\/wp-content\/uploads\/2022\/07\/Ville-de-Perpignan-Pyrenees-Orientales-1024x682.jpg 1024w, https:\/\/floride.fr\/wp-content\/uploads\/2022\/07\/Ville-de-Perpignan-Pyrenees-Orientales-300x200.jpg 300w, https:\/\/floride.fr\/wp-content\/uploads\/2022\/07\/Ville-de-Perpignan-Pyrenees-Orientales-768x512.jpg 768w, https:\/\/floride.fr\/wp-content\/uploads\/2022\/07\/Ville-de-Perpignan-Pyrenees-Orientales.jpg 1280w\" sizes=\"(max-width: 1024px) 100vw, 1024px\" \/><\/figure><div class=\"wp-block-media-text__content\">\n<h2 class=\"titre3 has-couleur-4-color has-text-color\" id=\"vos-vacances-en-chalet-dans-les-pyrenees-orientales\">Uw vakantie in een chalet in de Pyr\u00e9n\u00e9es-Orientales<\/h2>\n\n\n\n<p>Door te kiezen voor een chalet in de Pyr\u00e9n\u00e9es-Orientales bent u verzekerd van alle natuurlijke en culturele rijkdom die de regio te bieden heeft. U kunt namelijk genieten van het karakteristieke klimaat van de Pyr\u00e9n\u00e9es-Orientales, tussen zee en bergen. Het is heel gemakkelijk om even helemaal weg te zijn zonder lange reizen te hoeven maken. <a href=\"https:\/\/floride.fr\/nl\/omgeving\/\">Een bezoek aan de Pyr\u00e9n\u00e9es-Orientales <\/a>staat ook voor de sfeer van het zuiden, met zeer dynamische stadscentra en een feestelijke ambiance.<\/p>\n\n\n\n<p>U kunt <strong>een fietstocht<\/strong> maken of een echt avontuur in het bos. Er is geen gebrek aan paden, en <strong>Barcar\u00e8s<\/strong> is de ideale plek om weer in contact te komen met de omgeving. U kunt ook profiteren van de sfeer aan zee om iets te drinken aan het strand, een lekker kleurtje te krijgen of enkele leuke uurtjes door te brengen in het waterpark van de camping. Het is ook een gelegenheid om de geschiedenis van de regio terug te vinden <strong>door de kastelen, kerken en talrijke historische monumenten<\/strong> te bezoeken die de reputatie van de Pyr\u00e9n\u00e9es-Orientales uitmaken.<\/p>\n\n\n\n<div style=\"height:50px\" aria-hidden=\"true\" class=\"wp-block-spacer\"><\/div>\n<\/div><\/div>\n\n\n\n<div style=\"height:70px\" aria-hidden=\"true\" class=\"wp-block-spacer\"><\/div>\n\n\n\n<p class=\"titre3 has-couleur-1-color has-text-color\">Ontdek ook onze andere accommodaties : <\/p>\n\n\n\n<ul><li>Onze bijzondere accommodaties in de <a href=\"https:\/\/floride.fr\/nl\/ongewone-verhuur-in-de-oostelijke-pyreneeen\/\">Pyr\u00e9n\u00e9es-Orientales<\/a><\/li><li>Onze <a href=\"https:\/\/floride.fr\/nl\/verhuur-van-stacaravans-oostelijke-pyreneeen\/\">stacaravanverhuur in de buurt van Perpignan<\/a><\/li><\/ul>\n\n\n\n<div style=\"height:20px\" aria-hidden=\"true\" class=\"wp-block-spacer\"><\/div>\n<\/div><\/section>\n","protected":false},"excerpt":{"rendered":"<p>Chalet huren in de Pyr\u00e9n\u00e9es Orientales op Camping Le Floride in Barcar\u00e8s Kom en beleef een unieke ervaring in een chalet op een camping aan zee in de Pyr\u00e9n\u00e9es-Orientales, een van onze vele vakantieverblijven in Barcar\u00e8s. Ons 5-sterrenhotel biedt diensten van hoge kwaliteit om uw vakantie uniek te maken. U kunt genieten van directe toegang [&hellip;]<\/p>\n","protected":false},"author":1,"featured_media":0,"parent":0,"menu_order":0,"comment_status":"closed","ping_status":"closed","template":"","meta":[],"acf":[],"_links":{"self":[{"href":"https:\/\/floride.fr\/nl\/wp-json\/wp\/v2\/pages\/8457"}],"collection":[{"href":"https:\/\/floride.fr\/nl\/wp-json\/wp\/v2\/pages"}],"about":[{"href":"https:\/\/floride.fr\/nl\/wp-json\/wp\/v2\/types\/page"}],"author":[{"embeddable":true,"href":"https:\/\/floride.fr\/nl\/wp-json\/wp\/v2\/users\/1"}],"replies":[{"embeddable":true,"href":"https:\/\/floride.fr\/nl\/wp-json\/wp\/v2\/comments?post=8457"}],"version-history":[{"count":5,"href":"https:\/\/floride.fr\/nl\/wp-json\/wp\/v2\/pages\/8457\/revisions"}],"predecessor-version":[{"id":15460,"href":"https:\/\/floride.fr\/nl\/wp-json\/wp\/v2\/pages\/8457\/revisions\/15460"}],"wp:attachment":[{"href":"https:\/\/floride.fr\/nl\/wp-json\/wp\/v2\/media?parent=8457"}],"curies":[{"name":"wp","href":"https:\/\/api.w.org\/{rel}","templated":true}]}}