{"id":8472,"date":"2023-02-03T14:22:02","date_gmt":"2023-02-03T13:22:02","guid":{"rendered":"https:\/\/floride.fr\/verhuur-van-stacaravans-oostelijke-pyreneeen\/"},"modified":"2025-11-05T12:33:02","modified_gmt":"2025-11-05T11:33:02","slug":"verhuur-van-stacaravans-oostelijke-pyreneeen","status":"publish","type":"page","link":"https:\/\/floride.fr\/nl\/verhuur-van-stacaravans-oostelijke-pyreneeen\/","title":{"rendered":"Verhuur van stacaravans in de Pyr\u00e9n\u00e9es-Orientales"},"content":{"rendered":"\n<figure class=\"wp-block-image alignfull size-large F-00-b\"><img loading=\"lazy\" width=\"1024\" height=\"682\" src=\"https:\/\/floride.fr\/wp-content\/uploads\/2022\/05\/01-FLORIDE-TEST-L-FIN-0258-1024x682.jpg\" alt=\"Verhuur van stacaravans in de oostelijke pyrenee&#xEB;n bij de floride en l'embouchure\" class=\"wp-image-3849\" srcset=\"https:\/\/floride.fr\/wp-content\/uploads\/2022\/05\/01-FLORIDE-TEST-L-FIN-0258-1024x682.jpg 1024w, https:\/\/floride.fr\/wp-content\/uploads\/2022\/05\/01-FLORIDE-TEST-L-FIN-0258-300x200.jpg 300w, https:\/\/floride.fr\/wp-content\/uploads\/2022\/05\/01-FLORIDE-TEST-L-FIN-0258-768x511.jpg 768w, https:\/\/floride.fr\/wp-content\/uploads\/2022\/05\/01-FLORIDE-TEST-L-FIN-0258-1536x1022.jpg 1536w, https:\/\/floride.fr\/wp-content\/uploads\/2022\/05\/01-FLORIDE-TEST-L-FIN-0258-2048x1363.jpg 2048w\" sizes=\"(max-width: 1024px) 100vw, 1024px\" \/><\/figure>\n\n<h1 class=\"has-text-align-center has-couleur-1-color has-text-color\" id=\"location-de-mobil-home-dans-les-pyrenees-orientales-camping-le-floride\">Verhuur van stacaravans in de oostelijke Pyrenee\u00ebn: camping Le Floride<\/h1>\n\n<p class=\"has-text-align-center\">Camping Le Floride in Barcar\u00e8s (66) is een <strong>5-sterrenhotel van de bovenste plank.<\/strong> Als u op zoek bent naar een kampeerervaring zonder in te boeten aan comfort, dan zult u zeker genieten<a href=\"https:\/\/floride.fr\/nl\/verhuur\/\"> van onze vakantieverblijven in Barcar\u00e8s<\/a>, met name onze stacaravans. Deze liggen verspreid over de camping, zodat u de plaats kunt kiezen die het beste bij u past. Geniet van een <strong>zonvakantie in het zuiden van Frankrijk<\/strong> op een camping die alles weg heeft van een vakantiedorp. Voor een totale verandering van omgeving nemen wij u mee naar een tropisch universum in het hart van Polynesi\u00eb waar u allerlei speciaal voor u ontworpen activiteiten kunt ontdekken. Een 360\u00b0 ervaring, aangevuld met een enorm waterpark tot uw beschikking. Er is voor elk wat wils, voor jong en oud, op een bevoorrechte locatie tussen zee en rivier, in het hart van de Pyr\u00e9n\u00e9es-Orientales.<\/p>\n\n<h2 id=\"decouvrez-nos-locations-de-mobil-homes-de-2-a-8-personnes-a-proximite-de-perpignan\">Ontdek onze verhuur van stacaravans van 2 tot 8 personen in de buurt van Perpignan<\/h2>\n\n<p>Als u op zoek bent naar een unieke camping met uitzonderlijke accommodaties, kom dan eens kijken naar onze stacaravans in Barcar\u00e8s in de Pyr\u00e9n\u00e9es-Orientales. Om aan uw behoeften te voldoen, bieden wij verschillende types en verschillende belichtingen aan. U kunt zo dicht mogelijk bij de zee zitten om op een steenworp afstand van de stranden te zijn of u kunt dichter bij ons <a href=\"https:\/\/floride.fr\/nl\/water-park\/\">waterpark bij Perpignan<\/a> zitten om optimaal van de attracties te genieten terwijl u naar wens naar uw stacaravan kunt terugkeren.<\/p>\n\n<div class=\"wp-container-69e7bf124665d wp-block-group F-15-a\"><div class=\"wp-block-group__inner-container\">\n<h3 class=\"has-couleur-4-color has-text-color\" id=\"des-mobil-homes-pour-tous-vos-besoins\">Stacaravans voor al uw behoeften<\/h3>\n\n\n\n<p>Deze accommodaties kunnen in alle opzichten worden aangepast aan uw behoeften, maar ook aan het aantal vakantiegangers. <\/p>\n\n\n\n<ul><li>De stacaravan Ciela Confort met 1 slaapkamer is een voordelig model van 20 m\u00b2 dat is ontworpen voor 2 personen. Het is echter mogelijk om de slaapbank te gebruiken voor 4 personen.<\/li><li>De stacaravan Ciela Confort PMR is ontworpen volgens de toegankelijkheidscriteria die worden aanbevolen door de Association Tourisme et Handicap (vereniging voor toerisme en handicap). Het is een model van 32m2 dat plaats biedt aan 4 personen. Ook hier kan de slaapbank worden gebruikt om nog twee personen te herbergen.<\/li><li>De stacaravan Ciela Confort met 3 slaapkamers voor 6\/8 personen is een model van 33 m\u00b2 waar huisdieren zijn toegestaan en dat beschikt over 3 mooie slaapkamers. Ideaal voor grote gezinnen of grote groepen.<\/li><li>De stacaravan Ciela Prestige met 3 slaapkamers is bedoeld voor liefhebbers van comfort en kamperen met een vleugje luxe. Deze suite van 40m2 heeft alle ruimte die u nodig heeft met 3 slaapkamers en een grote woonkamer.<\/li><li>De stacaravan Ciela Confort met 2 slaapkamers voor 4\/6 personen heeft een oppervlakte van 32 m\u00b2 en een halfoverdekt priv\u00e9terras. De stacaravan is ideaal voor 4 personen, maar is geschikt voor maximaal 6 personen.<\/li><li>De stacaravan Ciela Confort met 2 slaapkamers voor 4 personen biedt alles wat een klein gezin nodig heeft. Er zijn twee slaapkamers met een tweepersoonsbed en twee kleinere, maar ook een keuken die uitkomt op een mooie leefruimte. Het zal jong en oud aanspreken met zijn half overdekte terras om ongeacht het weer van te genieten.<\/li><li>De stacaravan Ciela Confort Compact met 2 slaapkamers onderscheidt zich door zijn priv\u00e9buitenruimte. U kunt met uw familie of vrienden rond een buitentafel eten. Ideaal als u bij mooi weer een gezellig moment wilt doorbrengen.<\/li><li>De stacaravan Ciela Confort met 3 slaapkamers voor 6 personen is de XXL-versie van de Quatro, met een extra slaapkamer voor 6 personen.<\/li><\/ul>\n\n\n\n<figure class=\"wp-block-gallery has-nested-images columns-6 is-cropped diaporama--3\">\n<figure class=\"wp-block-image size-large\"><img loading=\"lazy\" width=\"2560\" height=\"1707\" src=\"https:\/\/floride.fr\/wp-content\/uploads\/2022\/10\/A7R5561-scaled.jpg\" alt=\"Vakantieverhuur in Le Barcar&#xE8;s: stacaravan en ongewoon op camping Floride\" class=\"wp-image-7058\" srcset=\"https:\/\/floride.fr\/wp-content\/uploads\/2022\/10\/A7R5561-scaled.jpg 2560w, https:\/\/floride.fr\/wp-content\/uploads\/2022\/10\/A7R5561-300x200.jpg 300w, https:\/\/floride.fr\/wp-content\/uploads\/2022\/10\/A7R5561-1024x683.jpg 1024w, https:\/\/floride.fr\/wp-content\/uploads\/2022\/10\/A7R5561-768x512.jpg 768w, https:\/\/floride.fr\/wp-content\/uploads\/2022\/10\/A7R5561-1536x1024.jpg 1536w, https:\/\/floride.fr\/wp-content\/uploads\/2022\/10\/A7R5561-2048x1365.jpg 2048w\" sizes=\"(max-width: 2560px) 100vw, 2560px\" \/><\/figure>\n\n\n\n<figure class=\"wp-block-image size-large\"><img loading=\"lazy\" width=\"2560\" height=\"1707\" src=\"https:\/\/floride.fr\/wp-content\/uploads\/2022\/10\/A7R5274-scaled.jpg\" alt=\"\" class=\"wp-image-6979\" srcset=\"https:\/\/floride.fr\/wp-content\/uploads\/2022\/10\/A7R5274-scaled.jpg 2560w, https:\/\/floride.fr\/wp-content\/uploads\/2022\/10\/A7R5274-300x200.jpg 300w, https:\/\/floride.fr\/wp-content\/uploads\/2022\/10\/A7R5274-1024x683.jpg 1024w, https:\/\/floride.fr\/wp-content\/uploads\/2022\/10\/A7R5274-768x512.jpg 768w, https:\/\/floride.fr\/wp-content\/uploads\/2022\/10\/A7R5274-1536x1024.jpg 1536w, https:\/\/floride.fr\/wp-content\/uploads\/2022\/10\/A7R5274-2048x1365.jpg 2048w\" sizes=\"(max-width: 2560px) 100vw, 2560px\" \/><\/figure>\n\n\n\n<figure class=\"wp-block-image size-large\"><img loading=\"lazy\" width=\"2560\" height=\"1707\" src=\"https:\/\/floride.fr\/wp-content\/uploads\/2022\/10\/A7R5391-scaled.jpg\" alt=\"\" class=\"wp-image-6995\" srcset=\"https:\/\/floride.fr\/wp-content\/uploads\/2022\/10\/A7R5391-scaled.jpg 2560w, https:\/\/floride.fr\/wp-content\/uploads\/2022\/10\/A7R5391-300x200.jpg 300w, https:\/\/floride.fr\/wp-content\/uploads\/2022\/10\/A7R5391-1024x683.jpg 1024w, https:\/\/floride.fr\/wp-content\/uploads\/2022\/10\/A7R5391-768x512.jpg 768w, https:\/\/floride.fr\/wp-content\/uploads\/2022\/10\/A7R5391-1536x1024.jpg 1536w, https:\/\/floride.fr\/wp-content\/uploads\/2022\/10\/A7R5391-2048x1365.jpg 2048w\" sizes=\"(max-width: 2560px) 100vw, 2560px\" \/><\/figure>\n\n\n\n<figure class=\"wp-block-image size-large\"><img loading=\"lazy\" width=\"2400\" height=\"1600\" src=\"https:\/\/floride.fr\/wp-content\/uploads\/2022\/10\/IMG_6231.jpg\" alt=\"\" class=\"wp-image-7031\" srcset=\"https:\/\/floride.fr\/wp-content\/uploads\/2022\/10\/IMG_6231.jpg 2400w, https:\/\/floride.fr\/wp-content\/uploads\/2022\/10\/IMG_6231-300x200.jpg 300w, https:\/\/floride.fr\/wp-content\/uploads\/2022\/10\/IMG_6231-1024x683.jpg 1024w, https:\/\/floride.fr\/wp-content\/uploads\/2022\/10\/IMG_6231-768x512.jpg 768w, https:\/\/floride.fr\/wp-content\/uploads\/2022\/10\/IMG_6231-1536x1024.jpg 1536w, https:\/\/floride.fr\/wp-content\/uploads\/2022\/10\/IMG_6231-2048x1365.jpg 2048w\" sizes=\"(max-width: 2400px) 100vw, 2400px\" \/><\/figure>\n\n\n\n<figure class=\"wp-block-image size-large\"><img loading=\"lazy\" width=\"2400\" height=\"1600\" src=\"https:\/\/floride.fr\/wp-content\/uploads\/2022\/10\/IMG_6215.jpg\" alt=\"\" class=\"wp-image-7038\" srcset=\"https:\/\/floride.fr\/wp-content\/uploads\/2022\/10\/IMG_6215.jpg 2400w, https:\/\/floride.fr\/wp-content\/uploads\/2022\/10\/IMG_6215-300x200.jpg 300w, https:\/\/floride.fr\/wp-content\/uploads\/2022\/10\/IMG_6215-1024x683.jpg 1024w, https:\/\/floride.fr\/wp-content\/uploads\/2022\/10\/IMG_6215-768x512.jpg 768w, https:\/\/floride.fr\/wp-content\/uploads\/2022\/10\/IMG_6215-1536x1024.jpg 1536w, https:\/\/floride.fr\/wp-content\/uploads\/2022\/10\/IMG_6215-2048x1365.jpg 2048w\" sizes=\"(max-width: 2400px) 100vw, 2400px\" \/><\/figure>\n\n\n\n<figure class=\"wp-block-image size-large\"><img loading=\"lazy\" width=\"1024\" height=\"683\" src=\"https:\/\/floride.fr\/wp-content\/uploads\/2022\/10\/130-camping-le-floride-1024px.jpg\" alt=\"\" class=\"wp-image-6972\" srcset=\"https:\/\/floride.fr\/wp-content\/uploads\/2022\/10\/130-camping-le-floride-1024px.jpg 1024w, https:\/\/floride.fr\/wp-content\/uploads\/2022\/10\/130-camping-le-floride-1024px-300x200.jpg 300w, https:\/\/floride.fr\/wp-content\/uploads\/2022\/10\/130-camping-le-floride-1024px-768x512.jpg 768w\" sizes=\"(max-width: 1024px) 100vw, 1024px\" \/><figcaption>camping le floride<\/figcaption><\/figure>\n<\/figure>\n\n\n\n<div class=\"wp-container-69e7bf12463a5 wp-block-buttons\">\n<div class=\"wp-block-button btn_resa\"><a class=\"wp-block-button__link has-couleur-2-background-color has-background\"><i class=\"fal fa-search\"><\/i> Boek<\/a><\/div>\n<\/div>\n<\/div><\/div>\n\n<div class=\"wp-container-69e7bf1246a91 wp-block-group F-20-a\"><div class=\"wp-block-group__inner-container\">\n<div class=\"wp-block-columns\">\n<div class=\"wp-block-column\" style=\"flex-basis:50%\">\n<p class=\"titre2 display-none has-couleur-2-color has-text-color\">De voordelen van onze 5-sterren camping!<\/p>\n\n\n\n<h3 class=\"display-none\" id=\"une-formule-premium-pour-parfaire-votre-experience-au-camping-le-floride\">Een premium pakket om uw ervaring op camping Le Floride compleet te maken<\/h3>\n\n\n\n<p class=\"display-none\">Naast de keuze van de stacaravan kunt u kiezen voor een premium <strong>optie om het comfort<\/strong> van uw verblijf te verhogen. Ga naar uw reserveringsgebied om deze <strong>hotelservice<\/strong> aan uw stacaravanverblijf toe te voegen. U ontvangt een welkomstpakket, een welkomstgeschenk en opgemaakte bedden bij aankomst. Lakens, handdoeken en een complete schoonmaak worden elke week gedaan.<\/p>\n\n\n\n<h3 id=\"un-service-de-location-de-camping-avec-jacuzzi-privatif-en-languedoc-roussillon\">Lakens, handdoeken en een complete schoonmaak worden elke week gedaan.<\/h3>\n\n\n\n<p>Voor liefhebbers van luxe op de camping is het mogelijk om onze stacaravans Ciela Exception Spa te ontdekken. Deze accommodaties bieden plaats aan maximaal 8 personen. U kunt ook genieten van de <strong>spa<\/strong> op het terras om te ontspannen. Ideaal als het warm is of als je een ontspannen moment wilt delen.<\/p>\n<\/div>\n\n\n\n<div class=\"wp-block-column\" style=\"flex-basis:50%\">\n<figure class=\"wp-block-gallery has-nested-images columns-default is-cropped deco-fleur2 deco-rectangle1\">\n<figure class=\"wp-block-image size-full\"><img loading=\"lazy\" width=\"1000\" height=\"667\" src=\"https:\/\/floride.fr\/wp-content\/uploads\/2022\/03\/Photo-interieur-6.jpg\" alt=\"Topcamping met vakantiewoningen in Le Barcar&#xE8;s\" class=\"wp-image-862\" srcset=\"https:\/\/floride.fr\/wp-content\/uploads\/2022\/03\/Photo-interieur-6.jpg 1000w, https:\/\/floride.fr\/wp-content\/uploads\/2022\/03\/Photo-interieur-6-300x200.jpg 300w, https:\/\/floride.fr\/wp-content\/uploads\/2022\/03\/Photo-interieur-6-768x512.jpg 768w\" sizes=\"(max-width: 1000px) 100vw, 1000px\" \/><\/figure>\n\n\n\n<figure class=\"wp-block-image size-full\"><img loading=\"lazy\" width=\"2000\" height=\"1305\" src=\"https:\/\/floride.fr\/wp-content\/uploads\/2022\/03\/DSC_0827-arrangee-PT.jpg\" alt=\"Camping met spa in languedoc roussillon, suite riviera\" class=\"wp-image-857\" srcset=\"https:\/\/floride.fr\/wp-content\/uploads\/2022\/03\/DSC_0827-arrangee-PT.jpg 2000w, https:\/\/floride.fr\/wp-content\/uploads\/2022\/03\/DSC_0827-arrangee-PT-300x196.jpg 300w, https:\/\/floride.fr\/wp-content\/uploads\/2022\/03\/DSC_0827-arrangee-PT-1024x668.jpg 1024w, https:\/\/floride.fr\/wp-content\/uploads\/2022\/03\/DSC_0827-arrangee-PT-768x501.jpg 768w, https:\/\/floride.fr\/wp-content\/uploads\/2022\/03\/DSC_0827-arrangee-PT-1536x1002.jpg 1536w\" sizes=\"(max-width: 2000px) 100vw, 2000px\" \/><\/figure>\n<\/figure>\n<\/div>\n<\/div>\n<\/div><\/div>\n\n<section class=\"wp-container-69e7bf1246e3e wp-block-group F-15-a vague-top ligne1-top has-bg-1-background-color has-background\"><div class=\"wp-block-group__inner-container\">\n<div class=\"wp-block-media-text is-stacked-on-mobile is-image-fill\"><figure class=\"wp-block-media-text__media\" style=\"background-image:url(https:\/\/floride.fr\/wp-content\/uploads\/2022\/03\/Photo-Plage-du-Camping-Le-Floride-au-Barcares-en-bord-de-mer-3-1024x651.jpg);background-position:50% 50%\"><img loading=\"lazy\" width=\"1024\" height=\"651\" src=\"https:\/\/floride.fr\/wp-content\/uploads\/2022\/03\/Photo-Plage-du-Camping-Le-Floride-au-Barcares-en-bord-de-mer-3-1024x651.jpg\" alt=\"Strand van Camping Le Floride Au Barcar\u00e8s Bord De Mer pyrenees orientales\" class=\"wp-image-1693 size-full\" srcset=\"https:\/\/floride.fr\/wp-content\/uploads\/2022\/03\/Photo-Plage-du-Camping-Le-Floride-au-Barcares-en-bord-de-mer-3-1024x651.jpg 1024w, https:\/\/floride.fr\/wp-content\/uploads\/2022\/03\/Photo-Plage-du-Camping-Le-Floride-au-Barcares-en-bord-de-mer-3-300x191.jpg 300w, https:\/\/floride.fr\/wp-content\/uploads\/2022\/03\/Photo-Plage-du-Camping-Le-Floride-au-Barcares-en-bord-de-mer-3-768x488.jpg 768w, https:\/\/floride.fr\/wp-content\/uploads\/2022\/03\/Photo-Plage-du-Camping-Le-Floride-au-Barcares-en-bord-de-mer-3-1536x976.jpg 1536w, https:\/\/floride.fr\/wp-content\/uploads\/2022\/03\/Photo-Plage-du-Camping-Le-Floride-au-Barcares-en-bord-de-mer-3.jpg 1864w\" sizes=\"(max-width: 1024px) 100vw, 1024px\" \/><\/figure><div class=\"wp-block-media-text__content\">\n<h2 class=\"has-couleur-1-color has-text-color\" id=\"vos-vacances-en-bord-de-mer-dans-les-pyrenees-orientales\">Uw vakantie aan zee in de oostelijke Pyrenee\u00ebn<\/h2>\n\n\n\n<p>Als u <a href=\"https:\/\/floride.fr\/camping-pyrenees-orientales-bord-de-mer\/\">kiest voor een camping in de Pyr\u00e9n\u00e9es-Orientales <\/a>aan zee, profiteert u van directe toegang tot het strand van Barcar\u00e8s aan de Pyrenee\u00ebnkust, op slechts een steenworp afstand van de camping. Wij bieden een breed scala aan diensten in een <strong>vakantiedorp sfeer<\/strong> om ervoor te zorgen dat u geniet van uw verblijf. De plaats biedt u ook de mogelijkheid om een dag te wandelen in de <strong>bergen van de Ari\u00e8ge<\/strong>, of om een gezellig moment door te brengen in het <strong>Spaanse Cataloni\u00eb<\/strong> niet ver daar vandaan. Zo kunt u uw verblijf nog leuker maken door toeristische uitstapjes te <a href=\"https:\/\/floride.fr\/nl\/omgeving\/\">maken in de Languedoc-Roussillon.<\/a><\/p>\n\n\n\n<div style=\"height:50px\" aria-hidden=\"true\" class=\"wp-block-spacer\"><\/div>\n<\/div><\/div>\n\n\n\n<div style=\"height:70px\" aria-hidden=\"true\" class=\"wp-block-spacer\"><\/div>\n\n\n\n<p class=\"titre3 has-couleur-1-color has-text-color\">Ontdek ook onze andere accommodaties : <\/p>\n\n\n\n<ul><li>Onze houten <a href=\"https:\/\/floride.fr\/nl\/chalet-te-huur-in-pyrenees-orientales\/\">chalets in de oostelijke Pyrenee\u00ebn<\/a><\/li><li><a href=\"https:\/\/floride.fr\/nl\/ongewone-verhuur-in-de-oostelijke-pyreneeen\/\">Onze bijzondere accommodaties aan de Middellandse Zee<\/a><\/li><\/ul>\n\n\n\n<div style=\"height:20px\" aria-hidden=\"true\" class=\"wp-block-spacer\"><\/div>\n<\/div><\/section>\n","protected":false},"excerpt":{"rendered":"<p>Verhuur van stacaravans in de oostelijke Pyrenee\u00ebn: camping Le Floride Camping Le Floride in Barcar\u00e8s (66) is een 5-sterrenhotel van de bovenste plank. Als u op zoek bent naar een kampeerervaring zonder in te boeten aan comfort, dan zult u zeker genieten van onze vakantieverblijven in Barcar\u00e8s, met name onze stacaravans. Deze liggen verspreid over [&hellip;]<\/p>\n","protected":false},"author":1,"featured_media":0,"parent":0,"menu_order":0,"comment_status":"closed","ping_status":"closed","template":"","meta":[],"acf":[],"_links":{"self":[{"href":"https:\/\/floride.fr\/nl\/wp-json\/wp\/v2\/pages\/8472"}],"collection":[{"href":"https:\/\/floride.fr\/nl\/wp-json\/wp\/v2\/pages"}],"about":[{"href":"https:\/\/floride.fr\/nl\/wp-json\/wp\/v2\/types\/page"}],"author":[{"embeddable":true,"href":"https:\/\/floride.fr\/nl\/wp-json\/wp\/v2\/users\/1"}],"replies":[{"embeddable":true,"href":"https:\/\/floride.fr\/nl\/wp-json\/wp\/v2\/comments?post=8472"}],"version-history":[{"count":6,"href":"https:\/\/floride.fr\/nl\/wp-json\/wp\/v2\/pages\/8472\/revisions"}],"predecessor-version":[{"id":15450,"href":"https:\/\/floride.fr\/nl\/wp-json\/wp\/v2\/pages\/8472\/revisions\/15450"}],"wp:attachment":[{"href":"https:\/\/floride.fr\/nl\/wp-json\/wp\/v2\/media?parent=8472"}],"curies":[{"name":"wp","href":"https:\/\/api.w.org\/{rel}","templated":true}]}}