{"id":8524,"date":"2023-02-06T12:57:57","date_gmt":"2023-02-06T11:57:57","guid":{"rendered":"https:\/\/floride.fr\/ongewone-verhuur-in-de-oostelijke-pyreneeen\/"},"modified":"2025-11-05T13:53:36","modified_gmt":"2025-11-05T12:53:36","slug":"ongewone-verhuur-in-de-oostelijke-pyreneeen","status":"publish","type":"page","link":"https:\/\/floride.fr\/nl\/ongewone-verhuur-in-de-oostelijke-pyreneeen\/","title":{"rendered":"Ongewone accommodaties in de Pyr\u00e9n\u00e9es-Orientales"},"content":{"rendered":"\n<figure class=\"wp-block-image alignfull size-full F-00-b\"><img src=\"https:\/\/floride.fr\/wp-content\/uploads\/2022\/10\/&#xA9;AlexAbdoun-AmbianceCamping-010.jpg\" alt=\"Bijzondere huuraccommodaties op camping le floride pyrenees orientales\" class=\"wp-image-6965\"\/><\/figure>\n\n<h1 class=\"has-text-align-center has-couleur-1-color has-text-color\" id=\"locations-insolites-en-pyrenees-orientales\">Ongewone accommodaties in de Pyr\u00e9n\u00e9es-Orientales<\/h1>\n\n<p class=\"has-text-align-center\">Voor een <strong>ongewone huuraccommodatie in de Pyr\u00e9n\u00e9es-Orientales<\/strong>, kom de camping Le Floride ontdekken. Een 5-sterren etablissement met diensten van topkwaliteit, met directe toegang tot het strand en een gevarieerd <a href=\"https:\/\/floride.fr\/nl\/verhuur\/\">huuraanbod in Barcar\u00e8s.<\/a> De camping neemt u mee op een totale verandering van omgeving door ze een 360\u00b0 ervaring te geven. Duik in het hart van Polynesi\u00eb in een unieke sfeer en omgeving, maar ontdek ook ongewone <strong>plaatsen om unieke nachten door te brengen.<\/strong> U kunt dan profiteren van het enorme waterpark en de vele diensten in een bevoorrechte omgeving tussen de zee en de rivier.<\/p>\n\n<h2 id=\"des-vacances-dans-les-pyrenees-orientales-placees-sous-le-signe-du-depaysement\">Een vakantie in de oostelijke Pyrenee\u00ebn met verandering van omgeving<\/h2>\n\n<p>Op Camping Le Floride vindt u complete faciliteiten voor een onvergetelijk verblijf. De grote open ruimtes en de unieke architectuur maken het tot een echt <strong>vakantiedorp in Barcar\u00e8s<\/strong> dat jong en oud zal bekoren. Dit alles in een Polynesische sfeer die u meevoert naar de uiteinden van de wereld, op slechts een paar uur rijden van uw huis. Als u een ongewone <strong>nacht in de Pyrenee\u00ebn-Orientales<\/strong> wilt doorbrengen, kom dan onze ongewone accommodatie ontdekken die speciaal voor u is ontworpen.<\/p>\n\n<div class=\"wp-container-69d1079ac4c78 wp-block-group F-05-a\"><div class=\"wp-block-group__inner-container\">\n<div class=\"wp-container-69d1079ac4170 wp-block-group\"><div class=\"wp-block-group__inner-container\">\n<div class=\"wp-block-columns\">\n<div class=\"wp-block-column\" style=\"flex-basis:50%\">\n<div style=\"height:50px\" aria-hidden=\"true\" class=\"wp-block-spacer\"><\/div>\n\n\n\n<h3 class=\"titre2 has-couleur-2-color has-text-color\" id=\"passez-une-nuit-insolite-avec-nos-cabanes-perchees-proche-de-la-mer\">Breng een ongewone nacht door met onze hooggelegen hutten aan zee<\/h3>\n\n\n\n<p class=\"brush has-couleur-1-color has-text-color\" id=\"une-nuit-dans-les-arbres-au-plus-pres-de-la-nature\">De berghut voor 2 tot 4 personen<\/p>\n\n\n\n<p>Camping Le Floride <strong>biedt u een unieke overnachting<\/strong> <strong>in een houten hut.<\/strong> Een ruimte van 20 m2 voor twee personen biedt u alle comfort, maar ook een terras om het uitzicht van bovenaf te bewonderen. Een nieuwe manier van kamperen die veel beter is dan een tent en je meer hoogte geeft. De huur van deze accommodatie geeft u toegang tot vele campingdiensten en al onze activiteiten. U kunt dus dag en nacht genieten van uw verblijf op camping Le Floride.<\/p>\n\n\n\n<div style=\"height:30px\" aria-hidden=\"true\" class=\"wp-block-spacer\"><\/div>\n<\/div>\n\n\n\n<div class=\"wp-block-column is-vertically-aligned-center\" style=\"flex-basis:50%\">\n<figure class=\"wp-block-image size-large\"><img loading=\"lazy\" width=\"1024\" height=\"681\" src=\"https:\/\/floride.fr\/wp-content\/uploads\/2022\/05\/tente-2-1-1024x681.jpg\" alt=\"Ongewone verhuur aan de Middellandse Zee: de polynesische far&#xE9;\" class=\"wp-image-3825\" srcset=\"https:\/\/floride.fr\/wp-content\/uploads\/2022\/05\/tente-2-1-1024x681.jpg 1024w, https:\/\/floride.fr\/wp-content\/uploads\/2022\/05\/tente-2-1-300x199.jpg 300w, https:\/\/floride.fr\/wp-content\/uploads\/2022\/05\/tente-2-1-768x511.jpg 768w, https:\/\/floride.fr\/wp-content\/uploads\/2022\/05\/tente-2-1.jpg 1194w\" sizes=\"(max-width: 1024px) 100vw, 1024px\" \/><\/figure>\n<\/div>\n<\/div>\n<\/div><\/div>\n\n\n\n<div class=\"wp-container-69d1079ac4593 wp-block-group\"><div class=\"wp-block-group__inner-container\">\n<div class=\"wp-block-columns\">\n<div class=\"wp-block-column is-vertically-aligned-center\" style=\"flex-basis:50%\">\n<figure class=\"wp-block-image size-full\"><img loading=\"lazy\" width=\"800\" height=\"533\" src=\"https:\/\/floride.fr\/wp-content\/uploads\/2022\/05\/Roulotte-Far-West.jpg\" alt=\"Nuit insolite en pyr&#xE9;n&#xE9;es orientales roulotte far west\" class=\"wp-image-3838\" srcset=\"https:\/\/floride.fr\/wp-content\/uploads\/2022\/05\/Roulotte-Far-West.jpg 800w, https:\/\/floride.fr\/wp-content\/uploads\/2022\/05\/Roulotte-Far-West-300x200.jpg 300w, https:\/\/floride.fr\/wp-content\/uploads\/2022\/05\/Roulotte-Far-West-768x512.jpg 768w\" sizes=\"(max-width: 800px) 100vw, 800px\" \/><figcaption>camping le floride<\/figcaption><\/figure>\n<\/div>\n\n\n\n<div class=\"wp-block-column\" style=\"flex-basis:50%\">\n<div style=\"height:50px\" aria-hidden=\"true\" class=\"wp-block-spacer\"><\/div>\n\n\n\n<h3 class=\"titre2 has-couleur-2-color has-text-color\" id=\"passez-une-nuit-insolite-avec-nos-cabanes-perchees-proche-de-la-mer\">Ontdek het Wilde Westen als nooit tevoren met onze atypische trailers<\/h3>\n\n\n\n<p class=\"brush has-couleur-1-color has-text-color\" id=\"une-nuit-dans-les-arbres-au-plus-pres-de-la-nature\">Het Wilde Westen Caravan voor 4 personen<\/p>\n\n\n\n<p>Voor liefhebbers van reizen en avontuur <strong>bieden wij trailers met een unieke Wild<\/strong> West-stijl. Deze ongewone <strong>accommodatie in Languedoc Roussillon<\/strong>, ook ontworpen voor 2 personen, voegt een extra vleugje avontuur toe aan uw Polynesische ervaring. U vindt alle comfort in uw caravan met een <strong>slaapkamer, volledig uitgeruste keuken, douche, toilet en televisie.<\/strong> Daarna kunt u uw knusse nest verlaten om de camping en zijn activiteiten te verkennen, vooral de vele waterattracties die u een frisse neus zullen geven na uren in de woestijn te hebben doorgebracht.<\/p>\n\n\n\n<div style=\"height:30px\" aria-hidden=\"true\" class=\"wp-block-spacer\"><\/div>\n<\/div>\n<\/div>\n<\/div><\/div>\n\n\n\n<div class=\"wp-container-69d1079ac49c2 wp-block-group\"><div class=\"wp-block-group__inner-container\">\n<div class=\"wp-block-columns\">\n<div class=\"wp-block-column\" style=\"flex-basis:50%\">\n<div style=\"height:50px\" aria-hidden=\"true\" class=\"wp-block-spacer\"><\/div>\n\n\n\n<h3 class=\"titre2 has-couleur-2-color has-text-color\" id=\"passez-une-nuit-insolite-avec-nos-cabanes-perchees-proche-de-la-mer\">Beleef de Polynesische manier in een far\u00e9<\/h3>\n\n\n\n<p class=\"brush has-couleur-1-color has-text-color\" id=\"une-nuit-dans-les-arbres-au-plus-pres-de-la-nature\">Far\u00e9 Aloha voor 4 tot 6 personen<\/p>\n\n\n\n<p>Houdt u van Polynesi\u00eb en wilt u meer? Beleef een totale onderdompeling op de camping in een <strong>Polynesische far\u00e9.<\/strong> Een <strong>ideale atypische accommodatie<\/strong> die past in het decor van de camping. Voor een extra onderdompeling worden alle far\u00e9s verzameld in het <strong>tiki dorp<\/strong> voor een meer meeslepende Polynesische ervaring. Ontdek de lokale traditionele hutten in een <strong>unieke kampeerervaring<\/strong> met alle faciliteiten en comfort die u nodig heeft. Ideaal voor een bijzondere vakantie aan de Middellandse Zee. Een far\u00e9 is geschikt voor maximaal 6 volwassenen, maar ook voor een baby tot 2 jaar. Hier kunt u met het hele gezin genieten van een kampeerervaring aan de kust <a href=\"https:\/\/floride.fr\/camping-pyrenees-orientales-bord-de-mer\/\">van de Pyr\u00e9n\u00e9es-Orientales.<\/a><\/p>\n\n\n\n<div style=\"height:30px\" aria-hidden=\"true\" class=\"wp-block-spacer\"><\/div>\n<\/div>\n\n\n\n<div class=\"wp-block-column is-vertically-aligned-center\" style=\"flex-basis:50%\">\n<figure class=\"wp-block-image size-large\"><img loading=\"lazy\" width=\"1024\" height=\"682\" src=\"https:\/\/floride.fr\/wp-content\/uploads\/2022\/05\/fare-Aloha-1024x682.jpg\" alt=\"Ongewone nacht in de oostelijke Pyrenee&#xEB;n in een ongewone boerderij Le Floride\" class=\"wp-image-3383\" srcset=\"https:\/\/floride.fr\/wp-content\/uploads\/2022\/05\/fare-Aloha-1024x682.jpg 1024w, https:\/\/floride.fr\/wp-content\/uploads\/2022\/05\/fare-Aloha-300x200.jpg 300w, https:\/\/floride.fr\/wp-content\/uploads\/2022\/05\/fare-Aloha-768x512.jpg 768w, https:\/\/floride.fr\/wp-content\/uploads\/2022\/05\/fare-Aloha-1536x1024.jpg 1536w, https:\/\/floride.fr\/wp-content\/uploads\/2022\/05\/fare-Aloha.jpg 1772w\" sizes=\"(max-width: 1024px) 100vw, 1024px\" \/><\/figure>\n<\/div>\n<\/div>\n<\/div><\/div>\n<\/div><\/div>\n\n<section class=\"wp-container-69d1079ac5383 wp-block-group F-15-a vague-top ligne1-top has-bg-1-background-color has-background\"><div class=\"wp-block-group__inner-container\">\n<p class=\"titre2 has-couleur-1-color has-text-color\" id=\"decouvrez-notre-location-la-suite-riviera-premium-un-vrai-succes\">Een reis tussen de zee en de bergen op camping Le Floride<\/p>\n\n\n\n<div class=\"wp-block-media-text is-stacked-on-mobile is-image-fill\"><figure class=\"wp-block-media-text__media\" style=\"background-image:url(https:\/\/floride.fr\/wp-content\/uploads\/2022\/11\/Plage-du-Racou-Argeles-sur-mer-640-x-420.jpg);background-position:50% 50%\"><img loading=\"lazy\" width=\"640\" height=\"427\" src=\"https:\/\/floride.fr\/wp-content\/uploads\/2022\/11\/Plage-du-Racou-Argeles-sur-mer-640-x-420.jpg\" alt=\"Le Floride Le Barcar\u00e8s (66) : village vacances proche Plage Argeles Sur Mer \" class=\"wp-image-7276 size-full\" srcset=\"https:\/\/floride.fr\/wp-content\/uploads\/2022\/11\/Plage-du-Racou-Argeles-sur-mer-640-x-420.jpg 640w, https:\/\/floride.fr\/wp-content\/uploads\/2022\/11\/Plage-du-Racou-Argeles-sur-mer-640-x-420-300x200.jpg 300w\" sizes=\"(max-width: 640px) 100vw, 640px\" \/><\/figure><div class=\"wp-block-media-text__content\">\n<h2 class=\"titre3 has-couleur-4-color has-text-color\" id=\"faites-le-plein-d-experience-dans-les-pyrenees-orientales\">Geniet van de ervaring in de oostelijke Pyrenee\u00ebn<\/h2>\n\n\n\n<p>Om uw ervaring met een <strong>ongewone accommodatie in Languedoc-Roussillon<\/strong> compleet te maken, kunt u op onze camping in de buurt van vele activiteiten zijn. U kunt uw hut, <strong>caravan<\/strong> of <strong>far\u00e9<\/strong> <strong>achterlaten en<\/strong> op een <strong>steenworp afstand van de camping naar zee gaan.<\/strong> U kunt genieten van een prachtig uitzicht op de horizon terwijl u geniet van de rust van het water en de frisse lucht. Ga even op het zand liggen en ontspan of drink uw favoriete cocktail en maak foto&#8217;s om die momenten met uw gezin opnieuw te beleven.<\/p>\n\n\n\n<p>Zijn uw kinderen ooit in een paar uur van de zee naar de bergen gegaan ? Dankzij de ligging van de camping kunt u &#8217;s ochtends in de nabijgelegen <strong>bergen van de Ari\u00e8ge<\/strong> wandelen voor een <strong>ontdekkingsdag<\/strong> en &#8217;s a<strong>vonds een hapje eten op de fijne zandstranden.<\/strong> Een uniek contrast dat een ongewoon tintje geeft aan uw moment. Wat is er voor stellen beter dan een <strong>fietstocht<\/strong> in het bos, langs het strand of in de bergen voor de avonturiers ? Er zijn tal van restaurants en activiteiten rond de camping waaraan u kunt deelnemen om er een belangrijk moment in uw leven van te maken. Je zult vakantie nooit meer op dezelfde manier zien na het ontdekken van onze wereld.<\/p>\n\n\n\n<p><\/p>\n<\/div><\/div>\n\n\n\n<p>Tot slot beschikt <strong>camping Le Floride<\/strong> ook over een glimlachend en gastvrij team dat zich over u ontfermt. Kom naar de receptie en laat u begeleiden tijdens uw verblijf. Activiteiten en evenementen zijn beschikbaar om u te helpen uw avonden te plannen, maar ook om quality time met uw dierbare door te brengen.<\/p>\n\n\n\n<div class=\"wp-container-69d1079ac5049 wp-block-buttons\">\n<div class=\"wp-block-button btn_resa\"><a class=\"wp-block-button__link has-couleur-2-background-color has-background\"><i class=\"fal fa-search\"><\/i> Boek<\/a><\/div>\n<\/div>\n\n\n\n<div style=\"height:50px\" aria-hidden=\"true\" class=\"wp-block-spacer\"><\/div>\n\n\n\n<p class=\"titre3 has-couleur-1-color has-text-color\">Ontdek ook onze andere accommodaties : <\/p>\n\n\n\n<ul><li>Onze <a href=\"https:\/\/floride.fr\/nl\/verhuur-van-stacaravans-oostelijke-pyreneeen\/\">stacaravans in de oostelijke Pyrenee\u00ebn<\/a><\/li><li>Onze <a href=\"https:\/\/floride.fr\/nl\/chalet-te-huur-in-pyrenees-orientales\/\">verhuurchalets in de buurt van Perpignan<\/a><\/li><\/ul>\n\n\n\n<div style=\"height:20px\" aria-hidden=\"true\" class=\"wp-block-spacer\"><\/div>\n<\/div><\/section>\n","protected":false},"excerpt":{"rendered":"<p>Ongewone accommodaties in de Pyr\u00e9n\u00e9es-Orientales Voor een ongewone huuraccommodatie in de Pyr\u00e9n\u00e9es-Orientales, kom de camping Le Floride ontdekken. Een 5-sterren etablissement met diensten van topkwaliteit, met directe toegang tot het strand en een gevarieerd huuraanbod in Barcar\u00e8s. De camping neemt u mee op een totale verandering van omgeving door ze een 360\u00b0 ervaring te geven. [&hellip;]<\/p>\n","protected":false},"author":1,"featured_media":0,"parent":0,"menu_order":0,"comment_status":"closed","ping_status":"closed","template":"","meta":[],"acf":[],"_links":{"self":[{"href":"https:\/\/floride.fr\/nl\/wp-json\/wp\/v2\/pages\/8524"}],"collection":[{"href":"https:\/\/floride.fr\/nl\/wp-json\/wp\/v2\/pages"}],"about":[{"href":"https:\/\/floride.fr\/nl\/wp-json\/wp\/v2\/types\/page"}],"author":[{"embeddable":true,"href":"https:\/\/floride.fr\/nl\/wp-json\/wp\/v2\/users\/1"}],"replies":[{"embeddable":true,"href":"https:\/\/floride.fr\/nl\/wp-json\/wp\/v2\/comments?post=8524"}],"version-history":[{"count":5,"href":"https:\/\/floride.fr\/nl\/wp-json\/wp\/v2\/pages\/8524\/revisions"}],"predecessor-version":[{"id":15466,"href":"https:\/\/floride.fr\/nl\/wp-json\/wp\/v2\/pages\/8524\/revisions\/15466"}],"wp:attachment":[{"href":"https:\/\/floride.fr\/nl\/wp-json\/wp\/v2\/media?parent=8524"}],"curies":[{"name":"wp","href":"https:\/\/api.w.org\/{rel}","templated":true}]}}